{"id":17103,"date":"2024-10-07T16:56:23","date_gmt":"2024-10-07T16:56:23","guid":{"rendered":"https:\/\/www.paulonogueiraterapias.com\/produto\/lectura-multidimensional-del-aura\/"},"modified":"2024-10-12T23:27:30","modified_gmt":"2024-10-12T23:27:30","slug":"lectura-multidimensional-del-aura","status":"publish","type":"product","link":"https:\/\/www.paulonogueiraterapias.com\/es\/produto\/lectura-multidimensional-del-aura\/","title":{"rendered":"Lectura multidimensional del aura"},"content":{"rendered":"&#13;\n<p>La Lectura Multidimensional del Aura es un enfoque innovador que combina dos poderosas pr\u00e1cticas espirituales: <strong>la Terapia Multidimensional<\/strong> y la <strong>Lectura del Aura mediante el M\u00e9todo Rosa<\/strong>. Ambas tienen como objetivo promover la curaci\u00f3n y el autoconocimiento a niveles profundos, actuando sobre los cuerpos f\u00edsico, emocional, mental y espiritual. Al unir estas dos terapias, hemos creado una t\u00e9cnica integral que permite la transformaci\u00f3n energ\u00e9tica y la armonizaci\u00f3n de todo el ser.  <\/p>&#13;\n&#13;\n<h3 class=\"wp-block-heading\"><strong>Terapia Multidimensional<\/strong><\/h3>&#13;\n&#13;\n<p>La Terapia Multidimensional es una pr\u00e1ctica de sanaci\u00f3n energ\u00e9tica que trabaja en el plano espiritual y en m\u00faltiples dimensiones del ser. En esta terapia, se trabaja directamente con el campo energ\u00e9tico, accediendo a dimensiones superiores para <strong>disolver bloqueos<\/strong>, ayudar al cliente a <strong>liberarse de traumas<\/strong> y <strong>sanar heridas profundas<\/strong> que a menudo <strong>no son accesibles para la mente consciente<\/strong>. El terapeuta multidimensional act\u00faa como un canal, recibiendo apoyo de gu\u00edas espirituales y seres de luz que ayudan en el proceso de curaci\u00f3n.  <\/p>&#13;\n&#13;\n<p>Este trabajo se lleva a cabo con profundo respeto por el alma de la persona, promoviendo una transformaci\u00f3n suave pero muy eficaz. La terapia multidimensional permite limpiar las energ\u00edas densas, desprogramar los patrones negativos e integrar nuevos niveles de conciencia. La persona experimenta una sensaci\u00f3n de ligereza, mayor claridad mental y emocional y una conexi\u00f3n espiritual m\u00e1s profunda.  <\/p>&#13;\n&#13;\n<h3 class=\"wp-block-heading\"><strong>Lectura del Aura por el M\u00e9todo Rosa<\/strong><\/h3>&#13;\n&#13;\n<p>La Lectura del Aura, mediante el M\u00e9todo de la Rosa, es una t\u00e9cnica de percepci\u00f3n energ\u00e9tica que utiliza el simbolismo de la rosa para representar el campo \u00e1urico de una persona. La rosa act\u00faa como un espejo del alma, reflejando el estado energ\u00e9tico actual y revelando informaci\u00f3n sobre distintos aspectos de la vida, como las relaciones, la carrera, la salud y el desarrollo espiritual, y especialmente <strong>las vidas pasadas<\/strong>. <\/p>&#13;\n&#13;\n<p>Durante una sesi\u00f3n de lectura multidimensional del aura, el terapeuta observa la rosa e interpreta su color, forma y orientaci\u00f3n. Estos elementos proporcionan una gran cantidad de informaci\u00f3n sobre las energ\u00edas que rodean a la persona, los bloqueos que hay que trabajar y las oportunidades de crecimiento. El m\u00e9todo de la rosa es una poderosa herramienta de autoconocimiento, que permite a las personas comprender mejor sus energ\u00edas y actuar conscientemente para transformar y equilibrar su vida.  <\/p>&#13;\n<p>\u00a0<\/p>&#13;\n<p><strong>Descubre la Transformaci\u00f3n Profunda con la Lectura del Aura Integrada con la Terapia Multidimensional<\/strong><\/p>&#13;\n<p>La terapia integrada de <strong>Lectura Multidimensional del Aura<\/strong> es un poderoso viaje de sanaci\u00f3n y autoconocimiento. Al combinar la lectura del campo energ\u00e9tico con t\u00e9cnicas avanzadas de sanaci\u00f3n multidimensional, esta terapia ofrece un enfoque \u00fanico para tratar cuestiones emocionales, espirituales y energ\u00e9ticas, promoviendo un profundo equilibrio en todos los niveles de tu ser. <\/p>&#13;\n<h4>5 Benef\u00edcios Importantes desta Terapia Integrada<\/h4>&#13;\n<p><strong>1. Identificaci\u00f3n de bloqueos energ\u00e9ticos<\/strong>: La lectura del aura revela patrones y bloqueos energ\u00e9ticos que pueden estar impidiendo tu crecimiento personal y espiritual. Al identificarlos, puedes trabajar directamente en la curaci\u00f3n de estos puntos. <\/p>&#13;\n<p><strong>2. Sanaci\u00f3n Multidimensional Profunda:<\/strong> La Terapia Multidimensional act\u00faa sobre las distintas dimensiones de tu existencia, sanando traumas, miedos y pautas limitadoras a nivel subconsciente y espiritual.<\/p>&#13;\n<p><strong>3. Equilibrio emocional y mental:<\/strong> Esta terapia ayuda a restablecer el equilibrio emocional, aportando claridad mental y serenidad al afrontar retos y momentos de transici\u00f3n.<\/p>&#13;\n<p><strong>4. Fortalecimiento de la energ\u00eda personal<\/strong>: Al limpiar los bloqueos y armonizar tu campo \u00e1urico, te sentir\u00e1s m\u00e1s en\u00e9rgico, protegido y fortalecido, con una mayor disposici\u00f3n a vivir tu esencia.<\/p>&#13;\n<p><strong>5. Despertar la conciencia espiritual<\/strong>: La terapia ampl\u00eda tu conexi\u00f3n con tu yo superior y tus gu\u00edas espirituales, facilitando una comprensi\u00f3n m\u00e1s profunda del prop\u00f3sito de tu vida.<\/p>&#13;\n<p><em>Transforma tu vida y alcanza un nuevo nivel de equilibrio y bienestar. \u00a1Reserva tu sesi\u00f3n hoy mismo! <\/em><\/p>&#13;\n","protected":false},"excerpt":{"rendered":"<p>&#13; La Lectura Multidimensional del Aura es un enfoque innovador que combina dos poderosas pr\u00e1cticas espirituales: la Terapia Multidimensional y la Lectura del Aura mediante el M\u00e9todo Rosa. Ambas tienen [&hellip;]<\/p>\n","protected":false},"featured_media":17092,"comment_status":"open","ping_status":"closed","template":"","meta":{"om_disable_all_campaigns":false,"_mi_skip_tracking":false,"site-sidebar-layout":"default","site-content-layout":"","ast-site-content-layout":"default","site-content-style":"default","site-sidebar-style":"default","ast-global-header-display":"","ast-banner-title-visibility":"","ast-main-header-display":"","ast-hfb-above-header-display":"","ast-hfb-below-header-display":"","ast-hfb-mobile-header-display":"","site-post-title":"","ast-breadcrumbs-content":"","ast-featured-img":"","footer-sml-layout":"","ast-disable-related-posts":"","theme-transparent-header-meta":"","adv-header-id-meta":"","stick-header-meta":"","header-above-stick-meta":"","header-main-stick-meta":"","header-below-stick-meta":"","astra-migrate-meta-layouts":"default","ast-page-background-enabled":"default","ast-page-background-meta":{"desktop":{"background-color":"var(--ast-global-color-5)","background-image":"","background-repeat":"repeat","background-position":"center center","background-size":"auto","background-attachment":"scroll","background-type":"","background-media":"","overlay-type":"","overlay-color":"","overlay-opacity":"","overlay-gradient":""},"tablet":{"background-color":"","background-image":"","background-repeat":"repeat","background-position":"center center","background-size":"auto","background-attachment":"scroll","background-type":"","background-media":"","overlay-type":"","overlay-color":"","overlay-opacity":"","overlay-gradient":""},"mobile":{"background-color":"","background-image":"","background-repeat":"repeat","background-position":"center center","background-size":"auto","background-attachment":"scroll","background-type":"","background-media":"","overlay-type":"","overlay-color":"","overlay-opacity":"","overlay-gradient":""}},"ast-content-background-meta":{"desktop":{"background-color":"var(--ast-global-color-4)","background-image":"","background-repeat":"repeat","background-position":"center center","background-size":"auto","background-attachment":"scroll","background-type":"","background-media":"","overlay-type":"","overlay-color":"","overlay-opacity":"","overlay-gradient":""},"tablet":{"background-color":"var(--ast-global-color-4)","background-image":"","background-repeat":"repeat","background-position":"center center","background-size":"auto","background-attachment":"scroll","background-type":"","background-media":"","overlay-type":"","overlay-color":"","overlay-opacity":"","overlay-gradient":""},"mobile":{"background-color":"var(--ast-global-color-4)","background-image":"","background-repeat":"repeat","background-position":"center center","background-size":"auto","background-attachment":"scroll","background-type":"","background-media":"","overlay-type":"","overlay-color":"","overlay-opacity":"","overlay-gradient":""}}},"product_brand":[],"product_cat":[295],"product_tag":[],"class_list":{"0":"post-17103","1":"product","2":"type-product","3":"status-publish","4":"has-post-thumbnail","6":"product_cat-terapias-en-linea","7":"desktop-align-left","8":"tablet-align-left","9":"mobile-align-left","11":"first","12":"instock","13":"virtual","14":"purchasable","15":"product-type-simple"},"aioseo_notices":[],"_links":{"self":[{"href":"https:\/\/www.paulonogueiraterapias.com\/es\/wp-json\/wp\/v2\/product\/17103","targetHints":{"allow":["GET"]}}],"collection":[{"href":"https:\/\/www.paulonogueiraterapias.com\/es\/wp-json\/wp\/v2\/product"}],"about":[{"href":"https:\/\/www.paulonogueiraterapias.com\/es\/wp-json\/wp\/v2\/types\/product"}],"replies":[{"embeddable":true,"href":"https:\/\/www.paulonogueiraterapias.com\/es\/wp-json\/wp\/v2\/comments?post=17103"}],"wp:featuredmedia":[{"embeddable":true,"href":"https:\/\/www.paulonogueiraterapias.com\/es\/wp-json\/wp\/v2\/media\/17092"}],"wp:attachment":[{"href":"https:\/\/www.paulonogueiraterapias.com\/es\/wp-json\/wp\/v2\/media?parent=17103"}],"wp:term":[{"taxonomy":"product_brand","embeddable":true,"href":"https:\/\/www.paulonogueiraterapias.com\/es\/wp-json\/wp\/v2\/product_brand?post=17103"},{"taxonomy":"product_cat","embeddable":true,"href":"https:\/\/www.paulonogueiraterapias.com\/es\/wp-json\/wp\/v2\/product_cat?post=17103"},{"taxonomy":"product_tag","embeddable":true,"href":"https:\/\/www.paulonogueiraterapias.com\/es\/wp-json\/wp\/v2\/product_tag?post=17103"}],"curies":[{"name":"wp","href":"https:\/\/api.w.org\/{rel}","templated":true}]}}