{"id":15593,"date":"2021-02-14T20:34:42","date_gmt":"2021-02-14T20:34:42","guid":{"rendered":"https:\/\/www.paulonogueiraterapias.com\/produto\/curso-de-reiki-tradicional-online-nivel-i\/"},"modified":"2024-05-16T17:30:16","modified_gmt":"2024-05-16T17:30:16","slug":"curso-individual-en-el-nivel-tradicional-reiki-i","status":"publish","type":"product","link":"https:\/\/www.paulonogueiraterapias.com\/es\/produto\/curso-individual-en-el-nivel-tradicional-reiki-i\/","title":{"rendered":"Curso de Reiki Tradicional Online Nivel I"},"content":{"rendered":"<p>El Curso Online de Reiki Tradicional Nivel I dota al alumno de la capacidad de sentir y canalizar la energ\u00eda <a href=\"https:\/\/www.paulonogueiraterapias.com\/produto\/reiki-online\/\">de Reiki<\/a> hacia s\u00ed mismo y hacia los dem\u00e1s, favoreciendo el retorno al equilibrio f\u00edsico, emocional, mental y espiritual. El m\u00e9todo que se ense\u00f1a es el Reiki Usui Shiki Ryoho (M\u00e9todo Usui de Sanaci\u00f3n Natural) y tiene como fundador a un sacerdote cristiano llamado Mikao Usui, que redescubri\u00f3 esta antigua t\u00e9cnica de sanaci\u00f3n mediante la imposici\u00f3n de manos.<\/p>\n<p>La palabra Reiki deriva de la combinaci\u00f3n de dos palabras japonesas: <em>Rei<\/em>, que significa Universal, y <em>Ki<\/em>, que significa Energ\u00eda. As\u00ed que Reiki es una energ\u00eda universal que impregna todo lo que existe, en todas partes, al mismo tiempo. El maestro de Reiki da al alumno la iniciaci\u00f3n que conectar\u00e1 su sistema de meridianos con la energ\u00eda de Reiki que empieza a fluir, entrando por el chakra de la corona del alumno. A partir de ah\u00ed, el alumno adquiere la capacidad de canalizar esta energ\u00eda utilizando sus manos a trav\u00e9s de su intenci\u00f3n.<\/p>\n<p>Cualquiera puede aprender a pasar el Reiki, es decir, el curso de Reiki Nivel I est\u00e1 abierto a todas las personas que muestren un deseo de evolucionar espiritualmente, ayudando a restablecer su propio equilibrio energ\u00e9tico y el de los dem\u00e1s.<\/p>\n<p>Con el curso, el alumno es capaz de aplicar inmediatamente la t\u00e9cnica sobre s\u00ed mismo y sobre los dem\u00e1s debido a su sencillez. El Reiki es una terapia muy sencilla de aplicar, tanto que incluso hay cursos de Reiki para ni\u00f1os de 8 a 12 a\u00f1os.<\/p>\n<p>El Reiki ayuda en gran medida a aliviar los dolores musculares, a fortalecer el sistema inmunol\u00f3gico, a reducir el estr\u00e9s y la ansiedad, a aumentar la confianza en uno mismo y la autoestima, a desarrollar el amor propio y una sensaci\u00f3n de profunda paz interior y, en definitiva, a convertirse en una persona optimista, cari\u00f1osa y carism\u00e1tica, lo que se reflejar\u00e1 en la mejora de la calidad de sus relaciones amorosas, profesionales y sociales.<\/p>\n<p>El sistema Reiki se divide en 3 niveles: <em>Shoden<\/em> (El despertar), <em>Okuden<\/em> (La transformaci\u00f3n) y <em>Shinpiden<\/em> (Ense\u00f1anzas misteriosas). Suelo ense\u00f1ar a mis alumnos que el nivel m\u00e1s importante de Reiki es el primer nivel porque es en el primer nivel donde el alumno tiene su primer contacto con la energ\u00eda y aprende lo b\u00e1sico para tratarla. Por lo tanto, considero que el nivel I de Reiki es la base para tratar con la energ\u00eda curativa.<\/p>\n<p>Despu\u00e9s de cada nivel, el alumno deber\u00e1 pasar por el periodo de purificaci\u00f3n que consiste en la autoaplicaci\u00f3n, durante 21 d\u00edas consecutivos, de una sesi\u00f3n de Reiki sobre s\u00ed mismo. El lugar y la hora son a conveniencia del estudiante. Este periodo sirve para adaptarse a la energ\u00eda y elevar la vibraci\u00f3n. Suelen producirse inmensas transformaciones positivas en la vida del alumno durante y despu\u00e9s de este periodo de 21 d\u00edas.<\/p>\n<p>El Curso Online de Reiki Tradicional Nivel I es una oportunidad conveniente para que el estudiante aprenda la t\u00e9cnica en la comodidad de su hogar, en tiempo real, v\u00eda Zoom, como si estuviera f\u00edsicamente en la sala de entrenamiento en la proximidad del maestro y los otros estudiantes.<\/p>\n<p>Procedimiento de solicitud:<br \/>\n1. A\u00f1ade el curso al carrito y realiza el pago, Despu\u00e9s, inmediatamente, recibir\u00e1s el correo electr\u00f3nico de confirmaci\u00f3n de tu compra.<br \/>\n2. Llame al <a href=\"tel:+351912064084\">912 064 084<\/a> y reserve su fecha y hora de formaci\u00f3n si ha optado por la formaci\u00f3n individual o inscr\u00edbase en la fecha del curso en modo de grupo.<\/p>\n<p>&nbsp;<\/p>\n<p><strong>Oferta:<\/strong> manual y certificado en formato digital<br \/>\n<strong>Maestro de Reiki<\/strong>: <a href=\"https:\/\/www.paulonogueiraterapias.com\/paulo-nogueira\/\" target=\"_blank\" rel=\"noopener\">Paulo Nogueira<\/a><br \/>\nDuraci\u00f3n: 1 d\u00eda completo en modo colectivo o medio d\u00eda (4 horas) en modo individual<\/p>\n","protected":false},"excerpt":{"rendered":"<h4>Contenidos program\u00e1ticos<\/h4>\n<ul>\n<li><a href=\"https:\/\/www.paulonogueiraterapias.com\/origem-e-historia-do-reiki\/\">Origen e historia del Reiki<\/a> y Mikao Usui<\/li>\n<li><a href=\"https:\/\/www.paulonogueiraterapias.com\/a-historia-de-chujiro-hayashi\/\">Historia de Chujiro Hayashi<\/a><\/li>\n<li><a href=\"https:\/\/www.paulonogueiraterapias.com\/historia-de-hawayo-takata\/\">Historia de Hawayo Takata<\/a><\/li>\n<li>Teor\u00eda de los chakras<\/li>\n<li>Los 5 principios del Reiki<\/li>\n<li><a href=\"https:\/\/www.paulonogueiraterapias.com\/curso-de-reiki\/#transmitir-reiki\">A qui\u00e9n o qu\u00e9 se puede transmitir el Reiki<\/a><\/li>\n<li>Sintonizaci\u00f3n<\/li>\n<li>Sesi\u00f3n pr\u00e1ctica: autotratamiento<\/li>\n<li>Sesi\u00f3n pr\u00e1ctica: tratar a los dem\u00e1s<\/li>\n<li><a href=\"https:\/\/www.paulonogueiraterapias.com\/kenyoku-ho-tecnica-do-banho-seco\/\">Kenyoku Ho &#8211; t\u00e9cnica de ba\u00f1o seco<\/a><\/li>\n<\/ul>\n","protected":false},"featured_media":13662,"comment_status":"open","ping_status":"closed","template":"","meta":{"om_disable_all_campaigns":false,"_mi_skip_tracking":false,"site-sidebar-layout":"default","site-content-layout":"","ast-site-content-layout":"default","site-content-style":"default","site-sidebar-style":"default","ast-global-header-display":"","ast-banner-title-visibility":"","ast-main-header-display":"","ast-hfb-above-header-display":"","ast-hfb-below-header-display":"","ast-hfb-mobile-header-display":"","site-post-title":"","ast-breadcrumbs-content":"","ast-featured-img":"","footer-sml-layout":"","ast-disable-related-posts":"","theme-transparent-header-meta":"","adv-header-id-meta":"","stick-header-meta":"","header-above-stick-meta":"","header-main-stick-meta":"","header-below-stick-meta":"","astra-migrate-meta-layouts":"default","ast-page-background-enabled":"default","ast-page-background-meta":{"desktop":{"background-color":"var(--ast-global-color-5)","background-image":"","background-repeat":"repeat","background-position":"center center","background-size":"auto","background-attachment":"scroll","background-type":"","background-media":"","overlay-type":"","overlay-color":"","overlay-opacity":"","overlay-gradient":""},"tablet":{"background-color":"","background-image":"","background-repeat":"repeat","background-position":"center center","background-size":"auto","background-attachment":"scroll","background-type":"","background-media":"","overlay-type":"","overlay-color":"","overlay-opacity":"","overlay-gradient":""},"mobile":{"background-color":"","background-image":"","background-repeat":"repeat","background-position":"center center","background-size":"auto","background-attachment":"scroll","background-type":"","background-media":"","overlay-type":"","overlay-color":"","overlay-opacity":"","overlay-gradient":""}},"ast-content-background-meta":{"desktop":{"background-color":"var(--ast-global-color-4)","background-image":"","background-repeat":"repeat","background-position":"center center","background-size":"auto","background-attachment":"scroll","background-type":"","background-media":"","overlay-type":"","overlay-color":"","overlay-opacity":"","overlay-gradient":""},"tablet":{"background-color":"var(--ast-global-color-4)","background-image":"","background-repeat":"repeat","background-position":"center center","background-size":"auto","background-attachment":"scroll","background-type":"","background-media":"","overlay-type":"","overlay-color":"","overlay-opacity":"","overlay-gradient":""},"mobile":{"background-color":"var(--ast-global-color-4)","background-image":"","background-repeat":"repeat","background-position":"center center","background-size":"auto","background-attachment":"scroll","background-type":"","background-media":"","overlay-type":"","overlay-color":"","overlay-opacity":"","overlay-gradient":""}}},"product_brand":[],"product_cat":[296],"product_tag":[306,305],"class_list":{"0":"post-15593","1":"product","2":"type-product","3":"status-publish","4":"has-post-thumbnail","6":"product_cat-cursos-es","7":"product_tag-curso-de-terapeuta-es","8":"product_tag-evolucion-espiritual","9":"desktop-align-left","10":"tablet-align-left","11":"mobile-align-left","13":"first","14":"instock","15":"virtual","16":"purchasable","17":"product-type-simple"},"aioseo_notices":[],"_links":{"self":[{"href":"https:\/\/www.paulonogueiraterapias.com\/es\/wp-json\/wp\/v2\/product\/15593","targetHints":{"allow":["GET"]}}],"collection":[{"href":"https:\/\/www.paulonogueiraterapias.com\/es\/wp-json\/wp\/v2\/product"}],"about":[{"href":"https:\/\/www.paulonogueiraterapias.com\/es\/wp-json\/wp\/v2\/types\/product"}],"replies":[{"embeddable":true,"href":"https:\/\/www.paulonogueiraterapias.com\/es\/wp-json\/wp\/v2\/comments?post=15593"}],"wp:featuredmedia":[{"embeddable":true,"href":"https:\/\/www.paulonogueiraterapias.com\/es\/wp-json\/wp\/v2\/media\/13662"}],"wp:attachment":[{"href":"https:\/\/www.paulonogueiraterapias.com\/es\/wp-json\/wp\/v2\/media?parent=15593"}],"wp:term":[{"taxonomy":"product_brand","embeddable":true,"href":"https:\/\/www.paulonogueiraterapias.com\/es\/wp-json\/wp\/v2\/product_brand?post=15593"},{"taxonomy":"product_cat","embeddable":true,"href":"https:\/\/www.paulonogueiraterapias.com\/es\/wp-json\/wp\/v2\/product_cat?post=15593"},{"taxonomy":"product_tag","embeddable":true,"href":"https:\/\/www.paulonogueiraterapias.com\/es\/wp-json\/wp\/v2\/product_tag?post=15593"}],"curies":[{"name":"wp","href":"https:\/\/api.w.org\/{rel}","templated":true}]}}