{"id":15584,"date":"2021-02-11T23:22:25","date_gmt":"2021-02-11T23:22:25","guid":{"rendered":"https:\/\/www.paulonogueiraterapias.com\/produto\/curso-en-linea-de-reiki-tradicional-nivel-ii\/"},"modified":"2021-02-11T23:22:25","modified_gmt":"2021-02-11T23:22:25","slug":"curso-online-reiki-tradicional-nivel-ii-2","status":"publish","type":"product","link":"https:\/\/www.paulonogueiraterapias.com\/es\/produto\/curso-online-reiki-tradicional-nivel-ii-2\/","title":{"rendered":"Curso en l\u00ednea de Reiki Tradicional Nivel II"},"content":{"rendered":"<p>El Curso Online de Reiki Tradicional Nivel II elevar\u00e1 significativamente tu vibraci\u00f3n como terapeuta de Reiki, as\u00ed como, elevar\u00e1 sustancialmente tu capacidad de canalizar Reiki para ti y para otros.<\/p>\n<p>En este nivel, llamado <em>Okuden<\/em> (La Transformaci\u00f3n), el iniciado recibir\u00e1 3 s\u00edmbolos que le permitir\u00e1n aumentar enormemente la cantidad de energ\u00eda canalizada en cada sesi\u00f3n, actuar m\u00e1s profundamente a nivel emocional y mental, realizar tratamientos a distancia y aplicar t\u00e9cnicas de protecci\u00f3n energ\u00e9tica a su espacio y a s\u00ed mismo.<\/p>\n<p>El estudiante que ya tiene el Nivel I de Reiki Tradicional debe inscribirse en el Nivel II si siente la necesidad de seguir creciendo y conociendo la energ\u00eda de Reiki. Cuando hagas el Nivel II, pasar\u00e1s por un periodo de purificaci\u00f3n de 21 d\u00edas, igual que hiciste en el Nivel I.<\/p>\n<p>En el Nivel II, como la capacidad del terapeuta para transmitir energ\u00eda se multiplicar\u00e1 enormemente, el tiempo de aplicaci\u00f3n que un terapeuta de Reiki de Nivel II necesita para obtener el mismo efecto que un terapeuta de Nivel I, ser\u00e1 menor ya que podr\u00e1 transmitir mucha m\u00e1s energ\u00eda.<\/p>\n<p>C\u00f3mo programar:<br \/>\n1. A\u00f1ade el curso al carrito y realiza el pago. Recibir\u00e1 inmediatamente un correo electr\u00f3nico de confirmaci\u00f3n.<br \/>\n2. Llama al <a href=\"tel:+351912064084\">912 064 084<\/a> y reserva la fecha\/hora si est\u00e1s en modalidad individual o inscr\u00edbete en un curso en modalidad de grupo seg\u00fan las fechas disponibles.<\/p>\n<p>&nbsp;<\/p>\n<p><strong>Maestro de Reiki<\/strong>: <a href=\"https:\/\/www.paulonogueiraterapias.com\/paulo-nogueira\/\" target=\"_blank\" rel=\"noopener\">Paulo Nogueira<\/a><br \/>\n<strong>Modalidad:<\/strong> En l\u00ednea a trav\u00e9s de Zoom<br \/>\n<strong>Duraci\u00f3n:<\/strong> una jornada completa en modo colectivo o media jornada (4 horas) en modo individual<br \/>\n<strong>Oferta:<\/strong> certificado y manual en formato digital<\/p>\n","protected":false},"excerpt":{"rendered":"<h3>Contenidos program\u00e1ticos<\/h3>\n<ul>\n<li><strong>La evoluci\u00f3n del Nivel I al Nivel II<\/strong><\/li>\n<li><strong>Los s\u00edmbolos de Reiki<\/strong><\/li>\n<li><strong>Para qu\u00e9 sirven los s\u00edmbolos de Reiki y c\u00f3mo aplicarlos<\/strong><\/li>\n<li><a href=\"https:\/\/www.paulonogueiraterapias.com\/choku-rei\/\"><strong>S\u00edmbolo de Cho Ku Rei<\/strong><\/a><\/li>\n<li><strong>S\u00edmbolo de Sei He Ki<\/strong><\/li>\n<li><strong>S\u00edmbolo <a href=\"https:\/\/www.paulonogueiraterapias.com\/hon-sha-ze-sho-nen\/\">Hon Sha Ze Sho Nen<\/a><\/strong><\/li>\n<li><strong>Los 7 cuerpos del hombre<\/strong><\/li>\n<li><strong>Las 7 esferas espirituales de la Tierra<\/strong><\/li>\n<li><strong>C\u00f3mo limpiar y proteger energ\u00e9ticamente un espacio\/entorno<\/strong><\/li>\n<li><a href=\"https:\/\/www.paulonogueiraterapias.com\/como-fazer-um-tratamento-de-reiki-a-distancia\/\"><strong>C\u00f3mo hacer un tratamiento a distancia<\/strong><\/a><\/li>\n<li><strong>C\u00f3mo solicitar la autorizaci\u00f3n para el tratamiento a distancia<\/strong><\/li>\n<li><a href=\"https:\/\/www.paulonogueiraterapias.com\/curso-de-reiki\/#transmitir-reiki\"><strong>A qui\u00e9n o qu\u00e9 se puede transmitir el Reiki<\/strong><\/a><\/li>\n<li><strong>Sintonizaci\u00f3n<\/strong><\/li>\n<li><strong>T\u00e9cnicas de limpieza energ\u00e9tica<\/strong><\/li>\n<li><strong>Sesi\u00f3n pr\u00e1ctica de curaci\u00f3n a distancia<\/strong><\/li>\n<\/ul>\n","protected":false},"featured_media":13646,"comment_status":"open","ping_status":"closed","template":"","meta":{"om_disable_all_campaigns":false,"_mi_skip_tracking":false,"site-sidebar-layout":"default","site-content-layout":"","ast-site-content-layout":"default","site-content-style":"default","site-sidebar-style":"default","ast-global-header-display":"","ast-banner-title-visibility":"","ast-main-header-display":"","ast-hfb-above-header-display":"","ast-hfb-below-header-display":"","ast-hfb-mobile-header-display":"","site-post-title":"","ast-breadcrumbs-content":"","ast-featured-img":"","footer-sml-layout":"","ast-disable-related-posts":"","theme-transparent-header-meta":"","adv-header-id-meta":"","stick-header-meta":"","header-above-stick-meta":"","header-main-stick-meta":"","header-below-stick-meta":"","astra-migrate-meta-layouts":"default","ast-page-background-enabled":"default","ast-page-background-meta":{"desktop":{"background-color":"var(--ast-global-color-5)","background-image":"","background-repeat":"repeat","background-position":"center center","background-size":"auto","background-attachment":"scroll","background-type":"","background-media":"","overlay-type":"","overlay-color":"","overlay-opacity":"","overlay-gradient":""},"tablet":{"background-color":"","background-image":"","background-repeat":"repeat","background-position":"center center","background-size":"auto","background-attachment":"scroll","background-type":"","background-media":"","overlay-type":"","overlay-color":"","overlay-opacity":"","overlay-gradient":""},"mobile":{"background-color":"","background-image":"","background-repeat":"repeat","background-position":"center center","background-size":"auto","background-attachment":"scroll","background-type":"","background-media":"","overlay-type":"","overlay-color":"","overlay-opacity":"","overlay-gradient":""}},"ast-content-background-meta":{"desktop":{"background-color":"var(--ast-global-color-4)","background-image":"","background-repeat":"repeat","background-position":"center center","background-size":"auto","background-attachment":"scroll","background-type":"","background-media":"","overlay-type":"","overlay-color":"","overlay-opacity":"","overlay-gradient":""},"tablet":{"background-color":"var(--ast-global-color-4)","background-image":"","background-repeat":"repeat","background-position":"center center","background-size":"auto","background-attachment":"scroll","background-type":"","background-media":"","overlay-type":"","overlay-color":"","overlay-opacity":"","overlay-gradient":""},"mobile":{"background-color":"var(--ast-global-color-4)","background-image":"","background-repeat":"repeat","background-position":"center center","background-size":"auto","background-attachment":"scroll","background-type":"","background-media":"","overlay-type":"","overlay-color":"","overlay-opacity":"","overlay-gradient":""}}},"product_brand":[],"product_cat":[296],"product_tag":[306,305,308],"class_list":{"0":"post-15584","1":"product","2":"type-product","3":"status-publish","4":"has-post-thumbnail","6":"product_cat-cursos-es","7":"product_tag-curso-de-terapeuta-es","8":"product_tag-evolucion-espiritual","9":"product_tag-reiki-es","10":"desktop-align-left","11":"tablet-align-left","12":"mobile-align-left","14":"first","15":"instock","16":"sale","17":"shipping-taxable","18":"purchasable","19":"product-type-variable"},"aioseo_notices":[],"_links":{"self":[{"href":"https:\/\/www.paulonogueiraterapias.com\/es\/wp-json\/wp\/v2\/product\/15584","targetHints":{"allow":["GET"]}}],"collection":[{"href":"https:\/\/www.paulonogueiraterapias.com\/es\/wp-json\/wp\/v2\/product"}],"about":[{"href":"https:\/\/www.paulonogueiraterapias.com\/es\/wp-json\/wp\/v2\/types\/product"}],"replies":[{"embeddable":true,"href":"https:\/\/www.paulonogueiraterapias.com\/es\/wp-json\/wp\/v2\/comments?post=15584"}],"wp:featuredmedia":[{"embeddable":true,"href":"https:\/\/www.paulonogueiraterapias.com\/es\/wp-json\/wp\/v2\/media\/13646"}],"wp:attachment":[{"href":"https:\/\/www.paulonogueiraterapias.com\/es\/wp-json\/wp\/v2\/media?parent=15584"}],"wp:term":[{"taxonomy":"product_brand","embeddable":true,"href":"https:\/\/www.paulonogueiraterapias.com\/es\/wp-json\/wp\/v2\/product_brand?post=15584"},{"taxonomy":"product_cat","embeddable":true,"href":"https:\/\/www.paulonogueiraterapias.com\/es\/wp-json\/wp\/v2\/product_cat?post=15584"},{"taxonomy":"product_tag","embeddable":true,"href":"https:\/\/www.paulonogueiraterapias.com\/es\/wp-json\/wp\/v2\/product_tag?post=15584"}],"curies":[{"name":"wp","href":"https:\/\/api.w.org\/{rel}","templated":true}]}}