{"id":15562,"date":"2021-02-11T21:33:46","date_gmt":"2021-02-11T21:33:46","guid":{"rendered":"https:\/\/www.paulonogueiraterapias.com\/produto\/curacion-estelar-multidimensional\/"},"modified":"2021-02-11T21:33:46","modified_gmt":"2021-02-11T21:33:46","slug":"multidimensional-estelar-sanacion","status":"publish","type":"product","link":"https:\/\/www.paulonogueiraterapias.com\/es\/produto\/multidimensional-estelar-sanacion\/","title":{"rendered":"Curaci\u00f3n estelar multidimensional"},"content":{"rendered":"<p>La <a href=\"https:\/\/www.paulonogueiraterapias.com\/cura-multidimensional-estelar-a-distancia\/\" target=\"_blank\" rel=\"noopener\">Sanaci\u00f3n Estelar Multidimensional<\/a> es una terapia que tiene como objetivo atender diversos bloqueos que afectan al ser humano a nivel emocional, mental y espiritual.<\/p>\n<p>Para esta terapia, se invoca al gu\u00eda de la persona a tratar, a los maestros ascendidos (el Maestro Saint Germain, el Maestro El Morya, el Maestro Serapis Bey, el Maestro Lanto, el Maestro Kuthumi, el Maestro Hilari\u00f3n, la Se\u00f1ora Nada y otros), a los \u00e1ngeles, arc\u00e1ngeles y a los Seres de Luz estelares para que act\u00faen sobre las situaciones que usted indique.<\/p>\n<p>En esta terapia, la gu\u00eda viene del interior del cliente y los Seres de Luz la facilitan, abriendo un espacio de amor para que el cliente pueda conectar m\u00e1s f\u00e1cilmente con sus energ\u00edas divinas y obtener las respuestas que necesita para vivir su vida con m\u00e1s alegr\u00eda y paz.<\/p>\n<p>El cliente puede repetir la sesi\u00f3n tantas veces como desee, ya que cada sesi\u00f3n de Sanaci\u00f3n Estelar Multidimensional ayuda a acabar con el drama personal y las narrativas mentales negativas que la persona alimenta con demasiada frecuencia. Cuantas m\u00e1s sesiones de Sanaci\u00f3n Estelar Multidimensional realices, mayor ser\u00e1 la sensaci\u00f3n de bienestar, libertad, gracia, bondad, alegr\u00eda, amor y claridad que llegar\u00e1s a albergar en tu interior. La energ\u00eda actuar\u00e1 sobre la ra\u00edz de tus s\u00edntomas, generalmente creencias limitantes presentes en tu subconsciente que ya no te apoyan para lograr tus objetivos.<\/p>\n<p>Sesi\u00f3n tras sesi\u00f3n, te liberas del dolor, la negatividad, la tristeza, el dolor, la ira y los estados depresivos para amarte y aceptarte m\u00e1s tal y como eres.<\/p>\n<p>Ven a descubrir las innumerables posibilidades que te ofrece esta terapia y descubre por ti mismo en qu\u00e9 \u00e1reas de la vida puedes ampliar tu grado de satisfacci\u00f3n, liberando energ\u00edas estancadas del pasado e integrando aspectos m\u00e1s oscuros.<\/p>\n<p>Con este enfoque energ\u00e9tico, ser\u00e1 m\u00e1s f\u00e1cil &#8220;estar en el camino&#8221; que tu Alma hab\u00eda dise\u00f1ado para ti para esta encarnaci\u00f3n y liberarte de los patrones que arrastras de vidas pasadas. Hasta que no seas capaz de liberarte de estos patrones, seguir\u00e1s siendo un reh\u00e9n en tu vida actual, as\u00ed como en las vidas siguientes.<\/p>\n<p>Las creencias limitantes y los sentimientos negativos est\u00e1n relacionados con las enfermedades psicosom\u00e1ticas. Al liberar las creencias, el cuerpo se regenera autom\u00e1ticamente y tiende al equilibrio. Todo depende de lo abierto que est\u00e9 el cliente a la sesi\u00f3n.<\/p>\n<p>La sesi\u00f3n de Sanaci\u00f3n Estelar Multidimensional se realiza a distancia simplemente indicando la hora y el d\u00eda en que deseas recibir la energ\u00eda durante tu sesi\u00f3n, poniendo una m\u00fasica relajante y entreg\u00e1ndote.<\/p>\n<p>Tu conexi\u00f3n con el coraz\u00f3n se reforzar\u00e1 y ser\u00e1s m\u00e1s consciente de tus sentimientos y emociones, as\u00ed como de los de los dem\u00e1s a tu alrededor, reforzando la empat\u00eda y la inteligencia emocional.<\/p>\n<p>La curaci\u00f3n se produce de forma multidimensional, es decir, en varias dimensiones de tu ser. El cliente no necesita mantener una intenci\u00f3n durante toda la sesi\u00f3n. Los Seres de Luz ya saben cu\u00e1l es tu intenci\u00f3n, as\u00ed que lo mejor que puedes hacer es relajarte y disfrutar de la certeza de que lo que sea para ti, lo recibir\u00e1s y en la cantidad adecuada.<\/p>\n<p>Para reservar una sesi\u00f3n de Sanaci\u00f3n Estelar Multidimensional:<br \/>\n1. A\u00f1ade la terapia al carrito y realiza el pago por uno de los medios disponibles. Tras el pago, recibir\u00e1 una confirmaci\u00f3n por correo electr\u00f3nico.<br \/>\n2. Llama al <a href=\"tel:+351912064084\">912 064 084<\/a> y reserva tu sesi\u00f3n o espera 8 horas laborables para que nos pongamos en contacto contigo.<br \/>\n3. A la fecha y hora se\u00f1aladas, deber\u00e1 tumbarse, poner la m\u00fasica de relajaci\u00f3n y comenzar\u00e1 la sesi\u00f3n.<\/p>\n<p><strong>Modalidad: <\/strong>A distancia<strong><br \/>\nDuraci\u00f3n: <\/strong>45 minutos<strong><br \/>\nTerapeuta<\/strong>: <a href=\"https:\/\/www.paulonogueiraterapias.com\/paulo-nogueira\/\" target=\"_blank\" rel=\"noopener\">Paulo Nogueira<\/a><\/p>\n","protected":false},"excerpt":{"rendered":"<p>Beneficios de la curaci\u00f3n estelar multidimensional:<\/p>\n<p>[caret_list]<\/p>\n<p>[list_item]aumenta la concienciaci\u00f3n[\/list_item]<br \/>\n[list_item]desarrolla la compasi\u00f3n por uno mismo y por los dem\u00e1s[\/list_item]<br \/>\n[list_item]desarrolla la paciencia y el amor incondicional[\/list_item]<br \/>\n[list_item]te conecta con tu sentimiento[\/list_item]<br \/>\n[list_item]limpieza energ\u00e9tica[\/list_item]<br \/>\n[list_item]elimina las creencias limitantes[\/list_item]<br \/>\n[\/caret_list]<\/p>\n","protected":false},"featured_media":13639,"comment_status":"open","ping_status":"closed","template":"","meta":{"om_disable_all_campaigns":false,"_mi_skip_tracking":false,"site-sidebar-layout":"default","site-content-layout":"","ast-site-content-layout":"default","site-content-style":"default","site-sidebar-style":"default","ast-global-header-display":"","ast-banner-title-visibility":"","ast-main-header-display":"","ast-hfb-above-header-display":"","ast-hfb-below-header-display":"","ast-hfb-mobile-header-display":"","site-post-title":"","ast-breadcrumbs-content":"","ast-featured-img":"","footer-sml-layout":"","ast-disable-related-posts":"","theme-transparent-header-meta":"","adv-header-id-meta":"","stick-header-meta":"","header-above-stick-meta":"","header-main-stick-meta":"","header-below-stick-meta":"","astra-migrate-meta-layouts":"default","ast-page-background-enabled":"default","ast-page-background-meta":{"desktop":{"background-color":"var(--ast-global-color-5)","background-image":"","background-repeat":"repeat","background-position":"center center","background-size":"auto","background-attachment":"scroll","background-type":"","background-media":"","overlay-type":"","overlay-color":"","overlay-opacity":"","overlay-gradient":""},"tablet":{"background-color":"","background-image":"","background-repeat":"repeat","background-position":"center center","background-size":"auto","background-attachment":"scroll","background-type":"","background-media":"","overlay-type":"","overlay-color":"","overlay-opacity":"","overlay-gradient":""},"mobile":{"background-color":"","background-image":"","background-repeat":"repeat","background-position":"center center","background-size":"auto","background-attachment":"scroll","background-type":"","background-media":"","overlay-type":"","overlay-color":"","overlay-opacity":"","overlay-gradient":""}},"ast-content-background-meta":{"desktop":{"background-color":"var(--ast-global-color-4)","background-image":"","background-repeat":"repeat","background-position":"center center","background-size":"auto","background-attachment":"scroll","background-type":"","background-media":"","overlay-type":"","overlay-color":"","overlay-opacity":"","overlay-gradient":""},"tablet":{"background-color":"var(--ast-global-color-4)","background-image":"","background-repeat":"repeat","background-position":"center center","background-size":"auto","background-attachment":"scroll","background-type":"","background-media":"","overlay-type":"","overlay-color":"","overlay-opacity":"","overlay-gradient":""},"mobile":{"background-color":"var(--ast-global-color-4)","background-image":"","background-repeat":"repeat","background-position":"center center","background-size":"auto","background-attachment":"scroll","background-type":"","background-media":"","overlay-type":"","overlay-color":"","overlay-opacity":"","overlay-gradient":""}}},"product_brand":[],"product_cat":[295],"product_tag":[305,309,302],"class_list":{"0":"post-15562","1":"product","2":"type-product","3":"status-publish","4":"has-post-thumbnail","6":"product_cat-terapias-en-linea","7":"product_tag-evolucion-espiritual","8":"product_tag-limpieza-espiritual","9":"product_tag-terapias-en-linea","10":"desktop-align-left","11":"tablet-align-left","12":"mobile-align-left","14":"first","15":"instock","16":"virtual","17":"purchasable","18":"product-type-simple"},"aioseo_notices":[],"_links":{"self":[{"href":"https:\/\/www.paulonogueiraterapias.com\/es\/wp-json\/wp\/v2\/product\/15562","targetHints":{"allow":["GET"]}}],"collection":[{"href":"https:\/\/www.paulonogueiraterapias.com\/es\/wp-json\/wp\/v2\/product"}],"about":[{"href":"https:\/\/www.paulonogueiraterapias.com\/es\/wp-json\/wp\/v2\/types\/product"}],"replies":[{"embeddable":true,"href":"https:\/\/www.paulonogueiraterapias.com\/es\/wp-json\/wp\/v2\/comments?post=15562"}],"wp:featuredmedia":[{"embeddable":true,"href":"https:\/\/www.paulonogueiraterapias.com\/es\/wp-json\/wp\/v2\/media\/13639"}],"wp:attachment":[{"href":"https:\/\/www.paulonogueiraterapias.com\/es\/wp-json\/wp\/v2\/media?parent=15562"}],"wp:term":[{"taxonomy":"product_brand","embeddable":true,"href":"https:\/\/www.paulonogueiraterapias.com\/es\/wp-json\/wp\/v2\/product_brand?post=15562"},{"taxonomy":"product_cat","embeddable":true,"href":"https:\/\/www.paulonogueiraterapias.com\/es\/wp-json\/wp\/v2\/product_cat?post=15562"},{"taxonomy":"product_tag","embeddable":true,"href":"https:\/\/www.paulonogueiraterapias.com\/es\/wp-json\/wp\/v2\/product_tag?post=15562"}],"curies":[{"name":"wp","href":"https:\/\/api.w.org\/{rel}","templated":true}]}}