{"id":15560,"date":"2021-02-11T19:03:13","date_gmt":"2021-02-11T19:03:13","guid":{"rendered":"https:\/\/www.paulonogueiraterapias.com\/produto\/curso-de-meditacion\/"},"modified":"2021-02-11T19:03:13","modified_gmt":"2021-02-11T19:03:13","slug":"curso-de-meditacion","status":"publish","type":"product","link":"https:\/\/www.paulonogueiraterapias.com\/es\/produto\/curso-de-meditacion\/","title":{"rendered":"Curso de meditaci\u00f3n"},"content":{"rendered":"<p>La meditaci\u00f3n es el sistema de desarrollo espiritual m\u00e1s antiguo de la humanidad. El Curso de Meditaci\u00f3n ense\u00f1ar\u00e1 al alumno a meditar, alcanzando un estado profundo de conciencia y atenci\u00f3n al momento presente.<\/p>\n<p>Es cuando el Ser impregna la mente consciente que los pensamientos derivados de ella alcanzan un poder superior de realizaci\u00f3n &#8211; ese es el arte de la realizaci\u00f3n. Pero para que el meditador alcance el estado trascendental del Ser, necesita la ayuda de un mantra en el que centre su atenci\u00f3n durante la pr\u00e1ctica. Al concentrarte exclusivamente en el mantra, observar\u00e1s, sin ser molestado por ning\u00fan pensamiento que surja en la superficie de tu mente, que tu mente se vuelve silenciosa ya que la mente est\u00e1 constantemente buscando algo, saltando, en una actividad aparentemente interminable, de pensamiento en pensamiento en un vano intento de realizarse. El mantra distrae a la mente de su actividad normal y, mientras la distrae, hace que se encuentre con su mayor objeto de deseo: el Ser.<\/p>\n<p>La mente de todos los seres humanos est\u00e1 constantemente sufriendo, buscando la autorrealizaci\u00f3n, un refugio seguro donde pueda descansar finalmente. Lo busca en cada pensamiento y cuando no encuentra esta realizaci\u00f3n, va en busca del siguiente pensamiento, analizando, juzgando, argumentando&#8230; Sigue como un ciego buscando la luz. El mantra es un pensamiento m\u00e1s entre miles de pensamientos. Sin embargo, este pensamiento particular conduce a la mente fuera de la bola enmara\u00f1ada de pensamientos, comparable a una galer\u00eda de t\u00faneles laber\u00ednticos, hacia la salida &#8211; el meditador alcanza el cuarto estado de conciencia &#8211; el estado de conciencia trascendental, un estado en el que se fusiona con el Todo, no dejando el cuerpo, sino m\u00e1s bien, expandi\u00e9ndose m\u00e1s all\u00e1 del cuerpo, que junto con la mente, constituye su falsa identidad &#8211; el ego.<\/p>\n<p>La meditaci\u00f3n ayuda al meditador a encontrar su Yo interior, no a huir de la realidad. El meditador s\u00f3lo teme la realidad porque est\u00e1 perdido de su Ser y sin su Ser, se siente separado de la realidad. Al sentirse separado de algo, surge el temor de que ese algo tenga una agenda que no tenga en cuenta, los intereses del meditador.<\/p>\n<p>Sin embargo, el Ser siempre ha estado, est\u00e1 y estar\u00e1 presente dentro del meditador. Lo que la Meditaci\u00f3n ayuda es a recuperar la conciencia de \u00c9l dentro de uno mismo. Cuando el meditador est\u00e1 inmerso en la conciencia del Ser, no tiene miedo. S\u00f3lo sientes una profunda paz y un amor incondicional. Todas las narrativas, &#8220;negativas&#8221; y &#8220;positivas&#8221; que el ego ha creado para darse importancia, simplemente se desvanecen como las ilusiones mentales que siempre han sido frente a la Luz imperecedera de la verdad de la conciencia. La conciencia existe m\u00e1s all\u00e1 del concepto de &#8220;falso&#8221; y &#8220;verdadero&#8221;. La meditaci\u00f3n nos ayuda a llegar all\u00ed, a ese lugar, donde los opuestos se tocan y se reconcilian.<\/p>\n<p>El Curso de Meditaci\u00f3n consiste en un conjunto de cinco clases, pero el cliente puede elegir hacer s\u00f3lo una o dos. Se puede hacer a distancia v\u00eda WhatsApp o Skype o en persona en Lisboa.<\/p>\n<p>Para reservar el curso, debe seguir estos pasos:<br \/>\n1. A\u00f1ade el curso al carrito y realiza el pago.<br \/>\n2. Llama al <a href=\"tel:+351912064084\">912 064 084<\/a> y reserva tu primera clase en la fecha y hora que te convenga.<\/p>\n<p><strong>Duraci\u00f3n de cada clase: 1 <\/strong>hora<strong><br \/>\nInstructor:<\/strong> <a href=\"https:\/\/www.paulonogueiraterapias.com\/paulo-nogueira\/\" target=\"_blank\" rel=\"noopener\">Paulo Nogueira<\/a><\/p>\n","protected":false},"excerpt":{"rendered":"<p>Algunos de los efectos de la meditaci\u00f3n:<\/p>\n<p>[arrow_list]<br \/>\n[list_item]reduce el estr\u00e9s y la ansiedad[\/list_item]<br \/>\n[list_item]aumenta los niveles de energ\u00eda y la vitalidad[\/list_item]<br \/>\n[list_item]mejora la salud y reduce la presi\u00f3n arterial alta[\/list_item]<br \/>\n[list_item]aumenta la memoria, la creatividad y la inteligencia[\/list_item]<br \/>\n[list_item]refuerza las relaciones a trav\u00e9s de una sensaci\u00f3n de presencia reforzada[\/list_item]<br \/>\n[list_item]desarrolla la satisfacci\u00f3n interior, la paz y el bienestar[\/list_item]<br \/>\n[list_item]aumenta la conciencia de uno mismo como alguien conectado al Todo[\/list_item]<br \/>\n[list_item]influye en la energ\u00eda de los dem\u00e1s con un aura de paz[\/list_item]<br \/>\n[\/arrow_list]<\/p>\n","protected":false},"featured_media":13633,"comment_status":"open","ping_status":"closed","template":"","meta":{"om_disable_all_campaigns":false,"_mi_skip_tracking":false,"site-sidebar-layout":"default","site-content-layout":"","ast-site-content-layout":"default","site-content-style":"default","site-sidebar-style":"default","ast-global-header-display":"","ast-banner-title-visibility":"","ast-main-header-display":"","ast-hfb-above-header-display":"","ast-hfb-below-header-display":"","ast-hfb-mobile-header-display":"","site-post-title":"","ast-breadcrumbs-content":"","ast-featured-img":"","footer-sml-layout":"","ast-disable-related-posts":"","theme-transparent-header-meta":"","adv-header-id-meta":"","stick-header-meta":"","header-above-stick-meta":"","header-main-stick-meta":"","header-below-stick-meta":"","astra-migrate-meta-layouts":"default","ast-page-background-enabled":"default","ast-page-background-meta":{"desktop":{"background-color":"var(--ast-global-color-5)","background-image":"","background-repeat":"repeat","background-position":"center center","background-size":"auto","background-attachment":"scroll","background-type":"","background-media":"","overlay-type":"","overlay-color":"","overlay-opacity":"","overlay-gradient":""},"tablet":{"background-color":"","background-image":"","background-repeat":"repeat","background-position":"center center","background-size":"auto","background-attachment":"scroll","background-type":"","background-media":"","overlay-type":"","overlay-color":"","overlay-opacity":"","overlay-gradient":""},"mobile":{"background-color":"","background-image":"","background-repeat":"repeat","background-position":"center center","background-size":"auto","background-attachment":"scroll","background-type":"","background-media":"","overlay-type":"","overlay-color":"","overlay-opacity":"","overlay-gradient":""}},"ast-content-background-meta":{"desktop":{"background-color":"var(--ast-global-color-4)","background-image":"","background-repeat":"repeat","background-position":"center center","background-size":"auto","background-attachment":"scroll","background-type":"","background-media":"","overlay-type":"","overlay-color":"","overlay-opacity":"","overlay-gradient":""},"tablet":{"background-color":"var(--ast-global-color-4)","background-image":"","background-repeat":"repeat","background-position":"center center","background-size":"auto","background-attachment":"scroll","background-type":"","background-media":"","overlay-type":"","overlay-color":"","overlay-opacity":"","overlay-gradient":""},"mobile":{"background-color":"var(--ast-global-color-4)","background-image":"","background-repeat":"repeat","background-position":"center center","background-size":"auto","background-attachment":"scroll","background-type":"","background-media":"","overlay-type":"","overlay-color":"","overlay-opacity":"","overlay-gradient":""}}},"product_brand":[],"product_cat":[296],"product_tag":[305],"class_list":{"0":"post-15560","1":"product","2":"type-product","3":"status-publish","4":"has-post-thumbnail","6":"product_cat-cursos-es","7":"product_tag-evolucion-espiritual","8":"desktop-align-left","9":"tablet-align-left","10":"mobile-align-left","12":"first","13":"instock","14":"shipping-taxable","15":"purchasable","16":"product-type-variable"},"aioseo_notices":[],"_links":{"self":[{"href":"https:\/\/www.paulonogueiraterapias.com\/es\/wp-json\/wp\/v2\/product\/15560","targetHints":{"allow":["GET"]}}],"collection":[{"href":"https:\/\/www.paulonogueiraterapias.com\/es\/wp-json\/wp\/v2\/product"}],"about":[{"href":"https:\/\/www.paulonogueiraterapias.com\/es\/wp-json\/wp\/v2\/types\/product"}],"replies":[{"embeddable":true,"href":"https:\/\/www.paulonogueiraterapias.com\/es\/wp-json\/wp\/v2\/comments?post=15560"}],"wp:featuredmedia":[{"embeddable":true,"href":"https:\/\/www.paulonogueiraterapias.com\/es\/wp-json\/wp\/v2\/media\/13633"}],"wp:attachment":[{"href":"https:\/\/www.paulonogueiraterapias.com\/es\/wp-json\/wp\/v2\/media?parent=15560"}],"wp:term":[{"taxonomy":"product_brand","embeddable":true,"href":"https:\/\/www.paulonogueiraterapias.com\/es\/wp-json\/wp\/v2\/product_brand?post=15560"},{"taxonomy":"product_cat","embeddable":true,"href":"https:\/\/www.paulonogueiraterapias.com\/es\/wp-json\/wp\/v2\/product_cat?post=15560"},{"taxonomy":"product_tag","embeddable":true,"href":"https:\/\/www.paulonogueiraterapias.com\/es\/wp-json\/wp\/v2\/product_tag?post=15560"}],"curies":[{"name":"wp","href":"https:\/\/api.w.org\/{rel}","templated":true}]}}