{"id":15559,"date":"2021-10-07T19:16:28","date_gmt":"2021-10-07T19:16:28","guid":{"rendered":"https:\/\/www.paulonogueiraterapias.com\/produto\/curso-en-linea-de-reiki-tradicional-nivel-iii\/"},"modified":"2021-10-07T19:16:28","modified_gmt":"2021-10-07T19:16:28","slug":"curso-individual-de-reiki-tradicional-nivel-iii","status":"publish","type":"product","link":"https:\/\/www.paulonogueiraterapias.com\/es\/produto\/curso-individual-de-reiki-tradicional-nivel-iii\/","title":{"rendered":"Curso en l\u00ednea de Reiki Tradicional Nivel III"},"content":{"rendered":"<p>Este nivel, conocido como el nivel del maestro interior, permite al practicante un uso muy ampliado de la energ\u00eda en comparaci\u00f3n con el nivel anterior.<\/p>\n<p>Se trata de un nivel de amplificaci\u00f3n de la conciencia que permite trabajar con una potencia tres veces superior a la del Reiki y que conecta al maestro con su Ser Superior de forma extremadamente r\u00e1pida.<\/p>\n<p>El nivel III contiene el III-A (nivel en el que se recibe el Dai-Ko-Myo) y el III-B (nivel en el que se aprende a iniciar a nuevos terapeutas y maestros de Reiki). En este nivel, el alumno recibe t\u00e9cnicas complementarias de Reiki que le ayudar\u00e1n a flexibilizar a\u00fan m\u00e1s su pr\u00e1ctica.<\/p>\n<p>El curso online se puede realizar en modalidad individual a trav\u00e9s de Zoom en una fecha a programar con el alumno de lunes a viernes de 10:00 a 14:00 o de 14:00 a 18:00.<\/p>\n<p>&nbsp;<\/p>\n<h4>Contenidos program\u00e1ticos<\/h4>\n<ul>\n<li>El s\u00edmbolo maestro &#8211; Dai Ko Mio<\/li>\n<li>La importancia de ser un Maestro de Reiki<\/li>\n<li>Sintonizaci\u00f3n con el S\u00edmbolo Maestro &#8211; Dai Ko Mio<\/li>\n<li>C\u00f3mo iniciar a los terapeutas en el nivel I de Reiki tradicional<\/li>\n<li>C\u00f3mo iniciar a los terapeutas en el nivel II de Reiki tradicional<\/li>\n<li>C\u00f3mo iniciar a los terapeutas en el Nivel III de Reiki Tradicional (Maestro)<\/li>\n<li>Iniciaciones<\/li>\n<li>Inicio del beb\u00e9<\/li>\n<li>Iniciaciones a distancia<\/li>\n<li>Iniciativas de personas encamadas<\/li>\n<li>Autoiniciaci\u00f3n<\/li>\n<li><a href=\"https:\/\/www.paulonogueiraterapias.com\/gyoshi-ho\/\">Gyoshi Ho<\/a><\/li>\n<li><a href=\"https:\/\/www.paulonogueiraterapias.com\/koki-ho\/\">Koki-Ho<\/a> &#8211; Curar con la respiraci\u00f3n<\/li>\n<li>C\u00f3mo estructurar los cursos de Reiki<\/li>\n<\/ul>\n<p>Se proporciona un manual y un certificado.<\/p>\n","protected":false},"excerpt":{"rendered":"<p>Este nivel, conocido como el nivel del maestro interior, permite al practicante un uso muy ampliado de la energ\u00eda en comparaci\u00f3n con el nivel anterior. Se trata de un nivel [&hellip;]<\/p>\n","protected":false},"featured_media":14018,"comment_status":"open","ping_status":"closed","template":"","meta":{"om_disable_all_campaigns":false,"_mi_skip_tracking":false,"site-sidebar-layout":"default","site-content-layout":"","ast-site-content-layout":"default","site-content-style":"default","site-sidebar-style":"default","ast-global-header-display":"","ast-banner-title-visibility":"","ast-main-header-display":"","ast-hfb-above-header-display":"","ast-hfb-below-header-display":"","ast-hfb-mobile-header-display":"","site-post-title":"","ast-breadcrumbs-content":"","ast-featured-img":"","footer-sml-layout":"","ast-disable-related-posts":"","theme-transparent-header-meta":"","adv-header-id-meta":"","stick-header-meta":"","header-above-stick-meta":"","header-main-stick-meta":"","header-below-stick-meta":"","astra-migrate-meta-layouts":"default","ast-page-background-enabled":"default","ast-page-background-meta":{"desktop":{"background-color":"var(--ast-global-color-5)","background-image":"","background-repeat":"repeat","background-position":"center center","background-size":"auto","background-attachment":"scroll","background-type":"","background-media":"","overlay-type":"","overlay-color":"","overlay-opacity":"","overlay-gradient":""},"tablet":{"background-color":"","background-image":"","background-repeat":"repeat","background-position":"center center","background-size":"auto","background-attachment":"scroll","background-type":"","background-media":"","overlay-type":"","overlay-color":"","overlay-opacity":"","overlay-gradient":""},"mobile":{"background-color":"","background-image":"","background-repeat":"repeat","background-position":"center center","background-size":"auto","background-attachment":"scroll","background-type":"","background-media":"","overlay-type":"","overlay-color":"","overlay-opacity":"","overlay-gradient":""}},"ast-content-background-meta":{"desktop":{"background-color":"var(--ast-global-color-4)","background-image":"","background-repeat":"repeat","background-position":"center center","background-size":"auto","background-attachment":"scroll","background-type":"","background-media":"","overlay-type":"","overlay-color":"","overlay-opacity":"","overlay-gradient":""},"tablet":{"background-color":"var(--ast-global-color-4)","background-image":"","background-repeat":"repeat","background-position":"center center","background-size":"auto","background-attachment":"scroll","background-type":"","background-media":"","overlay-type":"","overlay-color":"","overlay-opacity":"","overlay-gradient":""},"mobile":{"background-color":"var(--ast-global-color-4)","background-image":"","background-repeat":"repeat","background-position":"center center","background-size":"auto","background-attachment":"scroll","background-type":"","background-media":"","overlay-type":"","overlay-color":"","overlay-opacity":"","overlay-gradient":""}}},"product_brand":[],"product_cat":[296],"product_tag":[],"class_list":{"0":"post-15559","1":"product","2":"type-product","3":"status-publish","4":"has-post-thumbnail","6":"product_cat-cursos-es","7":"desktop-align-left","8":"tablet-align-left","9":"mobile-align-left","11":"first","12":"instock","13":"virtual","14":"purchasable","15":"product-type-simple"},"aioseo_notices":[],"_links":{"self":[{"href":"https:\/\/www.paulonogueiraterapias.com\/es\/wp-json\/wp\/v2\/product\/15559","targetHints":{"allow":["GET"]}}],"collection":[{"href":"https:\/\/www.paulonogueiraterapias.com\/es\/wp-json\/wp\/v2\/product"}],"about":[{"href":"https:\/\/www.paulonogueiraterapias.com\/es\/wp-json\/wp\/v2\/types\/product"}],"replies":[{"embeddable":true,"href":"https:\/\/www.paulonogueiraterapias.com\/es\/wp-json\/wp\/v2\/comments?post=15559"}],"wp:featuredmedia":[{"embeddable":true,"href":"https:\/\/www.paulonogueiraterapias.com\/es\/wp-json\/wp\/v2\/media\/14018"}],"wp:attachment":[{"href":"https:\/\/www.paulonogueiraterapias.com\/es\/wp-json\/wp\/v2\/media?parent=15559"}],"wp:term":[{"taxonomy":"product_brand","embeddable":true,"href":"https:\/\/www.paulonogueiraterapias.com\/es\/wp-json\/wp\/v2\/product_brand?post=15559"},{"taxonomy":"product_cat","embeddable":true,"href":"https:\/\/www.paulonogueiraterapias.com\/es\/wp-json\/wp\/v2\/product_cat?post=15559"},{"taxonomy":"product_tag","embeddable":true,"href":"https:\/\/www.paulonogueiraterapias.com\/es\/wp-json\/wp\/v2\/product_tag?post=15559"}],"curies":[{"name":"wp","href":"https:\/\/api.w.org\/{rel}","templated":true}]}}