{"id":15553,"date":"2021-02-08T23:32:46","date_gmt":"2021-02-08T23:32:46","guid":{"rendered":"https:\/\/www.paulonogueiraterapias.com\/produto\/reiki-en-linea\/"},"modified":"2021-02-08T23:32:46","modified_gmt":"2021-02-08T23:32:46","slug":"reiki-online-2","status":"publish","type":"product","link":"https:\/\/www.paulonogueiraterapias.com\/es\/produto\/reiki-online-2\/","title":{"rendered":"Reiki en l\u00ednea"},"content":{"rendered":"<p>El Reiki es una terapia energ\u00e9tica indicada para todas las personas que buscan paz, armon\u00eda y equilibrio a todos los niveles: f\u00edsico, emocional, mental y espiritual.<\/p>\n<p>Sesi\u00f3n tras sesi\u00f3n, el paciente experimenta una conexi\u00f3n m\u00e1s directa con la energ\u00eda de la Fuente y se hace cada vez m\u00e1s consciente de los bloqueos que le dificultan alcanzar sus objetivos y que perturban sus relaciones, incluida la relaci\u00f3n consigo mismo. A medida que la energ\u00eda amorosa del Reiki llena los cuerpos sutiles del paciente, \u00e9ste comienza a liberar las energ\u00edas negativas estancadas de heridas no resueltas, miedos y culpas, que a veces se remontan a la infancia.<\/p>\n<p>El terapeuta de Reiki se conectar\u00e1 con la Fuente para canalizar la energ\u00eda del Amor puro a su paciente con el fin de permitir su reintegraci\u00f3n consigo mismo, ayud\u00e1ndole a sanar su coraz\u00f3n para experimentar el amor incondicional hacia s\u00ed mismo y hacia los dem\u00e1s. Al sentir amor por s\u00ed mismo, el paciente experimentar\u00e1 un menor nivel de ansiedad en su vida diaria, un mayor optimismo natural que aumentar\u00e1 su carisma y tendr\u00e1 un impacto positivo en sus relaciones con los dem\u00e1s.<\/p>\n<figure id=\"attachment_13582\" aria-describedby=\"caption-attachment-13582\" style=\"width: 92px\" class=\"wp-caption alignright\"><a href=\"https:\/\/www.paulonogueiraterapias.com\/wp-content\/uploads\/2021\/02\/depositphotos_47804195-stock-photo-healing-hands-150x150.jpg\"><img loading=\"lazy\" decoding=\"async\" class=\" wp-image-13580\" src=\"https:\/\/www.paulonogueiraterapias.com\/wp-content\/uploads\/2021\/02\/depositphotos_47804195-stock-photo-healing-hands-150x150.jpg\" alt=\"Energ\u00eda Reiki\" width=\"92\" height=\"92\" srcset=\"https:\/\/www.paulonogueiraterapias.com\/wp-content\/uploads\/2021\/02\/depositphotos_47804195-stock-photo-healing-hands-150x150.jpg 150w, https:\/\/www.paulonogueiraterapias.com\/wp-content\/uploads\/2021\/02\/depositphotos_47804195-stock-photo-healing-hands-300x300.jpg 300w, https:\/\/www.paulonogueiraterapias.com\/wp-content\/uploads\/2021\/02\/depositphotos_47804195-stock-photo-healing-hands-100x100.jpg 100w, https:\/\/www.paulonogueiraterapias.com\/wp-content\/uploads\/2021\/02\/depositphotos_47804195-stock-photo-healing-hands-450x450.jpg 450w, https:\/\/www.paulonogueiraterapias.com\/wp-content\/uploads\/2021\/02\/depositphotos_47804195-stock-photo-healing-hands-71x71.jpg 71w, https:\/\/www.paulonogueiraterapias.com\/wp-content\/uploads\/2021\/02\/depositphotos_47804195-stock-photo-healing-hands-36x36.jpg 36w, https:\/\/www.paulonogueiraterapias.com\/wp-content\/uploads\/2021\/02\/depositphotos_47804195-stock-photo-healing-hands.jpg 600w\" sizes=\"auto, (max-width: 92px) 100vw, 92px\" \/><\/a><figcaption id=\"caption-attachment-13582\" class=\"wp-caption-text\">Energ\u00eda Reiki<\/figcaption><\/figure>\n<p>Todas las formas de curaci\u00f3n surgen del chakra del coraz\u00f3n, siendo \u00e9ste uno de los chakras m\u00e1s trabajados, aunque no el \u00fanico. El Reiki ayuda al paciente a ser m\u00e1s \u00e9l mismo, a perder el miedo a expresarse, a confiar m\u00e1s en s\u00ed mismo, a sentir una mayor paz que proviene de la certeza de ser amado por la Fuente, por el Creador, y a sentir el placer y la comodidad de estar en su propia piel, bien arraigado en el aqu\u00ed y ahora.<\/p>\n<p>Con Reiki, el paciente dejar\u00e1 de tener miedo de sus sentimientos, y empezar\u00e1 no s\u00f3lo a reconocerlos mejor, sino tambi\u00e9n a aceptarlos con naturalidad, independientemente de que su mente los clasifique como &#8220;positivos&#8221; o &#8220;negativos&#8221;. En este sentido, el Reiki es una terapia que aumenta el autoconocimiento y la inteligencia emocional del paciente.<\/p>\n<p>Cuanto m\u00e1s se abra el paciente, m\u00e1s energ\u00eda curativa recibir\u00e1 en cada sesi\u00f3n y cada sesi\u00f3n le permitir\u00e1 recibir una mayor cantidad a la vez, comenzando su transformaci\u00f3n poco a poco hacia un ser m\u00e1s tranquilo, confiado y feliz.<\/p>\n<p>El Reiki es una energ\u00eda que permite una mayor protecci\u00f3n energ\u00e9tica a la persona que lo recibe, ya que la energ\u00eda es llevada a la superficie mientras el esp\u00edritu del paciente se prepara para  <a href=\"https:\/\/www.paulonogueiraterapias.com\/wp-content\/uploads\/2021\/02\/depositphotos_62888539-stock-photo-sensing-reiki-energy.jpg\"><img loading=\"lazy\" decoding=\"async\" class=\"alignleft size-full wp-image-13583\" src=\"https:\/\/www.paulonogueiraterapias.com\/wp-content\/uploads\/2021\/02\/depositphotos_62888539-stock-photo-sensing-reiki-energy.jpg\" alt=\"Energ\u00eda en las manos\" width=\"110\" height=\"110\" srcset=\"https:\/\/www.paulonogueiraterapias.com\/wp-content\/uploads\/2021\/02\/depositphotos_62888539-stock-photo-sensing-reiki-energy.jpg 110w, https:\/\/www.paulonogueiraterapias.com\/wp-content\/uploads\/2021\/02\/depositphotos_62888539-stock-photo-sensing-reiki-energy-100x100.jpg 100w, https:\/\/www.paulonogueiraterapias.com\/wp-content\/uploads\/2021\/02\/depositphotos_62888539-stock-photo-sensing-reiki-energy-71x71.jpg 71w, https:\/\/www.paulonogueiraterapias.com\/wp-content\/uploads\/2021\/02\/depositphotos_62888539-stock-photo-sensing-reiki-energy-36x36.jpg 36w\" sizes=\"auto, (max-width: 110px) 100vw, 110px\" \/><\/a>Al dejar ir, las energ\u00edas negativas sumergidas en el subconsciente en forma de recuerdos celulares, y liberar estas mismas energ\u00edas negativas, dejas de resonar con las energ\u00edas negativas de los dem\u00e1s a tu alrededor. La Ley de la Resonancia dicta que cada persona atrae las energ\u00edas que tiene en su interior. Por lo tanto, si te liberas de las energ\u00edas negativas y te llenas de la energ\u00eda amorosa del Reiki, atraer\u00e1s m\u00e1s personas positivas a tu alrededor que desencadenar\u00e1n m\u00e1s eventos positivos en tu vida.<\/p>\n<p>Poco despu\u00e9s de la primera sesi\u00f3n de Reiki, comienza la transformaci\u00f3n personal del paciente hacia un yo m\u00e1s armonioso.<\/p>\n<p>La sesi\u00f3n de Reiki a distancia (modalidad online) aporta al paciente los mismos beneficios que la sesi\u00f3n de Reiki presencial ya que la energ\u00eda no est\u00e1 limitada por la distancia. Adem\u00e1s, los gu\u00edas de Reiki que, junto con el terapeuta, facilitar\u00e1n la energ\u00eda, estar\u00e1n con el paciente trabajando sobre \u00e9l y alineando sus chakras. La energ\u00eda Reiki (energ\u00eda universal) est\u00e1 en todas partes, al mismo tiempo. Para fluir, s\u00f3lo se necesita un emisor sintonizado con la energ\u00eda (el terapeuta) y un receptor que d\u00e9 su permiso para captar la energ\u00eda (el paciente).<\/p>\n<p>La sesi\u00f3n de Reiki se puede repetir tantas veces como el paciente desee. Cuantas m\u00e1s sesiones realice, m\u00e1s pronunciados ser\u00e1n los efectos. El paciente puede decidir tener una sesi\u00f3n de Reiki cada 3 d\u00edas, por ejemplo, o una vez a la semana. Si el intervalo de tiempo es relativamente corto, los efectos del Reiki son acumulativos.<\/p>\n<p>Para disfrutar de tu sesi\u00f3n de Reiki a distancia, en la comodidad de tu casa, sigue estos pasos:<br \/>\n1. Seleccione la hora de la sesi\u00f3n y a\u00f1ada la terapia a la cesta de la compra y pague en nuestra tienda<br \/>\n2. Despu\u00e9s de realizar el pago, recibir\u00e1 inmediatamente en su correo electr\u00f3nico, la confirmaci\u00f3n de su compra.<br \/>\n3. En un plazo de 8 horas laborables, le llamaremos para concertar su sesi\u00f3n a trav\u00e9s del n\u00famero de tel\u00e9fono que nos haya facilitado en el formulario de compra. Si no desea esperar, puede llamarnos<a href=\"tel:+351912064084\">(912 064 084<\/a>) para reservar inmediatamente despu\u00e9s de recibir el correo electr\u00f3nico de confirmaci\u00f3n del pedido.<\/p>\n<p>El d\u00eda y la hora de tu sesi\u00f3n de Reiki a distancia, debes tumbarte en una superficie c\u00f3moda (cama, colch\u00f3n o sof\u00e1 cama), poner la m\u00fasica de relajaci\u00f3n que te enviaremos, relajarte y disfrutar de las sutiles sensaciones de la energ\u00eda.<\/p>\n<p><strong>Terapeuta:<\/strong> <a href=\"https:\/\/www.paulonogueiraterapias.com\/paulo-nogueira\/\" target=\"_blank\" rel=\"noopener\">Paulo Nogueira<\/a><\/p>\n<div style=\"font-size: 10pt;\">Paulo Nogueira es facilitador de sesiones de Reiki presenciales y online desde 2010 y Maestro de Reiki Tradicional desde 2013 habiendo impartido, hasta la fecha, cientos de sesiones de Reiki y formado a m\u00e1s de 200 terapeutas de Reiki y 50 maestros de Reiki Tradicional.<\/div>\n<div><\/div>\n<div>Si deseas convertirte en terapeuta de Reiki, inscr\u00edbete en el <a href=\"https:\/\/www.paulonogueiraterapias.com\/produto\/curso-online-de-reiki-tradicional-nivel-i\/\">Curso online de Reiki Tradicional Nivel I<\/a> para aprender a facilitar esta terapia para ti y para otros.<\/div>\n","protected":false},"excerpt":{"rendered":"<p>El Reiki es una energ\u00eda de curaci\u00f3n, que act\u00faa a nivel f\u00edsico, emocional, mental y espiritual, que fluye de las manos del terapeuta al paciente en persona o a distancia.<\/p>\n<p>A medida que el Reiki fluye desde las manos del terapeuta hacia el esp\u00edritu del paciente (modalidad en l\u00ednea), \u00e9ste siente una creciente sensaci\u00f3n de unidad, integraci\u00f3n y plenitud. El Reiki (Rei=universal, ki=energ\u00eda) es una energ\u00eda universal, es decir, est\u00e1 en todas partes, en todo momento, por lo que se puede transmitir a distancia. En esta terapia, el papel del terapeuta es servir de canal para esta energ\u00eda con la que est\u00e1 en sinton\u00eda, utilizando la intenci\u00f3n para llevarla a su paciente en un proceso de curaci\u00f3n muy natural.<\/p>\n<p>Esta energ\u00eda amorosa lleva al paciente a conocer la profundidad de su ser, iluminando todas las partes m\u00e1s oscuras de su psique para rescatar su verdadero ser m\u00e1s brillante, bello y luminoso que se esconde bajo el dolor y el sufrimiento.<\/p>\n<p>Con el Reiki, el paciente puede reclamar su derecho de nacimiento a una vida de paz, alegr\u00eda y unidad.<\/p>\n","protected":false},"featured_media":13578,"comment_status":"open","ping_status":"closed","template":"","meta":{"om_disable_all_campaigns":false,"_mi_skip_tracking":false,"site-sidebar-layout":"default","site-content-layout":"","ast-site-content-layout":"default","site-content-style":"default","site-sidebar-style":"default","ast-global-header-display":"","ast-banner-title-visibility":"","ast-main-header-display":"","ast-hfb-above-header-display":"","ast-hfb-below-header-display":"","ast-hfb-mobile-header-display":"","site-post-title":"","ast-breadcrumbs-content":"","ast-featured-img":"","footer-sml-layout":"","ast-disable-related-posts":"","theme-transparent-header-meta":"","adv-header-id-meta":"","stick-header-meta":"","header-above-stick-meta":"","header-main-stick-meta":"","header-below-stick-meta":"","astra-migrate-meta-layouts":"default","ast-page-background-enabled":"default","ast-page-background-meta":{"desktop":{"background-color":"var(--ast-global-color-5)","background-image":"","background-repeat":"repeat","background-position":"center center","background-size":"auto","background-attachment":"scroll","background-type":"","background-media":"","overlay-type":"","overlay-color":"","overlay-opacity":"","overlay-gradient":""},"tablet":{"background-color":"","background-image":"","background-repeat":"repeat","background-position":"center center","background-size":"auto","background-attachment":"scroll","background-type":"","background-media":"","overlay-type":"","overlay-color":"","overlay-opacity":"","overlay-gradient":""},"mobile":{"background-color":"","background-image":"","background-repeat":"repeat","background-position":"center center","background-size":"auto","background-attachment":"scroll","background-type":"","background-media":"","overlay-type":"","overlay-color":"","overlay-opacity":"","overlay-gradient":""}},"ast-content-background-meta":{"desktop":{"background-color":"var(--ast-global-color-4)","background-image":"","background-repeat":"repeat","background-position":"center center","background-size":"auto","background-attachment":"scroll","background-type":"","background-media":"","overlay-type":"","overlay-color":"","overlay-opacity":"","overlay-gradient":""},"tablet":{"background-color":"var(--ast-global-color-4)","background-image":"","background-repeat":"repeat","background-position":"center center","background-size":"auto","background-attachment":"scroll","background-type":"","background-media":"","overlay-type":"","overlay-color":"","overlay-opacity":"","overlay-gradient":""},"mobile":{"background-color":"var(--ast-global-color-4)","background-image":"","background-repeat":"repeat","background-position":"center center","background-size":"auto","background-attachment":"scroll","background-type":"","background-media":"","overlay-type":"","overlay-color":"","overlay-opacity":"","overlay-gradient":""}}},"product_brand":[],"product_cat":[295],"product_tag":[308,302],"class_list":{"0":"post-15553","1":"product","2":"type-product","3":"status-publish","4":"has-post-thumbnail","6":"product_cat-terapias-en-linea","7":"product_tag-reiki-es","8":"product_tag-terapias-en-linea","9":"desktop-align-left","10":"tablet-align-left","11":"mobile-align-left","13":"first","14":"instock","15":"sale","16":"shipping-taxable","17":"purchasable","18":"product-type-variable"},"aioseo_notices":[],"_links":{"self":[{"href":"https:\/\/www.paulonogueiraterapias.com\/es\/wp-json\/wp\/v2\/product\/15553","targetHints":{"allow":["GET"]}}],"collection":[{"href":"https:\/\/www.paulonogueiraterapias.com\/es\/wp-json\/wp\/v2\/product"}],"about":[{"href":"https:\/\/www.paulonogueiraterapias.com\/es\/wp-json\/wp\/v2\/types\/product"}],"replies":[{"embeddable":true,"href":"https:\/\/www.paulonogueiraterapias.com\/es\/wp-json\/wp\/v2\/comments?post=15553"}],"wp:featuredmedia":[{"embeddable":true,"href":"https:\/\/www.paulonogueiraterapias.com\/es\/wp-json\/wp\/v2\/media\/13578"}],"wp:attachment":[{"href":"https:\/\/www.paulonogueiraterapias.com\/es\/wp-json\/wp\/v2\/media?parent=15553"}],"wp:term":[{"taxonomy":"product_brand","embeddable":true,"href":"https:\/\/www.paulonogueiraterapias.com\/es\/wp-json\/wp\/v2\/product_brand?post=15553"},{"taxonomy":"product_cat","embeddable":true,"href":"https:\/\/www.paulonogueiraterapias.com\/es\/wp-json\/wp\/v2\/product_cat?post=15553"},{"taxonomy":"product_tag","embeddable":true,"href":"https:\/\/www.paulonogueiraterapias.com\/es\/wp-json\/wp\/v2\/product_tag?post=15553"}],"curies":[{"name":"wp","href":"https:\/\/api.w.org\/{rel}","templated":true}]}}