{"id":15552,"date":"2021-02-06T02:04:47","date_gmt":"2021-02-06T02:04:47","guid":{"rendered":"https:\/\/www.paulonogueiraterapias.com\/produto\/curso-de-reiki-kundalini\/"},"modified":"2021-02-06T02:04:47","modified_gmt":"2021-02-06T02:04:47","slug":"curso-de-kundalini-reiki-2","status":"publish","type":"product","link":"https:\/\/www.paulonogueiraterapias.com\/es\/produto\/curso-de-kundalini-reiki-2\/","title":{"rendered":"Curso de Reiki Kundalini"},"content":{"rendered":"<p>Kundalini Reiki es un sistema de Reiki, canalizado por Ole Gabrielson, que pas\u00f3 muchas horas en comuni\u00f3n con el Maestro Kuthumi en estado de meditaci\u00f3n.<\/p>\n<p>Este sistema, dividido en 3 niveles, se caracteriza por ser muy f\u00e1cil y r\u00e1pido de aplicar en comparaci\u00f3n con el Reiki Esencial o el Reiki Tradicional. Como todos los sistemas de Reiki, se centra en la elevaci\u00f3n de la conciencia, el desarrollo personal y la curaci\u00f3n de uno mismo y de los dem\u00e1s.<\/p>\n<p>El Reiki Kundalini, en particular, es una energ\u00eda que trabaja la Kundalini y la energ\u00eda de la Tierra, por lo que est\u00e1 indicado para personas que necesitan  <strong>mayor concentraci\u00f3n en el aqu\u00ed y el ahora<\/strong>,  <strong>mayor resistencia f\u00edsica y ps\u00edquica<\/strong>, <strong>m\u00e1s vitalidad f\u00edsica<\/strong>, <strong>motivaci\u00f3n por la vida<\/strong>, <strong>fuerza para realizar proyectos<\/strong> y <strong>aumento del poder personal<\/strong>.<\/p>\n<p>En este sistema, el alumno recibe 3 afinaciones con un intervalo de 3 d\u00edas de la primera a la segunda y de 5 d\u00edas de la segunda a la tercera. El tiempo de aplicaci\u00f3n de Kundalini Reiki es de aproximadamente 15 minutos y no utiliza s\u00edmbolos, a diferencia de otros sistemas como el Sistema Multidimensional Shamballa Reiki, Usui Reiki, Karuna Reiki y Quantum Star Healing.<\/p>\n<p>Cada sintonizaci\u00f3n abrir\u00e1 a\u00fan m\u00e1s el canal principal de circulaci\u00f3n de energ\u00eda (sushumna), eliminando los bloqueos en ese canal as\u00ed como en los chakras. La capacidad de los chakras para absorber la energ\u00eda vital tambi\u00e9n se ver\u00e1 incrementada y los terapeutas que ya tienen otras t\u00e9cnicas de curaci\u00f3n ver\u00e1n un aumento sustancial en su capacidad para pasar m\u00e1s energ\u00eda a s\u00ed mismos y a sus pacientes.<\/p>\n<p>Dado que el Reiki es una energ\u00eda consciente, el despertar de la Kundalini se produce seg\u00fan la preparaci\u00f3n espiritual que cada persona tenga para que este proceso tenga lugar. Con la ayuda del Reiki Kundalini, la energ\u00eda Kundalini asciende desde el chakra base hasta la coronilla de forma suave, eliminando gradualmente los diversos bloqueos energ\u00e9ticos que le impiden fluir hacia los chakras superiores, seg\u00fan el grado de dedicaci\u00f3n que el practicante dedique a su crecimiento espiritual y al uso de la pr\u00e1ctica.<\/p>\n","protected":false},"excerpt":{"rendered":"<p>El curso de Kundalini Reiki es un sistema de 3 niveles que trabaja con la energ\u00eda Kundalini y promueve su despertar de una manera armoniosa y segura, as\u00ed como el aumento de la conciencia y el desarrollo personal.<\/p>\n<p>Este curso se imparte online, v\u00eda WhatsApp u otro medio de comunicaci\u00f3n disponible para el alumno, en una fecha acorde a la disponibilidad del iniciado.<\/p>\n<p><strong>Oferta:<\/strong> Certificado y manual en formato digital.<\/p>\n","protected":false},"featured_media":13565,"comment_status":"open","ping_status":"closed","template":"","meta":{"om_disable_all_campaigns":false,"_mi_skip_tracking":false,"site-sidebar-layout":"default","site-content-layout":"","ast-site-content-layout":"default","site-content-style":"default","site-sidebar-style":"default","ast-global-header-display":"","ast-banner-title-visibility":"","ast-main-header-display":"","ast-hfb-above-header-display":"","ast-hfb-below-header-display":"","ast-hfb-mobile-header-display":"","site-post-title":"","ast-breadcrumbs-content":"","ast-featured-img":"","footer-sml-layout":"","ast-disable-related-posts":"","theme-transparent-header-meta":"","adv-header-id-meta":"","stick-header-meta":"","header-above-stick-meta":"","header-main-stick-meta":"","header-below-stick-meta":"","astra-migrate-meta-layouts":"default","ast-page-background-enabled":"default","ast-page-background-meta":{"desktop":{"background-color":"var(--ast-global-color-5)","background-image":"","background-repeat":"repeat","background-position":"center center","background-size":"auto","background-attachment":"scroll","background-type":"","background-media":"","overlay-type":"","overlay-color":"","overlay-opacity":"","overlay-gradient":""},"tablet":{"background-color":"","background-image":"","background-repeat":"repeat","background-position":"center center","background-size":"auto","background-attachment":"scroll","background-type":"","background-media":"","overlay-type":"","overlay-color":"","overlay-opacity":"","overlay-gradient":""},"mobile":{"background-color":"","background-image":"","background-repeat":"repeat","background-position":"center center","background-size":"auto","background-attachment":"scroll","background-type":"","background-media":"","overlay-type":"","overlay-color":"","overlay-opacity":"","overlay-gradient":""}},"ast-content-background-meta":{"desktop":{"background-color":"var(--ast-global-color-4)","background-image":"","background-repeat":"repeat","background-position":"center center","background-size":"auto","background-attachment":"scroll","background-type":"","background-media":"","overlay-type":"","overlay-color":"","overlay-opacity":"","overlay-gradient":""},"tablet":{"background-color":"var(--ast-global-color-4)","background-image":"","background-repeat":"repeat","background-position":"center center","background-size":"auto","background-attachment":"scroll","background-type":"","background-media":"","overlay-type":"","overlay-color":"","overlay-opacity":"","overlay-gradient":""},"mobile":{"background-color":"var(--ast-global-color-4)","background-image":"","background-repeat":"repeat","background-position":"center center","background-size":"auto","background-attachment":"scroll","background-type":"","background-media":"","overlay-type":"","overlay-color":"","overlay-opacity":"","overlay-gradient":""}}},"product_brand":[],"product_cat":[296],"product_tag":[301,308],"class_list":{"0":"post-15552","1":"product","2":"type-product","3":"status-publish","4":"has-post-thumbnail","6":"product_cat-cursos-es","7":"product_tag-kundalini-es","8":"product_tag-reiki-es","9":"desktop-align-left","10":"tablet-align-left","11":"mobile-align-left","13":"first","14":"instock","15":"shipping-taxable","16":"purchasable","17":"product-type-variable","18":"has-default-attributes"},"aioseo_notices":[],"_links":{"self":[{"href":"https:\/\/www.paulonogueiraterapias.com\/es\/wp-json\/wp\/v2\/product\/15552","targetHints":{"allow":["GET"]}}],"collection":[{"href":"https:\/\/www.paulonogueiraterapias.com\/es\/wp-json\/wp\/v2\/product"}],"about":[{"href":"https:\/\/www.paulonogueiraterapias.com\/es\/wp-json\/wp\/v2\/types\/product"}],"replies":[{"embeddable":true,"href":"https:\/\/www.paulonogueiraterapias.com\/es\/wp-json\/wp\/v2\/comments?post=15552"}],"wp:featuredmedia":[{"embeddable":true,"href":"https:\/\/www.paulonogueiraterapias.com\/es\/wp-json\/wp\/v2\/media\/13565"}],"wp:attachment":[{"href":"https:\/\/www.paulonogueiraterapias.com\/es\/wp-json\/wp\/v2\/media?parent=15552"}],"wp:term":[{"taxonomy":"product_brand","embeddable":true,"href":"https:\/\/www.paulonogueiraterapias.com\/es\/wp-json\/wp\/v2\/product_brand?post=15552"},{"taxonomy":"product_cat","embeddable":true,"href":"https:\/\/www.paulonogueiraterapias.com\/es\/wp-json\/wp\/v2\/product_cat?post=15552"},{"taxonomy":"product_tag","embeddable":true,"href":"https:\/\/www.paulonogueiraterapias.com\/es\/wp-json\/wp\/v2\/product_tag?post=15552"}],"curies":[{"name":"wp","href":"https:\/\/api.w.org\/{rel}","templated":true}]}}