{"id":15548,"date":"2021-02-10T01:32:06","date_gmt":"2021-02-10T01:32:06","guid":{"rendered":"https:\/\/www.paulonogueiraterapias.com\/produto\/terapia-multidimensional\/"},"modified":"2021-02-10T01:32:06","modified_gmt":"2021-02-10T01:32:06","slug":"terapia-multidimensional-2","status":"publish","type":"product","link":"https:\/\/www.paulonogueiraterapias.com\/es\/produto\/terapia-multidimensional-2\/","title":{"rendered":"Terapia Multidimensional"},"content":{"rendered":"<p>La Terapia Multidimensional es un enfoque terap\u00e9utico espiritual, basado en el trabajo de los Seres de Luz estelares que, en colaboraci\u00f3n con los maestros ascendidos, los \u00e1ngeles y los arc\u00e1ngeles, proporcionan respuestas a los diversos problemas que acosan al ser humano, impidi\u00e9ndole vivir una vida m\u00e1s armoniosa y feliz.<\/p>\n<p>La terapia multidimensional, al igual que muchas otras terapias basadas en la energ\u00eda, puede realizarse a distancia o cara a cara. Esta terapia tiene como objetivo la transformaci\u00f3n consciencial del cliente para que pueda co-crear, de forma m\u00e1s consciente, utilizando su poder personal, la realidad que desea, siempre y cuando esta realidad sea positiva para \u00e9l y para todos los que le rodean.<\/p>\n<p>A veces el cliente, tras una sesi\u00f3n de Terapia Multidimensional, sale renovado, con ideas para nuevos proyectos, con \u00e1nimo, fe y esperanza para avanzar en su b\u00fasqueda inmediata, pero no se integra con la profundidad necesaria para el mantenimiento de ese estado positivo. Por lo tanto, es necesario realizar m\u00e1s sesiones seguidas para poder consolidar los resultados. Sin embargo, hay temas que s\u00f3lo requieren una \u00fanica sesi\u00f3n. En estos casos, cuando el cliente vuelva, ya traer\u00e1 diferentes preguntas y diferentes estados de \u00e1nimo en comparaci\u00f3n con la \u00faltima sesi\u00f3n. Para reservar una nueva sesi\u00f3n, debe esperar al menos 15 d\u00edas desde la \u00faltima sesi\u00f3n.<\/p>\n<p>La energ\u00eda de los Seres de Luz del equipo del terapeuta multidimensional es muy amorosa, y el cliente suele sentir la sensaci\u00f3n de calidez y regazo que necesita para rescatar un estado mental que tuvo en la infancia pero que se perdi\u00f3 con el tiempo.<\/p>\n<p>Cuanto m\u00e1s se entrega el cliente a la sesi\u00f3n, m\u00e1s intensos son los resultados, ya que se respeta al cien por cien la Ley del Libre Albedr\u00edo, y si el cliente bloquea parcialmente la sesi\u00f3n por miedos, juicios y prejuicios de cualquier tipo, los Seres de Luz respetar\u00e1n plenamente su voluntad. Por ello se recomienda que el cliente inicie la sesi\u00f3n con una actitud de apertura a lo desconocido y de optimismo y que no se apegue a los resultados futuros sino a la contribuci\u00f3n en el momento presente que est\u00e1 haciendo a la evoluci\u00f3n de su Alma.<\/p>\n<p>Durante la sesi\u00f3n de Terapia Multidimensional, el terapeuta se conecta con la energ\u00eda del cliente a trav\u00e9s de su coraz\u00f3n mientras los Seres de Luz de su equipo trabajan en \u00e9l. El cliente puede sentir algunas sensaciones sutiles, a saber, ver colores, sentir presencias, ligeros toques en el cuerpo, sentirse pesado o muy ligero, bostezar, experimentar alguna catarsis emocional, revisitar recuerdos de la infancia y vidas pasadas o incluso quedarse dormido.<\/p>\n<p>La terapia multidimensional tambi\u00e9n proporciona al cliente una liberaci\u00f3n de la energ\u00eda negativa, de forma suave, que a\u00fan est\u00e1 adherida a sus cuerpos sutiles inferiores, y lo llena de una energ\u00eda de ligereza, armon\u00eda y paz interior, un tipo de paz que, a pesar de que a veces se enfrenta a situaciones adversas, trae la calmante y multimilenaria sabidur\u00eda del Alma de que esto tambi\u00e9n pasar\u00e1.<\/p>\n<p>Procedimiento para programar su sesi\u00f3n:<br \/>\n1. A\u00f1ade la terapia a la cesta de la compra y realiza el pago de la sesi\u00f3n.<br \/>\n2. Una vez realizado el pago con \u00e9xito, recibir\u00e1 inmediatamente un correo electr\u00f3nico de confirmaci\u00f3n.<br \/>\n3. Llame al <a href=\"tel:+351912064084\">912 064 084<\/a> para reservar su sesi\u00f3n o espere a que le llamemos en un plazo de 8 horas laborables.<\/p>\n<p><strong>Terapeuta<\/strong>: <a href=\"https:\/\/www.paulonogueiraterapias.com\/paulo-nogueira\/\" target=\"_blank\" rel=\"noopener\">Paulo Nogueira<\/a><\/p>\n","protected":false},"excerpt":{"rendered":"<p>La terapia multidimensional es una terapia muy completa y flexible que permite abordar varios temas en una sola sesi\u00f3n, a saber<\/p>\n<p>[check_list]<\/p>\n<p>[list_item]aumento de la autoestima[\/list_item]<\/p>\n<p>[list_item]aumentar la confianza en s\u00ed mismo[\/list_item]<\/p>\n<p>[list_item]sensibilizar a la poblaci\u00f3n[\/list_item]<br \/>\n[list_item]abre tu coraz\u00f3n[\/list_item]<br \/>\n[list_item]karma claro[\/list_item]<br \/>\n[list_item]curando al ni\u00f1o interior[\/list_item]<br \/>\n[list_item]reconocer e integrar el Shadow[\/list_item]<br \/>\n[list_item]limpieza de hechizos negativos[\/list_item]<br \/>\n[list_item]adoctrinamiento y remisi\u00f3n de obsesores[\/list_item]<br \/>\n[list_item]cirug\u00edas et\u00e9reas[\/list_item]<br \/>\n[list_item]facilitar el desarrollo medi\u00famnico y espiritual[\/list_item]<br \/>\n[list_item]armonizar las relaciones amorosas, familiares, sociales y profesionales[\/list_item]<br \/>\n[list_item]limpieza de chips e implantes[\/list_item]<br \/>\n[list_item]tomar el poder personal[\/list_item]<br \/>\n[list_item]autoaceptaci\u00f3n[\/list_item]<br \/>\n[list_item]comprender la causa de sus adicciones[\/list_item]<br \/>\n[list_item]eliminar los mecanismos de autosabotaje[\/list_item]<br \/>\n[list_item]reducir la ansiedad[\/list_item]<br \/>\n[list_item]ganar valor para experimentar nuevas situaciones[\/list_item]<br \/>\n[list_item]eliminar las fobias[\/list_item]<br \/>\n[list_item]limpieza de traumas[\/list_item]<br \/>\n[list_item]limpiar las memorias celulares[\/list_item]<br \/>\n[list_item]trabajar en el perd\u00f3n y el autoperd\u00f3n[\/list_item]<br \/>\n[list_item]aumentar la conciencia de lo que no se puede cambiar[\/list_item]<br \/>\n[list_item]desarrollar la compasi\u00f3n[\/list_item]<br \/>\n[list_item]desarrollar la inteligencia emocional[\/list_item]<\/p>\n<p>[\/check_list]<\/p>\n","protected":false},"featured_media":13616,"comment_status":"open","ping_status":"closed","template":"","meta":{"om_disable_all_campaigns":false,"_mi_skip_tracking":false,"site-sidebar-layout":"default","site-content-layout":"","ast-site-content-layout":"default","site-content-style":"default","site-sidebar-style":"default","ast-global-header-display":"","ast-banner-title-visibility":"","ast-main-header-display":"","ast-hfb-above-header-display":"","ast-hfb-below-header-display":"","ast-hfb-mobile-header-display":"","site-post-title":"","ast-breadcrumbs-content":"","ast-featured-img":"","footer-sml-layout":"","ast-disable-related-posts":"","theme-transparent-header-meta":"","adv-header-id-meta":"","stick-header-meta":"","header-above-stick-meta":"","header-main-stick-meta":"","header-below-stick-meta":"","astra-migrate-meta-layouts":"default","ast-page-background-enabled":"default","ast-page-background-meta":{"desktop":{"background-color":"var(--ast-global-color-5)","background-image":"","background-repeat":"repeat","background-position":"center center","background-size":"auto","background-attachment":"scroll","background-type":"","background-media":"","overlay-type":"","overlay-color":"","overlay-opacity":"","overlay-gradient":""},"tablet":{"background-color":"","background-image":"","background-repeat":"repeat","background-position":"center center","background-size":"auto","background-attachment":"scroll","background-type":"","background-media":"","overlay-type":"","overlay-color":"","overlay-opacity":"","overlay-gradient":""},"mobile":{"background-color":"","background-image":"","background-repeat":"repeat","background-position":"center center","background-size":"auto","background-attachment":"scroll","background-type":"","background-media":"","overlay-type":"","overlay-color":"","overlay-opacity":"","overlay-gradient":""}},"ast-content-background-meta":{"desktop":{"background-color":"var(--ast-global-color-4)","background-image":"","background-repeat":"repeat","background-position":"center center","background-size":"auto","background-attachment":"scroll","background-type":"","background-media":"","overlay-type":"","overlay-color":"","overlay-opacity":"","overlay-gradient":""},"tablet":{"background-color":"var(--ast-global-color-4)","background-image":"","background-repeat":"repeat","background-position":"center center","background-size":"auto","background-attachment":"scroll","background-type":"","background-media":"","overlay-type":"","overlay-color":"","overlay-opacity":"","overlay-gradient":""},"mobile":{"background-color":"var(--ast-global-color-4)","background-image":"","background-repeat":"repeat","background-position":"center center","background-size":"auto","background-attachment":"scroll","background-type":"","background-media":"","overlay-type":"","overlay-color":"","overlay-opacity":"","overlay-gradient":""}}},"product_brand":[],"product_cat":[295],"product_tag":[305,302],"class_list":{"0":"post-15548","1":"product","2":"type-product","3":"status-publish","4":"has-post-thumbnail","6":"product_cat-terapias-en-linea","7":"product_tag-evolucion-espiritual","8":"product_tag-terapias-en-linea","9":"desktop-align-left","10":"tablet-align-left","11":"mobile-align-left","13":"first","14":"instock","15":"virtual","16":"purchasable","17":"product-type-simple"},"aioseo_notices":[],"_links":{"self":[{"href":"https:\/\/www.paulonogueiraterapias.com\/es\/wp-json\/wp\/v2\/product\/15548","targetHints":{"allow":["GET"]}}],"collection":[{"href":"https:\/\/www.paulonogueiraterapias.com\/es\/wp-json\/wp\/v2\/product"}],"about":[{"href":"https:\/\/www.paulonogueiraterapias.com\/es\/wp-json\/wp\/v2\/types\/product"}],"replies":[{"embeddable":true,"href":"https:\/\/www.paulonogueiraterapias.com\/es\/wp-json\/wp\/v2\/comments?post=15548"}],"wp:featuredmedia":[{"embeddable":true,"href":"https:\/\/www.paulonogueiraterapias.com\/es\/wp-json\/wp\/v2\/media\/13616"}],"wp:attachment":[{"href":"https:\/\/www.paulonogueiraterapias.com\/es\/wp-json\/wp\/v2\/media?parent=15548"}],"wp:term":[{"taxonomy":"product_brand","embeddable":true,"href":"https:\/\/www.paulonogueiraterapias.com\/es\/wp-json\/wp\/v2\/product_brand?post=15548"},{"taxonomy":"product_cat","embeddable":true,"href":"https:\/\/www.paulonogueiraterapias.com\/es\/wp-json\/wp\/v2\/product_cat?post=15548"},{"taxonomy":"product_tag","embeddable":true,"href":"https:\/\/www.paulonogueiraterapias.com\/es\/wp-json\/wp\/v2\/product_tag?post=15548"}],"curies":[{"name":"wp","href":"https:\/\/api.w.org\/{rel}","templated":true}]}}