{"id":15547,"date":"2021-02-10T22:00:08","date_gmt":"2021-02-10T22:00:08","guid":{"rendered":"https:\/\/www.paulonogueiraterapias.com\/produto\/sanacion-de-la-ascension\/"},"modified":"2021-02-10T22:00:08","modified_gmt":"2021-02-10T22:00:08","slug":"cura-ascensional-2","status":"publish","type":"product","link":"https:\/\/www.paulonogueiraterapias.com\/es\/produto\/cura-ascensional-2\/","title":{"rendered":"Sanaci\u00f3n de la Ascensi\u00f3n"},"content":{"rendered":"<p>La Sanaci\u00f3n Ascensional es una terapia que trabaja sobre todos los aspectos que impiden al cliente ascender a un estado de conciencia de Unidad.<\/p>\n<p> Sanaci\u00f3n Ascensional promueve el equilibrio a trav\u00e9s de la liberaci\u00f3n profunda de sentimientos y emociones negativas y ayuda a integrar las lecciones de las diversas experiencias de vida que uno ha tenido a lo largo de su camino.<\/p>\n<p>Durante la sesi\u00f3n, a distancia o en modo presencial, el terapeuta est\u00e1 sentado, en estado meditativo, conectado con el Alma del cliente y \u00e9ste estar\u00e1 tumbado en una superficie c\u00f3moda, mirando hacia arriba, sintiendo las sensaciones sutiles del trabajo energ\u00e9tico y de los Seres de Luz estelares y maestros ascendidos. El cliente sale de la sesi\u00f3n renovado, relajado, con un mayor grado de optimismo y paz, m\u00e1s feliz y con m\u00e1s energ\u00eda.<\/p>\n<p>La Sanaci\u00f3n Ascensional no se centra en situaciones externas al cliente, sino que puede basarse en ellas para identificar mejor los valores que hay que trabajar en el cliente. Los problemas que el cliente experimenta han sido creados y atra\u00eddos por \u00e9l mismo, a trav\u00e9s de su conciencia, pero la curaci\u00f3n est\u00e1 arraigada en \u00e9l mismo de la misma manera, todo lo que se necesita es dejar ir los apegos excesivos a las viejas formas de interpretar la realidad que ya no funcionan para su Bien supremo, trabajar en perdonarse a s\u00ed mismo y a los dem\u00e1s y permitirse abrirse m\u00e1s a lo nuevo, transformando los desaf\u00edos en oportunidades.<\/p>\n<p>Los principios b\u00e1sicos del \u00e9xito ya est\u00e1n dentro de cada persona, todo lo que se necesita es dejar ir las creencias limitantes que los atan a situaciones de las que quieren liberarse. La Sanaci\u00f3n Ascensional ayuda a la persona a encontrar esta sabidur\u00eda innata dentro de s\u00ed misma. Esta t\u00e9cnica provoca la transformaci\u00f3n interior a trav\u00e9s del cambio de perspectiva que la persona tiene sobre s\u00ed misma, sobre los dem\u00e1s y sobre el mundo.<\/p>\n<p>La terapia trabaja en el cliente para que logre una mayor determinaci\u00f3n para llevar a cabo sus proyectos, valor para vivir su pasi\u00f3n, le da claridad de ideas para que pueda identificar cu\u00e1les son realmente sus prioridades y el valor para asumirlas ante otras personas.<\/p>\n<p>Cuando el cliente se sienta realizado, no en t\u00e9rminos de deseos terrenales, sino en t\u00e9rminos de aceptaci\u00f3n plena de su vida, en todos sus aspectos, cambiando lo que puede ser cambiado pero aceptando lo que no, esta terapia habr\u00e1 concluido su objetivo.<\/p>\n<p>Procedimiento para llevar a cabo la terapia:<br \/>\n1. A\u00f1ade la terapia al carrito y realiza el pago por uno de los medios disponibles (Multibanco, MBWay, Paypal y otros)<br \/>\n2. Llama al <a href=\"tel:00351912064084\">912 064 084<\/a> y reserva tu terapia o espera 8 horas laborables a que te llamemos<br \/>\n3. En la fecha y hora acordadas, su terapia a distancia comenzar\u00e1<\/p>\n<p>Terapeuta: <a href=\"https:\/\/www.paulonogueiraterapias.com\/paulo-nogueira\/\" target=\"_blank\" rel=\"noopener\">Paulo Nogueira<\/a><\/p>\n","protected":false},"excerpt":{"rendered":"<p> Sanaci\u00f3n Ascensional ofrece:<\/p>\n<p>[star_list]<br \/>\n[list_item]claridad interior[\/list_item]<br \/>\n[list_item]apertura del coraz\u00f3n[\/list_item]<br \/>\n[list_item]paz interior[\/list_item]<br \/>\n[list_item]limpieza emocional[\/list_item]<br \/>\n[list_item]mayor confianza en s\u00ed mismo[\/list_item]<br \/>\n[list_item]aumento de la autoestima[\/list_item]<br \/>\n[list_item]rescate del poder personal[\/list_item]<br \/>\n[list_item]curaci\u00f3n del ni\u00f1o-interior[\/list_item]<br \/>\n[list_item]trabajo de perd\u00f3n y autoperd\u00f3n[\/list_item]<br \/>\n[list_item]liberaci\u00f3n de penas y temores[\/list_item]<br \/>\n[list_item]aumenta la fe y la esperanza[\/list_item]<br \/>\n[list_item]trabaja en la gratitud[\/list_item]<br \/>\n[list_item]cambiar a una perspectiva m\u00e1s elevada[\/list_item]<br \/>\n[list_item]identifica y elimina los mecanismos de autosabotaje[\/list_item]<br \/>\n[\/star_list]<\/p>\n","protected":false},"featured_media":13623,"comment_status":"open","ping_status":"closed","template":"","meta":{"om_disable_all_campaigns":false,"_mi_skip_tracking":false,"site-sidebar-layout":"default","site-content-layout":"","ast-site-content-layout":"default","site-content-style":"default","site-sidebar-style":"default","ast-global-header-display":"","ast-banner-title-visibility":"","ast-main-header-display":"","ast-hfb-above-header-display":"","ast-hfb-below-header-display":"","ast-hfb-mobile-header-display":"","site-post-title":"","ast-breadcrumbs-content":"","ast-featured-img":"","footer-sml-layout":"","ast-disable-related-posts":"","theme-transparent-header-meta":"","adv-header-id-meta":"","stick-header-meta":"","header-above-stick-meta":"","header-main-stick-meta":"","header-below-stick-meta":"","astra-migrate-meta-layouts":"default","ast-page-background-enabled":"default","ast-page-background-meta":{"desktop":{"background-color":"var(--ast-global-color-5)","background-image":"","background-repeat":"repeat","background-position":"center center","background-size":"auto","background-attachment":"scroll","background-type":"","background-media":"","overlay-type":"","overlay-color":"","overlay-opacity":"","overlay-gradient":""},"tablet":{"background-color":"","background-image":"","background-repeat":"repeat","background-position":"center center","background-size":"auto","background-attachment":"scroll","background-type":"","background-media":"","overlay-type":"","overlay-color":"","overlay-opacity":"","overlay-gradient":""},"mobile":{"background-color":"","background-image":"","background-repeat":"repeat","background-position":"center center","background-size":"auto","background-attachment":"scroll","background-type":"","background-media":"","overlay-type":"","overlay-color":"","overlay-opacity":"","overlay-gradient":""}},"ast-content-background-meta":{"desktop":{"background-color":"var(--ast-global-color-4)","background-image":"","background-repeat":"repeat","background-position":"center center","background-size":"auto","background-attachment":"scroll","background-type":"","background-media":"","overlay-type":"","overlay-color":"","overlay-opacity":"","overlay-gradient":""},"tablet":{"background-color":"var(--ast-global-color-4)","background-image":"","background-repeat":"repeat","background-position":"center center","background-size":"auto","background-attachment":"scroll","background-type":"","background-media":"","overlay-type":"","overlay-color":"","overlay-opacity":"","overlay-gradient":""},"mobile":{"background-color":"var(--ast-global-color-4)","background-image":"","background-repeat":"repeat","background-position":"center center","background-size":"auto","background-attachment":"scroll","background-type":"","background-media":"","overlay-type":"","overlay-color":"","overlay-opacity":"","overlay-gradient":""}}},"product_brand":[],"product_cat":[295],"product_tag":[305,309,302],"class_list":{"0":"post-15547","1":"product","2":"type-product","3":"status-publish","4":"has-post-thumbnail","6":"product_cat-terapias-en-linea","7":"product_tag-evolucion-espiritual","8":"product_tag-limpieza-espiritual","9":"product_tag-terapias-en-linea","10":"desktop-align-left","11":"tablet-align-left","12":"mobile-align-left","14":"first","15":"instock","16":"virtual","17":"purchasable","18":"product-type-simple"},"aioseo_notices":[],"_links":{"self":[{"href":"https:\/\/www.paulonogueiraterapias.com\/es\/wp-json\/wp\/v2\/product\/15547","targetHints":{"allow":["GET"]}}],"collection":[{"href":"https:\/\/www.paulonogueiraterapias.com\/es\/wp-json\/wp\/v2\/product"}],"about":[{"href":"https:\/\/www.paulonogueiraterapias.com\/es\/wp-json\/wp\/v2\/types\/product"}],"replies":[{"embeddable":true,"href":"https:\/\/www.paulonogueiraterapias.com\/es\/wp-json\/wp\/v2\/comments?post=15547"}],"wp:featuredmedia":[{"embeddable":true,"href":"https:\/\/www.paulonogueiraterapias.com\/es\/wp-json\/wp\/v2\/media\/13623"}],"wp:attachment":[{"href":"https:\/\/www.paulonogueiraterapias.com\/es\/wp-json\/wp\/v2\/media?parent=15547"}],"wp:term":[{"taxonomy":"product_brand","embeddable":true,"href":"https:\/\/www.paulonogueiraterapias.com\/es\/wp-json\/wp\/v2\/product_brand?post=15547"},{"taxonomy":"product_cat","embeddable":true,"href":"https:\/\/www.paulonogueiraterapias.com\/es\/wp-json\/wp\/v2\/product_cat?post=15547"},{"taxonomy":"product_tag","embeddable":true,"href":"https:\/\/www.paulonogueiraterapias.com\/es\/wp-json\/wp\/v2\/product_tag?post=15547"}],"curies":[{"name":"wp","href":"https:\/\/api.w.org\/{rel}","templated":true}]}}