{"id":15546,"date":"2020-07-30T00:01:28","date_gmt":"2020-07-30T00:01:28","guid":{"rendered":"https:\/\/www.paulonogueiraterapias.com\/produto\/curso-en-linea-de-terapia-multidimensional\/"},"modified":"2023-01-05T22:17:52","modified_gmt":"2023-01-05T22:17:52","slug":"curso-de-terapia-multidimensional-en-linea","status":"publish","type":"product","link":"https:\/\/www.paulonogueiraterapias.com\/es\/produto\/curso-de-terapia-multidimensional-en-linea\/","title":{"rendered":"Curso en l\u00ednea de terapia multidimensional"},"content":{"rendered":"<p><strong>El objetivo del Curso Online de Terapia Multidimensional es formar a los terapeutas multidimensionales a distancia a trav\u00e9s de <em>conferencias web<\/em>. Esta modalidad por e-learning es exactamente igual que la modalidad presencial con algunas peque\u00f1as diferencias, por lo que se mantiene el mismo <a href=\"https:\/\/www.paulonogueiraterapias.com\/curso-terapia-multidimensional\/\">programa del curso<\/a> presencial.<\/strong><\/p>\n<h2>Programa del curso<\/h2>\n<p><strong>S\u00e1bado por la ma\u00f1ana<\/strong><\/p>\n<ul>\n<li>Presentaciones<\/li>\n<li><a href=\"https:\/\/www.paulonogueiraterapias.com\/terapia-multidimensional-o-que-e\/\" target=\"_blank\" rel=\"noopener noreferrer\">\u00bfQu\u00e9 es la terapia multidimensional?<\/a><\/li>\n<li><a href=\"https:\/\/www.paulonogueiraterapias.com\/terapia-multidimensional-para-que-serve\/\">\u00bfPara qu\u00e9 es la Terapia Multidimensional?<\/a><\/li>\n<li>Iniciaci\u00f3n en la <a title=\"Mestre Saint Germain e a Chama Violeta\" href=\"https:\/\/www.paulonogueiraterapias.com\/mestre-saint-germain-e-chama-violeta\/\">Llama Violeta por el Maestro Saint Germain<\/a><\/li>\n<li>Iniciaci\u00f3n en la Luz Azul de Sirio &#8211; por el Maestro Adama, los delfines y las ballenas y los seres azules de Sirio<\/li>\n<li>Iniciaci\u00f3n a la Energ\u00eda Rosa de Ori\u00f3n &#8211; por Lady Venus, Pegaso y los Caballos<\/li>\n<li>Iniciaci\u00f3n a los P\u00e9talos de Rosa &#8211; por la Reina Santa Isabel<\/li>\n<li>Iniciaci\u00f3n a la paz de la unidad con Dios &#8211; por el Arc\u00e1ngel Miguel<\/li>\n<\/ul>\n<p><strong>S\u00e1bado por la tarde<\/strong><\/p>\n<ul>\n<li>Manzanas de partida<\/li>\n<li>Reconexi\u00f3n con el \u00c1rbol de la Vida &#8211; por el Maestro Adama<\/li>\n<li><a href=\"https:\/\/www.paulonogueiraterapias.com\/iniciacao-de-imunizacao-as-radiacoes-electromagneticas-por-kryon\/\">Activaci\u00f3n de la inmunidad a la radiaci\u00f3n<\/a> por Kryon<\/li>\n<li>Iniciaci\u00f3n de apertura del chakra del coraz\u00f3n &#8211; por el Maestro Sananda (Jes\u00fas)<\/li>\n<li>Asignaci\u00f3n del equipo de curaci\u00f3n espiritual<\/li>\n<li>Iniciaci\u00f3n de los 7 rayos del Arco Iris por la comunidad inca de Machu Pichu<\/li>\n<li>Acciones<\/li>\n<\/ul>\n<p><strong>Domingo por la ma\u00f1ana<\/strong><\/p>\n<ul>\n<li>Las diferentes dimensiones<\/li>\n<li><a href=\"https:\/\/www.paulonogueiraterapias.com\/karma\/\">Karma<\/a><\/li>\n<li>Reencarnaci\u00f3n<\/li>\n<li>Libre albedr\u00edo<\/li>\n<li>Las leyes divinas<\/li>\n<li>Los contratos<\/li>\n<li>Los hechizos<\/li>\n<li>Autorizaci\u00f3n del movimiento en los mundos astrales y ayuda a los contactos de luz<\/li>\n<li>Autorizaci\u00f3n para realizar limpiezas de hechizos negativos y ayuda de seres de luz<\/li>\n<li>Activaci\u00f3n, desde la 4\u00aa dimensi\u00f3n, de los chakras 0 a 8 como portales interdimensionales para la evacuaci\u00f3n de energ\u00edas<\/li>\n<\/ul>\n<p><strong>Domingo por la tarde<\/strong><\/p>\n<ul>\n<li>La entrevista<\/li>\n<li><a href=\"https:\/\/www.paulonogueiraterapias.com\/como-sentir-que-a-sessao-de-terapia-multidimensional-terminou\/\" target=\"_blank\" rel=\"noopener noreferrer\">C\u00f3mo sentir que la sesi\u00f3n ha terminado<\/a><\/li>\n<li><a href=\"https:\/\/www.paulonogueiraterapias.com\/a-postura-do-terapeuta-multidimensional\/\">La postura del terapeuta<\/a><\/li>\n<li>Sesi\u00f3n pr\u00e1ctica de terapia multidimensional<\/li>\n<li>Agradecimientos<\/li>\n<\/ul>\n","protected":false},"excerpt":{"rendered":"<p><strong>El objetivo del Curso Online de Terapia Multidimensional es formar a los terapeutas multidimensionales a distancia a trav\u00e9s de <em>conferencias web<\/em>. Esta modalidad por e-learning es exactamente igual que la modalidad presencial con algunas peque\u00f1as diferencias, por lo que se mantiene el mismo <a href=\"https:\/\/www.paulonogueiraterapias.com\/curso-terapia-multidimensional\/\">programa del curso<\/a> presencial.<\/strong><\/p>\n","protected":false},"featured_media":13283,"comment_status":"open","ping_status":"closed","template":"","meta":{"om_disable_all_campaigns":false,"_mi_skip_tracking":false,"site-sidebar-layout":"default","site-content-layout":"","ast-site-content-layout":"default","site-content-style":"default","site-sidebar-style":"default","ast-global-header-display":"","ast-banner-title-visibility":"","ast-main-header-display":"","ast-hfb-above-header-display":"","ast-hfb-below-header-display":"","ast-hfb-mobile-header-display":"","site-post-title":"","ast-breadcrumbs-content":"","ast-featured-img":"","footer-sml-layout":"","ast-disable-related-posts":"","theme-transparent-header-meta":"","adv-header-id-meta":"","stick-header-meta":"","header-above-stick-meta":"","header-main-stick-meta":"","header-below-stick-meta":"","astra-migrate-meta-layouts":"default","ast-page-background-enabled":"default","ast-page-background-meta":{"desktop":{"background-color":"var(--ast-global-color-5)","background-image":"","background-repeat":"repeat","background-position":"center center","background-size":"auto","background-attachment":"scroll","background-type":"","background-media":"","overlay-type":"","overlay-color":"","overlay-opacity":"","overlay-gradient":""},"tablet":{"background-color":"","background-image":"","background-repeat":"repeat","background-position":"center center","background-size":"auto","background-attachment":"scroll","background-type":"","background-media":"","overlay-type":"","overlay-color":"","overlay-opacity":"","overlay-gradient":""},"mobile":{"background-color":"","background-image":"","background-repeat":"repeat","background-position":"center center","background-size":"auto","background-attachment":"scroll","background-type":"","background-media":"","overlay-type":"","overlay-color":"","overlay-opacity":"","overlay-gradient":""}},"ast-content-background-meta":{"desktop":{"background-color":"var(--ast-global-color-4)","background-image":"","background-repeat":"repeat","background-position":"center center","background-size":"auto","background-attachment":"scroll","background-type":"","background-media":"","overlay-type":"","overlay-color":"","overlay-opacity":"","overlay-gradient":""},"tablet":{"background-color":"var(--ast-global-color-4)","background-image":"","background-repeat":"repeat","background-position":"center center","background-size":"auto","background-attachment":"scroll","background-type":"","background-media":"","overlay-type":"","overlay-color":"","overlay-opacity":"","overlay-gradient":""},"mobile":{"background-color":"var(--ast-global-color-4)","background-image":"","background-repeat":"repeat","background-position":"center center","background-size":"auto","background-attachment":"scroll","background-type":"","background-media":"","overlay-type":"","overlay-color":"","overlay-opacity":"","overlay-gradient":""}}},"product_brand":[],"product_cat":[296],"product_tag":[306,305],"class_list":{"0":"post-15546","1":"product","2":"type-product","3":"status-publish","4":"has-post-thumbnail","6":"product_cat-cursos-es","7":"product_tag-curso-de-terapeuta-es","8":"product_tag-evolucion-espiritual","9":"desktop-align-left","10":"tablet-align-left","11":"mobile-align-left","13":"first","14":"instock","15":"shipping-taxable","16":"purchasable","17":"product-type-simple"},"aioseo_notices":[],"_links":{"self":[{"href":"https:\/\/www.paulonogueiraterapias.com\/es\/wp-json\/wp\/v2\/product\/15546","targetHints":{"allow":["GET"]}}],"collection":[{"href":"https:\/\/www.paulonogueiraterapias.com\/es\/wp-json\/wp\/v2\/product"}],"about":[{"href":"https:\/\/www.paulonogueiraterapias.com\/es\/wp-json\/wp\/v2\/types\/product"}],"replies":[{"embeddable":true,"href":"https:\/\/www.paulonogueiraterapias.com\/es\/wp-json\/wp\/v2\/comments?post=15546"}],"wp:featuredmedia":[{"embeddable":true,"href":"https:\/\/www.paulonogueiraterapias.com\/es\/wp-json\/wp\/v2\/media\/13283"}],"wp:attachment":[{"href":"https:\/\/www.paulonogueiraterapias.com\/es\/wp-json\/wp\/v2\/media?parent=15546"}],"wp:term":[{"taxonomy":"product_brand","embeddable":true,"href":"https:\/\/www.paulonogueiraterapias.com\/es\/wp-json\/wp\/v2\/product_brand?post=15546"},{"taxonomy":"product_cat","embeddable":true,"href":"https:\/\/www.paulonogueiraterapias.com\/es\/wp-json\/wp\/v2\/product_cat?post=15546"},{"taxonomy":"product_tag","embeddable":true,"href":"https:\/\/www.paulonogueiraterapias.com\/es\/wp-json\/wp\/v2\/product_tag?post=15546"}],"curies":[{"name":"wp","href":"https:\/\/api.w.org\/{rel}","templated":true}]}}