{"id":15545,"date":"2021-02-09T19:46:01","date_gmt":"2021-02-09T19:46:01","guid":{"rendered":"https:\/\/www.paulonogueiraterapias.com\/produto\/sanacion-reconectiva-en-linea\/"},"modified":"2021-02-09T19:46:01","modified_gmt":"2021-02-09T19:46:01","slug":"curar-reconectar-en-linea","status":"publish","type":"product","link":"https:\/\/www.paulonogueiraterapias.com\/es\/produto\/curar-reconectar-en-linea\/","title":{"rendered":"Sanaci\u00f3n reconectiva en l\u00ednea"},"content":{"rendered":"<p>Reconnective Healing\u00ae es una terapia dise\u00f1ada para facilitar el retorno del cliente a un estado de equilibrio energ\u00e9tico que tendr\u00e1 implicaciones en lo f\u00edsico, emocional, mental y espiritual. En Online Reconnective Healing\u00ae las frecuencias de sanaci\u00f3n de la 5\u00aa dimensi\u00f3n se env\u00edan utilizando la foto del cliente, que se tumbar\u00e1 durante 45 minutos en un estado relajado sintiendo diversas sensaciones sutiles seg\u00fan su sensibilidad.<\/p>\n<p>Esta t\u00e9cnica favorece:<\/p>\n<p>[star_list]<\/p>\n<p>[list_item]expansi\u00f3n de la conciencia[\/list_item]<\/p>\n<p>[list_item]aumento de las vibraciones[\/list_item]<\/p>\n<p>[list_item]sentimiento de Unidad con el cosmos[\/list_item]<br \/>\n[list_item]alineaci\u00f3n de los chakras[\/list_item]<\/p>\n<p>[\/star_list]<\/p>\n<p>&#8230;lo que da lugar a una percepci\u00f3n m\u00e1s positiva de la realidad y mejora la autoestima y la confianza en uno mismo.<\/p>\n<p>El n\u00famero recomendado de sesiones es de 3, normalmente programadas una vez a la semana. Esto no te impide programar un mayor n\u00famero de sesiones, ya que cuantas m\u00e1s sesiones de <a href=\"https:\/\/www.paulonogueiraterapias.com\/cura-reconectiva\/\">Reconnective Healing\u00ae<\/a> realices, m\u00e1s frecuencias curativas recibir\u00e1s y m\u00e1s evolucionar\u00e1s.<\/p>\n<p>Procedimiento de programaci\u00f3n:<br \/>\n1. Haga el pago. Tras realizar el pago, recibir\u00e1 inmediatamente un correo electr\u00f3nico de confirmaci\u00f3n.<br \/>\n2. En un plazo de 8 horas laborables, nos pondremos en contacto con usted para programar su sesi\u00f3n en funci\u00f3n de su disponibilidad.<\/p>\n<p><strong>Terapeuta:<\/strong> <a href=\"https:\/\/www.paulonogueiraterapias.com\/paulo-nogueira\/\" target=\"_blank\" rel=\"noopener\">Paulo Nogueira<\/a><\/p>\n","protected":false},"excerpt":{"rendered":"<p>Reconnective Healing\u00ae es una terapia dise\u00f1ada para facilitar el retorno del cliente a un estado de equilibrio energ\u00e9tico que tendr\u00e1 implicaciones en lo f\u00edsico, emocional, mental y espiritual. En Online [&hellip;]<\/p>\n","protected":false},"featured_media":13610,"comment_status":"open","ping_status":"closed","template":"","meta":{"om_disable_all_campaigns":false,"_mi_skip_tracking":false,"site-sidebar-layout":"default","site-content-layout":"","ast-site-content-layout":"default","site-content-style":"default","site-sidebar-style":"default","ast-global-header-display":"","ast-banner-title-visibility":"","ast-main-header-display":"","ast-hfb-above-header-display":"","ast-hfb-below-header-display":"","ast-hfb-mobile-header-display":"","site-post-title":"","ast-breadcrumbs-content":"","ast-featured-img":"","footer-sml-layout":"","ast-disable-related-posts":"","theme-transparent-header-meta":"","adv-header-id-meta":"","stick-header-meta":"","header-above-stick-meta":"","header-main-stick-meta":"","header-below-stick-meta":"","astra-migrate-meta-layouts":"default","ast-page-background-enabled":"default","ast-page-background-meta":{"desktop":{"background-color":"var(--ast-global-color-5)","background-image":"","background-repeat":"repeat","background-position":"center center","background-size":"auto","background-attachment":"scroll","background-type":"","background-media":"","overlay-type":"","overlay-color":"","overlay-opacity":"","overlay-gradient":""},"tablet":{"background-color":"","background-image":"","background-repeat":"repeat","background-position":"center center","background-size":"auto","background-attachment":"scroll","background-type":"","background-media":"","overlay-type":"","overlay-color":"","overlay-opacity":"","overlay-gradient":""},"mobile":{"background-color":"","background-image":"","background-repeat":"repeat","background-position":"center center","background-size":"auto","background-attachment":"scroll","background-type":"","background-media":"","overlay-type":"","overlay-color":"","overlay-opacity":"","overlay-gradient":""}},"ast-content-background-meta":{"desktop":{"background-color":"var(--ast-global-color-4)","background-image":"","background-repeat":"repeat","background-position":"center center","background-size":"auto","background-attachment":"scroll","background-type":"","background-media":"","overlay-type":"","overlay-color":"","overlay-opacity":"","overlay-gradient":""},"tablet":{"background-color":"var(--ast-global-color-4)","background-image":"","background-repeat":"repeat","background-position":"center center","background-size":"auto","background-attachment":"scroll","background-type":"","background-media":"","overlay-type":"","overlay-color":"","overlay-opacity":"","overlay-gradient":""},"mobile":{"background-color":"var(--ast-global-color-4)","background-image":"","background-repeat":"repeat","background-position":"center center","background-size":"auto","background-attachment":"scroll","background-type":"","background-media":"","overlay-type":"","overlay-color":"","overlay-opacity":"","overlay-gradient":""}}},"product_brand":[],"product_cat":[295],"product_tag":[305,302],"class_list":{"0":"post-15545","1":"product","2":"type-product","3":"status-publish","4":"has-post-thumbnail","6":"product_cat-terapias-en-linea","7":"product_tag-evolucion-espiritual","8":"product_tag-terapias-en-linea","9":"desktop-align-left","10":"tablet-align-left","11":"mobile-align-left","13":"first","14":"instock","15":"virtual","16":"purchasable","17":"product-type-simple"},"aioseo_notices":[],"_links":{"self":[{"href":"https:\/\/www.paulonogueiraterapias.com\/es\/wp-json\/wp\/v2\/product\/15545","targetHints":{"allow":["GET"]}}],"collection":[{"href":"https:\/\/www.paulonogueiraterapias.com\/es\/wp-json\/wp\/v2\/product"}],"about":[{"href":"https:\/\/www.paulonogueiraterapias.com\/es\/wp-json\/wp\/v2\/types\/product"}],"replies":[{"embeddable":true,"href":"https:\/\/www.paulonogueiraterapias.com\/es\/wp-json\/wp\/v2\/comments?post=15545"}],"wp:featuredmedia":[{"embeddable":true,"href":"https:\/\/www.paulonogueiraterapias.com\/es\/wp-json\/wp\/v2\/media\/13610"}],"wp:attachment":[{"href":"https:\/\/www.paulonogueiraterapias.com\/es\/wp-json\/wp\/v2\/media?parent=15545"}],"wp:term":[{"taxonomy":"product_brand","embeddable":true,"href":"https:\/\/www.paulonogueiraterapias.com\/es\/wp-json\/wp\/v2\/product_brand?post=15545"},{"taxonomy":"product_cat","embeddable":true,"href":"https:\/\/www.paulonogueiraterapias.com\/es\/wp-json\/wp\/v2\/product_cat?post=15545"},{"taxonomy":"product_tag","embeddable":true,"href":"https:\/\/www.paulonogueiraterapias.com\/es\/wp-json\/wp\/v2\/product_tag?post=15545"}],"curies":[{"name":"wp","href":"https:\/\/api.w.org\/{rel}","templated":true}]}}