{"id":15533,"date":"2021-09-30T16:31:18","date_gmt":"2021-09-30T16:31:18","guid":{"rendered":"https:\/\/www.paulonogueiraterapias.com\/produto\/sanacion-ascensional-sanacion-a-traves-de-la-energia-de-las-estrellas\/"},"modified":"2022-11-06T20:08:38","modified_gmt":"2022-11-06T20:08:38","slug":"curacion-ascensional-sanacion-por-energia-estelar","status":"publish","type":"product","link":"https:\/\/www.paulonogueiraterapias.com\/es\/produto\/curacion-ascensional-sanacion-por-energia-estelar\/","title":{"rendered":"Sanaci\u00f3n Ascensional &#8211; Sanaci\u00f3n a trav\u00e9s de la energ\u00eda de las estrellas"},"content":{"rendered":"<p>Esta obra aporta al lector, el conocimiento de una terapia energ\u00e9tica y espiritual que cuenta con la participaci\u00f3n de los maestros de 7 sistemas estelares, los maestros ascendidos, los Arc\u00e1ngeles y los Elohim.<\/p>\n<p> Sanaci\u00f3n Ascensional ofrece al hombre la posibilidad de reconocer su esencia, de sanar su ni\u00f1o interior, de aumentar su autoestima y su poder personal, permiti\u00e9ndole al mismo tiempo vivir una vida llena de sentido y de prosperidad a todos los niveles.<\/p>\n<p>Hace milenios como ahora, los maestros ascendidos y los Seres de Luz estelares siguen poniendo su preciosa ayuda a disposici\u00f3n de aquellos que desean elevarse mirando hacia dentro y profundizando.<\/p>\n<p>Como dijo un esp\u00edritu superior, utilizando la capacidad medi\u00famnica de una persona a la que tengo en alta estima: &#8220;No necesitas elevarte. Necesitas profundizar en ti mismo&#8221;.<\/p>\n<p>El objetivo de este libro es hacer aflorar en el lector, la voluntad de conocerse a s\u00ed mismo y explorar sus potencialidades a trav\u00e9s de Sanaci\u00f3n Ascensional.<\/p>\n","protected":false},"excerpt":{"rendered":"<p>Esta obra aporta al lector, el conocimiento de una terapia energ\u00e9tica y espiritual que cuenta con la participaci\u00f3n de los maestros de 7 sistemas estelares, los maestros ascendidos, los Arc\u00e1ngeles [&hellip;]<\/p>\n","protected":false},"featured_media":13881,"comment_status":"open","ping_status":"closed","template":"","meta":{"om_disable_all_campaigns":false,"_mi_skip_tracking":false,"site-sidebar-layout":"default","site-content-layout":"","ast-site-content-layout":"default","site-content-style":"default","site-sidebar-style":"default","ast-global-header-display":"","ast-banner-title-visibility":"","ast-main-header-display":"","ast-hfb-above-header-display":"","ast-hfb-below-header-display":"","ast-hfb-mobile-header-display":"","site-post-title":"","ast-breadcrumbs-content":"","ast-featured-img":"","footer-sml-layout":"","ast-disable-related-posts":"","theme-transparent-header-meta":"","adv-header-id-meta":"","stick-header-meta":"","header-above-stick-meta":"","header-main-stick-meta":"","header-below-stick-meta":"","astra-migrate-meta-layouts":"default","ast-page-background-enabled":"default","ast-page-background-meta":{"desktop":{"background-color":"var(--ast-global-color-5)","background-image":"","background-repeat":"repeat","background-position":"center center","background-size":"auto","background-attachment":"scroll","background-type":"","background-media":"","overlay-type":"","overlay-color":"","overlay-opacity":"","overlay-gradient":""},"tablet":{"background-color":"","background-image":"","background-repeat":"repeat","background-position":"center center","background-size":"auto","background-attachment":"scroll","background-type":"","background-media":"","overlay-type":"","overlay-color":"","overlay-opacity":"","overlay-gradient":""},"mobile":{"background-color":"","background-image":"","background-repeat":"repeat","background-position":"center center","background-size":"auto","background-attachment":"scroll","background-type":"","background-media":"","overlay-type":"","overlay-color":"","overlay-opacity":"","overlay-gradient":""}},"ast-content-background-meta":{"desktop":{"background-color":"var(--ast-global-color-4)","background-image":"","background-repeat":"repeat","background-position":"center center","background-size":"auto","background-attachment":"scroll","background-type":"","background-media":"","overlay-type":"","overlay-color":"","overlay-opacity":"","overlay-gradient":""},"tablet":{"background-color":"var(--ast-global-color-4)","background-image":"","background-repeat":"repeat","background-position":"center center","background-size":"auto","background-attachment":"scroll","background-type":"","background-media":"","overlay-type":"","overlay-color":"","overlay-opacity":"","overlay-gradient":""},"mobile":{"background-color":"var(--ast-global-color-4)","background-image":"","background-repeat":"repeat","background-position":"center center","background-size":"auto","background-attachment":"scroll","background-type":"","background-media":"","overlay-type":"","overlay-color":"","overlay-opacity":"","overlay-gradient":""}}},"product_brand":[],"product_cat":[293],"product_tag":[310],"class_list":{"0":"post-15533","1":"product","2":"type-product","3":"status-publish","4":"has-post-thumbnail","6":"product_cat-livros-es","7":"product_tag-sanacion-ascensional","8":"desktop-align-left","9":"tablet-align-left","10":"mobile-align-left","12":"first","13":"instock","14":"shipping-taxable","15":"purchasable","16":"product-type-simple"},"aioseo_notices":[],"_links":{"self":[{"href":"https:\/\/www.paulonogueiraterapias.com\/es\/wp-json\/wp\/v2\/product\/15533","targetHints":{"allow":["GET"]}}],"collection":[{"href":"https:\/\/www.paulonogueiraterapias.com\/es\/wp-json\/wp\/v2\/product"}],"about":[{"href":"https:\/\/www.paulonogueiraterapias.com\/es\/wp-json\/wp\/v2\/types\/product"}],"replies":[{"embeddable":true,"href":"https:\/\/www.paulonogueiraterapias.com\/es\/wp-json\/wp\/v2\/comments?post=15533"}],"wp:featuredmedia":[{"embeddable":true,"href":"https:\/\/www.paulonogueiraterapias.com\/es\/wp-json\/wp\/v2\/media\/13881"}],"wp:attachment":[{"href":"https:\/\/www.paulonogueiraterapias.com\/es\/wp-json\/wp\/v2\/media?parent=15533"}],"wp:term":[{"taxonomy":"product_brand","embeddable":true,"href":"https:\/\/www.paulonogueiraterapias.com\/es\/wp-json\/wp\/v2\/product_brand?post=15533"},{"taxonomy":"product_cat","embeddable":true,"href":"https:\/\/www.paulonogueiraterapias.com\/es\/wp-json\/wp\/v2\/product_cat?post=15533"},{"taxonomy":"product_tag","embeddable":true,"href":"https:\/\/www.paulonogueiraterapias.com\/es\/wp-json\/wp\/v2\/product_tag?post=15533"}],"curies":[{"name":"wp","href":"https:\/\/api.w.org\/{rel}","templated":true}]}}