{"id":491,"date":"2013-06-06T23:02:21","date_gmt":"2013-06-06T23:02:21","guid":{"rendered":"https:\/\/www.paulonogueiraterapias.com\/?page_id=491"},"modified":"2013-06-07T00:17:36","modified_gmt":"2013-06-07T00:17:36","slug":"meditacao-om","status":"publish","type":"page","link":"https:\/\/www.paulonogueiraterapias.com\/es\/meditacao-om\/","title":{"rendered":"Medita\u00e7\u00e3o Om"},"content":{"rendered":"<div style=\"font-size: 10pt;\">\n<p style=\"text-align: justify;\">Venha libertar a sua mente atrav\u00e9s da medita\u00e7\u00e3o do som Om em conjunto com outras pessoas. Centenas de pessoas passaram pelo nosso espa\u00e7o e meditaram connosco. Para al\u00e9m de usufruir das <a title=\"As vantagens da medita\u00e7\u00e3o\" href=\"https:\/\/www.paulonogueiraterapias.com\/as-vantagens-da-meditacao\/\">imensas vantagens da medita\u00e7\u00e3o<\/a>, aproveite para socializar com pessoas que falam a mesma l\u00edngua e o mesmo som!<\/p>\n<p style=\"text-align: justify;\"><a href=\"https:\/\/www.paulonogueiraterapias.com\/meditacao-om\/meditacao\/\" rel=\"attachment wp-att-499\"><img loading=\"lazy\" decoding=\"async\" class=\"aligncenter size-thumbnail wp-image-499\" alt=\"medita\u00e7\u00e3o\" src=\"https:\/\/www.paulonogueiraterapias.com\/wp-content\/uploads\/2013\/06\/medita\u00e7\u00e3o-150x150.jpg\" width=\"150\" height=\"150\" srcset=\"https:\/\/www.paulonogueiraterapias.com\/wp-content\/uploads\/2013\/06\/medita\u00e7\u00e3o-150x150.jpg 150w, https:\/\/www.paulonogueiraterapias.com\/wp-content\/uploads\/2013\/06\/medita\u00e7\u00e3o-scaled-300x300.jpg 300w, https:\/\/www.paulonogueiraterapias.com\/wp-content\/uploads\/2013\/06\/medita\u00e7\u00e3o-scaled-100x100.jpg 100w\" sizes=\"auto, (max-width: 150px) 100vw, 150px\" \/><\/a><\/p>\n<p style=\"text-align: justify;\">O mantra Om cont\u00e9m todo o conhecimento do Universo e \u00e9 o som primordial a partir do qual toda a cria\u00e7\u00e3o surg\u00edu.<\/p>\n<figure id=\"attachment_492\" aria-describedby=\"caption-attachment-492\" style=\"width: 150px\" class=\"wp-caption aligncenter\"><a href=\"https:\/\/www.paulonogueiraterapias.com\/meditacao-om\/om\/\" rel=\"attachment wp-att-492\"><img loading=\"lazy\" decoding=\"async\" class=\"size-thumbnail wp-image-492\" alt=\"Medita\u00e7\u00e3o do som OM - Paulo Nogueira Terapias\" src=\"https:\/\/www.paulonogueiraterapias.com\/wp-content\/uploads\/2013\/06\/om-150x150.png\" width=\"150\" height=\"150\" srcset=\"https:\/\/www.paulonogueiraterapias.com\/wp-content\/uploads\/2013\/06\/om-150x150.png 150w, https:\/\/www.paulonogueiraterapias.com\/wp-content\/uploads\/2013\/06\/om-300x300.png 300w, https:\/\/www.paulonogueiraterapias.com\/wp-content\/uploads\/2013\/06\/om-100x100.png 100w, https:\/\/www.paulonogueiraterapias.com\/wp-content\/uploads\/2013\/06\/om-600x600.png 600w, https:\/\/www.paulonogueiraterapias.com\/wp-content\/uploads\/2013\/06\/om-1024x1024.png 1024w, https:\/\/www.paulonogueiraterapias.com\/wp-content\/uploads\/2013\/06\/om-624x624.png 624w\" sizes=\"auto, (max-width: 150px) 100vw, 150px\" \/><\/a><figcaption id=\"caption-attachment-492\" class=\"wp-caption-text\">S\u00edmbolo Om<\/figcaption><\/figure>\n<p style=\"text-align: justify;\">O espa\u00e7o Paulo Nogueira Terapias orgulha-se de ser o <strong>\u00fanico espa\u00e7o de terapias alternativas em Portugal a acolher eventos como aulas de medita\u00e7\u00e3o e encontros de medita\u00e7\u00e3o, todos os dias, das 9h \u00e0s 21h<\/strong>, incluindo s\u00e1bados, domingos e feriados. S\u00e3o 12h x 7 dias por semana (84 horas por semana) a praticar medita\u00e7\u00e3o, a elevar a atmosfera ps\u00edquica de Portugal e do planeta Terra.<\/p>\n<p>Dura\u00e7\u00e3o: 1 hora<br \/>\nValor de troca: 10\u20ac (necess\u00e1ria inscri\u00e7\u00e3o pr\u00e9via via sms para o\u00a091 206 40 84\u00a0ou formul\u00e1rio abaixo)<\/p>\n<p><!--cforms name=\"Marcar aula de medita\u00e7\u00e3o Om\"--><\/p>\n<\/div>\n","protected":false},"excerpt":{"rendered":"<p>Venha libertar a sua mente atrav\u00e9s da medita\u00e7\u00e3o do som Om em conjunto com outras pessoas. Centenas de pessoas passaram pelo nosso espa\u00e7o e meditaram connosco. Para al\u00e9m de usufruir [&hellip;]<\/p>\n","protected":false},"author":1,"featured_media":0,"parent":0,"menu_order":0,"comment_status":"closed","ping_status":"open","template":"","meta":{"om_disable_all_campaigns":false,"_mi_skip_tracking":false,"site-sidebar-layout":"default","site-content-layout":"","ast-site-content-layout":"default","site-content-style":"default","site-sidebar-style":"default","ast-global-header-display":"","ast-banner-title-visibility":"","ast-main-header-display":"","ast-hfb-above-header-display":"","ast-hfb-below-header-display":"","ast-hfb-mobile-header-display":"","site-post-title":"","ast-breadcrumbs-content":"","ast-featured-img":"","footer-sml-layout":"","ast-disable-related-posts":"","theme-transparent-header-meta":"","adv-header-id-meta":"","stick-header-meta":"","header-above-stick-meta":"","header-main-stick-meta":"","header-below-stick-meta":"","astra-migrate-meta-layouts":"default","ast-page-background-enabled":"default","ast-page-background-meta":{"desktop":{"background-color":"var(--ast-global-color-5)","background-image":"","background-repeat":"repeat","background-position":"center center","background-size":"auto","background-attachment":"scroll","background-type":"","background-media":"","overlay-type":"","overlay-color":"","overlay-opacity":"","overlay-gradient":""},"tablet":{"background-color":"","background-image":"","background-repeat":"repeat","background-position":"center center","background-size":"auto","background-attachment":"scroll","background-type":"","background-media":"","overlay-type":"","overlay-color":"","overlay-opacity":"","overlay-gradient":""},"mobile":{"background-color":"","background-image":"","background-repeat":"repeat","background-position":"center center","background-size":"auto","background-attachment":"scroll","background-type":"","background-media":"","overlay-type":"","overlay-color":"","overlay-opacity":"","overlay-gradient":""}},"ast-content-background-meta":{"desktop":{"background-color":"var(--ast-global-color-4)","background-image":"","background-repeat":"repeat","background-position":"center center","background-size":"auto","background-attachment":"scroll","background-type":"","background-media":"","overlay-type":"","overlay-color":"","overlay-opacity":"","overlay-gradient":""},"tablet":{"background-color":"var(--ast-global-color-4)","background-image":"","background-repeat":"repeat","background-position":"center center","background-size":"auto","background-attachment":"scroll","background-type":"","background-media":"","overlay-type":"","overlay-color":"","overlay-opacity":"","overlay-gradient":""},"mobile":{"background-color":"var(--ast-global-color-4)","background-image":"","background-repeat":"repeat","background-position":"center center","background-size":"auto","background-attachment":"scroll","background-type":"","background-media":"","overlay-type":"","overlay-color":"","overlay-opacity":"","overlay-gradient":""}},"footnotes":""},"class_list":["post-491","page","type-page","status-publish","hentry"],"aioseo_notices":[],"_links":{"self":[{"href":"https:\/\/www.paulonogueiraterapias.com\/es\/wp-json\/wp\/v2\/pages\/491","targetHints":{"allow":["GET"]}}],"collection":[{"href":"https:\/\/www.paulonogueiraterapias.com\/es\/wp-json\/wp\/v2\/pages"}],"about":[{"href":"https:\/\/www.paulonogueiraterapias.com\/es\/wp-json\/wp\/v2\/types\/page"}],"author":[{"embeddable":true,"href":"https:\/\/www.paulonogueiraterapias.com\/es\/wp-json\/wp\/v2\/users\/1"}],"replies":[{"embeddable":true,"href":"https:\/\/www.paulonogueiraterapias.com\/es\/wp-json\/wp\/v2\/comments?post=491"}],"version-history":[{"count":0,"href":"https:\/\/www.paulonogueiraterapias.com\/es\/wp-json\/wp\/v2\/pages\/491\/revisions"}],"wp:attachment":[{"href":"https:\/\/www.paulonogueiraterapias.com\/es\/wp-json\/wp\/v2\/media?parent=491"}],"curies":[{"name":"wp","href":"https:\/\/api.w.org\/{rel}","templated":true}]}}