{"id":19562,"date":"2026-03-18T15:49:54","date_gmt":"2026-03-18T15:49:54","guid":{"rendered":"https:\/\/www.paulonogueiraterapias.com\/?page_id=19562"},"modified":"2026-04-16T20:40:58","modified_gmt":"2026-04-16T20:40:58","slug":"curso-de-terapia-dos-arquetipos","status":"publish","type":"page","link":"https:\/\/www.paulonogueiraterapias.com\/es\/curso-de-terapia-dos-arquetipos\/","title":{"rendered":"Curso de Terapia dos Arqu\u00e9tipos"},"content":{"rendered":"\n<figure class=\"wp-block-image size-full\"><a href=\"https:\/\/www.paulonogueiraterapias.com\/wp-content\/uploads\/2026\/03\/curso-de-terapia-dos-arquetipos.jpg\"><img loading=\"lazy\" decoding=\"async\" width=\"1024\" height=\"1024\" src=\"https:\/\/www.paulonogueiraterapias.com\/wp-content\/uploads\/2026\/03\/curso-de-terapia-dos-arquetipos.jpg\" alt=\"\" class=\"wp-image-19565\" srcset=\"https:\/\/www.paulonogueiraterapias.com\/wp-content\/uploads\/2026\/03\/curso-de-terapia-dos-arquetipos.jpg 1024w, https:\/\/www.paulonogueiraterapias.com\/wp-content\/uploads\/2026\/03\/curso-de-terapia-dos-arquetipos-300x300.jpg 300w, https:\/\/www.paulonogueiraterapias.com\/wp-content\/uploads\/2026\/03\/curso-de-terapia-dos-arquetipos-150x150.jpg 150w, https:\/\/www.paulonogueiraterapias.com\/wp-content\/uploads\/2026\/03\/curso-de-terapia-dos-arquetipos-768x768.jpg 768w, https:\/\/www.paulonogueiraterapias.com\/wp-content\/uploads\/2026\/03\/curso-de-terapia-dos-arquetipos-600x600.jpg 600w, https:\/\/www.paulonogueiraterapias.com\/wp-content\/uploads\/2026\/03\/curso-de-terapia-dos-arquetipos-100x100.jpg 100w, https:\/\/www.paulonogueiraterapias.com\/wp-content\/uploads\/2026\/03\/curso-de-terapia-dos-arquetipos-60x60.jpg 60w, https:\/\/www.paulonogueiraterapias.com\/wp-content\/uploads\/2026\/03\/curso-de-terapia-dos-arquetipos-90x90.jpg 90w\" sizes=\"auto, (max-width: 1024px) 100vw, 1024px\" \/><\/a><\/figure>\n\n\n\n<hr class=\"wp-block-separator has-alpha-channel-opacity\"\/>\n\n\n\n<h3 class=\"wp-block-heading\" id=\"transformao-interior-pelos-arqutipos-e-imaginao-ac\">Dura\u00e7\u00e3o: 16 horas (2 dias completos)<br>Data: s\u00e1b, 2 Mai e dom, 3 Mai das 10:00 \u00e0s 19:00 (online via Zoom) \u2013 restam 12 vagas<\/h3>\n\n\n\n<p>Pausa para almo\u00e7o das 13:00 \u00e0s 14:00<br>N\u00e3o est\u00e1 prevista uma nova edi\u00e7\u00e3o al\u00e9m desta para o ano de 2026!<\/p>\n\n\n\n<p>Cada participante no curso online receber\u00e1 a grava\u00e7\u00e3o completa do curso para que possa rever, sempre que pretender, todas as pr\u00e1ticas e explica\u00e7\u00f5es. Assim, n\u00e3o perder\u00e1 qualquer conte\u00fado se tiver que se ausentar durante parte do curso via Zoom.<\/p>\n\n\n\n<p>Valor: 120\u20ac<\/p>\n\n\n\n<hr class=\"wp-block-separator has-alpha-channel-opacity\"\/>\n\n\n\n<h2 class=\"wp-block-heading\" id=\"estrutura-do-curso--terapia-dos-arqutipos-e-imagin\">Estrutura do Curso:<\/h2>\n\n\n\n<p><strong>Objetivo:<\/strong><br>Capacitar os alunos em t\u00e9cnicas pr\u00e1ticas e profundas de transforma\u00e7\u00e3o interior usando os arqu\u00e9tipos e a Imagina\u00e7\u00e3o Activa, para reprogramar cren\u00e7as, padr\u00f5es inconscientes e complexos, e para aplicar estas mesmas ferramentas em contexto terap\u00eautico com os seus pr\u00f3prios clientes.<\/p>\n\n\n\n<p><strong>P\u00fablico:<\/strong><br>Pessoas em processo de desenvolvimento pessoal, terapeutas, coaches, facilitadores e todos os que desejam trabalhar de forma s\u00e9ria e estruturada com arqu\u00e9tipos, inconsciente e Imagina\u00e7\u00e3o Activa, tanto para objetivos concretos (rendimento, clientes, relacionamento, visibilidade) como para expans\u00e3o interior e espiritual.<\/p>\n\n\n\n<hr class=\"wp-block-separator has-alpha-channel-opacity\"\/>\n\n\n\n<p>Transforme a sua psique e reescreva a sua hist\u00f3ria a partir de dentro!<\/p>\n\n\n\n<p>Sente que h\u00e1 padr\u00f5es que se repetem na sua vida \u2013 na rela\u00e7\u00e3o com o dinheiro, com os outros ou consigo pr\u00f3prio \u2013 mesmo quando j\u00e1 \u201centendeu tudo\u201d a n\u00edvel mental? Isso acontece porque, na profundidade, s\u00e3o os arqu\u00e9tipos, cren\u00e7as inconscientes e complexos que est\u00e3o a dirigir o seu comportamento e resultados.<\/p>\n\n\n\n<p>Neste <strong>Curso de Terapia dos Arqu\u00e9tipos<\/strong>, vai aprender a dialogar directamente com o seu inconsciente, ativar arqu\u00e9tipos de poder e transformar, na raiz, os padr\u00f5es que limitam a sua vida. A partir de t\u00e9cnicas inspiradas em Carl Jung, Marie-Louise von Franz, Robert A. Johnson, Carol S. Pearson, Moore &amp; Gillette e Programa\u00e7\u00e3o Neuro-Lingu\u00edstica, vai descobrir como:<\/p>\n\n\n\n<ul class=\"wp-block-list\">\n<li>Identificar os arqu\u00e9tipos que est\u00e3o por detr\u00e1s dos seus desafios e objetivos<\/li>\n\n\n\n<li>Usar a Imagina\u00e7\u00e3o Activa para falar com figuras internas e receber orienta\u00e7\u00f5es profundas<\/li>\n\n\n\n<li>Reprogramar cren\u00e7as e emo\u00e7\u00f5es com m\u00e9todos pr\u00e1ticos de PNL aliados ao trabalho arquet\u00edpico<\/li>\n\n\n\n<li>Aplicar estas mesmas t\u00e9cnicas com clientes, em contexto terap\u00eautico ou de coaching<\/li>\n\n\n\n<li>Criar um plano de 40 dias para consolidar, na pr\u00e1tica, a nova identidade que est\u00e1 a emergir<\/li>\n<\/ul>\n\n\n\n<p>No final, ter\u00e1 ferramentas seguras, estruturadas e poderosas para trabalhar a sua pr\u00f3pria psique e, se quiser, apoiar outras pessoas em processos de transforma\u00e7\u00e3o profunda.<\/p>\n\n\n\n<p><strong>Invista no seu mundo interior e descubra o poder de viver alinhado com os seus arqu\u00e9tipos de maior pot\u00eancia e sabedoria!<\/strong><\/p>\n\n\n\n<hr class=\"wp-block-separator has-alpha-channel-opacity\"\/>\n\n\n\n<h2 class=\"wp-block-heading\" id=\"programa-em-6-mdulos\">Programa<\/h2>\n\n\n\n<h2 class=\"wp-block-heading\" id=\"mdulo-1--mapa-da-psique-e-dos-arqutipos\">M\u00f3dulo 1 \u2013 Mapa da Psique e dos Arqu\u00e9tipos<\/h2>\n\n\n\n<ul class=\"wp-block-list\">\n<li>Estrutura da psique segundo Jung: ego, Sombra, Anima\/Animus, Self e inconsciente coletivo<\/li>\n\n\n\n<li>O que s\u00e3o arqu\u00e9tipos e como moldam dinheiro, relacionamentos, visibilidade e espiritualidade<\/li>\n\n\n\n<li>Os 12 arqu\u00e9tipos de Carol Pearson e como identificar os dominantes na sua vida<\/li>\n\n\n\n<li>Rei, Guerreiro, Mago e Amante (Moore &amp; Gillette) como pilares da energia madura<\/li>\n\n\n\n<li>Exerc\u00edcio pr\u00e1tico: mapa arquet\u00edpico dos seus 3 principais objetivos<\/li>\n<\/ul>\n\n\n\n<h2 class=\"wp-block-heading\" id=\"mdulo-2--imaginao-activa-a-porta-direta-para-o-inc\">M\u00f3dulo 2 \u2013 Imagina\u00e7\u00e3o Activa: A Porta Direta para o Inconsciente<\/h2>\n\n\n\n<ul class=\"wp-block-list\">\n<li>O que \u00e9 a Imagina\u00e7\u00e3o Activa e porque \u00e9 mais poderosa do que \u201cvisualiza\u00e7\u00f5es\u201d comuns<\/li>\n\n\n\n<li>Protocolo de 4 passos (Robert A. Johnson) que pode usar para qualquer tema interno<\/li>\n\n\n\n<li>Regras de seguran\u00e7a, enquadramento e encerramento para um trabalho ps\u00edquico saud\u00e1vel<\/li>\n\n\n\n<li>Sess\u00e3o guiada de encontro com o seu Guia Interior ligado ao seu objetivo principal<\/li>\n\n\n\n<li>Pr\u00e1tica em pares: aprender a conduzir e a ser conduzido em Imagina\u00e7\u00e3o Activa<\/li>\n<\/ul>\n\n\n\n<h2 class=\"wp-block-heading\" id=\"mdulo-3--reprogramar-crenas-com-pnl-e-arqutipos\">M\u00f3dulo 3 \u2013 Reprogramar Cren\u00e7as com PNL e Arqu\u00e9tipos<\/h2>\n\n\n\n<ul class=\"wp-block-list\">\n<li>Como as cren\u00e7as se instalam e sabotam resultados mesmo quando j\u00e1 \u201csabemos o que fazer\u201d<\/li>\n\n\n\n<li>T\u00e9cnicas pr\u00e1ticas de PNL para mudan\u00e7a de cren\u00e7as e estados internos<\/li>\n\n\n\n<li>Ancoragem de estados arquet\u00edpicos (Rei, Guerreiro, Amante, Mago e outros) no corpo<\/li>\n\n\n\n<li>Protocolo integrado: Cren\u00e7a \u2192 Arqu\u00e9tipo em sombra \u2192 Arqu\u00e9tipo-recurso \u2192 Nova cren\u00e7a<\/li>\n\n\n\n<li>Exerc\u00edcio de Linha do Tempo para reescrever mem\u00f3rias que instalaram cren\u00e7as limitantes<\/li>\n<\/ul>\n\n\n\n<h2 class=\"wp-block-heading\" id=\"mdulo-4--laboratrio-de-objetivos-aplicao-prtica-em\">M\u00f3dulo 4 \u2013 Laborat\u00f3rio de Objetivos: Aplica\u00e7\u00e3o Pr\u00e1tica em 4 \u00c1reas<\/h2>\n\n\n\n<ul class=\"wp-block-list\">\n<li>Como usar o mesmo m\u00e9todo para qualquer objetivo (material, relacional, social, espiritual)<\/li>\n\n\n\n<li>Quais arqu\u00e9tipos ativar para: rendimento\/neg\u00f3cios, relacionamento amoroso, visibilidade, expans\u00e3o interior<\/li>\n\n\n\n<li>\u201cConselho de Arqu\u00e9tipos\u201d: sentar-se \u00e0 mesa interna com Rei, Guerreiro, Mago, Amante e outros<\/li>\n\n\n\n<li>Transformar mensagens internas em 3 mudan\u00e7as internas + 3 a\u00e7\u00f5es externas concretas<\/li>\n\n\n\n<li>Trabalho supervisionado por esta\u00e7\u00f5es de objetivo: dinheiro, amor, visibilidade, espiritualidade<\/li>\n<\/ul>\n\n\n\n<h2 class=\"wp-block-heading\" id=\"mdulo-5--aplicar-com-clientes-protocolo-teraputico\">M\u00f3dulo 5 \u2013 Aplicar com Clientes: Protocolo Terap\u00eautico<\/h2>\n\n\n\n<ul class=\"wp-block-list\">\n<li>Enquadramento \u00e9tico e psicol\u00f3gico do uso de Imagina\u00e7\u00e3o Activa em contexto terap\u00eautico<\/li>\n\n\n\n<li>Estrutura passo a passo de uma sess\u00e3o de 60\u201390 minutos com cliente<\/li>\n\n\n\n<li>Linguagem de condu\u00e7\u00e3o n\u00e3o-directiva: como aprofundar sem sugerir conte\u00fados<\/li>\n\n\n\n<li>Uso dos arqu\u00e9tipos como mapa de diagn\u00f3stico e de interven\u00e7\u00e3o em terapia e coaching<\/li>\n\n\n\n<li>Role-play em trios (terapeuta, cliente, observador) com supervis\u00e3o e feedback t\u00e9cnico<\/li>\n<\/ul>\n\n\n\n<h2 class=\"wp-block-heading\" id=\"mdulo-6--integrao-ritual-e-plano-de-40-dias\">M\u00f3dulo 6 \u2013 Integra\u00e7\u00e3o, Ritual e Plano de 40 Dias<\/h2>\n\n\n\n<ul class=\"wp-block-list\">\n<li>Imagina\u00e7\u00e3o Activa avan\u00e7ada: encontro com um s\u00edmbolo do Self e orienta\u00e7\u00e3o para o seu caminho<\/li>\n\n\n\n<li>Como estruturar uma pr\u00e1tica pessoal de 15\u201320 minutos\/dia (sem esfor\u00e7o nem rigidez)<\/li>\n\n\n\n<li>Ritual de activa\u00e7\u00e3o arquet\u00edpica para o quotidiano: trazer o Rei, o Guerreiro, o Amante e o Mago para a vida real<\/li>\n\n\n\n<li>Constru\u00e7\u00e3o do seu plano de 40 dias: objetivo, arqu\u00e9tipos, cren\u00e7as, pr\u00e1ticas e a\u00e7\u00f5es<\/li>\n\n\n\n<li>Fecho em c\u00edrculo: compromisso p\u00fablico com o pr\u00f3ximo passo da sua jornada de individua\u00e7\u00e3o<\/li>\n<\/ul>\n\n\n\n<hr class=\"wp-block-separator has-alpha-channel-opacity\"\/>\n\n\n\n<h3 class=\"wp-block-heading\"><strong>Informa\u00e7\u00f5es Adicionais<\/strong><\/h3>\n\n\n\n<ul class=\"wp-block-list\">\n<li><strong>Pr\u00e9-requisitos:<\/strong> Nenhum (curso aberto a todos).<\/li>\n\n\n\n<li><strong>Inscri\u00e7\u00f5es:<\/strong> <a title=\"\" href=\"tel:+351912064084\">912 064 084<\/a><\/li>\n\n\n\n<li><strong>Local:<\/strong> Online (via Zoom)<\/li>\n<\/ul>\n\n\n<div class=\"wpforms-container wpforms-container-full wpforms-form-abandonment wpforms-block wpforms-block-40bf4fa5-a0fd-41ae-bcd1-74275ff54956\" id=\"wpforms-19646\"><form id=\"wpforms-form-19646\" class=\"wpforms-validate wpforms-form wpforms-ajax-form\" data-formid=\"19646\" method=\"post\" enctype=\"multipart\/form-data\" action=\"\/es\/wp-json\/wp\/v2\/pages\/19562\" data-token=\"e4dd667e243a5a07df5ff90394855c78\" data-token-time=\"1777809975\"><div class=\"wpforms-head-container\"><div class=\"wpforms-title\">Inscri\u00e7\u00e3o no Curso de Terapia dos Arqu\u00e9tipos<\/div><\/div><noscript class=\"wpforms-error-noscript\">Por favor, activa JavaScript en tu navegador para completar este formulario.<\/noscript><div class=\"wpforms-field-container\"><div id=\"wpforms-19646-field_1-container\" class=\"wpforms-field wpforms-field-name\" data-field-id=\"1\"><label class=\"wpforms-field-label\" for=\"wpforms-19646-field_1\">Nome <span class=\"wpforms-required-label\">*<\/span><\/label><input type=\"text\" id=\"wpforms-19646-field_1\" class=\"wpforms-field-medium wpforms-field-required\" name=\"wpforms[fields][1]\" required><\/div><div id=\"wpforms-19646-field_2-container\" class=\"wpforms-field wpforms-field-phone\" data-field-id=\"2\"><label class=\"wpforms-field-label\" for=\"wpforms-19646-field_2\">Telefone <span class=\"wpforms-required-label\">*<\/span><\/label><input type=\"tel\" id=\"wpforms-19646-field_2\" class=\"wpforms-field-medium wpforms-field-required\" data-rule-int-phone-field=\"true\" name=\"wpforms[fields][2]\" aria-label=\"Telefone\" required><\/div><div id=\"wpforms-19646-field_3-container\" class=\"wpforms-field wpforms-field-email\" data-field-id=\"3\"><label class=\"wpforms-field-label\" for=\"wpforms-19646-field_3\">Email <span class=\"wpforms-required-label\">*<\/span><\/label><input type=\"email\" id=\"wpforms-19646-field_3\" class=\"wpforms-field-medium wpforms-field-required\" name=\"wpforms[fields][3]\" spellcheck=\"false\" required><\/div><div id=\"wpforms-19646-field_7-container\" class=\"wpforms-field wpforms-field-select wpforms-field-select-style-modern\" data-field-id=\"7\"><label class=\"wpforms-field-label\" for=\"wpforms-19646-field_7\">Modalidade<\/label><select id=\"wpforms-19646-field_7\" class=\"wpforms-field-medium choicesjs-select\" data-size-class=\"wpforms-field-row wpforms-field-medium\" data-search-enabled=\"\" name=\"wpforms[fields][7]\"><option value=\"\" class=\"placeholder\" disabled ><\/option><option value=\"Online (via Zoom)\"  selected='selected'>Online (via Zoom)<\/option><\/select><\/div><div id=\"wpforms-19646-field_6-container\" class=\"wpforms-field wpforms-field-textarea\" data-field-id=\"6\"><label class=\"wpforms-field-label\" for=\"wpforms-19646-field_6\">Observa\u00e7\u00f5es<\/label><textarea id=\"wpforms-19646-field_6\" class=\"wpforms-field-medium\" name=\"wpforms[fields][6]\" ><\/textarea><\/div><\/div><!-- .wpforms-field-container --><div class=\"wpforms-submit-container\" ><input type=\"hidden\" name=\"wpforms[id]\" value=\"19646\"><input type=\"hidden\" name=\"page_title\" value=\"\"><input type=\"hidden\" name=\"page_url\" value=\"https:\/\/www.paulonogueiraterapias.com\/es\/wp-json\/wp\/v2\/pages\/19562\"><input type=\"hidden\" name=\"url_referer\" value=\"\"><button type=\"submit\" name=\"wpforms[submit]\" id=\"wpforms-submit-19646\" class=\"wpforms-submit\" data-alt-text=\"Enviando...\" data-submit-text=\"Inscrever\" aria-live=\"assertive\" value=\"wpforms-submit\">Inscrever<\/button><img loading=\"lazy\" decoding=\"async\" src=\"https:\/\/www.paulonogueiraterapias.com\/wp-content\/plugins\/wpforms-disabled\/assets\/images\/submit-spin.svg\" class=\"wpforms-submit-spinner\" style=\"display: none;\" width=\"26\" height=\"26\" alt=\"Cargando\"><\/div><\/form><\/div>  <!-- .wpforms-container -->","protected":false},"excerpt":{"rendered":"<p>Dura\u00e7\u00e3o: 16 horas (2 dias completos)Data: s\u00e1b, 2 Mai e dom, 3 Mai das 10:00 \u00e0s 19:00 (online via Zoom) \u2013 restam 12 vagas Pausa para almo\u00e7o das 13:00 \u00e0s [&hellip;]<\/p>\n","protected":false},"author":1,"featured_media":0,"parent":0,"menu_order":0,"comment_status":"closed","ping_status":"closed","template":"","meta":{"om_disable_all_campaigns":false,"_mi_skip_tracking":false,"site-sidebar-layout":"default","site-content-layout":"","ast-site-content-layout":"default","site-content-style":"default","site-sidebar-style":"default","ast-global-header-display":"","ast-banner-title-visibility":"","ast-main-header-display":"","ast-hfb-above-header-display":"","ast-hfb-below-header-display":"","ast-hfb-mobile-header-display":"","site-post-title":"","ast-breadcrumbs-content":"","ast-featured-img":"","footer-sml-layout":"","ast-disable-related-posts":"","theme-transparent-header-meta":"","adv-header-id-meta":"","stick-header-meta":"","header-above-stick-meta":"","header-main-stick-meta":"","header-below-stick-meta":"","astra-migrate-meta-layouts":"default","ast-page-background-enabled":"default","ast-page-background-meta":{"desktop":{"background-color":"var(--ast-global-color-5)","background-image":"","background-repeat":"repeat","background-position":"center center","background-size":"auto","background-attachment":"scroll","background-type":"","background-media":"","overlay-type":"","overlay-color":"","overlay-opacity":"","overlay-gradient":""},"tablet":{"background-color":"","background-image":"","background-repeat":"repeat","background-position":"center center","background-size":"auto","background-attachment":"scroll","background-type":"","background-media":"","overlay-type":"","overlay-color":"","overlay-opacity":"","overlay-gradient":""},"mobile":{"background-color":"","background-image":"","background-repeat":"repeat","background-position":"center center","background-size":"auto","background-attachment":"scroll","background-type":"","background-media":"","overlay-type":"","overlay-color":"","overlay-opacity":"","overlay-gradient":""}},"ast-content-background-meta":{"desktop":{"background-color":"var(--ast-global-color-4)","background-image":"","background-repeat":"repeat","background-position":"center center","background-size":"auto","background-attachment":"scroll","background-type":"","background-media":"","overlay-type":"","overlay-color":"","overlay-opacity":"","overlay-gradient":""},"tablet":{"background-color":"var(--ast-global-color-4)","background-image":"","background-repeat":"repeat","background-position":"center center","background-size":"auto","background-attachment":"scroll","background-type":"","background-media":"","overlay-type":"","overlay-color":"","overlay-opacity":"","overlay-gradient":""},"mobile":{"background-color":"var(--ast-global-color-4)","background-image":"","background-repeat":"repeat","background-position":"center center","background-size":"auto","background-attachment":"scroll","background-type":"","background-media":"","overlay-type":"","overlay-color":"","overlay-opacity":"","overlay-gradient":""}},"footnotes":""},"class_list":["post-19562","page","type-page","status-publish","hentry"],"aioseo_notices":[],"_links":{"self":[{"href":"https:\/\/www.paulonogueiraterapias.com\/es\/wp-json\/wp\/v2\/pages\/19562","targetHints":{"allow":["GET"]}}],"collection":[{"href":"https:\/\/www.paulonogueiraterapias.com\/es\/wp-json\/wp\/v2\/pages"}],"about":[{"href":"https:\/\/www.paulonogueiraterapias.com\/es\/wp-json\/wp\/v2\/types\/page"}],"author":[{"embeddable":true,"href":"https:\/\/www.paulonogueiraterapias.com\/es\/wp-json\/wp\/v2\/users\/1"}],"replies":[{"embeddable":true,"href":"https:\/\/www.paulonogueiraterapias.com\/es\/wp-json\/wp\/v2\/comments?post=19562"}],"version-history":[{"count":4,"href":"https:\/\/www.paulonogueiraterapias.com\/es\/wp-json\/wp\/v2\/pages\/19562\/revisions"}],"predecessor-version":[{"id":19651,"href":"https:\/\/www.paulonogueiraterapias.com\/es\/wp-json\/wp\/v2\/pages\/19562\/revisions\/19651"}],"wp:attachment":[{"href":"https:\/\/www.paulonogueiraterapias.com\/es\/wp-json\/wp\/v2\/media?parent=19562"}],"curies":[{"name":"wp","href":"https:\/\/api.w.org\/{rel}","templated":true}]}}