{"id":17948,"date":"2012-12-12T21:56:29","date_gmt":"2012-12-12T21:56:29","guid":{"rendered":"https:\/\/www.paulonogueiraterapias.com\/leitura-de-aura\/"},"modified":"2025-05-20T19:49:36","modified_gmt":"2025-05-20T19:49:36","slug":"leitura-de-aura","status":"publish","type":"page","link":"https:\/\/www.paulonogueiraterapias.com\/es\/leitura-de-aura\/","title":{"rendered":"Leitura de Aura"},"content":{"rendered":"\n<p>  El aura es el nombre que recibe el campo de energ\u00eda que rodea nuestro cuerpo f\u00edsico.<\/p>\n\n<p>El aura contiene la informaci\u00f3n de todo lo que nos ocurre y de c\u00f3mo reaccionamos a lo que nos ocurre. Los pensamientos y las emociones alteran este campo energ\u00e9tico que, a lo largo del d\u00eda, puede asumir diferentes colores del espectro electromagn\u00e9tico. Sin embargo, a pesar de toda esta efem\u00e9ride colorista, hay colores que prevalecen y que indican de forma m\u00e1s general la personalidad y, eventualmente, las caracter\u00edsticas espirituales de la persona.<\/p>\n\n<p>Durante una sesi\u00f3n de Lectura del Aura, esta y muchas otras informaciones importantes son transmitidas por el esp\u00edritu de la persona que est\u00e1 siendo le\u00edda, Este \u00faltimo es el verdadero gu\u00eda de la sesi\u00f3n en el sentido de que es el esp\u00edritu de la persona le\u00edda el que selecciona y transmite las im\u00e1genes que le son importantes en ese momento y de las que el cliente toma conciencia, asumiendo el terapeuta el papel de intermediario entre el esp\u00edritu del cliente y \u00e9ste.<\/p>\n\n<p>La lectura del aura comienza con la lectura de los colores, im\u00e1genes y mensajes asociados a una rosa creada en el plano astral por el terapeuta y que representa el esp\u00edritu en el momento presente. En esta fase, se transmiten a la persona diversas informaciones que pueden acabar configurando el tema de la lectura que el esp\u00edritu ha seleccionado a lo largo de las fases siguientes.<\/p>\n\n<p>En esta fase, por ejemplo, pueden aflorar algunas situaciones desagradables por las que la persona est\u00e1 pasando o situaciones en las que se encuentra en una fase de la vida en la que tiene que tomar decisiones y no sabe cu\u00e1les ser\u00e1n las consecuencias de cada una. A trav\u00e9s de la <a title=\"A tomada de consci&#xEA;ncia\" href=\"https:\/\/www.paulonogueiraterapias.com\/es\/concienciacion\/\">conciencia de<\/a> esta primera fase, el proceso de curaci\u00f3n ya est\u00e1 comenzando.<\/p>\n\n<p>A continuaci\u00f3n, se transmiten a la persona varias informaciones importantes, a saber, la identificaci\u00f3n de obst\u00e1culos o interferencias en la comunicaci\u00f3n entre el esp\u00edritu y Dios, la fase de la vida en la que se encuentra la persona (fase de recogida de informaci\u00f3n, fase de clasificaci\u00f3n de la informaci\u00f3n para la toma de decisiones, fase de integraci\u00f3n, etc.), as\u00ed como el grado de evoluci\u00f3n espiritual del alma aqu\u00ed en la tierra.<\/p>\n\n<p>A medida que la informaci\u00f3n se hace disponible, el terapeuta la autoriza.<\/p>\n\n<p>A continuaci\u00f3n se mencionan los acuerdos energ\u00e9ticos. El esp\u00edritu del consultante puede haber hecho varios acuerdos con los esp\u00edritus de los padres, hermanos, hijos (existentes o futuros), compa\u00f1eros (existentes o futuros), compa\u00f1eros de trabajo y subordinados y superiores jer\u00e1rquicos o cualquier otra persona. En esta fase, la persona llega a comprender la raz\u00f3n de la existencia de diversas relaciones (k\u00e1rmicas o dh\u00e1rmicas) con otras personas, as\u00ed como su posible car\u00e1cter repetitivo.<\/p>\n\n<p>A continuaci\u00f3n, se consultan las vidas pasadas de la persona a trav\u00e9s del conocimiento y la conciencia de las cuales, diversas situaciones que han sido llevadas a la vida presente y que est\u00e1n siendo experimentadas en el momento actual por el consultante, pueden ahora ser sanadas e integradas. En esta fase, adem\u00e1s de identificar los diversos patrones repetitivos en los que la persona est\u00e1 atrapada y de los que puede liberarse con la Lectura del Aura, tambi\u00e9n se identifican los <a title=\"Dons e Potencialidades\" href=\"https:\/\/www.paulonogueiraterapias.com\/es\/dones-y-potencialidades\/\">dones que posee<\/a> y de los que tal vez a\u00fan no sea consciente y que se traducen en potencialidades a redescubrir en la presente encarnaci\u00f3n.<\/p>\n\n<figure class=\"wp-block-image aligncenter\"><a href=\"https:\/\/www.paulonogueiraterapias.com\/es\/leitura-de-aura\/aura-y-chakras-2\/\" rel=\"attachment wp-att-164\"><img loading=\"lazy\" decoding=\"async\" width=\"300\" height=\"210\" src=\"https:\/\/www.paulonogueiraterapias.com\/wp-content\/uploads\/2012\/12\/aura-y-chakras-300x210.jpg\" alt=\"Lectura del aura con Paulo Nogueira\" class=\"wp-image-164\" srcset=\"https:\/\/www.paulonogueiraterapias.com\/wp-content\/uploads\/2012\/12\/aura-y-chakras-300x210.jpg 300w, https:\/\/www.paulonogueiraterapias.com\/wp-content\/uploads\/2012\/12\/aura-y-chakras.jpg 500w\" sizes=\"auto, (max-width: 300px) 100vw, 300px\" \/><\/a><figcaption class=\"wp-element-caption\">Aura humana<\/figcaption><\/figure>\n\n<p>La lectura del aura, adem\u00e1s de ser una herramienta de diagn\u00f3stico, se utiliza para limpiar y reequilibrar la energ\u00eda, siendo este componente de la curaci\u00f3n extremadamente importante. Durante el transcurso de una lectura, el aura ser\u00e1 reequilibrada energ\u00e9ticamente, los bloqueos se har\u00e1n conscientes y luego se limpiar\u00e1n y los chakras se armonizar\u00e1n para que la persona, al final de la sesi\u00f3n, est\u00e9 alineada con su prop\u00f3sito de vida.<\/p>\n\n<p>La lectura del aura tambi\u00e9n permite identificar:<\/p>\n\n<ul class=\"wp-block-list\">\n<li>el aprendizaje que hay que hacer en esta vida<\/li>\n\n\n\n<li>su personalidad o personalidades y su origen<\/li>\n\n\n\n<li>las razones de un comportamiento a veces autolesivo<\/li>\n\n\n\n<li>el estado de cada chakra y c\u00f3mo influye en la persona, en las situaciones en las que se encuentra y en sus elecciones<\/li>\n<\/ul>\n\n<p>La lectura debe llevarse a cabo cuando sientas que tu potencial no se aprovecha al m\u00e1ximo, cuando te sientas ap\u00e1tico o &#8220;perdido&#8221; con pensamientos y emociones confusas o cuando a\u00fan no hayas alcanzado tu verdadero prop\u00f3sito.<\/p>\n\n<p>No se debe hacer una lectura del aura si se tiene desde hace menos de 3 meses.<\/p>\n\n<p>La lectura del aura puede realizarse <strong>en persona en nuestras instalaciones<\/strong> (conveniente para personas de Lisboa) o <strong><a name=\"via_skype\"><\/a>a distancia por WhatsApp <\/strong>(videoconferencia).<\/p>\n\n<p><strong>Duraci\u00f3n:<\/strong> 1h30mins<br \/><strong>Terapeuta:<\/strong> Paulo Nogueira<\/p>\n\n<p><strong>Precio:<\/strong> 50<\/p>\n\n<p>Adem\u00e1s de 1.317 lecturas del aura con cerca de 2.500 vidas pasadas le\u00eddas a lo largo de 9 a\u00f1os, el terapeuta Paulo Nogueira tambi\u00e9n se dedica a otras terapias y programas de formaci\u00f3n.<\/p>\n<div class=\"wpforms-container wpforms-container-full wpforms-form-abandonment wpforms-block\" id=\"wpforms-17059\"><form id=\"wpforms-form-17059\" class=\"wpforms-validate wpforms-form wpforms-ajax-form\" data-formid=\"17059\" method=\"post\" enctype=\"multipart\/form-data\" action=\"\/es\/wp-json\/wp\/v2\/pages\/17948\" data-token=\"112e861271cc50a35d1cca3d146f5499\" data-token-time=\"1777718264\"><div class=\"wpforms-head-container\"><div class=\"wpforms-title\">Marca\u00e7\u00e3o de Leitura de Aura<\/div><\/div><noscript class=\"wpforms-error-noscript\">Por favor, activa JavaScript en tu navegador para completar este formulario.<\/noscript><div class=\"wpforms-field-container\"><div id=\"wpforms-17059-field_1-container\" class=\"wpforms-field wpforms-field-name\" data-field-id=\"1\"><label class=\"wpforms-field-label\" for=\"wpforms-17059-field_1\">Nome <span class=\"wpforms-required-label\">*<\/span><\/label><input type=\"text\" id=\"wpforms-17059-field_1\" class=\"wpforms-field-medium wpforms-field-required\" name=\"wpforms[fields][1]\" required><\/div><div id=\"wpforms-17059-field_2-container\" class=\"wpforms-field wpforms-field-phone\" data-field-id=\"2\"><label class=\"wpforms-field-label\" for=\"wpforms-17059-field_2\">Telefone <span class=\"wpforms-required-label\">*<\/span><\/label><input type=\"tel\" id=\"wpforms-17059-field_2\" class=\"wpforms-field-medium wpforms-field-required\" data-rule-int-phone-field=\"true\" name=\"wpforms[fields][2]\" aria-label=\"Telefone\" required><\/div><div id=\"wpforms-17059-field_3-container\" class=\"wpforms-field wpforms-field-email\" data-field-id=\"3\"><label class=\"wpforms-field-label\" for=\"wpforms-17059-field_3\">Email <span class=\"wpforms-required-label\">*<\/span><\/label><input type=\"email\" id=\"wpforms-17059-field_3\" class=\"wpforms-field-medium wpforms-field-required\" name=\"wpforms[fields][3]\" spellcheck=\"false\" required><\/div><div id=\"wpforms-17059-field_7-container\" class=\"wpforms-field wpforms-field-select wpforms-field-select-style-modern\" data-field-id=\"7\"><label class=\"wpforms-field-label\" for=\"wpforms-17059-field_7\">Modalidade<\/label><select id=\"wpforms-17059-field_7\" class=\"wpforms-field-medium choicesjs-select\" data-size-class=\"wpforms-field-row wpforms-field-medium\" data-search-enabled=\"\" name=\"wpforms[fields][7]\"><option value=\"\" class=\"placeholder\" disabled ><\/option><option value=\"Presencial (em Lisboa)\"  selected='selected'>Presencial (em Lisboa)<\/option><option value=\"Online (via WhatsApp)\" >Online (via WhatsApp)<\/option><\/select><\/div><div id=\"wpforms-17059-field_8-container\" class=\"wpforms-field wpforms-field-date-time\" data-field-id=\"8\"><label class=\"wpforms-field-label\">Data \/ Hora<\/label><div class=\"wpforms-field-row wpforms-field-medium\"><div class=\"wpforms-field-row-block wpforms-date-type-datepicker\"><div class=\"wpforms-datepicker-wrap\"><input type=\"text\" id=\"wpforms-17059-field_8\" class=\"wpforms-field-date-time-date wpforms-datepicker\" data-date-format=\"d\/m\/Y\" data-disable-past-dates=\"1\" data-disable-todays-date=\"0\" data-input=\"true\" name=\"wpforms[fields][8][date]\" ><a title=\"Borrar fecha\" data-clear class=\"wpforms-datepicker-clear\" style=\"display:none;\"><\/a><\/div><label for=\"wpforms-17059-field_8\" class=\"wpforms-field-sublabel after\">Fecha<\/label><\/div><div class=\"wpforms-field-row-block\"><input type=\"text\" id=\"wpforms-17059-field_8-time\" class=\"wpforms-field-date-time-time wpforms-timepicker\" data-time-format=\"H:i\" data-step=\"30\" data-rule-time24h=\"true\" data-min-time=\"10:00\" data-max-time=\"20:00\" data-rule-time-limit=\"true\" name=\"wpforms[fields][8][time]\" ><label for=\"wpforms-17059-field_8-time\" class=\"wpforms-field-sublabel after\">Hora<\/label><\/div><\/div><\/div><div id=\"wpforms-17059-field_6-container\" class=\"wpforms-field wpforms-field-textarea\" data-field-id=\"6\"><label class=\"wpforms-field-label\" for=\"wpforms-17059-field_6\">Observa\u00e7\u00f5es<\/label><textarea id=\"wpforms-17059-field_6\" class=\"wpforms-field-medium\" name=\"wpforms[fields][6]\" ><\/textarea><\/div><\/div><!-- .wpforms-field-container --><div class=\"wpforms-submit-container\" ><input type=\"hidden\" name=\"wpforms[id]\" value=\"17059\"><input type=\"hidden\" name=\"page_title\" value=\"\"><input type=\"hidden\" name=\"page_url\" value=\"https:\/\/www.paulonogueiraterapias.com\/es\/wp-json\/wp\/v2\/pages\/17948\"><input type=\"hidden\" name=\"url_referer\" value=\"\"><button type=\"submit\" name=\"wpforms[submit]\" id=\"wpforms-submit-17059\" class=\"wpforms-submit\" data-alt-text=\"Enviando...\" data-submit-text=\"Agendar\" aria-live=\"assertive\" value=\"wpforms-submit\">Agendar<\/button><img loading=\"lazy\" decoding=\"async\" src=\"https:\/\/www.paulonogueiraterapias.com\/wp-content\/plugins\/wpforms-disabled\/assets\/images\/submit-spin.svg\" class=\"wpforms-submit-spinner\" style=\"display: none;\" width=\"26\" height=\"26\" alt=\"Cargando\"><\/div><\/form><\/div>  <!-- .wpforms-container -->","protected":false},"excerpt":{"rendered":"<p>El aura es el nombre que recibe el campo de energ\u00eda que rodea nuestro cuerpo f\u00edsico. El aura contiene la informaci\u00f3n de todo lo que nos ocurre y de c\u00f3mo [&hellip;]<\/p>\n","protected":false},"author":1,"featured_media":0,"parent":0,"menu_order":0,"comment_status":"closed","ping_status":"closed","template":"","meta":{"om_disable_all_campaigns":false,"_mi_skip_tracking":false,"site-sidebar-layout":"default","site-content-layout":"","ast-site-content-layout":"default","site-content-style":"default","site-sidebar-style":"default","ast-global-header-display":"","ast-banner-title-visibility":"","ast-main-header-display":"","ast-hfb-above-header-display":"","ast-hfb-below-header-display":"","ast-hfb-mobile-header-display":"","site-post-title":"","ast-breadcrumbs-content":"","ast-featured-img":"","footer-sml-layout":"","ast-disable-related-posts":"","theme-transparent-header-meta":"","adv-header-id-meta":"","stick-header-meta":"","header-above-stick-meta":"","header-main-stick-meta":"","header-below-stick-meta":"","astra-migrate-meta-layouts":"default","ast-page-background-enabled":"default","ast-page-background-meta":{"desktop":{"background-color":"var(--ast-global-color-5)","background-image":"","background-repeat":"repeat","background-position":"center center","background-size":"auto","background-attachment":"scroll","background-type":"","background-media":"","overlay-type":"","overlay-color":"","overlay-opacity":"","overlay-gradient":""},"tablet":{"background-color":"","background-image":"","background-repeat":"repeat","background-position":"center center","background-size":"auto","background-attachment":"scroll","background-type":"","background-media":"","overlay-type":"","overlay-color":"","overlay-opacity":"","overlay-gradient":""},"mobile":{"background-color":"","background-image":"","background-repeat":"repeat","background-position":"center center","background-size":"auto","background-attachment":"scroll","background-type":"","background-media":"","overlay-type":"","overlay-color":"","overlay-opacity":"","overlay-gradient":""}},"ast-content-background-meta":{"desktop":{"background-color":"var(--ast-global-color-4)","background-image":"","background-repeat":"repeat","background-position":"center center","background-size":"auto","background-attachment":"scroll","background-type":"","background-media":"","overlay-type":"","overlay-color":"","overlay-opacity":"","overlay-gradient":""},"tablet":{"background-color":"var(--ast-global-color-4)","background-image":"","background-repeat":"repeat","background-position":"center center","background-size":"auto","background-attachment":"scroll","background-type":"","background-media":"","overlay-type":"","overlay-color":"","overlay-opacity":"","overlay-gradient":""},"mobile":{"background-color":"var(--ast-global-color-4)","background-image":"","background-repeat":"repeat","background-position":"center center","background-size":"auto","background-attachment":"scroll","background-type":"","background-media":"","overlay-type":"","overlay-color":"","overlay-opacity":"","overlay-gradient":""}},"footnotes":""},"class_list":["post-17948","page","type-page","status-publish","hentry"],"aioseo_notices":[],"_links":{"self":[{"href":"https:\/\/www.paulonogueiraterapias.com\/es\/wp-json\/wp\/v2\/pages\/17948","targetHints":{"allow":["GET"]}}],"collection":[{"href":"https:\/\/www.paulonogueiraterapias.com\/es\/wp-json\/wp\/v2\/pages"}],"about":[{"href":"https:\/\/www.paulonogueiraterapias.com\/es\/wp-json\/wp\/v2\/types\/page"}],"author":[{"embeddable":true,"href":"https:\/\/www.paulonogueiraterapias.com\/es\/wp-json\/wp\/v2\/users\/1"}],"replies":[{"embeddable":true,"href":"https:\/\/www.paulonogueiraterapias.com\/es\/wp-json\/wp\/v2\/comments?post=17948"}],"version-history":[{"count":0,"href":"https:\/\/www.paulonogueiraterapias.com\/es\/wp-json\/wp\/v2\/pages\/17948\/revisions"}],"wp:attachment":[{"href":"https:\/\/www.paulonogueiraterapias.com\/es\/wp-json\/wp\/v2\/media?parent=17948"}],"curies":[{"name":"wp","href":"https:\/\/api.w.org\/{rel}","templated":true}]}}