{"id":17920,"date":"2024-04-22T14:09:24","date_gmt":"2024-04-22T14:09:24","guid":{"rendered":"https:\/\/www.paulonogueiraterapias.com\/curso-arcturiano-de-sanacion-multidimensional-nivel-i-ii-iii-y-iv\/"},"modified":"2025-05-20T17:37:03","modified_gmt":"2025-05-20T17:37:03","slug":"curso-arcturiano-de-sanacion-multidimensional-nivel-i-ii-iii-y-iv","status":"publish","type":"page","link":"https:\/\/www.paulonogueiraterapias.com\/es\/curso-arcturiano-de-sanacion-multidimensional-nivel-i-ii-iii-y-iv\/","title":{"rendered":"Curso Arcturiano de Sanaci\u00f3n Multidimensional Nivel I, II, III y IV"},"content":{"rendered":"\n<p>El curso Sistema de Sanaci\u00f3n Arcturiana Multidimensional permitir\u00e1 a los estudiantes conectar con los queridos Arcturianos para llevar a cabo sesiones de Sanaci\u00f3n Arcturiana utilizando 28 c\u00f3digos sagrados de sanaci\u00f3n canalizados por Clarindo Melchizedeck.<\/p>\n\n<figure class=\"wp-block-image size-full is-style-default\"><a href=\"https:\/\/www.paulonogueiraterapias.com\/wp-content\/uploads\/2025\/02\/Curso-arcturiano.jpg\"><img loading=\"lazy\" decoding=\"async\" width=\"1024\" height=\"768\" src=\"https:\/\/www.paulonogueiraterapias.com\/wp-content\/uploads\/2025\/02\/Curso-arcturiano.jpg\" alt=\"\" class=\"wp-image-17585\" srcset=\"https:\/\/www.paulonogueiraterapias.com\/wp-content\/uploads\/2025\/02\/Curso-arcturiano.jpg 1024w, https:\/\/www.paulonogueiraterapias.com\/wp-content\/uploads\/2025\/02\/Curso-arcturiano-600x450.jpg 600w, https:\/\/www.paulonogueiraterapias.com\/wp-content\/uploads\/2025\/02\/Curso-arcturiano-300x225.jpg 300w, https:\/\/www.paulonogueiraterapias.com\/wp-content\/uploads\/2025\/02\/Curso-arcturiano-768x576.jpg 768w, https:\/\/www.paulonogueiraterapias.com\/wp-content\/uploads\/2025\/02\/Curso-arcturiano-80x60.jpg 80w, https:\/\/www.paulonogueiraterapias.com\/wp-content\/uploads\/2025\/02\/Curso-arcturiano-120x90.jpg 120w\" sizes=\"auto, (max-width: 1024px) 100vw, 1024px\" \/><\/a><\/figure>\n\n<h2 class=\"wp-block-heading\">\u00bfQu\u00e9 es la Sanaci\u00f3n Arcturiana Multidimensional?<\/h2>\n\n<p>El Sistema Arcturiano Multidimensional fue canalizado por Clarindo Melchizedek y permite a los seres humanos abrir canales de energ\u00eda pura y sanadora, reconect\u00e1ndolos con su Yo Superior.<\/p>\n\n<p>Los Arcturianos son seres de la 5\u00aa Dimensi\u00f3n que poseen tecnolog\u00edas avanzadas de sanaci\u00f3n emocional, mental y espiritual para la humanidad, que trabajan junto con muchos otros Seres de conciencia superior que est\u00e1n ayudando a los seres humanos a anclarse y sintonizarse con las frecuencias de la 5\u00aa dimensi\u00f3n en el planeta Tierra.<\/p>\n\n<p>Estas tecnolog\u00edas avanzadas act\u00faan de forma transversal y hol\u00edstica en todas las manifestaciones multidimensionales y en todas las vidas que ya han formado parte de nuestro viaje, abriendo puertas a la evoluci\u00f3n del Ser.<\/p>\n\n<p>Es importante darse cuenta de que muchos de nuestros problemas proceden de fuerzas y circunstancias invisibles, as\u00ed como de vidas pasadas y paralelas. Por estas razones, los problemas y las circunstancias parecen repetirse de forma c\u00edclica, abriendo las puertas a emociones y enfermedades que causan un gran sufrimiento, incluso cuando sabemos conscientemente que estamos en &#8220;modo&#8221; autosabotaje. Es importante observar esto para dejar fluir la vida como deber\u00eda ser: f\u00e1cil y abundante.  <\/p>\n\n<p>La Sanaci\u00f3n Arcturiana funciona activando las geometr\u00edas necesarias para cada persona. Es decir, existen c\u00f3digos espec\u00edficos para tratar la ansiedad, la depresi\u00f3n, la falta de claridad mental, la baja autoestima, la conexi\u00f3n con el Yo Superior, la eliminaci\u00f3n de chips y hologramas, de dispositivos parasitarios y de cualquier forma de energ\u00eda contraria al bienestar y a la evoluci\u00f3n de la persona. De este modo, \u00a1se produce un profundo despertar a la conciencia divina!  <\/p>\n\n<h2 class=\"wp-block-heading\">Beneficios<\/h2>\n\n<p><strong>En cada nivel, el aprendiz ser\u00e1 iniciado en Siete Geometr\u00edas Arcturianas, que suman un total de 28 (veintiocho) para los cuatro niveles;<\/strong><\/p>\n\n<ol class=\"wp-block-list\">\n<li><strong>Facilita los procesos de limpieza y curaci\u00f3n de vidas pasadas;<\/strong><\/li>\n\n\n\n<li><strong>Resuelve traumas y problemas emocionales;<\/strong><\/li>\n\n\n\n<li><strong>Rescatar y curar al ni\u00f1o interior;<\/strong><\/li>\n\n\n\n<li><strong>Desarrolla habilidades intuitivas;<\/strong><\/li>\n\n\n\n<li><strong>Aumenta la confianza y el amor propio;<\/strong><\/li>\n\n\n\n<li><strong>Limpia la magia negra, elimina chips, hologramas, contratos, implantes, etc;<\/strong><\/li>\n\n\n\n<li><strong>Equilibra la energ\u00eda masculina y femenina;<\/strong><\/li>\n\n\n\n<li><strong>Ayuda a liberarte de los patrones de bloqueo;<\/strong><\/li>\n\n\n\n<li><strong>Accede y ancla las conciencias superiores;<\/strong><\/li>\n\n\n\n<li><strong>Permite la claridad mental, el equilibrio, la paz, el centramiento y la armon\u00eda;<\/strong><\/li>\n\n\n\n<li><strong>Te conecta con tus Gu\u00edas, Maestros, \u00c1ngeles, etc;<\/strong><\/li>\n\n\n\n<li><strong>Profundiza tu conexi\u00f3n espiritual;<\/strong><\/li>\n\n\n\n<li><strong>Y todo lo que te ayude en tus procesos de ascensi\u00f3n.<\/strong><\/li>\n<\/ol>\n\n<p><strong>Fecha:<\/strong> 9 y 10 de agosto de 2025 (s\u00e1bados y domingos)<br\/><strong>Hora:<\/strong> de 09:00 a 20:00<br\/><strong>Precio:<\/strong> 180\u20ac<br\/><strong>Formador:<\/strong> Paulo Nogueira<br\/><strong>Lugar:<\/strong> Online (en directo v\u00eda Zoom)<\/p>\n\n<h1 class=\"wp-block-heading\">Programa<\/h1>\n\n<h2 class=\"wp-block-heading\">Nivel I<\/h2>\n\n<ul class=\"wp-block-list\">\n<li><strong>Qui\u00e9nes son los Arcturianos;<\/strong><\/li>\n\n\n\n<li><strong>Qu\u00e9 es el sistema;<\/strong><\/li>\n\n\n\n<li><strong>Los s\u00edmbolos de la geometr\u00eda sagrada;<\/strong><\/li>\n\n\n\n<li><strong>7 s\u00edmbolos del primer nivel;<\/strong><\/li>\n\n\n\n<li><strong>Rendimiento de cada s\u00edmbolo;<\/strong><\/li>\n\n\n\n<li><strong>Limpieza energ\u00e9tica;<\/strong><\/li>\n\n\n\n<li><strong>Activaci\u00f3n del escudo protector mah\u00e1rico;<\/strong><\/li>\n\n\n\n<li><strong>Autoaplicaci\u00f3n;<\/strong><\/li>\n\n\n\n<li><strong>Servicio planetario;<\/strong><\/li>\n\n\n\n<li><strong>Aplicaci\u00f3n a otras personas;<\/strong><\/li>\n\n\n\n<li><strong>Programaci\u00f3n de tratamientos;<\/strong><\/li>\n\n\n\n<li><strong>Afinaci\u00f3n de primer nivel.<\/strong><\/li>\n<\/ul>\n\n<h2 class=\"wp-block-heading\">Nivel II<\/h2>\n\n<ul class=\"wp-block-list\">\n<li><strong>7 s\u00edmbolos de segundo nivel;<\/strong><\/li>\n\n\n\n<li><strong>Rendimiento de cada s\u00edmbolo;<\/strong><\/li>\n\n\n\n<li><strong>Comprender los cuerpos sutiles;<\/strong><\/li>\n\n\n\n<li><strong>Afinaci\u00f3n de segundo nivel.<\/strong><\/li>\n<\/ul>\n\n<h2 class=\"wp-block-heading\">Nivel III<\/h2>\n\n<ul class=\"wp-block-list\">\n<li><strong>La red axiatonal de la Tierra<\/strong><\/li>\n\n\n\n<li><strong>\u00bfQu\u00e9 son las l\u00edneas axiatonales?<\/strong><\/li>\n\n\n\n<li><strong>La Gran Hermandad Blanca<\/strong><\/li>\n\n\n\n<li><strong>Tres llamas<\/strong><\/li>\n\n\n\n<li><strong>Los Maestros Ascendidos y los Arc\u00e1ngeles de los 7 Rayos<\/strong><\/li>\n\n\n\n<li><strong>7 s\u00edmbolos del tercer nivel<\/strong><\/li>\n\n\n\n<li><strong>Sintonizar con el tercer nivel<\/strong><\/li>\n<\/ul>\n\n<h2 class=\"wp-block-heading\">Nivel IV &#8211; M\u00e1ster<\/h2>\n\n<ul class=\"wp-block-list\">\n<li><strong>Jerarqu\u00eda del Sistema Arcturiano de Sanaci\u00f3n Multidimensional<\/strong><\/li>\n\n\n\n<li><strong>Preparar la mesa de trabajo<\/strong><\/li>\n\n\n\n<li><strong>7 S\u00edmbolos de m\u00e1ster<\/strong><\/li>\n\n\n\n<li><strong>Tabla de s\u00edmbolos<\/strong><\/li>\n\n\n\n<li><strong>Script de ajuste maestro<\/strong><\/li>\n\n\n\n<li><strong>Afinar el cuarto nivel<\/strong><\/li>\n<\/ul>\n<div class=\"wpforms-container wpforms-container-full wpforms-form-abandonment wpforms-block\" id=\"wpforms-16890\"><form id=\"wpforms-form-16890\" class=\"wpforms-validate wpforms-form wpforms-ajax-form\" data-formid=\"16890\" method=\"post\" enctype=\"multipart\/form-data\" action=\"\/es\/wp-json\/wp\/v2\/pages\/17920\" data-token=\"184e6f43e157d220f9c02182655b8ef0\" data-token-time=\"1777592909\"><div class=\"wpforms-head-container\"><div class=\"wpforms-title\">Inscripci\u00f3n en el Curso del Sistema Arcturiano de Sanaci\u00f3n Multidimensional<\/div><\/div><noscript class=\"wpforms-error-noscript\">Por favor, activa JavaScript en tu navegador para completar este formulario.<\/noscript><div class=\"wpforms-field-container\"><div id=\"wpforms-16890-field_1-container\" class=\"wpforms-field wpforms-field-name\" data-field-id=\"1\"><label class=\"wpforms-field-label\" for=\"wpforms-16890-field_1\">Nombre <span class=\"wpforms-required-label\">*<\/span><\/label><input type=\"text\" id=\"wpforms-16890-field_1\" class=\"wpforms-field-medium wpforms-field-required\" name=\"wpforms[fields][1]\" required><\/div><div id=\"wpforms-16890-field_2-container\" class=\"wpforms-field wpforms-field-phone\" data-field-id=\"2\"><label class=\"wpforms-field-label\" for=\"wpforms-16890-field_2\">Tel\u00e9fono <span class=\"wpforms-required-label\">*<\/span><\/label><input type=\"tel\" id=\"wpforms-16890-field_2\" class=\"wpforms-field-medium wpforms-field-required\" data-rule-int-phone-field=\"true\" name=\"wpforms[fields][2]\" aria-label=\"Tel\u00e9fono\" required><\/div><div id=\"wpforms-16890-field_3-container\" class=\"wpforms-field wpforms-field-email\" data-field-id=\"3\"><label class=\"wpforms-field-label\" for=\"wpforms-16890-field_3\">Env\u00eda un correo electr\u00f3nico a <span class=\"wpforms-required-label\">*<\/span><\/label><input type=\"email\" id=\"wpforms-16890-field_3\" class=\"wpforms-field-medium wpforms-field-required\" name=\"wpforms[fields][3]\" spellcheck=\"false\" required><\/div><div id=\"wpforms-16890-field_7-container\" class=\"wpforms-field wpforms-field-select wpforms-field-select-style-modern\" data-field-id=\"7\"><label class=\"wpforms-field-label\" for=\"wpforms-16890-field_7\">Modalidad<\/label><select id=\"wpforms-16890-field_7\" class=\"wpforms-field-medium choicesjs-select\" data-size-class=\"wpforms-field-row wpforms-field-medium\" data-search-enabled=\"\" name=\"wpforms[fields][7]\"><option value=\"\" class=\"placeholder\" disabled ><\/option><option value=\"En l\u00ednea (a trav\u00e9s de Zoom)\"  selected='selected'>En l\u00ednea (a trav\u00e9s de Zoom)<\/option><option value=\"En persona (en Lisboa)\" >En persona (en Lisboa)<\/option><\/select><\/div><div id=\"wpforms-16890-field_6-container\" class=\"wpforms-field wpforms-field-textarea\" data-field-id=\"6\"><label class=\"wpforms-field-label\" for=\"wpforms-16890-field_6\">Observaciones<\/label><textarea id=\"wpforms-16890-field_6\" class=\"wpforms-field-medium\" name=\"wpforms[fields][6]\" ><\/textarea><\/div><\/div><!-- .wpforms-field-container --><div class=\"wpforms-submit-container\" ><input type=\"hidden\" name=\"wpforms[id]\" value=\"16890\"><input type=\"hidden\" name=\"page_title\" value=\"\"><input type=\"hidden\" name=\"page_url\" value=\"https:\/\/www.paulonogueiraterapias.com\/es\/wp-json\/wp\/v2\/pages\/17920\"><input type=\"hidden\" name=\"url_referer\" value=\"\"><button type=\"submit\" name=\"wpforms[submit]\" id=\"wpforms-submit-16890\" class=\"wpforms-submit\" data-alt-text=\"Enviando...\" data-submit-text=\"Suscr\u00edbete\" aria-live=\"assertive\" value=\"wpforms-submit\">Suscr\u00edbete<\/button><img loading=\"lazy\" decoding=\"async\" src=\"https:\/\/www.paulonogueiraterapias.com\/wp-content\/plugins\/wpforms-disabled\/assets\/images\/submit-spin.svg\" class=\"wpforms-submit-spinner\" style=\"display: none;\" width=\"26\" height=\"26\" alt=\"Cargando\"><\/div><\/form><\/div>  <!-- .wpforms-container -->","protected":false},"excerpt":{"rendered":"<p>El curso Sistema de Sanaci\u00f3n Arcturiana Multidimensional permitir\u00e1 a los estudiantes conectar con los queridos Arcturianos para llevar a cabo sesiones de Sanaci\u00f3n Arcturiana utilizando 28 c\u00f3digos sagrados de sanaci\u00f3n [&hellip;]<\/p>\n","protected":false},"author":1,"featured_media":0,"parent":0,"menu_order":0,"comment_status":"closed","ping_status":"closed","template":"","meta":{"om_disable_all_campaigns":false,"_mi_skip_tracking":false,"site-sidebar-layout":"default","site-content-layout":"","ast-site-content-layout":"default","site-content-style":"default","site-sidebar-style":"default","ast-global-header-display":"","ast-banner-title-visibility":"","ast-main-header-display":"","ast-hfb-above-header-display":"","ast-hfb-below-header-display":"","ast-hfb-mobile-header-display":"","site-post-title":"","ast-breadcrumbs-content":"","ast-featured-img":"","footer-sml-layout":"","ast-disable-related-posts":"","theme-transparent-header-meta":"","adv-header-id-meta":"","stick-header-meta":"","header-above-stick-meta":"","header-main-stick-meta":"","header-below-stick-meta":"","astra-migrate-meta-layouts":"default","ast-page-background-enabled":"default","ast-page-background-meta":{"desktop":{"background-color":"var(--ast-global-color-5)","background-image":"","background-repeat":"repeat","background-position":"center center","background-size":"auto","background-attachment":"scroll","background-type":"","background-media":"","overlay-type":"","overlay-color":"","overlay-opacity":"","overlay-gradient":""},"tablet":{"background-color":"","background-image":"","background-repeat":"repeat","background-position":"center center","background-size":"auto","background-attachment":"scroll","background-type":"","background-media":"","overlay-type":"","overlay-color":"","overlay-opacity":"","overlay-gradient":""},"mobile":{"background-color":"","background-image":"","background-repeat":"repeat","background-position":"center center","background-size":"auto","background-attachment":"scroll","background-type":"","background-media":"","overlay-type":"","overlay-color":"","overlay-opacity":"","overlay-gradient":""}},"ast-content-background-meta":{"desktop":{"background-color":"var(--ast-global-color-4)","background-image":"","background-repeat":"repeat","background-position":"center center","background-size":"auto","background-attachment":"scroll","background-type":"","background-media":"","overlay-type":"","overlay-color":"","overlay-opacity":"","overlay-gradient":""},"tablet":{"background-color":"var(--ast-global-color-4)","background-image":"","background-repeat":"repeat","background-position":"center center","background-size":"auto","background-attachment":"scroll","background-type":"","background-media":"","overlay-type":"","overlay-color":"","overlay-opacity":"","overlay-gradient":""},"mobile":{"background-color":"var(--ast-global-color-4)","background-image":"","background-repeat":"repeat","background-position":"center center","background-size":"auto","background-attachment":"scroll","background-type":"","background-media":"","overlay-type":"","overlay-color":"","overlay-opacity":"","overlay-gradient":""}},"footnotes":""},"class_list":["post-17920","page","type-page","status-publish","hentry"],"aioseo_notices":[],"_links":{"self":[{"href":"https:\/\/www.paulonogueiraterapias.com\/es\/wp-json\/wp\/v2\/pages\/17920","targetHints":{"allow":["GET"]}}],"collection":[{"href":"https:\/\/www.paulonogueiraterapias.com\/es\/wp-json\/wp\/v2\/pages"}],"about":[{"href":"https:\/\/www.paulonogueiraterapias.com\/es\/wp-json\/wp\/v2\/types\/page"}],"author":[{"embeddable":true,"href":"https:\/\/www.paulonogueiraterapias.com\/es\/wp-json\/wp\/v2\/users\/1"}],"replies":[{"embeddable":true,"href":"https:\/\/www.paulonogueiraterapias.com\/es\/wp-json\/wp\/v2\/comments?post=17920"}],"version-history":[{"count":0,"href":"https:\/\/www.paulonogueiraterapias.com\/es\/wp-json\/wp\/v2\/pages\/17920\/revisions"}],"wp:attachment":[{"href":"https:\/\/www.paulonogueiraterapias.com\/es\/wp-json\/wp\/v2\/media?parent=17920"}],"curies":[{"name":"wp","href":"https:\/\/api.w.org\/{rel}","templated":true}]}}