{"id":17912,"date":"2024-09-27T20:06:28","date_gmt":"2024-09-27T20:06:28","guid":{"rendered":"https:\/\/www.paulonogueiraterapias.com\/lectura-multidimensional-del-aura\/"},"modified":"2025-05-20T17:36:47","modified_gmt":"2025-05-20T17:36:47","slug":"lectura-multidimensional-del-aura","status":"publish","type":"page","link":"https:\/\/www.paulonogueiraterapias.com\/es\/lectura-multidimensional-del-aura\/","title":{"rendered":"Lectura multidimensional del aura"},"content":{"rendered":"\n<h3 class=\"wp-block-heading\"><strong>Combinaci\u00f3n de Terapia Multidimensional y Lectura del Aura (M\u00e9todo Rosa)<\/strong><\/h3>\n\n<p>La Lectura Multidimensional del Aura es un enfoque innovador que combina dos poderosas pr\u00e1cticas espirituales: <strong>la Terapia Multidimensional<\/strong> y la <strong>Lectura del Aura mediante el M\u00e9todo Rosa<\/strong>. Ambas tienen como objetivo promover la curaci\u00f3n y el autoconocimiento a niveles profundos, actuando sobre los cuerpos f\u00edsico, emocional, mental y espiritual. Al unir estas dos terapias, hemos creado una t\u00e9cnica integral que permite la transformaci\u00f3n energ\u00e9tica y la armonizaci\u00f3n de todo el ser.  <\/p>\n\n<h3 class=\"wp-block-heading\"><strong>Terapia Multidimensional<\/strong><\/h3>\n\n<p>La Terapia Multidimensional es una pr\u00e1ctica de sanaci\u00f3n energ\u00e9tica que trabaja en el plano espiritual y en m\u00faltiples dimensiones del ser. En esta terapia, se trabaja directamente con el campo energ\u00e9tico, accediendo a dimensiones superiores para <strong>disolver bloqueos<\/strong>, ayudar al cliente a <strong>liberarse de traumas<\/strong> y <strong>sanar heridas profundas<\/strong> que a menudo <strong>no son accesibles para la mente consciente<\/strong>. El terapeuta multidimensional act\u00faa como un canal, recibiendo apoyo de gu\u00edas espirituales y seres de luz que ayudan en el proceso de curaci\u00f3n.  <\/p>\n\n<p>Este trabajo se lleva a cabo con profundo respeto por el alma de la persona, promoviendo una transformaci\u00f3n suave pero muy eficaz. La terapia multidimensional permite limpiar las energ\u00edas densas, desprogramar los patrones negativos e integrar nuevos niveles de conciencia. La persona experimenta una sensaci\u00f3n de ligereza, mayor claridad mental y emocional y una conexi\u00f3n espiritual m\u00e1s profunda.  <\/p>\n\n<h3 class=\"wp-block-heading\"><strong>Lectura del Aura por el M\u00e9todo Rosa<\/strong><\/h3>\n\n<p>La Lectura del Aura, mediante el M\u00e9todo de la Rosa, es una t\u00e9cnica de percepci\u00f3n energ\u00e9tica que utiliza el simbolismo de la rosa para representar el campo \u00e1urico de una persona. La rosa act\u00faa como un espejo del alma, reflejando el estado energ\u00e9tico actual y revelando informaci\u00f3n sobre distintos aspectos de la vida, como las relaciones, la carrera, la salud y el desarrollo espiritual, y especialmente <strong>las vidas pasadas<\/strong>. <\/p>\n\n<p>Durante una sesi\u00f3n de lectura multidimensional del aura, el terapeuta observa la rosa e interpreta su color y su forma,  <\/p>\n\n<p>  y orientaci\u00f3n. Estos elementos proporcionan una gran cantidad de informaci\u00f3n sobre las energ\u00edas que rodean a la persona, los bloqueos que hay que trabajar y las oportunidades de crecimiento. El m\u00e9todo de la rosa es una poderosa herramienta de autoconocimiento, que permite a las personas comprender mejor sus energ\u00edas y actuar conscientemente para transformar y equilibrar su vida.  <\/p>\n\n<figure class=\"wp-block-image size-large is-style-default\"><a href=\"https:\/\/www.paulonogueiraterapias.com\/wp-content\/uploads\/2024\/09\/Leitura-de-Aura-Multidimensional-1024x1024.png\"><img loading=\"lazy\" decoding=\"async\" width=\"1024\" height=\"1024\" src=\"https:\/\/www.paulonogueiraterapias.com\/wp-content\/uploads\/2024\/09\/Leitura-de-Aura-Multidimensional-1024x1024.png\" alt=\"Lectura multidimensional del aura\" class=\"wp-image-17090\" srcset=\"https:\/\/www.paulonogueiraterapias.com\/wp-content\/uploads\/2024\/09\/Leitura-de-Aura-Multidimensional-1024x1024.png 1024w, https:\/\/www.paulonogueiraterapias.com\/wp-content\/uploads\/2024\/09\/Leitura-de-Aura-Multidimensional-300x300.png 300w, https:\/\/www.paulonogueiraterapias.com\/wp-content\/uploads\/2024\/09\/Leitura-de-Aura-Multidimensional-100x100.png 100w, https:\/\/www.paulonogueiraterapias.com\/wp-content\/uploads\/2024\/09\/Leitura-de-Aura-Multidimensional-600x600.png 600w, https:\/\/www.paulonogueiraterapias.com\/wp-content\/uploads\/2024\/09\/Leitura-de-Aura-Multidimensional-150x150.png 150w, https:\/\/www.paulonogueiraterapias.com\/wp-content\/uploads\/2024\/09\/Leitura-de-Aura-Multidimensional-768x768.png 768w, https:\/\/www.paulonogueiraterapias.com\/wp-content\/uploads\/2024\/09\/Leitura-de-Aura-Multidimensional-71x71.png 71w, https:\/\/www.paulonogueiraterapias.com\/wp-content\/uploads\/2024\/09\/Leitura-de-Aura-Multidimensional-36x36.png 36w, https:\/\/www.paulonogueiraterapias.com\/wp-content\/uploads\/2024\/09\/Leitura-de-Aura-Multidimensional-60x60.png 60w, https:\/\/www.paulonogueiraterapias.com\/wp-content\/uploads\/2024\/09\/Leitura-de-Aura-Multidimensional-90x90.png 90w, https:\/\/www.paulonogueiraterapias.com\/wp-content\/uploads\/2024\/09\/Leitura-de-Aura-Multidimensional.png 1080w\" sizes=\"auto, (max-width: 1024px) 100vw, 1024px\" \/><\/a><\/figure>\n\n<h2 class=\"wp-block-heading\"><strong>Unir las dos pr\u00e1cticas<\/strong><\/h2>\n\n<p>Al combinar la Terapia Multidimensional y la Lectura del Aura mediante el M\u00e9todo Rosa, hemos creado un enfoque hol\u00edstico completo que va m\u00e1s all\u00e1 de la simple lectura energ\u00e9tica. En primer lugar, la lectura del aura ayuda a revelar los bloqueos, patrones y energ\u00edas presentes en el campo de una persona. Esto proporciona claridad y comprensi\u00f3n sobre lo que impide el flujo armonioso de la energ\u00eda y d\u00f3nde residen los mayores retos o desequilibrios.  <\/p>\n\n<p>Con esta informaci\u00f3n, el terapeuta utiliza la Terapia Multidimensional para trabajar directamente sobre los puntos identificados, promoviendo una curaci\u00f3n profunda y una elevaci\u00f3n vibracional. La energ\u00eda densa y los bloqueos se transmutan con la ayuda de seres de luz, mientras la persona recibe una infusi\u00f3n de energ\u00edas sutiles y curativas. De este modo, el proceso de curaci\u00f3n se produce de forma mucho m\u00e1s selectiva, eficaz y r\u00e1pida.  <\/p>\n\n<p><strong>Beneficios de la Terapia Hol\u00edstica<\/strong> Integrada &#8211; \u00a1Superior a la Lectura del Aura y a la Terapia Multidimensional!<br\/>Los beneficios de esta terapia integrada son enormes. Promueve una profunda alineaci\u00f3n entre cuerpo, mente y esp\u00edritu, proporcionando bienestar f\u00edsico, claridad mental y equilibrio emocional. Tambi\u00e9n facilita la expansi\u00f3n de la conciencia y el desarrollo espiritual, permitiendo que las personas vuelvan a conectar con su esencia m\u00e1s elevada. Con la Lectura Multidimensional del Aura, cada sesi\u00f3n es una oportunidad de curaci\u00f3n y autotransformaci\u00f3n, que conduce a una vida m\u00e1s equilibrada, plena y armoniosa.   <\/p>\n\n<p>Se trata de un enfoque ideal para quienes buscan un camino de sanaci\u00f3n profunda que abarque todos los aspectos de su ser y desean alinearse con el prop\u00f3sito de su vida, elevando su vibraci\u00f3n y expandiendo su conciencia.<\/p>\n\n<h2 class=\"wp-block-heading\" id=\"h-agendamento-de-sessoes-e-ou-inscricao-na-formacao\">Reservar sesiones<\/h2>\n\n<p><strong>Terapeuta: <\/strong>Paulo Nogueira<br\/><strong>Duraci\u00f3n de la sesi\u00f3n:<\/strong> 1h30 mins<br\/><strong>Precio:<\/strong> 50\u20ac<br\/><strong>M\u00e9todo:<\/strong> En persona o a distancia<br\/><strong>Oferta:<\/strong> grabaci\u00f3n wma v\u00eda WeTransfer<\/p>\n<div class=\"wpforms-container wpforms-container-full wpforms-form-abandonment wpforms-block\" id=\"wpforms-17078\"><form id=\"wpforms-form-17078\" class=\"wpforms-validate wpforms-form wpforms-ajax-form\" data-formid=\"17078\" method=\"post\" enctype=\"multipart\/form-data\" action=\"\/es\/wp-json\/wp\/v2\/pages\/17912\" data-token=\"2b98be530a65bccc176d9b3569472dce\" data-token-time=\"1777444796\"><div class=\"wpforms-head-container\"><div class=\"wpforms-title\">Marca\u00e7\u00e3o de Leitura de Aura Multidimensional<\/div><\/div><noscript class=\"wpforms-error-noscript\">Por favor, activa JavaScript en tu navegador para completar este formulario.<\/noscript><div class=\"wpforms-field-container\"><div id=\"wpforms-17078-field_1-container\" class=\"wpforms-field wpforms-field-name\" data-field-id=\"1\"><label class=\"wpforms-field-label\" for=\"wpforms-17078-field_1\">Nome <span class=\"wpforms-required-label\">*<\/span><\/label><input type=\"text\" id=\"wpforms-17078-field_1\" class=\"wpforms-field-medium wpforms-field-required\" name=\"wpforms[fields][1]\" required><\/div><div id=\"wpforms-17078-field_2-container\" class=\"wpforms-field wpforms-field-phone\" data-field-id=\"2\"><label class=\"wpforms-field-label\" for=\"wpforms-17078-field_2\">Telefone <span class=\"wpforms-required-label\">*<\/span><\/label><input type=\"tel\" id=\"wpforms-17078-field_2\" class=\"wpforms-field-medium wpforms-field-required\" data-rule-int-phone-field=\"true\" name=\"wpforms[fields][2]\" aria-label=\"Telefone\" required><\/div><div id=\"wpforms-17078-field_3-container\" class=\"wpforms-field wpforms-field-email\" data-field-id=\"3\"><label class=\"wpforms-field-label\" for=\"wpforms-17078-field_3\">Email <span class=\"wpforms-required-label\">*<\/span><\/label><input type=\"email\" id=\"wpforms-17078-field_3\" class=\"wpforms-field-medium wpforms-field-required\" name=\"wpforms[fields][3]\" spellcheck=\"false\" required><\/div><div id=\"wpforms-17078-field_7-container\" class=\"wpforms-field wpforms-field-select wpforms-field-select-style-modern\" data-field-id=\"7\"><label class=\"wpforms-field-label\" for=\"wpforms-17078-field_7\">Modalidade<\/label><select id=\"wpforms-17078-field_7\" class=\"wpforms-field-medium choicesjs-select\" data-size-class=\"wpforms-field-row wpforms-field-medium\" data-search-enabled=\"\" name=\"wpforms[fields][7]\"><option value=\"\" class=\"placeholder\" disabled ><\/option><option value=\"Presencial (em Lisboa)\"  selected='selected'>Presencial (em Lisboa)<\/option><option value=\"Online (via WhatsApp)\" >Online (via WhatsApp)<\/option><\/select><\/div><div id=\"wpforms-17078-field_8-container\" class=\"wpforms-field wpforms-field-date-time\" data-field-id=\"8\"><label class=\"wpforms-field-label\">Data \/ Hora<\/label><div class=\"wpforms-field-row wpforms-field-medium\"><div class=\"wpforms-field-row-block wpforms-date-type-datepicker\"><div class=\"wpforms-datepicker-wrap\"><input type=\"text\" id=\"wpforms-17078-field_8\" class=\"wpforms-field-date-time-date wpforms-datepicker\" data-date-format=\"d\/m\/Y\" data-disable-past-dates=\"1\" data-disable-todays-date=\"0\" data-input=\"true\" name=\"wpforms[fields][8][date]\" ><a title=\"Borrar fecha\" data-clear class=\"wpforms-datepicker-clear\" style=\"display:none;\"><\/a><\/div><label for=\"wpforms-17078-field_8\" class=\"wpforms-field-sublabel after\">Fecha<\/label><\/div><div class=\"wpforms-field-row-block\"><input type=\"text\" id=\"wpforms-17078-field_8-time\" class=\"wpforms-field-date-time-time wpforms-timepicker\" data-time-format=\"H:i\" data-step=\"30\" data-rule-time24h=\"true\" data-min-time=\"10:00\" data-max-time=\"20:00\" data-rule-time-limit=\"true\" name=\"wpforms[fields][8][time]\" ><label for=\"wpforms-17078-field_8-time\" class=\"wpforms-field-sublabel after\">Hora<\/label><\/div><\/div><\/div><div id=\"wpforms-17078-field_6-container\" class=\"wpforms-field wpforms-field-textarea\" data-field-id=\"6\"><label class=\"wpforms-field-label\" for=\"wpforms-17078-field_6\">Observa\u00e7\u00f5es<\/label><textarea id=\"wpforms-17078-field_6\" class=\"wpforms-field-medium\" name=\"wpforms[fields][6]\" ><\/textarea><\/div><\/div><!-- .wpforms-field-container --><div class=\"wpforms-submit-container\" ><input type=\"hidden\" name=\"wpforms[id]\" value=\"17078\"><input type=\"hidden\" name=\"page_title\" value=\"\"><input type=\"hidden\" name=\"page_url\" value=\"https:\/\/www.paulonogueiraterapias.com\/es\/wp-json\/wp\/v2\/pages\/17912\"><input type=\"hidden\" name=\"url_referer\" value=\"\"><button type=\"submit\" name=\"wpforms[submit]\" id=\"wpforms-submit-17078\" class=\"wpforms-submit\" data-alt-text=\"Enviando...\" data-submit-text=\"Agendar\" aria-live=\"assertive\" value=\"wpforms-submit\">Agendar<\/button><img loading=\"lazy\" decoding=\"async\" src=\"https:\/\/www.paulonogueiraterapias.com\/wp-content\/plugins\/wpforms-disabled\/assets\/images\/submit-spin.svg\" class=\"wpforms-submit-spinner\" style=\"display: none;\" width=\"26\" height=\"26\" alt=\"Cargando\"><\/div><\/form><\/div>  <!-- .wpforms-container -->","protected":false},"excerpt":{"rendered":"<p>Combinaci\u00f3n de Terapia Multidimensional y Lectura del Aura (M\u00e9todo Rosa) La Lectura Multidimensional del Aura es un enfoque innovador que combina dos poderosas pr\u00e1cticas espirituales: la Terapia Multidimensional y la [&hellip;]<\/p>\n","protected":false},"author":1,"featured_media":0,"parent":0,"menu_order":0,"comment_status":"closed","ping_status":"closed","template":"","meta":{"om_disable_all_campaigns":false,"_mi_skip_tracking":false,"site-sidebar-layout":"default","site-content-layout":"","ast-site-content-layout":"default","site-content-style":"default","site-sidebar-style":"default","ast-global-header-display":"","ast-banner-title-visibility":"","ast-main-header-display":"","ast-hfb-above-header-display":"","ast-hfb-below-header-display":"","ast-hfb-mobile-header-display":"","site-post-title":"","ast-breadcrumbs-content":"","ast-featured-img":"","footer-sml-layout":"","ast-disable-related-posts":"","theme-transparent-header-meta":"","adv-header-id-meta":"","stick-header-meta":"","header-above-stick-meta":"","header-main-stick-meta":"","header-below-stick-meta":"","astra-migrate-meta-layouts":"default","ast-page-background-enabled":"default","ast-page-background-meta":{"desktop":{"background-color":"var(--ast-global-color-5)","background-image":"","background-repeat":"repeat","background-position":"center center","background-size":"auto","background-attachment":"scroll","background-type":"","background-media":"","overlay-type":"","overlay-color":"","overlay-opacity":"","overlay-gradient":""},"tablet":{"background-color":"","background-image":"","background-repeat":"repeat","background-position":"center center","background-size":"auto","background-attachment":"scroll","background-type":"","background-media":"","overlay-type":"","overlay-color":"","overlay-opacity":"","overlay-gradient":""},"mobile":{"background-color":"","background-image":"","background-repeat":"repeat","background-position":"center center","background-size":"auto","background-attachment":"scroll","background-type":"","background-media":"","overlay-type":"","overlay-color":"","overlay-opacity":"","overlay-gradient":""}},"ast-content-background-meta":{"desktop":{"background-color":"var(--ast-global-color-4)","background-image":"","background-repeat":"repeat","background-position":"center center","background-size":"auto","background-attachment":"scroll","background-type":"","background-media":"","overlay-type":"","overlay-color":"","overlay-opacity":"","overlay-gradient":""},"tablet":{"background-color":"var(--ast-global-color-4)","background-image":"","background-repeat":"repeat","background-position":"center center","background-size":"auto","background-attachment":"scroll","background-type":"","background-media":"","overlay-type":"","overlay-color":"","overlay-opacity":"","overlay-gradient":""},"mobile":{"background-color":"var(--ast-global-color-4)","background-image":"","background-repeat":"repeat","background-position":"center center","background-size":"auto","background-attachment":"scroll","background-type":"","background-media":"","overlay-type":"","overlay-color":"","overlay-opacity":"","overlay-gradient":""}},"footnotes":""},"class_list":["post-17912","page","type-page","status-publish","hentry"],"aioseo_notices":[],"_links":{"self":[{"href":"https:\/\/www.paulonogueiraterapias.com\/es\/wp-json\/wp\/v2\/pages\/17912","targetHints":{"allow":["GET"]}}],"collection":[{"href":"https:\/\/www.paulonogueiraterapias.com\/es\/wp-json\/wp\/v2\/pages"}],"about":[{"href":"https:\/\/www.paulonogueiraterapias.com\/es\/wp-json\/wp\/v2\/types\/page"}],"author":[{"embeddable":true,"href":"https:\/\/www.paulonogueiraterapias.com\/es\/wp-json\/wp\/v2\/users\/1"}],"replies":[{"embeddable":true,"href":"https:\/\/www.paulonogueiraterapias.com\/es\/wp-json\/wp\/v2\/comments?post=17912"}],"version-history":[{"count":0,"href":"https:\/\/www.paulonogueiraterapias.com\/es\/wp-json\/wp\/v2\/pages\/17912\/revisions"}],"wp:attachment":[{"href":"https:\/\/www.paulonogueiraterapias.com\/es\/wp-json\/wp\/v2\/media?parent=17912"}],"curies":[{"name":"wp","href":"https:\/\/api.w.org\/{rel}","templated":true}]}}