{"id":17901,"date":"2025-02-08T16:05:43","date_gmt":"2025-02-08T16:05:43","guid":{"rendered":"https:\/\/www.paulonogueiraterapias.com\/taller-de-limpieza-energetica\/"},"modified":"2025-05-20T17:36:43","modified_gmt":"2025-05-20T17:36:43","slug":"taller-de-limpieza-energetica","status":"publish","type":"page","link":"https:\/\/www.paulonogueiraterapias.com\/es\/taller-de-limpieza-energetica\/","title":{"rendered":"Taller de Limpieza Energ\u00e9tica"},"content":{"rendered":"\n<figure class=\"wp-block-image size-full is-style-default\"><a href=\"https:\/\/www.paulonogueiraterapias.com\/wp-content\/uploads\/2025\/02\/workshop-4-Mar-1.jpg\"><img loading=\"lazy\" decoding=\"async\" width=\"1024\" height=\"1024\" src=\"https:\/\/www.paulonogueiraterapias.com\/wp-content\/uploads\/2025\/02\/workshop-4-Mar-1.jpg\" alt=\"\" class=\"wp-image-17624\" srcset=\"https:\/\/www.paulonogueiraterapias.com\/wp-content\/uploads\/2025\/02\/workshop-4-Mar-1.jpg 1024w, https:\/\/www.paulonogueiraterapias.com\/wp-content\/uploads\/2025\/02\/workshop-4-Mar-1-300x300.jpg 300w, https:\/\/www.paulonogueiraterapias.com\/wp-content\/uploads\/2025\/02\/workshop-4-Mar-1-100x100.jpg 100w, https:\/\/www.paulonogueiraterapias.com\/wp-content\/uploads\/2025\/02\/workshop-4-Mar-1-600x600.jpg 600w, https:\/\/www.paulonogueiraterapias.com\/wp-content\/uploads\/2025\/02\/workshop-4-Mar-1-150x150.jpg 150w, https:\/\/www.paulonogueiraterapias.com\/wp-content\/uploads\/2025\/02\/workshop-4-Mar-1-768x768.jpg 768w, https:\/\/www.paulonogueiraterapias.com\/wp-content\/uploads\/2025\/02\/workshop-4-Mar-1-71x71.jpg 71w, https:\/\/www.paulonogueiraterapias.com\/wp-content\/uploads\/2025\/02\/workshop-4-Mar-1-36x36.jpg 36w, https:\/\/www.paulonogueiraterapias.com\/wp-content\/uploads\/2025\/02\/workshop-4-Mar-1-60x60.jpg 60w, https:\/\/www.paulonogueiraterapias.com\/wp-content\/uploads\/2025\/02\/workshop-4-Mar-1-90x90.jpg 90w\" sizes=\"auto, (max-width: 1024px) 100vw, 1024px\" \/><\/a><figcaption class=\"wp-element-caption\">Taller de Limpieza Energ\u00e9tica &#8211; 4 Mar&#8217;25<\/figcaption><\/figure>\n\n<h3 class=\"wp-block-heading\"><strong>Duraci\u00f3n:<\/strong> 3 horas (de 18:00 a 21:00)<\/h3>\n\n<p><strong>Fecha:<\/strong> Viernes, 21 Feb&#8217;25 (en persona) &#8211; \u00a1agotadas <strong>las plazas<\/strong> <strong>!<\/strong><br\/>Martes, 25 Feb&#8217;25 (en l\u00ednea a trav\u00e9s de Zoom)<br\/>Viernes, 28 Feb&#8217;25 (en persona) &#8211; \u00a1agotadas <strong>las plazas!<\/strong><br\/>Martes, 4 Mar&#8217;25 (en persona) &#8211; \u00a1agotadas <strong>las plazas!<\/strong><\/p>\n\n<p><strong>Coste:<\/strong> 5 \u20ac (in situ, en la entrada)<\/p>\n\n<h3 class=\"wp-block-heading\"><strong>Modalidad:<\/strong> Presencial<\/h3>\n\n<h3 class=\"wp-block-heading\"><strong>Destinatarios:<\/strong> Terapeutas, espiritistas y cualquier persona interesada en trabajar con la energ\u00eda y la armonizaci\u00f3n.<\/h3>\n\n<h3 class=\"wp-block-heading\"><strong>Objetivo general:<\/strong><\/h3>\n\n<p>Capacitar a los participantes para realizar limpiezas energ\u00e9ticas eficaces en las personas, fomentando la armon\u00eda, el equilibrio y la protecci\u00f3n espiritual.<\/p>\n\n<p><\/p>\n\n<p>\u00bfTe sientes cansado, drenado de energ\u00eda o abrumado por vibraciones negativas? En nuestro Taller de Limpieza Energ\u00e9tica, aprender\u00e1s t\u00e9cnicas eficaces para purificar tu energ\u00eda y protegerte de las influencias externas. Descubre m\u00e9todos poderosos como ahumados, cristales, visualizaciones y rituales sagrados para equilibrar tu campo energ\u00e9tico y armonizar los ambientes.  <\/p>\n\n<hr class=\"wp-block-separator has-alpha-channel-opacity\"\/>\n\n<h3 class=\"wp-block-heading\"><strong>Contenido del programa<\/strong><\/h3>\n\n<h4 class=\"wp-block-heading\"><strong>Fundamentos y limpieza energ\u00e9tica de las personas<\/strong><\/h4>\n\n<p><strong>M\u00f3dulo 1: Introducci\u00f3n a la Limpieza Energ\u00e9tica<\/strong><\/p>\n\n<ul class=\"wp-block-list\">\n<li>Qu\u00e9 es la energ\u00eda y c\u00f3mo influye en nuestro cuerpo y entorno.<\/li>\n\n\n\n<li>Tipos de energ\u00edas (positiva, negativa, densa y sutil).<\/li>\n\n\n\n<li>S\u00edntomas de energ\u00edas negativas en personas y espacios.<\/li>\n\n\n\n<li>T\u00e9cnica del remolino de luz<\/li>\n\n\n\n<li>T\u00e9cnica para transmutar la ira en poder personal<\/li>\n\n\n\n<li>T\u00e9cnica de movimiento bioenerg\u00e9tico<\/li>\n\n\n\n<li>T\u00e9cnica de limpieza utilizando los 4 elementos<\/li>\n\n\n\n<li>T\u00e9cnica de limpieza con el elemento fuego<\/li>\n\n\n\n<li>T\u00e9cnica de limpieza con el elemento agua<\/li>\n\n\n\n<li>T\u00e9cnica de limpieza con el Elemento Tierra<\/li>\n\n\n\n<li>T\u00e9cnica de limpieza con el elemento Aire<\/li>\n\n\n\n<li>T\u00e9cnica de limpieza solar<\/li>\n\n\n\n<li>T\u00e9cnica de limpieza con luz blanca<\/li>\n\n\n\n<li>T\u00e9cnica de limpieza con luz azul<\/li>\n\n\n\n<li>T\u00e9cnica de limpieza con luz roja<\/li>\n\n\n\n<li>T\u00e9cnica de Limpieza de la Llama Violeta<\/li>\n\n\n\n<li>T\u00e9cnica de autopase de energ\u00eda<\/li>\n\n\n\n<li>Cortar los lazos ps\u00edquicos<\/li>\n\n\n\n<li>Reposici\u00f3n de energ\u00eda<\/li>\n\n\n\n<li>Limpieza energ\u00e9tica mediante la respiraci\u00f3n<\/li>\n\n\n\n<li>Ba\u00f1o de hierbas para la limpieza energ\u00e9tica<\/li>\n\n\n\n<li>Limpieza de hechizos negativos con ruda<\/li>\n<\/ul>\n\n<h3 class=\"wp-block-heading\"><strong>Informaci\u00f3n adicional<\/strong><\/h3>\n\n<ul class=\"wp-block-list\">\n<li><strong>Requisitos previos:<\/strong> Ninguno (curso abierto a todos).<\/li>\n\n\n\n<li><strong>Inscripci\u00f3n:<\/strong> <a href=\"tel:+351912064084\" title=\"\">912 064 084<\/a> o en el siguiente formulario<\/li>\n<\/ul>\n<div class=\"wpforms-container wpforms-container-full wpforms-form-abandonment wpforms-block\" id=\"wpforms-17601\"><form id=\"wpforms-form-17601\" class=\"wpforms-validate wpforms-form wpforms-ajax-form\" data-formid=\"17601\" method=\"post\" enctype=\"multipart\/form-data\" action=\"\/es\/wp-json\/wp\/v2\/pages\/17901\" data-token=\"a1610d3477f61389b662b1e4f0d49b73\" data-token-time=\"1777723370\"><div class=\"wpforms-head-container\"><div class=\"wpforms-title\">Inscri\u00e7\u00e3o no Workshop de Limpeza Energ\u00e9tica<\/div><\/div><noscript class=\"wpforms-error-noscript\">Por favor, activa JavaScript en tu navegador para completar este formulario.<\/noscript><div class=\"wpforms-field-container\"><div id=\"wpforms-17601-field_1-container\" class=\"wpforms-field wpforms-field-name\" data-field-id=\"1\"><label class=\"wpforms-field-label\" for=\"wpforms-17601-field_1\">Nome <span class=\"wpforms-required-label\">*<\/span><\/label><input type=\"text\" id=\"wpforms-17601-field_1\" class=\"wpforms-field-medium wpforms-field-required\" name=\"wpforms[fields][1]\" required><\/div><div id=\"wpforms-17601-field_2-container\" class=\"wpforms-field wpforms-field-phone\" data-field-id=\"2\"><label class=\"wpforms-field-label\" for=\"wpforms-17601-field_2\">Telefone <span class=\"wpforms-required-label\">*<\/span><\/label><input type=\"tel\" id=\"wpforms-17601-field_2\" class=\"wpforms-field-medium wpforms-field-required\" data-rule-int-phone-field=\"true\" name=\"wpforms[fields][2]\" aria-label=\"Telefone\" required><\/div><div id=\"wpforms-17601-field_3-container\" class=\"wpforms-field wpforms-field-email\" data-field-id=\"3\"><label class=\"wpforms-field-label\" for=\"wpforms-17601-field_3\">Email <span class=\"wpforms-required-label\">*<\/span><\/label><input type=\"email\" id=\"wpforms-17601-field_3\" class=\"wpforms-field-medium wpforms-field-required\" name=\"wpforms[fields][3]\" spellcheck=\"false\" required><\/div><div id=\"wpforms-17601-field_7-container\" class=\"wpforms-field wpforms-field-select wpforms-field-select-style-modern\" data-field-id=\"7\"><label class=\"wpforms-field-label\" for=\"wpforms-17601-field_7\">Modalidade<\/label><select id=\"wpforms-17601-field_7\" class=\"wpforms-field-medium choicesjs-select\" data-size-class=\"wpforms-field-row wpforms-field-medium\" data-search-enabled=\"\" name=\"wpforms[fields][7]\"><option value=\"\" class=\"placeholder\" disabled ><\/option><option value=\"Presencial (em Lisboa) a 4 Mar\"  selected='selected'>Presencial (em Lisboa) a 4 Mar<\/option><option value=\"Online (via Zoom) a 25 Fev\" >Online (via Zoom) a 25 Fev<\/option><\/select><\/div><div id=\"wpforms-17601-field_6-container\" class=\"wpforms-field wpforms-field-textarea\" data-field-id=\"6\"><label class=\"wpforms-field-label\" for=\"wpforms-17601-field_6\">Observa\u00e7\u00f5es<\/label><textarea id=\"wpforms-17601-field_6\" class=\"wpforms-field-medium\" name=\"wpforms[fields][6]\" ><\/textarea><\/div><\/div><!-- .wpforms-field-container --><div class=\"wpforms-submit-container\" ><input type=\"hidden\" name=\"wpforms[id]\" value=\"17601\"><input type=\"hidden\" name=\"page_title\" value=\"\"><input type=\"hidden\" name=\"page_url\" value=\"https:\/\/www.paulonogueiraterapias.com\/es\/wp-json\/wp\/v2\/pages\/17901\"><input type=\"hidden\" name=\"url_referer\" value=\"\"><button type=\"submit\" name=\"wpforms[submit]\" id=\"wpforms-submit-17601\" class=\"wpforms-submit\" data-alt-text=\"Enviando...\" data-submit-text=\"Inscrever\" aria-live=\"assertive\" value=\"wpforms-submit\">Inscrever<\/button><img loading=\"lazy\" decoding=\"async\" src=\"https:\/\/www.paulonogueiraterapias.com\/wp-content\/plugins\/wpforms-disabled\/assets\/images\/submit-spin.svg\" class=\"wpforms-submit-spinner\" style=\"display: none;\" width=\"26\" height=\"26\" alt=\"Cargando\"><\/div><\/form><\/div>  <!-- .wpforms-container -->","protected":false},"excerpt":{"rendered":"<p>Duraci\u00f3n: 3 horas (de 18:00 a 21:00) Fecha: Viernes, 21 Feb&#8217;25 (en persona) &#8211; \u00a1agotadas las plazas !Martes, 25 Feb&#8217;25 (en l\u00ednea a trav\u00e9s de Zoom)Viernes, 28 Feb&#8217;25 (en persona) [&hellip;]<\/p>\n","protected":false},"author":1,"featured_media":0,"parent":0,"menu_order":0,"comment_status":"closed","ping_status":"closed","template":"","meta":{"om_disable_all_campaigns":false,"_mi_skip_tracking":false,"site-sidebar-layout":"default","site-content-layout":"","ast-site-content-layout":"default","site-content-style":"default","site-sidebar-style":"default","ast-global-header-display":"","ast-banner-title-visibility":"","ast-main-header-display":"","ast-hfb-above-header-display":"","ast-hfb-below-header-display":"","ast-hfb-mobile-header-display":"","site-post-title":"","ast-breadcrumbs-content":"","ast-featured-img":"","footer-sml-layout":"","ast-disable-related-posts":"","theme-transparent-header-meta":"","adv-header-id-meta":"","stick-header-meta":"","header-above-stick-meta":"","header-main-stick-meta":"","header-below-stick-meta":"","astra-migrate-meta-layouts":"default","ast-page-background-enabled":"default","ast-page-background-meta":{"desktop":{"background-color":"var(--ast-global-color-5)","background-image":"","background-repeat":"repeat","background-position":"center center","background-size":"auto","background-attachment":"scroll","background-type":"","background-media":"","overlay-type":"","overlay-color":"","overlay-opacity":"","overlay-gradient":""},"tablet":{"background-color":"","background-image":"","background-repeat":"repeat","background-position":"center center","background-size":"auto","background-attachment":"scroll","background-type":"","background-media":"","overlay-type":"","overlay-color":"","overlay-opacity":"","overlay-gradient":""},"mobile":{"background-color":"","background-image":"","background-repeat":"repeat","background-position":"center center","background-size":"auto","background-attachment":"scroll","background-type":"","background-media":"","overlay-type":"","overlay-color":"","overlay-opacity":"","overlay-gradient":""}},"ast-content-background-meta":{"desktop":{"background-color":"var(--ast-global-color-4)","background-image":"","background-repeat":"repeat","background-position":"center center","background-size":"auto","background-attachment":"scroll","background-type":"","background-media":"","overlay-type":"","overlay-color":"","overlay-opacity":"","overlay-gradient":""},"tablet":{"background-color":"var(--ast-global-color-4)","background-image":"","background-repeat":"repeat","background-position":"center center","background-size":"auto","background-attachment":"scroll","background-type":"","background-media":"","overlay-type":"","overlay-color":"","overlay-opacity":"","overlay-gradient":""},"mobile":{"background-color":"var(--ast-global-color-4)","background-image":"","background-repeat":"repeat","background-position":"center center","background-size":"auto","background-attachment":"scroll","background-type":"","background-media":"","overlay-type":"","overlay-color":"","overlay-opacity":"","overlay-gradient":""}},"footnotes":""},"class_list":["post-17901","page","type-page","status-publish","hentry"],"aioseo_notices":[],"_links":{"self":[{"href":"https:\/\/www.paulonogueiraterapias.com\/es\/wp-json\/wp\/v2\/pages\/17901","targetHints":{"allow":["GET"]}}],"collection":[{"href":"https:\/\/www.paulonogueiraterapias.com\/es\/wp-json\/wp\/v2\/pages"}],"about":[{"href":"https:\/\/www.paulonogueiraterapias.com\/es\/wp-json\/wp\/v2\/types\/page"}],"author":[{"embeddable":true,"href":"https:\/\/www.paulonogueiraterapias.com\/es\/wp-json\/wp\/v2\/users\/1"}],"replies":[{"embeddable":true,"href":"https:\/\/www.paulonogueiraterapias.com\/es\/wp-json\/wp\/v2\/comments?post=17901"}],"version-history":[{"count":0,"href":"https:\/\/www.paulonogueiraterapias.com\/es\/wp-json\/wp\/v2\/pages\/17901\/revisions"}],"wp:attachment":[{"href":"https:\/\/www.paulonogueiraterapias.com\/es\/wp-json\/wp\/v2\/media?parent=17901"}],"curies":[{"name":"wp","href":"https:\/\/api.w.org\/{rel}","templated":true}]}}