{"id":16672,"date":"2024-03-22T15:12:49","date_gmt":"2024-03-22T15:12:49","guid":{"rendered":"https:\/\/www.paulonogueiraterapias.com\/?page_id=16672"},"modified":"2024-04-03T15:51:20","modified_gmt":"2024-04-03T15:51:20","slug":"o-poder-do-mago","status":"publish","type":"page","link":"https:\/\/www.paulonogueiraterapias.com\/es\/o-poder-do-mago\/","title":{"rendered":"O Poder do Mago"},"content":{"rendered":"\n<p>Este semin\u00e1rio ir\u00e1 ajud\u00e1-lo a alcan\u00e7ar estados alterados de consci\u00eancia, os quais constituem uma ferramenta que o ajudar\u00e1 a manifestar a realidade que tanto deseja e que est\u00e1 dentro de si, como uma semente, \u00e0 espera de ser regada com os conhecimentos deste workshop, para que possa, finalmente, germinar, crescer e multiplicar-se com a mesma abund\u00e2ncia com que Deus gerou as estrelas no firmamento celeste.<\/p>\n\n\n\n<p>Da mesma forma que algumas pessoas se sentem mais confiantes se tiverem aprendido t\u00e9cnicas de auto-defesa pessoal quando frequentam locais perigosos \u00e0 noite, voc\u00ea tamb\u00e9m se sentir\u00e1 mais auto-confiante no seu dia-a-dia se tiver aprendido <strong>t\u00e9cnicas de auto-defesa energ\u00e9tica<\/strong>!<\/p>\n\n\n\n<h4 class=\"wp-block-heading has-text-align-center\"><span style=\"color: #333399;\">O parapsiquismo, nomeadamente, <strong>a clarivid\u00eancia<\/strong>, \u00e9 um direito de nascimento de todos. N\u00e3o \u00e9 um dom, mas sim, uma habilidade que <strong>pode, e deve, ser reacordada e desenvolvida!<\/strong><\/span>&nbsp;<\/h4>\n\n\n\n<p><strong>Valor:<\/strong> 160\u20ac<br><strong>Hor\u00e1rio:<\/strong> das 10:00 \u00e0s 18:00<\/p>\n\n\n\n<p><strong>Em LISBOA<\/strong><br><strong>Nos dias&nbsp;<strong>22 e 23 Jun\u201924 (s\u00e1b e dom)<\/strong><br>Local:&nbsp;<\/strong>Espa\u00e7o Paulo Nogueira Terapias, Lumiar, Lisboa<\/p>\n\n\n\n<h2 class=\"wp-block-heading\">Programa<\/h2>\n\n\n\n<h3 class=\"wp-block-heading\">S\u00e1bado<\/h3>\n\n\n\n<ul class=\"wp-block-list\">\n<li class=\"has-small-font-size\">T\u00e9cnica para alcan\u00e7ar o estado Alfa<\/li>\n\n\n\n<li class=\"has-small-font-size\"><span class='tooltipsall tooltipsincontent classtoolTips0'>T\u00e9cnica da personagem clarividente<\/span><\/li>\n\n\n\n<li class=\"has-small-font-size\">Como usar afirma\u00e7\u00f5es para desenvolver clarivid\u00eancia<\/li>\n\n\n\n<li class=\"has-small-font-size\">T\u00e9cnica da caixa de transmuta\u00e7\u00e3o energ\u00e9tica<\/li>\n\n\n\n<li class=\"has-small-font-size\"><span class='tooltipsall tooltip_post_id_custom_0ae2993d78b74805c0ae34f75eae52e0 classtoolTipsCustomShortCode' style='border-bottom:2px dotted #888;'>T\u00e9cnica do bot\u00e3o anal\u00f3gico de parapsiquismo<\/span><script type=\"text\/javascript\">jQuery(\"document\").ready(function(){ toolTips('.tooltip_post_id_custom_0ae2993d78b74805c0ae34f75eae52e0','Aprenda a aumentar ou diminuir o fluxo de informa\u00e7\u00e3o ps\u00edquica'); });<\/script><\/li>\n\n\n\n<li class=\"has-small-font-size\">T\u00e9cnica para recolher energia do Sol <span style=\"font-size: 24px; color: blue;\"><span class='tooltipsall tooltip_post_id_custom_887fa3401153a60d32fbae6970588bee classtoolTipsCustomShortCode' style='border-bottom:2px dotted #888;'>\ud83d\udec8<\/span><script type=\"text\/javascript\">jQuery(\"document\").ready(function(){ toolTips('.tooltip_post_id_custom_887fa3401153a60d32fbae6970588bee','Permite ampliar a sua vibra\u00e7\u00e3o rapidamente, bem como o seu n\u00edvel de energia'); });<\/script><\/span><\/li>\n\n\n\n<li class=\"has-small-font-size\">T\u00e9cnica para recolher energia da Lua <span style=\"font-size: 24px; color: blue;\"><span class='tooltipsall tooltip_post_id_custom_134541b12e6174176e62188431ea7887 classtoolTipsCustomShortCode' style='border-bottom:2px dotted #888;'>\ud83d\udec8<\/span><script type=\"text\/javascript\">jQuery(\"document\").ready(function(){ toolTips('.tooltip_post_id_custom_134541b12e6174176e62188431ea7887','Ajuda na clarivid\u00eancia'); });<\/script><\/span> <\/li>\n\n\n\n<li class=\"has-small-font-size\">A import\u00e2ncia do enraizamento<\/li>\n\n\n\n<li class=\"has-small-font-size\"><span class='tooltipsall tooltip_post_id_custom_e11cfa05792d770539d1df30a8ab8929 classtoolTipsCustomShortCode' style='border-bottom:2px dotted #888;'>T\u00e9cnica de enraizamento<\/span><script type=\"text\/javascript\">jQuery(\"document\").ready(function(){ toolTips('.tooltip_post_id_custom_e11cfa05792d770539d1df30a8ab8929','Ajuda a estabilizar a sua energia'); });<\/script><\/li>\n\n\n\n<li class=\"has-small-font-size\">T\u00e9cnica de aumento da energia tel\u00farica<\/li>\n\n\n\n<li class=\"has-small-font-size\">T\u00e9cnica de aumento da energia c\u00f3smica<\/li>\n\n\n\n<li class=\"has-small-font-size\">Cria\u00e7\u00e3o de um circuito de energia tel\u00farica com energia c\u00f3smica<\/li>\n\n\n\n<li class=\"has-small-font-size\">T\u00e9cnica de centramento de energia no cora\u00e7\u00e3o<\/li>\n\n\n\n<li class=\"has-small-font-size\">Segunda t\u00e9cnica para atingir o estado Alfa e ancor\u00e1-lo<\/li>\n\n\n\n<li class=\"has-small-font-size\">Como atingir o estado alfa e o estado theta com beats binaurais<\/li>\n\n\n\n<li class=\"has-small-font-size\"><span class='tooltipsall tooltip_post_id_custom_9c7e11f33ad4e8b4c86b9315e6e36a59 classtoolTipsCustomShortCode' style='border-bottom:2px dotted #888;'>Corte energ\u00e9tico<\/span><script type=\"text\/javascript\">jQuery(\"document\").ready(function(){ toolTips('.tooltip_post_id_custom_9c7e11f33ad4e8b4c86b9315e6e36a59','Corte liga\u00e7\u00f5es energ\u00e9ticas com pessoas e locais que lhe sugam energia, ou depois de um atendimento energ\u00e9tico que voc\u00ea tenha ministrado a um cliente seu'); });<\/script><\/li>\n\n\n\n<li class=\"has-small-font-size\"><span class='tooltipsall tooltip_post_id_custom_14028badaa145e819f2f07302d88fe9f classtoolTipsCustomShortCode' style='border-bottom:2px dotted #888;'>T\u00e9cnica de reintegra\u00e7\u00e3o de energia<\/span><script type=\"text\/javascript\">jQuery(\"document\").ready(function(){ toolTips('.tooltip_post_id_custom_14028badaa145e819f2f07302d88fe9f','Permite recuperar partes da sua energia que se tenham extraviado durante uma interven\u00e7\u00e3o espiritual ou energ\u00e9tica'); });<\/script><\/li>\n<\/ul>\n\n\n\n<p><\/p>\n\n\n\n<h3 class=\"wp-block-heading\">Domingo<\/h3>\n\n\n\n<ul class=\"wp-block-list\">\n<li><span class='tooltipsall tooltip_post_id_custom_d6d2129e1af19b46c811d89f7809c90e classtoolTipsCustomShortCode' style='border-bottom:2px dotted #888;'>Ritual de invoca\u00e7\u00e3o \u00e0 Lua Cheia<\/span><script type=\"text\/javascript\">jQuery(\"document\").ready(function(){ toolTips('.tooltip_post_id_custom_d6d2129e1af19b46c811d89f7809c90e','Este ritual tem o resumo de cerca de 6 t\u00e9cnicas ensinadas no dia anterior e permite aos alunos fazer um ritual completo de invoca\u00e7\u00e3o \u00e0 Lua Cheia para abertura de clarivid\u00eancia entre outras faculdades psi\\.'); });<\/script><\/li>\n\n\n\n<li>Auto-avalia\u00e7\u00e3o das capacidades psi<\/li>\n\n\n\n<li>Treino de visualiza\u00e7\u00e3o de objetos<\/li>\n\n\n\n<li>Pr\u00e1tica da chama da vela<\/li>\n\n\n\n<li><span class='tooltipsall tooltip_post_id_custom_3088d573ad2c7bcb2683d35f4a9dc523 classtoolTipsCustomShortCode' style='border-bottom:2px dotted #888;'>Sincroniza\u00e7\u00e3o do terceiro olho<\/span><script type=\"text\/javascript\">jQuery(\"document\").ready(function(){ toolTips('.tooltip_post_id_custom_3088d573ad2c7bcb2683d35f4a9dc523','Sincronizar atrav\u00e9s de cores o chakra da intui\u00e7\u00e3o com o chakra da coroa para estabelecer uma liga\u00e7\u00e3o entre eles'); });<\/script><\/li>\n\n\n\n<li>Pr\u00e1tica de visualiza\u00e7\u00e3o do corpo et\u00e9rico<\/li>\n\n\n\n<li>Pr\u00e1tica de ver aura<\/li>\n\n\n\n<li>Despertar a energia das m\u00e3os<\/li>\n\n\n\n<li>T\u00e9cnica para criar orbs energ\u00e9ticos<\/li>\n\n\n\n<li>Entrega de certificados<\/li>\n<\/ul>\n\n\n\n<p><\/p>\n\n\n\n<h2 class=\"wp-block-heading\">Benef\u00edcios<\/h2>\n\n\n\n<p>Com este workshop extremamente completo vai aprender em dois dias aquilo que que muitos cursos ensinam em meses e com valores de investimento v\u00e1rias vezes superior!<\/p>\n\n\n\n<p>Este workshop oferece-lhe diversas t\u00e9cnicas que o ir\u00e3o ajudar a lidar com a energia dos outros, em qualquer ambiente, para que nunca mais se sinta drenado quando chega a um local, por exemplo, o seu local de trabalho, na faculdade, ou mesmo em sua casa com os seus familiares.<\/p>\n\n\n\n<p>Para al\u00e9m de aprender a ler a energia dos outros e de um ambiente, vai poder limpar-se energeticamente e agir, ao inv\u00e9s de simplesmente ficar a sentir-se &#8220;pesado&#8221;, sem \u00e2nimo e sem energia! O semin\u00e1rio &#8220;O Poder do Mago&#8221; d\u00e1-lhe as t\u00e9cnicas para isso! E voc\u00ea vai poder praticar no pr\u00f3prio curso com os colegas!<\/p>\n\n\n\n<h2 class=\"wp-block-heading\">Vai aprender a:<\/h2>\n\n\n\n<ul class=\"wp-block-list\">\n<li>aumentar a sua energia sempre que lhe apetecer, para se sentir mais empoderado(a) a qualquer momento, em qualquer local<\/li>\n\n\n\n<li>limpar-se energeticamente de negatividade sempre que necessitar<\/li>\n\n\n\n<li>no caso de ser terapeuta ou trabalhar com energia de alguma forma, a recuperar a energia perdida durante um atendimento, trabalho energ\u00e9tico ou leitura ps\u00edquica (Leitura de Aura ou leitura da Alma, por exemplo)<\/li>\n<\/ul>\n\n\n\n<p><\/p>\n\n\n\n<h2 class=\"wp-block-heading\">A quem se destina?<\/h2>\n\n\n\n<h3 class=\"wp-block-heading\">Destina-se a si se:<\/h3>\n\n\n\n<ul class=\"wp-block-list\">\n<li>deseja compreender e dominar as suas capacidades inatas de clarivid\u00eancia, independentemente do n\u00edvel de desenvolvimento com que nasceu<\/li>\n\n\n\n<li>absorve energia muito facilmente dos ambientes e de outras pessoas como \u00e9 o caso de m\u00e9diuns sensitivos<\/li>\n\n\n\n<li>sente desconforto leve a moderado ou dores de cabe\u00e7a, nos ombros ou no est\u00f4mago quando est\u00e1 em determinados locais pesados ou com ajuntamentos de pessoas<\/li>\n<\/ul>\n\n\n\n<h2 class=\"wp-block-heading\">Pr\u00e9-requisitos do workshop<\/h2>\n\n\n\n<p>Podem frequentar este workshop tanto iniciantes que nunca tenham feito nenhum curso na \u00e1rea da Espiritualidade, coaching espiritual ou desenvolvimento pessoal, como terapeutas hol\u00edsticos, m\u00e9diuns experientes ou espiritualistas.<\/p>\n\n\n\n<p><strong>Em suma, independentemente, do seu grau de conhecimento e experi\u00eancia na \u00e1rea, este curso \u00e9 para si!<\/strong><\/p>\n\n\n\n<figure class=\"wp-block-image aligncenter is-resized\"><img loading=\"lazy\" decoding=\"async\" width=\"800\" height=\"1200\" src=\"https:\/\/www.paulonogueiraterapias.com\/wp-content\/uploads\/2024\/04\/image-scaled.jpeg\" alt=\"\" class=\"wp-image-16777\" style=\"aspect-ratio:0.75;object-fit:cover;width:219px;height:auto\" srcset=\"https:\/\/www.paulonogueiraterapias.com\/wp-content\/uploads\/2024\/04\/image-scaled.jpeg 800w, https:\/\/www.paulonogueiraterapias.com\/wp-content\/uploads\/2024\/04\/image-scaled-600x900.jpeg 600w, https:\/\/www.paulonogueiraterapias.com\/wp-content\/uploads\/2024\/04\/image-200x300.jpeg 200w, https:\/\/www.paulonogueiraterapias.com\/wp-content\/uploads\/2024\/04\/image-683x1024.jpeg 683w, https:\/\/www.paulonogueiraterapias.com\/wp-content\/uploads\/2024\/04\/image-768x1152.jpeg 768w, https:\/\/www.paulonogueiraterapias.com\/wp-content\/uploads\/2024\/04\/image-40x60.jpeg 40w, https:\/\/www.paulonogueiraterapias.com\/wp-content\/uploads\/2024\/04\/image-60x90.jpeg 60w\" sizes=\"auto, (max-width: 800px) 100vw, 800px\" \/><figcaption class=\"wp-element-caption\"><em>Explore as suas capacidades PSI<\/em><\/figcaption><\/figure>\n\n\n\n<div class=\"wp-block-columns is-layout-flex wp-container-core-columns-is-layout-28f84493 wp-block-columns-is-layout-flex\">\n<div class=\"wp-block-column is-layout-flow wp-block-column-is-layout-flow\" style=\"flex-basis:100%\">\n<div class=\"wp-block-ainoblocks-accordion-faq-block icon__left br__xxs pt__2 pb__2 pl__3 pr__3\" x-data=\"{ open: false }\" @click=\"open = !open\" :class=\"{'open': open, 'close': ! open }\"><div class=\"accordion\"><h3 class=\"has-xxs-font-size\">Quanto tempo demora para desenvolver o parapsiquismo?<\/h3><\/div><div class=\"panel\">\n<p>Neste workshop vai aprender as t\u00e9cnicas necess\u00e1rias para desenvolver diversas capacidades paraps\u00edquicas. O tempo que ir\u00e1 demorar depende do tempo que tem dispon\u00edvel e do seu grau de dedica\u00e7\u00e3o para as praticas.<\/p>\n\n\n\n<p>Naturalmente, h\u00e1 pessoas que j\u00e1 tiveram algumas manifesta\u00e7\u00f5es em alguns momentos da sua vida, que ao praticarem um pouco as t\u00e9cnicas, conseguir\u00e3o despertar e outras que tomar\u00e3o um pouco mais de tempo.<\/p>\n\n\n\n<p>Pode demorar dias, semanas, meses e at\u00e9 mesmo anos.<\/p>\n\n\n\n<p>Tal como no gin\u00e1sio, uma pessoa n\u00e3o fica musculada ou, pelo menos, tonificada, em uma semana de treino. Essa pessoa necessitar\u00e1 de consist\u00eancia na sua pr\u00e1tica para ver resultados. Ap\u00f3s o curso, os alunos contar\u00e3o sempre com a disponibilidade vital\u00edcia do professor para sanar as d\u00favidas que forem tendo ao longo do percurso, e para fomentar a motiva\u00e7\u00e3o ao longo do caminho.<\/p>\n\n\n\n<p>As habilidades psi n\u00e3o desapareceram. Elas est\u00e3o adormecidas dentro de si! O que pode constituir um obst\u00e1culo tempor\u00e1rio \u00e9 a resist\u00eancia \u00e0 mudan\u00e7a das suas cren\u00e7as, mas isso, ser\u00e1 trabalhado tamb\u00e9m no workshop com a parte das afirma\u00e7\u00f5es. A maioria das pessoas s\u00f3 n\u00e3o demonstra maiores habilidades psi porque as suas mentes se habituaram a estar convencidas de que n\u00e3o necessitam delas para funcionar no seu dia-a-dia, nos seus empregos, nos seus c\u00edrculos familiares e sociais, etc.<\/p>\n<\/div><\/div>\n<\/div>\n<\/div>\n\n\n\n<div class=\"wp-block-ainoblocks-accordion-faq-block icon__left br__xxs pt__2 pb__2 pl__2 pr__2 is-style-faq\" x-data=\"{ open: false }\" @click=\"open = !open\" :class=\"{'open': open, 'close': ! open }\"><div class=\"accordion\"><h3 class=\"has-xxs-font-size\">Necessito ter nascido com dons para fazer este workshop?<\/h3><\/div><div class=\"panel\">\n<p>N\u00e3o, de todo! Na realidade, voc\u00ea j\u00e1 nasceu com eles! Todo o ser humano os tem. Apenas, est\u00e3o adormecidos na grande maioria dos seres humanos, \u00e0 espera de serem despertados, ou por circunst\u00e2ncias especiais, ou por t\u00e9cnicas como as deste workshop.<\/p>\n<\/div><\/div>\n\n\n\n<div class=\"wp-block-ainoblocks-accordion-faq-block icon__left br__xxs pt__2 pb__2 pl__2 pr__2 is-style-faq\" x-data=\"{ open: false }\" @click=\"open = !open\" :class=\"{'open': open, 'close': ! open }\"><div class=\"accordion\"><h3 class=\"has-xxs-font-size\">O que \u00e9 a percep\u00e7\u00e3o extrasensorial?<\/h3><\/div><div class=\"panel\">\n<p>A percep\u00e7\u00e3o extrasensorial ou psi, como tamb\u00e9m \u00e9 vulgarmente conhecida, refere-se normalmente a 5 sentidos extraf\u00edsicos que nos permitem conhecer o plano astral e superiores. S\u00e3o eles a clarivid\u00eancia, clariaudi\u00eancia, clarissenci\u00eancia, clarioli\u00eancia e clarigusta\u00e7\u00e3o.<\/p>\n\n\n\n<p>Fazem tamb\u00e9m parte das capacidades psi, a proje\u00e7\u00e3o astral consciente (conhecida tamb\u00e9m como desdobramento ps\u00edquico ou viagem astral), a telequinese, a omnisci\u00eancia, a telepatia, os sonhos l\u00facidos, os sonhos premonit\u00f3rios e a canaliza\u00e7\u00e3o.<\/p>\n\n\n\n<p>Durante o workshop &#8220;O Poder do Mago&#8221; e com a pr\u00e1tica regular das t\u00e9cnicas ensinadas, algumas destas capacidades latentes no ser humano poder\u00e3o despertar.<\/p>\n<\/div><\/div>\n\n\n\n<div class=\"wp-block-ainoblocks-accordion-faq-block icon__left br__xxs pt__2 pb__2 pl__2 pr__2 is-style-faq\" x-data=\"{ open: false }\" @click=\"open = !open\" :class=\"{'open': open, 'close': ! open }\"><div class=\"accordion\"><h3 class=\"has-xxs-font-size\">Existem v\u00e1rios tipos de clarivid\u00eancia?<\/h3><\/div><div class=\"panel\">\n<p>Sim, <strong>existe a clarivid\u00eancia interna e a clarivid\u00eancia externa<\/strong>. <\/p>\n\n\n\n<p>Na clarivid\u00eancia interna, o clarividente observa as imagens de olhos fechados, olhando a sua tela mental.<\/p>\n\n\n\n<p>A <strong>clarivid\u00eancia interna divide-se em 3 tipos<\/strong>: na primeira pessoa, na segunda e na terceira pessoa.<br>Na primeira pessoa, o clarividente observa imagens de eventos como se os estivesse a vivenciar em si pr\u00f3prio(a), embora se refiram a outra pessoa.<br>Na segunda pessoa, o clarividente observa como se estivesse presente na cena, mas os eventos acontecessem aa outra pessoa.<br>Na terceira pessoa, o clarividente observa como se os eventos acontecessem a outra pessoa, mas difere do tipo anterior pelo facto de ele n\u00e3o se sentir presente na cena que est\u00e1 a desenrolar-se na sua mente. \u00c9 compar\u00e1vel \u00e0 experi\u00eancia de ver um filme dentro da mente.<\/p>\n\n\n\n<p>Na clarivid\u00eancia interna, muitas pessoas t\u00eam a percep\u00e7\u00e3o de verem as imagens dentro da sua cabe\u00e7a. Todavia, essas imagens ocupam um dado espa\u00e7o fora da sua cabe\u00e7a e aparecem numa tela mental que fica localizada de 15 cms a 30 cms \u00e0 frente da testa.<\/p>\n\n\n\n<p>Na clarivid\u00eancia externa, o clarividente observa de olhos abertos. Trata-se, por exemplo, do caso das pessoas que t\u00eam a capacidade de ver auras e esp\u00edritos. Nesses casos, eles est\u00e3o com os olhos f\u00edsicos abertos.<\/p>\n<\/div><\/div>\n\n\n\n<div class=\"wp-block-ainoblocks-accordion-faq-block icon__left br__xxs pt__2 pb__2 pl__2 pr__2 is-style-faq\" x-data=\"{ open: false }\" @click=\"open = !open\" :class=\"{'open': open, 'close': ! open }\"><div class=\"accordion\"><h3 class=\"has-xxs-font-size\">Ser\u00e1 que tenho claritangi\u00eancia?<\/h3><\/div><div class=\"panel\">\n<p>Sim, provavelmente tem. A claritangi\u00eancia \u00e9 a capacidade de sentir energias de uma forma t\u00e1ctil, quase como se fossem sensa\u00e7\u00f5es f\u00edsicas, embora decorram ao n\u00edvel do corpo et\u00e9rico e astral, podem repercutir ao n\u00edvel f\u00edsico.<\/p>\n\n\n\n<p>Por exemplo, voc\u00ea j\u00e1 teve amostras desta capacidade psi quando sent\u00edu uma sensa\u00e7\u00e3o de frio quando entrou nalgum ambiente que tivesse h\u00f3spedes desencarnados indesejados como quando vai visitar algum im\u00f3vel que esteja \u00e0 venda, im\u00f3vel esse ao qual os antigos donos ou inquilinos eram muito apegados e morreram l\u00e1, e sente uma sensa\u00e7\u00e3o de algo a atravess\u00e1-lo. Isso \u00e9 claritangi\u00eancia! <\/p>\n\n\n\n<p>A sensa\u00e7\u00e3o desagrad\u00e1vel de frio que muitas vezes sente quando um esp\u00edrito desencarnado o atravessa ou fica a uma dist\u00e2ncia de cerca de 1 metro que \u00e9 suficiente para haver uma intera\u00e7\u00e3o entre ele e o seu campo \u00e1urico \u00e9 uma demonstra\u00e7\u00e3o do seu parapsiquismo!<\/p>\n\n\n\n<p>Esta habilidade psi pode variar em intensidade, chegando a ser quase palp\u00e1vel. Pode manifestar-se como:<\/p>\n\n\n\n<ul class=\"wp-block-list\">\n<li>sentir dor ou prazer no corpo<\/li>\n\n\n\n<li>aumento ou diminui\u00e7\u00e3o de temperatura num ambiente, em que n\u00e3o h\u00e1 corrente de ar ou quaisquer meios de altera\u00e7\u00e3o de temperatura como aparelhos de ar condicionado, por exemplo<\/li>\n\n\n\n<li>sentir-se mal disposto de repente ou com falta de ar<\/li>\n\n\n\n<li>sentir arrepios e ficar com &#8220;pele de galinha&#8221;<\/li>\n\n\n\n<li>sensa\u00e7\u00f5es fortes no intestino<\/li>\n\n\n\n<li>peso nos ombros, no peito, nas costas, nas pernas ou em outras partes do corpo<\/li>\n\n\n\n<li>sensa\u00e7\u00e3o de formigamento<\/li>\n<\/ul>\n\n\n\n<p>Se voc\u00ea \u00e9 reikiano, com certeza j\u00e1 desenvolveu, pelo menos, nas m\u00e3os, um pouco de claritangi\u00eancia. A claritangi\u00eancia \u00e9 ainda mais comum nos seres humanos do que a clarivid\u00eancia e a clariaudi\u00eancia.<\/p>\n\n\n\n<p>Muitas pessoas n\u00e3o v\u00eaem, nem ouvem os esp\u00edritos, mas s\u00e3o plenamente capazes de os sentir, embora, possam, por falta de conhecimento, ter alguma dificuldade em reconhecer essas sensa\u00e7\u00f5es de forma consciente e descobrir a causa energ\u00e9tico-espiritual por detr\u00e1s delas. Uma pessoa que j\u00e1 tenha come\u00e7ado a desenvolver o seu lado mais espiritual com medita\u00e7\u00e3o, yoga, Reiki, Chi Kung, terapias energ\u00e9ticas, frequentar centros esp\u00edritas ou terreiros de Umbanda, j\u00e1 estar\u00e1, com certeza, mais familiarizada com essas sensa\u00e7\u00f5es do que uma pessoa que n\u00e3o tenha, t\u00e3o pouco, qualquer experi\u00eancia pr\u00e1tica ou conhecimento te\u00f3rico sobre o fen\u00f3meno.<\/p>\n<\/div><\/div>\n<script type=\"text\/javascript\"> toolTips('.classtoolTips0','Este \u00e9 um exerc\u00edcio para desenvolvimento das suas capacidades psi como a clarivid\u00eancia que \u00e9 feito em grupos. H\u00e1 tamb\u00e9m um desafio que \u00e9 lan\u00e7ado aos alunos muito divertido para come\u00e7arem a ler a energia das pessoas com que se cruzarem na rua ou em qualquer local!'); <\/script>","protected":false},"excerpt":{"rendered":"<p>Este semin\u00e1rio ir\u00e1 ajud\u00e1-lo a alcan\u00e7ar estados alterados de consci\u00eancia, os quais constituem uma ferramenta que o ajudar\u00e1 a manifestar a realidade que tanto deseja e que est\u00e1 dentro de [&hellip;]<\/p>\n","protected":false},"author":1,"featured_media":0,"parent":0,"menu_order":0,"comment_status":"closed","ping_status":"closed","template":"","meta":{"om_disable_all_campaigns":false,"_mi_skip_tracking":false,"site-sidebar-layout":"default","site-content-layout":"","ast-site-content-layout":"default","site-content-style":"default","site-sidebar-style":"default","ast-global-header-display":"","ast-banner-title-visibility":"","ast-main-header-display":"","ast-hfb-above-header-display":"","ast-hfb-below-header-display":"","ast-hfb-mobile-header-display":"","site-post-title":"","ast-breadcrumbs-content":"","ast-featured-img":"","footer-sml-layout":"","ast-disable-related-posts":"","theme-transparent-header-meta":"","adv-header-id-meta":"","stick-header-meta":"","header-above-stick-meta":"","header-main-stick-meta":"","header-below-stick-meta":"","astra-migrate-meta-layouts":"default","ast-page-background-enabled":"default","ast-page-background-meta":{"desktop":{"background-color":"var(--ast-global-color-5)","background-image":"","background-repeat":"repeat","background-position":"center center","background-size":"auto","background-attachment":"scroll","background-type":"","background-media":"","overlay-type":"","overlay-color":"","overlay-opacity":"","overlay-gradient":""},"tablet":{"background-color":"","background-image":"","background-repeat":"repeat","background-position":"center center","background-size":"auto","background-attachment":"scroll","background-type":"","background-media":"","overlay-type":"","overlay-color":"","overlay-opacity":"","overlay-gradient":""},"mobile":{"background-color":"","background-image":"","background-repeat":"repeat","background-position":"center center","background-size":"auto","background-attachment":"scroll","background-type":"","background-media":"","overlay-type":"","overlay-color":"","overlay-opacity":"","overlay-gradient":""}},"ast-content-background-meta":{"desktop":{"background-color":"var(--ast-global-color-4)","background-image":"","background-repeat":"repeat","background-position":"center center","background-size":"auto","background-attachment":"scroll","background-type":"","background-media":"","overlay-type":"","overlay-color":"","overlay-opacity":"","overlay-gradient":""},"tablet":{"background-color":"var(--ast-global-color-4)","background-image":"","background-repeat":"repeat","background-position":"center center","background-size":"auto","background-attachment":"scroll","background-type":"","background-media":"","overlay-type":"","overlay-color":"","overlay-opacity":"","overlay-gradient":""},"mobile":{"background-color":"var(--ast-global-color-4)","background-image":"","background-repeat":"repeat","background-position":"center center","background-size":"auto","background-attachment":"scroll","background-type":"","background-media":"","overlay-type":"","overlay-color":"","overlay-opacity":"","overlay-gradient":""}},"footnotes":""},"class_list":["post-16672","page","type-page","status-publish","hentry"],"aioseo_notices":[],"_links":{"self":[{"href":"https:\/\/www.paulonogueiraterapias.com\/es\/wp-json\/wp\/v2\/pages\/16672","targetHints":{"allow":["GET"]}}],"collection":[{"href":"https:\/\/www.paulonogueiraterapias.com\/es\/wp-json\/wp\/v2\/pages"}],"about":[{"href":"https:\/\/www.paulonogueiraterapias.com\/es\/wp-json\/wp\/v2\/types\/page"}],"author":[{"embeddable":true,"href":"https:\/\/www.paulonogueiraterapias.com\/es\/wp-json\/wp\/v2\/users\/1"}],"replies":[{"embeddable":true,"href":"https:\/\/www.paulonogueiraterapias.com\/es\/wp-json\/wp\/v2\/comments?post=16672"}],"version-history":[{"count":0,"href":"https:\/\/www.paulonogueiraterapias.com\/es\/wp-json\/wp\/v2\/pages\/16672\/revisions"}],"wp:attachment":[{"href":"https:\/\/www.paulonogueiraterapias.com\/es\/wp-json\/wp\/v2\/media?parent=16672"}],"curies":[{"name":"wp","href":"https:\/\/api.w.org\/{rel}","templated":true}]}}