{"id":15321,"date":"2022-03-22T14:54:52","date_gmt":"2022-03-22T14:54:52","guid":{"rendered":"https:\/\/www.paulonogueiraterapias.com\/?page_id=15321"},"modified":"2022-03-22T14:58:15","modified_gmt":"2022-03-22T14:58:15","slug":"trabalho-de-eliminacao-do-pessimismo","status":"publish","type":"page","link":"https:\/\/www.paulonogueiraterapias.com\/es\/trabalho-de-eliminacao-do-pessimismo\/","title":{"rendered":"Trabalho de elimina\u00e7\u00e3o do pessimismo"},"content":{"rendered":"\n<p>Um dos exerc\u00edcios de auto-conhecimento do Curso de Cura Ascensional no que tange ao trabalho com os Arcturianos, consiste na identifica\u00e7\u00e3o das cren\u00e7as relacionadas com o pessimismo, uma vez que a inicia\u00e7\u00e3o \u00e0 energia da Esperan\u00e7a, dada pelos Arcturianos, permite-nos vivem com mais mais optimismo e confian\u00e7a no futuro.<\/p>\n\n\n\n<p>Alguns dos pessimismos encontrados no ser humano s\u00e3o:<\/p>\n\n\n\n<ul class=\"wp-block-list\"><li>&#8220;vou ficar mais gorda(o) do que estou agora&#8221;<\/li><li>&#8220;a minha beleza f\u00edsica vai diminuir com a idade&#8221;<\/li><li>&#8220;se n\u00e3o arranjar mais formas de rendimento financeiro, ficarei mais pobre no futuro&#8221;<\/li><li>&#8220;estou estagnada(o) no plano profissional e n\u00e3o vejo forma de fazer algo diferente do que fa\u00e7o e que me possa realizar mais&#8221;<\/li><li>&#8220;vou ficar ainda mais entediada(o) na minha vida pessoal e profissional&#8221;<\/li><li>&#8220;a rela\u00e7\u00e3o com os meus filhos adultos tender\u00e1 a ficar cada vez mais vazia e superficial com o tempo, \u00e0 medida que eles cuidam das suas vidas e eu cuido da minha&#8221;<\/li><li>&#8220;vou ficar sozinha(o) o resto da vida&#8221;<\/li><li>&#8220;n\u00e3o conseguirei acompanhar as mudan\u00e7as tecnol\u00f3gicas futuras e tirar partido delas&#8221;<\/li><\/ul>\n\n\n\n<p><\/p>\n","protected":false},"excerpt":{"rendered":"<p>Um dos exerc\u00edcios de auto-conhecimento do Curso de Cura Ascensional no que tange ao trabalho com os Arcturianos, consiste na identifica\u00e7\u00e3o das cren\u00e7as relacionadas com o pessimismo, uma vez que [&hellip;]<\/p>\n","protected":false},"author":1,"featured_media":0,"parent":0,"menu_order":0,"comment_status":"closed","ping_status":"closed","template":"","meta":{"om_disable_all_campaigns":false,"_mi_skip_tracking":false,"site-sidebar-layout":"default","site-content-layout":"","ast-site-content-layout":"default","site-content-style":"default","site-sidebar-style":"default","ast-global-header-display":"","ast-banner-title-visibility":"","ast-main-header-display":"","ast-hfb-above-header-display":"","ast-hfb-below-header-display":"","ast-hfb-mobile-header-display":"","site-post-title":"","ast-breadcrumbs-content":"","ast-featured-img":"","footer-sml-layout":"","ast-disable-related-posts":"","theme-transparent-header-meta":"","adv-header-id-meta":"","stick-header-meta":"","header-above-stick-meta":"","header-main-stick-meta":"","header-below-stick-meta":"","astra-migrate-meta-layouts":"default","ast-page-background-enabled":"default","ast-page-background-meta":{"desktop":{"background-color":"var(--ast-global-color-5)","background-image":"","background-repeat":"repeat","background-position":"center center","background-size":"auto","background-attachment":"scroll","background-type":"","background-media":"","overlay-type":"","overlay-color":"","overlay-opacity":"","overlay-gradient":""},"tablet":{"background-color":"","background-image":"","background-repeat":"repeat","background-position":"center center","background-size":"auto","background-attachment":"scroll","background-type":"","background-media":"","overlay-type":"","overlay-color":"","overlay-opacity":"","overlay-gradient":""},"mobile":{"background-color":"","background-image":"","background-repeat":"repeat","background-position":"center center","background-size":"auto","background-attachment":"scroll","background-type":"","background-media":"","overlay-type":"","overlay-color":"","overlay-opacity":"","overlay-gradient":""}},"ast-content-background-meta":{"desktop":{"background-color":"var(--ast-global-color-4)","background-image":"","background-repeat":"repeat","background-position":"center center","background-size":"auto","background-attachment":"scroll","background-type":"","background-media":"","overlay-type":"","overlay-color":"","overlay-opacity":"","overlay-gradient":""},"tablet":{"background-color":"var(--ast-global-color-4)","background-image":"","background-repeat":"repeat","background-position":"center center","background-size":"auto","background-attachment":"scroll","background-type":"","background-media":"","overlay-type":"","overlay-color":"","overlay-opacity":"","overlay-gradient":""},"mobile":{"background-color":"var(--ast-global-color-4)","background-image":"","background-repeat":"repeat","background-position":"center center","background-size":"auto","background-attachment":"scroll","background-type":"","background-media":"","overlay-type":"","overlay-color":"","overlay-opacity":"","overlay-gradient":""}},"footnotes":""},"class_list":["post-15321","page","type-page","status-publish","hentry"],"aioseo_notices":[],"_links":{"self":[{"href":"https:\/\/www.paulonogueiraterapias.com\/es\/wp-json\/wp\/v2\/pages\/15321","targetHints":{"allow":["GET"]}}],"collection":[{"href":"https:\/\/www.paulonogueiraterapias.com\/es\/wp-json\/wp\/v2\/pages"}],"about":[{"href":"https:\/\/www.paulonogueiraterapias.com\/es\/wp-json\/wp\/v2\/types\/page"}],"author":[{"embeddable":true,"href":"https:\/\/www.paulonogueiraterapias.com\/es\/wp-json\/wp\/v2\/users\/1"}],"replies":[{"embeddable":true,"href":"https:\/\/www.paulonogueiraterapias.com\/es\/wp-json\/wp\/v2\/comments?post=15321"}],"version-history":[{"count":0,"href":"https:\/\/www.paulonogueiraterapias.com\/es\/wp-json\/wp\/v2\/pages\/15321\/revisions"}],"wp:attachment":[{"href":"https:\/\/www.paulonogueiraterapias.com\/es\/wp-json\/wp\/v2\/media?parent=15321"}],"curies":[{"name":"wp","href":"https:\/\/api.w.org\/{rel}","templated":true}]}}