{"id":15171,"date":"2015-06-28T01:20:17","date_gmt":"2015-06-28T01:20:17","guid":{"rendered":"https:\/\/www.paulonogueiraterapias.com\/inicio\/"},"modified":"2021-12-11T00:21:12","modified_gmt":"2021-12-11T00:21:12","slug":"inicio","status":"publish","type":"page","link":"https:\/\/www.paulonogueiraterapias.com\/es\/","title":{"rendered":"Inicio"},"content":{"rendered":"<p>[vc_row full_width=&#8221;stretch_row&#8221; css=&#8221;.vc_custom_1464305269645{padding-top: 10px !important;padding-bottom: 10px !important;background-color: #ffffff !important;}&#8221;][vc_column width=&#8221;1\/3&#8243;][karma_builder_icon_content animate=&#8221;animate_none&#8221; type=&#8221;fontawesome&#8221; icon_fontawesome=&#8221;fa fa-check&#8221; icon_color=&#8221;#ffffff&#8221; icon_bg_color=&#8221;#86b946&#8243;]<\/p>\n<h4><strong>Nuestras terapias<br \/>\n<\/strong><\/h4>\n<p>Disponemos de un amplio abanico de terapias para ayudarte a recuperar tu autoestima, desarrollar el amor propio y aumentar tu conciencia y capacidad para conseguir lo que m\u00e1s te gusta en el mundo.[\/karma_builder_icon_content][\/vc_column][vc_column width=&#8221;1\/3&#8243;][karma_builder_icon_content animate=&#8221;animate_none&#8221; type=&#8221;fontawesome&#8221; icon_fontawesome=&#8221;fa fa-check&#8221; icon_color=&#8221;#ffffff&#8221; icon_bg_color=&#8221;#5599d1&#8243; paragraph_font_size=&#8221;13px&#8221;]<\/p>\n<h4><strong>Nuestros cursos<br \/>\n<\/strong><\/h4>\n<p>No s\u00f3lo curamos, sino que ense\u00f1amos a curar. Ponemos a tu disposici\u00f3n un conjunto infinito de posibilidades con nuestros cursos de Reiki Tradicional, Terapia Multidimensional, Reiki Kundalini, Meditaci\u00f3n y otros.[\/karma_builder_icon_content][\/vc_column][vc_column width=&#8221;1\/3&#8243;][karma_builder_icon_content animate=&#8221;animate_none&#8221; type=&#8221;fontawesome&#8221; icon_fontawesome=&#8221;fa fa-check&#8221; icon_color=&#8221;#ffffff&#8221; icon_bg_color=&#8221;#7bb3ba&#8221; paragraph_font_size=&#8221;13px&#8221;]<\/p>\n<h4><strong>Actividades regulares<br \/>\n<\/strong><\/h4>\n<p>\u00danete a nuestras actividades regulares de Kundalini Yoga, Meditaci\u00f3n y retiros para que puedas mantener siempre tu conciencia pura y libre de las dificultades que la vida te trae d\u00eda a d\u00eda.[\/karma_builder_icon_content][\/vc_column][\/vc_row][vc_row css=&#8221;.vc_custom_1461690822053{padding-top: 60px !important;padding-bottom: 40px !important;}&#8221;][vc_column][vc_column_text]<\/p>\n<h3 style=\"text-align: center; color: #363636; font-size: 30px;\">Sentirse uno con todo<\/h3>\n<p style=\"text-align: center; color: #555; font-size: 16px;\">Te ayudaremos a liberarte de todo lo que te impide verte como un ser verdaderamente divino, libre de miedos y traumas, y dispuesto a amarte a ti mismo.<\/p>\n<p>[\/vc_column_text][\/vc_column][\/vc_row][vc_row css=&#8221;.vc_custom_1437059547048{padding-top: 30px !important;padding-bottom: 80px !important;}&#8221;][vc_column width=&#8221;1\/3&#8243;][karma_builder_imagebox_2 animate=&#8221;animate_none&#8221; type=&#8221;fontawesome&#8221; icon_fontawesome=&#8221;fa fa-leaf&#8221; box_bg_color=&#8221;#ffffff&#8221; icon_bg_color=&#8221;#e08121&#8243; icon_color=&#8221;#ffffff&#8221; link_color=&#8221;#e08121&#8243; icon=&#8221;fa-video-camera&#8221; attachment_id=&#8221;10189&#8243; custom_css_class=&#8221;box-1&#8243; url=&#8221;url:%2Fterapia-multidimensional%2F|title:Terapia%20Multidimensional||&#8221; link_text=&#8221;Quiero saber m\u00e1s&#8221;]<\/p>\n<h2>Terapia Multidimensional<\/h2>\n<p>Ven y lib\u00e9rate de los problemas que est\u00e1n frenando tu \u00e9xito profesional, amoroso y de salud a trav\u00e9s de la elevaci\u00f3n de tu conciencia y capacidad de amar que te dar\u00e1n los Seres de Luz.[\/karma_builder_imagebox_2][\/vc_column][vc_column width=&#8221;1\/3&#8243;][karma_builder_imagebox_2 animate=&#8221;animate_none&#8221; type=&#8221;fontawesome&#8221; icon_fontawesome=&#8221;fa fa-fire&#8221; box_bg_color=&#8221;#ffffff&#8221; icon_bg_color=&#8221;#86b946&#8243; icon_color=&#8221;#ffffff&#8221; link_color=&#8221;#86b946&#8243; icon=&#8221;fa-camera&#8221; attachment_id=&#8221;10190&#8243; custom_css_class=&#8221;box-2&#8243; url=&#8221;url:%2Fcurso-terapia-multidimensional%2F|title:Curso%20de%20Terapia%20Multidimensional||&#8221; link_text=&#8221;Quiero saber m\u00e1s&#8221;]<\/p>\n<h2>Curso de Terapia Multidimensional<\/h2>\n<p>\u00bfHa pensado en participar en un curso que podr\u00eda marcar la diferencia en su vida? Con este curso, tendr\u00e1s la oportunidad de aprender a sanarte a ti mismo y a los dem\u00e1s convirti\u00e9ndote en un canal para los Seres de Luz.[\/karma_builder_imagebox_2][\/vc_column][vc_column width=&#8221;1\/3&#8243;][karma_builder_imagebox_2 animate=&#8221;animate_none&#8221; type=&#8221;fontawesome&#8221; icon_fontawesome=&#8221;fa fa-bolt&#8221; box_bg_color=&#8221;#ffffff&#8221; icon_bg_color=&#8221;#5599d1&#8243; icon_color=&#8221;#ffffff&#8221; link_color=&#8221;#5599d1&#8243; icon=&#8221;fa-play&#8221; custom_css_class=&#8221;box-3&#8243; url=&#8221;url:https%3A%2F%2Fwww.paulonogueiraterapias.com%2Fcurso-de-reiki-tradicional-nivel-i%2F|title:Curso%20de%20Reiki%20Tradicional||&#8221; attachment_id=&#8221;10191&#8243; link_text=&#8221;Quiero saber m\u00e1s&#8221;]<\/p>\n<h2>Curso de Reiki tradicional<\/h2>\n<p>Con nosotros aprender\u00e1s a sentir y canalizar la energ\u00eda curativa para lograr el equilibrio f\u00edsico, emocional, mental y espiritual en ti mismo y en otras personas, as\u00ed como a elevar tu autoestima.[\/karma_builder_imagebox_2][\/vc_column][\/vc_row]<\/p>\n","protected":false},"excerpt":{"rendered":"<p>[vc_row full_width=&#8221;stretch_row&#8221; css=&#8221;.vc_custom_1464305269645{padding-top: 10px !important;padding-bottom: 10px !important;background-color: #ffffff !important;}&#8221;][vc_column width=&#8221;1\/3&#8243;][karma_builder_icon_content animate=&#8221;animate_none&#8221; type=&#8221;fontawesome&#8221; icon_fontawesome=&#8221;fa fa-check&#8221; icon_color=&#8221;#ffffff&#8221; icon_bg_color=&#8221;#86b946&#8243;] Nuestras terapias Disponemos de un amplio abanico de terapias para ayudarte a recuperar tu [&hellip;]<\/p>\n","protected":false},"author":1,"featured_media":0,"parent":0,"menu_order":0,"comment_status":"closed","ping_status":"closed","template":"","meta":{"om_disable_all_campaigns":false,"_mi_skip_tracking":false,"site-sidebar-layout":"no-sidebar","site-content-layout":"plain-container","ast-site-content-layout":"default","site-content-style":"default","site-sidebar-style":"default","ast-global-header-display":"","ast-banner-title-visibility":"","ast-main-header-display":"","ast-hfb-above-header-display":"","ast-hfb-below-header-display":"","ast-hfb-mobile-header-display":"","site-post-title":"disabled","ast-breadcrumbs-content":"","ast-featured-img":"disabled","footer-sml-layout":"","ast-disable-related-posts":"","theme-transparent-header-meta":"","adv-header-id-meta":"","stick-header-meta":"","header-above-stick-meta":"","header-main-stick-meta":"","header-below-stick-meta":"","astra-migrate-meta-layouts":"default","ast-page-background-enabled":"default","ast-page-background-meta":{"desktop":{"background-color":"var(--ast-global-color-5)","background-image":"","background-repeat":"repeat","background-position":"center center","background-size":"auto","background-attachment":"scroll","background-type":"","background-media":"","overlay-type":"","overlay-color":"","overlay-opacity":"","overlay-gradient":""},"tablet":{"background-color":"","background-image":"","background-repeat":"repeat","background-position":"center center","background-size":"auto","background-attachment":"scroll","background-type":"","background-media":"","overlay-type":"","overlay-color":"","overlay-opacity":"","overlay-gradient":""},"mobile":{"background-color":"","background-image":"","background-repeat":"repeat","background-position":"center center","background-size":"auto","background-attachment":"scroll","background-type":"","background-media":"","overlay-type":"","overlay-color":"","overlay-opacity":"","overlay-gradient":""}},"ast-content-background-meta":{"desktop":{"background-color":"var(--ast-global-color-4)","background-image":"","background-repeat":"repeat","background-position":"center center","background-size":"auto","background-attachment":"scroll","background-type":"","background-media":"","overlay-type":"","overlay-color":"","overlay-opacity":"","overlay-gradient":""},"tablet":{"background-color":"var(--ast-global-color-4)","background-image":"","background-repeat":"repeat","background-position":"center center","background-size":"auto","background-attachment":"scroll","background-type":"","background-media":"","overlay-type":"","overlay-color":"","overlay-opacity":"","overlay-gradient":""},"mobile":{"background-color":"var(--ast-global-color-4)","background-image":"","background-repeat":"repeat","background-position":"center center","background-size":"auto","background-attachment":"scroll","background-type":"","background-media":"","overlay-type":"","overlay-color":"","overlay-opacity":"","overlay-gradient":""}},"footnotes":""},"class_list":["post-15171","page","type-page","status-publish","hentry"],"aioseo_notices":[],"_links":{"self":[{"href":"https:\/\/www.paulonogueiraterapias.com\/es\/wp-json\/wp\/v2\/pages\/15171","targetHints":{"allow":["GET"]}}],"collection":[{"href":"https:\/\/www.paulonogueiraterapias.com\/es\/wp-json\/wp\/v2\/pages"}],"about":[{"href":"https:\/\/www.paulonogueiraterapias.com\/es\/wp-json\/wp\/v2\/types\/page"}],"author":[{"embeddable":true,"href":"https:\/\/www.paulonogueiraterapias.com\/es\/wp-json\/wp\/v2\/users\/1"}],"replies":[{"embeddable":true,"href":"https:\/\/www.paulonogueiraterapias.com\/es\/wp-json\/wp\/v2\/comments?post=15171"}],"version-history":[{"count":0,"href":"https:\/\/www.paulonogueiraterapias.com\/es\/wp-json\/wp\/v2\/pages\/15171\/revisions"}],"wp:attachment":[{"href":"https:\/\/www.paulonogueiraterapias.com\/es\/wp-json\/wp\/v2\/media?parent=15171"}],"curies":[{"name":"wp","href":"https:\/\/api.w.org\/{rel}","templated":true}]}}