{"id":15167,"date":"2013-01-16T00:00:06","date_gmt":"2013-01-16T00:00:06","guid":{"rendered":"https:\/\/www.paulonogueiraterapias.com\/politica-de-privacidad\/"},"modified":"2013-01-16T00:00:06","modified_gmt":"2013-01-16T00:00:06","slug":"politica-de-privacidad","status":"publish","type":"page","link":"https:\/\/www.paulonogueiraterapias.com\/es\/politica-de-privacidad\/","title":{"rendered":"Pol\u00edtica de privacidad"},"content":{"rendered":"<div style=\"font-size: 10pt;\"><strong>1. IDENTIFICACI\u00d3N DEL CONTROLADOR<\/strong><\/p>\n<ul>\n<li>Empresa: Paulo Jos\u00e9 Leal Nogueira (en adelante, Paulo Nogueira Terapias&#8221;)<\/li>\n<li>Sede social: Rua Jaime Lopes Dias, 2 &#8211; 12\u00baesq 1750-124 Lisboa<\/li>\n<li>NIF: PT228506514<\/li>\n<li>Contacto con el responsable de la protecci\u00f3n de datos: <a href=\"mailto:marcar@paulonogueiraterapias.com\">marcar@paulonogueiraterapias.com<\/a><\/li>\n<\/ul>\n<h3>2. Informaci\u00f3n y consentimiento<\/h3>\n<p>La Ley de Protecci\u00f3n de Datos de Car\u00e1cter Personal (en adelante &#8220;LPDP&#8221;) y el Reglamento General de Protecci\u00f3n de Datos (Reglamento (UE) 2016\/679 del Parlamento Europeo y del Consejo de 27 de abril de 2016, en adelante &#8220;RGPD&#8221;) garantizan la protecci\u00f3n de las personas f\u00edsicas en cuanto al tratamiento de datos personales y la libre circulaci\u00f3n de los mismos.<\/p>\n<p>En t\u00e9rminos legales, se considera &#8220;dato personal&#8221; toda informaci\u00f3n, de cualquier naturaleza y con independencia de su soporte, incluidos el sonido y la imagen, relativa a una persona f\u00edsica identificada o identificable, por lo que la protecci\u00f3n no abarca los datos de las personas jur\u00eddicas.<\/p>\n<p>Mediante la aceptaci\u00f3n de esta Pol\u00edtica de Privacidad, el usuario da su consentimiento informado, expreso, libre e inequ\u00edvoco para que los datos personales facilitados a trav\u00e9s del sitio web  <em>https:\/\/www.paulonogueiraterapias.com\/ <\/em>se incluyen en un fichero bajo la responsabilidad de Paulo Nogueira Terapias cuyo tratamiento en los t\u00e9rminos de la LPDP y el RGPD cumple con las medidas de seguridad t\u00e9cnicas y organizativas adecuadas.<\/p>\n<p>El espacio Paulo Nogueira Terapias, mantiene una base de datos con el registro de sus clientes. Los datos presentes en esta base son \u00fanicamente los facilitados por los usuarios en el momento de su registro, siendo recogidos y tratados de forma automatizada, en los t\u00e9rminos aprobados por la Comisi\u00f3n Nacional de Protecci\u00f3n de Datos, por Paulo Nogueira Terapias, entidad responsable del fichero correspondiente.<\/p>\n<p>En ning\u00fan caso se solicitar\u00e1 informaci\u00f3n sobre las convicciones filos\u00f3ficas o pol\u00edticas, la afiliaci\u00f3n a partidos o sindicatos, la fe religiosa, la vida privada y el origen racial o \u00e9tnico, as\u00ed como los datos relativos a la salud y la vida sexual, incluidos los datos gen\u00e9ticos.<br \/>\nEn ning\u00fan caso llevaremos a cabo ninguna de las siguientes actividades con los datos personales que se nos proporcionen a trav\u00e9s de este sitio:<\/p>\n<ul>\n<li>Transferencia a otras personas o entidades sin el consentimiento previo del interesado;<\/li>\n<li>Transferencia fuera del Espacio Econ\u00f3mico Europeo (EEE) sin el consentimiento previo del interesado.<\/li>\n<\/ul>\n<h3 style=\"text-align: justify;\">3. Protecci\u00f3n de datos<\/h3>\n<p style=\"text-align: justify;\">El espacio Paulo Nogueira Terapias apias y el sitio con el dominio paulonogueiraterapias.com, en adelante designado como sitio web del que el espacio Paulo Jos\u00e9 Leal Nogueira, empresario en nombre individual con NIF PT228502514, asume como propietario, respetan la privacidad de cada individuo. Los datos personales obtenidos ser\u00e1n tratados por Paulo Nogueira Terapias y su sitio web, exclusivamente, para responder a cualquier servicio que usted solicite y, en segundo lugar, con su consentimiento, para mejorar nuestro servicio y la forma en que le atendemos, inform\u00e1ndole sobre promociones o realizando otras actividades de marketing similares.<\/p>\n<p style=\"text-align: justify;\">Durante algunas de las interacciones entre el usuario y el sitio web, concretamente en los formularios de solicitud de servicios o informaci\u00f3n, es posible que se pida al usuario que facilite informaci\u00f3n personal como nombre, apellidos, correo electr\u00f3nico, tel\u00e9fono o ID de skype. Esta informaci\u00f3n se solicita para garantizar que cada persona sea tratada de forma personalizada y que se le pueda enviar informaci\u00f3n relevante (por ejemplo, a trav\u00e9s de un bolet\u00edn informativo) y siempre con su consentimiento previo.<\/p>\n<p style=\"text-align: justify;\">En cumplimiento de la LOPD (Ley Org\u00e1nica 15\/1999, de 13 de diciembre, de Protecci\u00f3n de Datos de Car\u00e1cter Personal), el usuario podr\u00e1 ejercer sus derechos de acceso, rectificaci\u00f3n y cancelaci\u00f3n de los datos registrados en un fichero automatizado propiedad de Paulo Nogueira Terapias, enviando un correo electr\u00f3nico a marcar@paulonogueiraterapias.com o una carta certificada a<br \/>\nPaulo Jos\u00e9 Leal Nogueira<br \/>\nRua Jaime Lopes Dias, 2 &#8211; 12\u00baEsq<br \/>\n1750-124 Lisboa<br \/>\nPortugal<\/p>\n<p style=\"text-align: justify;\">El usuario acepta expresamente que al facilitar sus datos est\u00e1 autorizando a Paulo Nogueira Terapias a enviar publicidad propia o de terceros relacionada con la venta de productos o servicios de consumo.<\/p>\n<p style=\"text-align: justify;\">El sitio web puede poner a disposici\u00f3n del usuario funcionalidades para que \u00e9ste pueda dar a conocer el sitio web a cualquier otra persona. Para hacer uso de esta funcionalidad, el usuario debe haber obtenido previamente el consentimiento expreso de los destinatarios para la cesi\u00f3n de sus datos con el fin de que el sitio web pueda enviar correos electr\u00f3nicos en su nombre, as\u00ed como para que el espacio de Paulo Nogueira Terapias env\u00ede publicidad propia o de terceros relacionada con las terapias alternativas, compra y venta de productos o servicios de consumo y es, por tanto, el \u00fanico responsable de eventuales sanciones o cualquier circunstancia derivada de irregularidades en la obtenci\u00f3n.<\/p>\n<h3>4. Fines del tratamiento de datos personales<\/h3>\n<p>Los datos personales que tratamos a trav\u00e9s del sitio web s\u00f3lo se utilizar\u00e1n para los siguientes fines:<\/p>\n<ul>\n<li>(i) Tramitaci\u00f3n de pedidos;<\/li>\n<li>(ii) Comunicaci\u00f3n con los clientes y aclaraci\u00f3n de dudas;<\/li>\n<li>(iii) Tramitaci\u00f3n de solicitudes de informaci\u00f3n;<\/li>\n<li>(iv) Tramitaci\u00f3n de reclamaciones;<\/li>\n<li>(v) Actividades de an\u00e1lisis estad\u00edstico;<\/li>\n<li>(vi) Verificar, mantener y desarrollar sistemas y an\u00e1lisis estad\u00edsticos;<\/li>\n<li>(vii) Comunicaciones de marketing directo (si ha dado su consentimiento para el tratamiento de sus datos personales con este fin);<\/li>\n<li>(viii) Prevenci\u00f3n y lucha contra el fraude;<\/li>\n<li>(ix) Solicitar comentarios sobre los productos o servicios adquiridos;<\/li>\n<li>(x) Realizaci\u00f3n de encuestas de satisfacci\u00f3n.<\/li>\n<li>(xi) Gesti\u00f3n y participaci\u00f3n en eventos, concursos y campa\u00f1as.<\/li>\n<\/ul>\n<p> Paulo Nogueira Terapias garantiza la confidencialidad de todos los datos facilitados por sus clientes. Aunque el sitio web recoge y procesa los datos de forma segura para evitar su p\u00e9rdida o manipulaci\u00f3n, utilizando las t\u00e9cnicas m\u00e1s avanzadas para ello, le informamos de que la recogida y tratamiento de datos en una red abierta permite que los datos personales circulen sin condiciones de seguridad, corriendo el riesgo de ser vistos y utilizados por terceros no autorizados.<\/p>\n<p>El sitio web cuenta con una sala de <em>chat<\/em> en la que los usuarios pueden hacer preguntas y aprovechar todos los servicios que ofrece el sitio web. En caso de que los usuarios suministren datos personales al espacio de Paulo Nogueira Terapias, a trav\u00e9s del referido <em>chat<\/em>, \u00e9stos no ser\u00e1n utilizados para ninguna finalidad distinta a la solicitada por el usuario.<\/p>\n<p>Por otro lado, el usuario consiente que se pueda acceder a la informaci\u00f3n relativa al servicio contratado con Paulo Nogueira Terapias para ofrecer servicios adicionales al contratado.<\/p>\n<p>En la recogida de datos personales, salvo que se indique lo contrario, el usuario podr\u00e1 aportar voluntariamente sus datos personales sin que la falta de respuesta implique una merma en la calidad o cantidad de los servicios correspondientes (salvo que se indique lo contrario). Sin embargo, la falta de respuesta a los datos, considerada obligatoria, implicar\u00e1 la imposibilidad de acceder al servicio para el que se solicitaron los datos.<\/p>\n<p>En caso de no estar de acuerdo con las condiciones anteriores, el espacio de Paulo Nogueira Terapias no podr\u00e1 contratar con el usuario a trav\u00e9s de su p\u00e1gina web.<\/p>\n<h3>5. Qu\u00e9 datos personales se recogen y c\u00f3mo se recogen<\/h3>\n<h4>5.1 Observaciones<\/h4>\n<p>Cuando los visitantes dejan comentarios en el sitio, los datos del formulario de comentarios, as\u00ed como la direcci\u00f3n IP y el agente de usuario del navegador, se almacenan para ayudar a detectar el spam.<\/p>\n<p>Una cadena an\u00f3nima creada a partir de tu direcci\u00f3n de correo electr\u00f3nico (tambi\u00e9n llamada hash) puede ser enviada al servicio Gravatar para verificar que lo est\u00e1s utilizando. La pol\u00edtica de privacidad del servicio Gravatar est\u00e1 disponible aqu\u00ed: https:\/\/automattic.com\/privacy\/. Una vez aprobado tu comentario, tu foto de perfil es visible para el p\u00fablico en el contexto de tu comentario.<\/p>\n<h4>5.2 Multimedia<\/h4>\n<p>Al subir im\u00e1genes al sitio, debe evitar subir im\u00e1genes con datos de geolocalizaci\u00f3n incrustados (EXIF GPS). Los visitantes pueden descargar y extraer datos de geolocalizaci\u00f3n de las im\u00e1genes del sitio.<\/p>\n<h4>5.3 Informaci\u00f3n sobre la navegaci\u00f3n en el sitio web<\/h4>\n<p>Mientras visita nuestro sitio web, nos registramos:<\/p>\n<ul>\n<li>Productos que ha visto: lo utilizaremos, por ejemplo, para mostrar los productos que ha visto recientemente<\/li>\n<li>Ubicaci\u00f3n, direcci\u00f3n IP y tipo de navegador: los utilizaremos para la estimaci\u00f3n de impuestos y env\u00edos<\/li>\n<li>Direcci\u00f3n de env\u00edo: le pediremos, por ejemplo, una estimaci\u00f3n de los gastos de env\u00edo antes de realizar un pedido<\/li>\n<\/ul>\n<p>Tambi\u00e9n utilizamos cookies para mantener el contenido de su cesta mientras navega por el sitio web.<\/p>\n<p>Cuando compre en nuestra tienda, le pediremos que nos facilite informaci\u00f3n como su nombre, direcci\u00f3n de facturaci\u00f3n, direcci\u00f3n de env\u00edo, direcci\u00f3n de correo electr\u00f3nico, n\u00famero de tel\u00e9fono, datos de la tarjeta de cr\u00e9dito\/pago e informaci\u00f3n opcional de la cuenta, como el nombre de usuario y la contrase\u00f1a. Utilizaremos esta informaci\u00f3n para fines tales como<\/p>\n<ul>\n<li>Enviarle informaci\u00f3n sobre su cuenta y su pedido<\/li>\n<li>Responder a sus solicitudes, incluidas las devoluciones y las reclamaciones<\/li>\n<li>Procesamiento de pagos y prevenci\u00f3n del fraude<\/li>\n<li>Configure su cuenta para nuestra tienda<\/li>\n<li>Cumplir con todas las obligaciones legales que tenemos, como el c\u00e1lculo de impuestos<\/li>\n<li>Mejora de las ofertas en nuestra tienda<\/li>\n<li>Enviarle mensajes de marketing, si desea recibirlos<\/li>\n<\/ul>\n<p>Si crea una cuenta, guardamos su nombre, direcci\u00f3n, correo electr\u00f3nico y n\u00famero de tel\u00e9fono, que se utilizar\u00e1n para completar sus datos en futuros pedidos.<\/p>\n<p>En general, almacenamos la informaci\u00f3n sobre usted durante el tiempo que necesitamos esos datos para las razones por las que los recogemos, y no estamos obligados por ley a seguir conserv\u00e1ndolos. Por ejemplo, almacenaremos la informaci\u00f3n durante 10 a\u00f1os con fines fiscales y contables. Esto incluye su nombre, direcci\u00f3n de correo electr\u00f3nico, direcci\u00f3n de facturaci\u00f3n y de env\u00edo.<\/p>\n<p>Guardamos los comentarios o valoraciones.<\/p>\n<h3 style=\"text-align: justify;\">6. Menores<\/h3>\n<p style=\"text-align: justify;\">El sitio web y sus contenidos est\u00e1n dirigidos a personas mayores de edad, por lo que si no eres mayor de edad, deber\u00e1s contar con la autorizaci\u00f3n expresa de tus padres o tutores legales antes de introducir tus datos personales en el sitio web.<\/p>\n<h3 style=\"text-align: justify;\">7. Galletas<\/h3>\n<p style=\"text-align: justify;\">El sitio web utiliza cookies para mejorar y personalizar la experiencia del usuario durante el uso del sitio web y para controlar el acceso a \u00e1reas restringidas. Las cookies son archivos de texto y pueden ser desactivadas por el usuario desde el navegador utilizado para acceder al sitio web (en este caso el contenido y la velocidad de navegaci\u00f3n pueden ser menos satisfactorios).<\/p>\n<p style=\"text-align: justify;\">La informaci\u00f3n recogida es en todos los casos an\u00f3nima y no contiene datos personales.<\/p>\n<p style=\"text-align: justify;\">Estos archivos de texto no contienen ning\u00fan registro de virus, no pueden utilizarse para ejecutar ning\u00fan programa y s\u00f3lo son accesibles a trav\u00e9s del servidor del dominio descrito.<\/p>\n<div style=\"text-align: justify;\">\n<p><strong>C\u00f3mo eliminar las cookies<\/strong><br \/>\nPuede eliminar f\u00e1cilmente las cookies que se han instalado en la carpeta de cookies de su navegador. Por ejemplo, si utiliza el Explorador de Windows de Microsoft:<\/p>\n<p>Abra el &#8216;Explorador de Windows<br \/>\nHaga clic en &#8220;Buscar&#8221; en la barra de herramientas<br \/>\nEscriba &#8220;cookie&#8221; en el cuadro de b\u00fasqueda de &#8220;Carpetas y archivos&#8221;.<br \/>\nSeleccione &#8220;Mi PC&#8221; en la casilla &#8220;Buscar en&#8221;.<br \/>\nHaga clic en &#8220;Buscar ahora&#8221;.<br \/>\nHaga doble clic en las carpetas encontradas<br \/>\nSeleccione cualquier archivo cookie<br \/>\nPulse el bot\u00f3n &#8220;Borrar&#8221; de su teclado<br \/>\nSi no utiliza el Explorador de Microsoft Windows, debe seleccionar &#8220;cookies&#8221; en la funci\u00f3n &#8220;Ayuda&#8221; para obtener m\u00e1s informaci\u00f3n sobre c\u00f3mo encontrar la carpeta de cookies.<\/p>\n<p><strong>Desactivar y activar las cookies<\/strong><br \/>\nUsted puede decidir si acepta o rechaza las cookies cambiando la configuraci\u00f3n de su navegador. Sin embargo, es posible que no pueda utilizar todas las funciones interactivas de nuestro sitio si las cookies est\u00e1n desactivadas. Si desea que se le notifique antes de que se acepte una cookie en su disco duro, siga las siguientes instrucciones:<\/p>\n<p><strong>Internet Explorer 6.0:<\/strong><br \/>\nIr al men\u00fa &#8220;Herramientas<br \/>\nHaga clic en &#8220;Opciones de Internet&#8221;.<br \/>\nHaga clic en la pesta\u00f1a &#8220;Privacidad&#8221;.<br \/>\nMueve el control deslizante para elegir tu configuraci\u00f3n preferida<br \/>\nHaga clic en &#8220;Aceptar&#8221;.<br \/>\nIr al directorio de cookies<br \/>\nBorrar todos los archivos presentes, significa que se borran todas las cookies<br \/>\nUna vez que elimine estos archivos, ya no tendr\u00e1 cookies y su navegador no enviar\u00e1 ni recibir\u00e1 nuevas cookies.<\/p>\n<p><strong>Internet Explorer 7.0:<\/strong><br \/>\nSalga de Internet Explorer 7, y luego salga de cualquier programa de Microsoft Windows Explorer<br \/>\nHaga clic en &#8220;Inicio&#8221;, haga clic en &#8220;Ejecutar&#8221;, escriba &#8220;inetcpl.cpl&#8221; y pulse ENTER<br \/>\nEn la pesta\u00f1a General, haga clic en &#8220;Eliminar&#8221; en el Historial de navegaci\u00f3n del cuadro de di\u00e1logo Propiedades de Internet<br \/>\nEn el cuadro de di\u00e1logo Eliminar el historial de navegaci\u00f3n, haga clic en &#8220;Eliminar las cookies&#8221;.<br \/>\nEn el cuadro de di\u00e1logo Eliminar cookies, haga clic en &#8220;S\u00ed&#8221;.<\/p>\n<p><strong>Internet Explorer 8.0:<\/strong><br \/>\nHaga clic en &#8220;Seguridad&#8221; en la barra de comandos<br \/>\nSeleccione &#8220;Eliminar el historial de navegaci\u00f3n&#8221;.<br \/>\nSeleccione la opci\u00f3n de cookies y haga clic en &#8220;Eliminar&#8221;.<br \/>\nPor otra parte, la nueva funci\u00f3n de navegaci\u00f3n privada de Internet Explorer 8 permite a los usuarios navegar por Internet sin registrar informaci\u00f3n sobre los sitios visitados (incluidas las cookies). Para el modo InPrivate del usuario:<br \/>\nHaga clic en &#8220;Seguridad&#8221; en la barra de comandos<br \/>\nSeleccione &#8220;Navegaci\u00f3n InPrivada&#8221;.<\/p>\n<p>Si tiene una versi\u00f3n de Internet Explorer m\u00e1s antigua que las indicadas, visite el sitio web de Microsoft para actualizarse a una versi\u00f3n m\u00e1s reciente.<\/p>\n<p><strong>Mozilla Firefox:<\/strong><br \/>\nHaga clic en &#8220;Herramientas&#8221; y luego en &#8220;Opciones&#8221; (o &#8220;Edici\u00f3n | Preferencias&#8221; en Linux)<br \/>\nSeleccione &#8220;Privacidad&#8221;.<br \/>\nEn el panel de cookies, haga clic en &#8220;Mostrar cookies&#8221;.<br \/>\nPara eliminar s\u00f3lo una cookie, haga clic en una espec\u00edfica de la lista y haga clic en el bot\u00f3n &#8220;Eliminar cookie<br \/>\nPara eliminar todas las cookies, haga clic en el bot\u00f3n &#8220;Eliminar todas las cookies&#8221;.<\/p>\n<p><strong>Google Chrome:<\/strong><br \/>\nHaga clic en el men\u00fa &#8220;Herramientas&#8221; y seleccione &#8220;Opciones&#8221;.<br \/>\nHaga clic en la pesta\u00f1a &#8220;Configuraci\u00f3n avanzada&#8221; y busque la secci\u00f3n &#8220;Seguridad&#8221;.<br \/>\nEn la secci\u00f3n &#8220;Configuraci\u00f3n de las cookies&#8221;, haga clic en el bot\u00f3n &#8220;Mostrar cookies<br \/>\nSeleccione &#8220;Borrar todo&#8221; para eliminar todas las cookies de la lista (alternativamente, puede eliminar todas las cookies creadas en un periodo de tiempo espec\u00edfico seleccionando la opci\u00f3n &#8220;Eliminar datos de navegaci\u00f3n&#8221; en el men\u00fa Herramientas)<br \/>\nPara eliminar una cookie espec\u00edfica, simplemente seleccione el sitio web del que procede la cookie en la lista y haga clic en &#8220;Eliminar&#8221;.<br \/>\nHaga clic en el bot\u00f3n Cerrar cuando haya terminado.<\/p>\n<p><strong>Safari:<\/strong><br \/>\nSeleccione &#8220;Preferencias&#8221; en el men\u00fa de Safari<br \/>\nSeleccione el icono &#8220;Seguridad&#8221;.<br \/>\nPulse el bot\u00f3n &#8220;Mostrar cookies&#8221;.<br \/>\nSeleccione las cookies que desea eliminar de la lista<br \/>\nPulse el bot\u00f3n Borrar.<\/p>\n<h3>8. Comentarios y campos de texto libre<\/h3>\n<\/div>\n<p style=\"text-align: justify;\">Es posible que en el sitio web haya campos de texto libre, tanto para los comentarios como en el proceso de registro. El usuario no incluir\u00e1 en estos campos de datos, informaci\u00f3n de car\u00e1cter personal que pueda ser catalogada como de nivel medio o alto, sin el previo consentimiento del espacio de Paulo Nogueira Terapias (a modo de ejemplo y sin pretender ser una lista exhaustiva, estos datos est\u00e1n relacionados con la salud, la ideolog\u00eda pol\u00edtica, las creencias religiosas o el contenido sexual).<\/p>\n<h3>9. C\u00f3mo se protegen sus datos<\/h3>\n<p>El espacio Paulo Nogueira Terapias declara que ha implantado y seguir\u00e1 implantando las medidas de seguridad de \u00edndole t\u00e9cnica y organizativa necesarias para garantizar la seguridad de los datos personales facilitados con el fin de evitar su alteraci\u00f3n, p\u00e9rdida, tratamiento y\/o acceso no autorizado, habida cuenta del estado actual de la tecnolog\u00eda, la naturaleza de los datos almacenados y los riesgos a los que est\u00e1n expuestos.<\/p>\n<p>El espacio de Paulo Nogueira Terapias garantiza la confidencialidad de todos los datos suministrados por sus clientes tanto en el registro, como en el proceso de compra\/pedido de productos o servicios. La recogida y el tratamiento de los datos se realizan de forma segura para evitar su p\u00e9rdida o manipulaci\u00f3n. Todos los datos se introducir\u00e1n en un servidor seguro (SSL de 128 bits) que los encripta\/encripta (los convierte en un c\u00f3digo). El usuario puede comprobar que su navegador es seguro si aparece el s\u00edmbolo del candado o si la direcci\u00f3n empieza por https en lugar de http.<\/p>\n<p>Los datos personales son tratados con el nivel de protecci\u00f3n legalmente exigido para garantizar su seguridad y evitar su alteraci\u00f3n, p\u00e9rdida, tratamiento o acceso no autorizado, habida cuenta del estado de la tecnolog\u00eda, siendo el usuario consciente y aceptando que las medidas de seguridad en Internet no son inexpugnables.<\/p>\n<p>El espacio de Paulo Nogueira Terapias, siempre que accede a cualquier dato personal, se compromete a:<\/p>\n<ul>\n<li>Almacenarlos mediante las medidas de seguridad de \u00edndole t\u00e9cnica y organizativa legalmente exigidas que garanticen su seguridad, evitando as\u00ed su alteraci\u00f3n, p\u00e9rdida, tratamiento o acceso no autorizado, de acuerdo con el estado de la tecnolog\u00eda en cada momento, la naturaleza de los datos y los posibles riesgos a los que est\u00e1n expuestos;<\/li>\n<li>Utilizar los datos exclusivamente para los fines definidos anteriormente;<\/li>\n<li>Garantizar que los datos sean tratados \u00fanicamente por los empleados cuya intervenci\u00f3n es necesaria para la prestaci\u00f3n del servicio, que est\u00e1n obligados al deber de secreto y confidencialidad. Si existe la posibilidad de que la informaci\u00f3n sea revelada a terceros, se les exigir\u00e1 que mantengan la debida confidencialidad de acuerdo con las disposiciones de este documento.<\/li>\n<\/ul>\n<h3 style=\"text-align: justify;\">10. Jurisdicci\u00f3n y ley aplicable<\/h3>\n<p style=\"text-align: justify;\">El uso de este sitio web se rige por la legislaci\u00f3n portuguesa, independientemente del entorno legal del usuario. Cualquier disputa que pueda surgir de la interpretaci\u00f3n de estas condiciones se resolver\u00e1 en los tribunales de Lisboa.<\/p>\n<\/div>\n","protected":false},"excerpt":{"rendered":"<p>1. IDENTIFICACI\u00d3N DEL CONTROLADOR Empresa: Paulo Jos\u00e9 Leal Nogueira (en adelante, Paulo Nogueira Terapias&#8221;) Sede social: Rua Jaime Lopes Dias, 2 &#8211; 12\u00baesq 1750-124 Lisboa NIF: PT228506514 Contacto con el [&hellip;]<\/p>\n","protected":false},"author":1,"featured_media":0,"parent":0,"menu_order":0,"comment_status":"closed","ping_status":"open","template":"","meta":{"om_disable_all_campaigns":false,"_mi_skip_tracking":false,"site-sidebar-layout":"default","site-content-layout":"","ast-site-content-layout":"default","site-content-style":"default","site-sidebar-style":"default","ast-global-header-display":"","ast-banner-title-visibility":"","ast-main-header-display":"","ast-hfb-above-header-display":"","ast-hfb-below-header-display":"","ast-hfb-mobile-header-display":"","site-post-title":"","ast-breadcrumbs-content":"","ast-featured-img":"","footer-sml-layout":"","ast-disable-related-posts":"","theme-transparent-header-meta":"","adv-header-id-meta":"","stick-header-meta":"","header-above-stick-meta":"","header-main-stick-meta":"","header-below-stick-meta":"","astra-migrate-meta-layouts":"default","ast-page-background-enabled":"default","ast-page-background-meta":{"desktop":{"background-color":"var(--ast-global-color-5)","background-image":"","background-repeat":"repeat","background-position":"center center","background-size":"auto","background-attachment":"scroll","background-type":"","background-media":"","overlay-type":"","overlay-color":"","overlay-opacity":"","overlay-gradient":""},"tablet":{"background-color":"","background-image":"","background-repeat":"repeat","background-position":"center center","background-size":"auto","background-attachment":"scroll","background-type":"","background-media":"","overlay-type":"","overlay-color":"","overlay-opacity":"","overlay-gradient":""},"mobile":{"background-color":"","background-image":"","background-repeat":"repeat","background-position":"center center","background-size":"auto","background-attachment":"scroll","background-type":"","background-media":"","overlay-type":"","overlay-color":"","overlay-opacity":"","overlay-gradient":""}},"ast-content-background-meta":{"desktop":{"background-color":"var(--ast-global-color-4)","background-image":"","background-repeat":"repeat","background-position":"center center","background-size":"auto","background-attachment":"scroll","background-type":"","background-media":"","overlay-type":"","overlay-color":"","overlay-opacity":"","overlay-gradient":""},"tablet":{"background-color":"var(--ast-global-color-4)","background-image":"","background-repeat":"repeat","background-position":"center center","background-size":"auto","background-attachment":"scroll","background-type":"","background-media":"","overlay-type":"","overlay-color":"","overlay-opacity":"","overlay-gradient":""},"mobile":{"background-color":"var(--ast-global-color-4)","background-image":"","background-repeat":"repeat","background-position":"center center","background-size":"auto","background-attachment":"scroll","background-type":"","background-media":"","overlay-type":"","overlay-color":"","overlay-opacity":"","overlay-gradient":""}},"footnotes":""},"class_list":["post-15167","page","type-page","status-publish","hentry"],"aioseo_notices":[],"_links":{"self":[{"href":"https:\/\/www.paulonogueiraterapias.com\/es\/wp-json\/wp\/v2\/pages\/15167","targetHints":{"allow":["GET"]}}],"collection":[{"href":"https:\/\/www.paulonogueiraterapias.com\/es\/wp-json\/wp\/v2\/pages"}],"about":[{"href":"https:\/\/www.paulonogueiraterapias.com\/es\/wp-json\/wp\/v2\/types\/page"}],"author":[{"embeddable":true,"href":"https:\/\/www.paulonogueiraterapias.com\/es\/wp-json\/wp\/v2\/users\/1"}],"replies":[{"embeddable":true,"href":"https:\/\/www.paulonogueiraterapias.com\/es\/wp-json\/wp\/v2\/comments?post=15167"}],"version-history":[{"count":0,"href":"https:\/\/www.paulonogueiraterapias.com\/es\/wp-json\/wp\/v2\/pages\/15167\/revisions"}],"wp:attachment":[{"href":"https:\/\/www.paulonogueiraterapias.com\/es\/wp-json\/wp\/v2\/media?parent=15167"}],"curies":[{"name":"wp","href":"https:\/\/api.w.org\/{rel}","templated":true}]}}