{"id":15162,"date":"2013-02-10T22:06:17","date_gmt":"2013-02-10T22:06:17","guid":{"rendered":"https:\/\/www.paulonogueiraterapias.com\/sesiones-de-lectura-del-aura-por-45e-hasta-el-31-de-diciembre18-promocion-en-facebook\/"},"modified":"2013-02-10T22:06:17","modified_gmt":"2013-02-10T22:06:17","slug":"sesiones-de-lectura-del-aura-por-45e-hasta-el-31-de-diciembre18-promocion-en-facebook","status":"publish","type":"page","link":"https:\/\/www.paulonogueiraterapias.com\/es\/sesiones-de-lectura-del-aura-por-45e-hasta-el-31-de-diciembre18-promocion-en-facebook\/","title":{"rendered":"Sesiones de lectura del aura por 45\u20ac hasta el 31 de diciembre&#8217;18 &#8211; Promoci\u00f3n en Facebook"},"content":{"rendered":"<div style=\"font-size: 10pt;\">Para participar en esta promoci\u00f3n especial para los fans de la p\u00e1gina Paulo Nogueira Terapias en Facebook s\u00f3lo tienes que dejar <strong style=\"font-size: 10pt;\">tu like<\/strong> en <a style=\"font-size: 10pt;\" title=\"Fan Page Paulo Nogueira Terapias\" href=\"https:\/\/www.facebook.com\/PauloNogueiraTerapias\">https:\/\/www.facebook.com\/PauloNogueiraTerapias<\/a>.<\/div>\n<div style=\"font-size: 10pt;\"><\/div>\n<div style=\"font-size: 10pt; text-align: justify;\">Al unirse a la promoci\u00f3n, el precio de su consulta se reducir\u00e1 de 60 libras (valor de mercado de una sesi\u00f3n de esta terapia) a 45 libras.<\/div>\n<div style=\"font-size: 10pt; text-align: justify;\"><\/div>\n<div style=\"font-size: 10pt; text-align: justify;\"><\/div>\n<p style=\"font-size: 10pt; text-align: justify;\"><strong>Una sesi\u00f3n de <a title=\"Leitura de Aura\" href=\"https:\/\/www.paulonogueiraterapias.com\/leitura-de-aura\/\" target=\"_blank\" rel=\"noopener\">Terapia de Lectura del Aura<\/a> no s\u00f3lo diagnostica todo el momento presente de la vida de una persona, sino que tambi\u00e9n lo altera en funci\u00f3n de su bien final. Por este motivo, esta terapia s\u00f3lo se repite cuando han transcurrido al menos 3 meses desde la \u00faltima.<\/strong><\/p>\n<p style=\"font-size: 10pt; text-align: justify;\">Al final de tu sesi\u00f3n, te enviaremos el archivo de audio (formato WMA) de tu lectura para que lo recuerdes.<\/p>\n<p style=\"text-align: justify; font-size: 10pt;\">Esta promoci\u00f3n es v\u00e1lida <span style=\"color: #ff0000;\"><br \/>\n  <strong>s\u00f3lo en diciembre.<\/strong><br \/>\n<\/span><\/p>\n<p style=\"text-align: justify;\"><!--cforms name=\"Marcar consulta promocional\"--><\/p>\n<p><!-- \n\n<h4>Terapeutas dispon\u00edveis<\/h4>\n\n\n--><\/p>\n<p style=\"text-align: justify; font-size: 10pt;\">Paulo Nogueira es terapeuta de lectura del aura desde 2010 y ha realizado m\u00e1s de 1.300 lecturas del aura desde que comenz\u00f3 su viaje espiritual.<br \/>\n<!--C\u00e9lia de Jesus, fundadora do espa\u00e7o TreeNaturaTerapias e canal dos Arturianos, \u00e9 Terapeuta de Leitura de Aura Gen\u00e9rica, Leitura de Aura de Relacionamentos, Leitura de Aura de Prosperidade e Leitura de Aura Tem\u00e1tica.--><\/p>\n<h3 style=\"text-align: justify;\">Consultas de menos de 45 a\u00f1os<\/h3>\n<div style=\"font-size: 10pt;\">\n<p style=\"text-align: justify;\">Para conseguir un descuento a\u00fan mayor, es decir, que tu consulta de lectura del aura sea inferior a 45 euros, tenemos una promoci\u00f3n a\u00fan mejor en la que por cada <a title=\"Partilha no Facebook para desconto\" href=\"https:\/\/www.facebook.com\/PauloNogueiraTerapias\/photos\/a.347097342055547.77535.347009722064309\/646146555483956\/?type=1&amp;theater\" target=\"_blank\" rel=\"noopener\">compartici\u00f3n de este<\/a> post que hagas con un amigo en Facebook recibes un descuento.<\/p>\n<p style=\"text-align: justify;\">Para participar s\u00f3lo tienes que<\/p>\n<p><strong>1\u00ba<\/strong> Acceder al post de la promoci\u00f3n de la Lectura del Aura para compartirlo en Facebook<br \/>\n<strong>2\u00ba<\/strong> Comparte este post en tu muro<br \/>\n<strong>3\u00ba<\/strong> Desde tu muro, comparte este post con tus amigos. Por cada amigo diferente con el que compartes la publicaci\u00f3n, obtienes un descuento.<\/p>\n<p style=\"font-size: 10pt; text-align: justify;\">Adem\u00e1s, por cada <strong>acci\u00f3n que realice<\/strong>, tendr\u00e1 derecho a un <strong>descuento de 0,20 libras<\/strong>.<br \/>\nPor ejemplo, si compartes con 150 amigos, se descontar\u00e1n 30\u20ac de la promoci\u00f3n de 45\u20ac, por lo que s\u00f3lo pagar\u00e1s 10\u20ac por tu consulta.<br \/>\nSi compartes <strong style=\"line-height: 1.714285714; font-size: 10pt;\">con 200 amigos<\/strong>, tu <strong style=\"line-height: 1.714285714; font-size: 10pt;\">consulta <a title=\"Leitura de Aura\" href=\"https:\/\/www.paulonogueiraterapias.com\/leitura-de-aura\/\">de lectura del aura<\/a><\/strong> ser\u00e1 completamente gratuita.<br \/>\n<span style=\"font-size: small;\">Si se superan las 200 invitaciones, se obtienen cr\u00e9ditos que pueden convertirse en descuentos para <\/span><a style=\"line-height: 1.714285714; font-size: 10pt;\" title=\"Terapia Multidimensional\" href=\"https:\/\/www.paulonogueiraterapias.com\/terapia-multidimensional\/\">Terapia multidimensional<\/a><span style=\"font-size: small;\">.<\/span><\/p>\n<p style=\"text-align: justify; font-size: 10pt;\"><span style=\"font-size: small;\" data-mce-mark=\"1\">Con esta promoci\u00f3n:<\/span><\/p>\n<div style=\"font-size: 10pt;\">\n<ul>\n<li style=\"text-align: justify;\">puedes tener una sesi\u00f3n de esta terapia a un precio muy inferior al del mercado (60\u20ac) porque <strong>al hacer como el precio baja de 60\u20ac a 45\u20ac<\/strong>.<\/li>\n<li style=\"text-align: justify;\">por cada acci\u00f3n obtienes un descuento de 0,20\u20ac, as\u00ed que <strong>t\u00fa decides cu\u00e1nto quieres o puedes pagar por tu consulta<\/strong><\/li>\n<li style=\"text-align: justify;\">permite a todos acceder a una poderosa herramienta de autoconocimiento y transformaci\u00f3n de la vida independientemente de su estado financiero actual, ya que sabemos que hay personas que se beneficiar\u00edan inmensamente de esta terapia pero que no tendr\u00edan forma de pagar por lo que el  <strong>la cuesti\u00f3n financiera ya no es un obst\u00e1culo para su evoluci\u00f3n espiritual<\/strong><\/li>\n<\/ul>\n<h4>Asesoramiento a distancia<\/h4>\n<ul>\n<li style=\"text-align: justify;\"><span data-mce-mark=\"1\"><span data-mce-mark=\"1\">Las lecturas del aura se pueden hacer en persona en Lisboa o a distancia.<br \/>\n<\/span><\/span><\/li>\n<li style=\"text-align: justify;\">Las lecturas del aura a distancia se pueden hacer a trav\u00e9s de Skype, MSN o Facebook webcam.<\/li>\n<li style=\"text-align: justify;\">Para las consultas a distancia, si tienes problemas con tu conexi\u00f3n a internet o si es lenta, puedes apuntarte a ella y solicitar una lectura del aura sin tener que estar conectado.<\/li>\n<li style=\"text-align: justify;\">En la consulta a distancia, se le entregar\u00e1 la grabaci\u00f3n de su lectura mediante un enlace de descarga.<\/li>\n<\/ul>\n<\/div>\n<div style=\"font-size: 10pt;\">\n<p style=\"text-align: justify;\">Si, por cualquier motivo, no puede desplazarse, la consulta puede realizarse en su domicilio si se encuentra en la zona del municipio de Lisboa, a lo que se a\u00f1adir\u00e1 un coste de desplazamiento de 10\u20ac.<\/p>\n<\/div>\n<\/div>\n","protected":false},"excerpt":{"rendered":"<p>Para participar en esta promoci\u00f3n especial para los fans de la p\u00e1gina Paulo Nogueira Terapias en Facebook s\u00f3lo tienes que dejar tu like en https:\/\/www.facebook.com\/PauloNogueiraTerapias. Al unirse a la promoci\u00f3n, [&hellip;]<\/p>\n","protected":false},"author":1,"featured_media":0,"parent":0,"menu_order":0,"comment_status":"closed","ping_status":"open","template":"","meta":{"om_disable_all_campaigns":false,"_mi_skip_tracking":false,"site-sidebar-layout":"default","site-content-layout":"","ast-site-content-layout":"default","site-content-style":"default","site-sidebar-style":"default","ast-global-header-display":"","ast-banner-title-visibility":"","ast-main-header-display":"","ast-hfb-above-header-display":"","ast-hfb-below-header-display":"","ast-hfb-mobile-header-display":"","site-post-title":"","ast-breadcrumbs-content":"","ast-featured-img":"","footer-sml-layout":"","ast-disable-related-posts":"","theme-transparent-header-meta":"","adv-header-id-meta":"","stick-header-meta":"","header-above-stick-meta":"","header-main-stick-meta":"","header-below-stick-meta":"","astra-migrate-meta-layouts":"default","ast-page-background-enabled":"default","ast-page-background-meta":{"desktop":{"background-color":"var(--ast-global-color-5)","background-image":"","background-repeat":"repeat","background-position":"center center","background-size":"auto","background-attachment":"scroll","background-type":"","background-media":"","overlay-type":"","overlay-color":"","overlay-opacity":"","overlay-gradient":""},"tablet":{"background-color":"","background-image":"","background-repeat":"repeat","background-position":"center center","background-size":"auto","background-attachment":"scroll","background-type":"","background-media":"","overlay-type":"","overlay-color":"","overlay-opacity":"","overlay-gradient":""},"mobile":{"background-color":"","background-image":"","background-repeat":"repeat","background-position":"center center","background-size":"auto","background-attachment":"scroll","background-type":"","background-media":"","overlay-type":"","overlay-color":"","overlay-opacity":"","overlay-gradient":""}},"ast-content-background-meta":{"desktop":{"background-color":"var(--ast-global-color-4)","background-image":"","background-repeat":"repeat","background-position":"center center","background-size":"auto","background-attachment":"scroll","background-type":"","background-media":"","overlay-type":"","overlay-color":"","overlay-opacity":"","overlay-gradient":""},"tablet":{"background-color":"var(--ast-global-color-4)","background-image":"","background-repeat":"repeat","background-position":"center center","background-size":"auto","background-attachment":"scroll","background-type":"","background-media":"","overlay-type":"","overlay-color":"","overlay-opacity":"","overlay-gradient":""},"mobile":{"background-color":"var(--ast-global-color-4)","background-image":"","background-repeat":"repeat","background-position":"center center","background-size":"auto","background-attachment":"scroll","background-type":"","background-media":"","overlay-type":"","overlay-color":"","overlay-opacity":"","overlay-gradient":""}},"footnotes":""},"class_list":["post-15162","page","type-page","status-publish","hentry"],"aioseo_notices":[],"_links":{"self":[{"href":"https:\/\/www.paulonogueiraterapias.com\/es\/wp-json\/wp\/v2\/pages\/15162","targetHints":{"allow":["GET"]}}],"collection":[{"href":"https:\/\/www.paulonogueiraterapias.com\/es\/wp-json\/wp\/v2\/pages"}],"about":[{"href":"https:\/\/www.paulonogueiraterapias.com\/es\/wp-json\/wp\/v2\/types\/page"}],"author":[{"embeddable":true,"href":"https:\/\/www.paulonogueiraterapias.com\/es\/wp-json\/wp\/v2\/users\/1"}],"replies":[{"embeddable":true,"href":"https:\/\/www.paulonogueiraterapias.com\/es\/wp-json\/wp\/v2\/comments?post=15162"}],"version-history":[{"count":0,"href":"https:\/\/www.paulonogueiraterapias.com\/es\/wp-json\/wp\/v2\/pages\/15162\/revisions"}],"wp:attachment":[{"href":"https:\/\/www.paulonogueiraterapias.com\/es\/wp-json\/wp\/v2\/media?parent=15162"}],"curies":[{"name":"wp","href":"https:\/\/api.w.org\/{rel}","templated":true}]}}