{"id":15158,"date":"2012-12-15T21:06:34","date_gmt":"2012-12-15T21:06:34","guid":{"rendered":"https:\/\/www.paulonogueiraterapias.com\/kundalini-reiki\/"},"modified":"2025-05-20T17:34:32","modified_gmt":"2025-05-20T17:34:32","slug":"kundalini-reiki","status":"publish","type":"page","link":"https:\/\/www.paulonogueiraterapias.com\/es\/kundalini-reiki\/","title":{"rendered":"Kundalini Reiki"},"content":{"rendered":"<div style=\"font-size: 10pt;\">\n<h3 style=\"text-align: justify;\">\u00bfQu\u00e9 es la Kundalini?<\/h3>\n<p style=\"text-align: justify;\">Kundalini es un t\u00e9rmino s\u00e1nscrito que significa &#8220;enroscado&#8221;, lo que tiene forma de serpiente.<br \/>\nLa Kundalini es una forma de bioenerg\u00eda latente en el cuerpo humano, concentrada en la base de la columna vertebral, situada en la regi\u00f3n de los genitales, transmisores de vida y fuerza.<br \/>\nSeg\u00fan DeRose, la Kundalini est\u00e1 &#8220;dormida&#8221; como una serpiente de fuego, enrollada tres veces y media en el <em> <a title=\"Chakras\" href=\"http:\/\/localhost\/pnt\/wordpress\/chakras\/\">chakra<\/a> m\u00fal\u00e1dh\u00e1ra<\/em>, el centro de fuerza que todos poseemos en la base de la columna vertebral y los genitales.<br \/>\nMientras la Kundalini est\u00e1 dormida, es como una llama congelada, un fuego quieto. Una vez despierta, es tan poderosa que el hinduismo la considera una diosa, la Madre Divina, la Shakti Universal.<\/p>\n<p style=\"text-align: justify;\">DeRose tambi\u00e9n nos dice que &#8220;de hecho, todo depende de ella seg\u00fan su grado de actividad: la tendencia del hombre a la verticalidad, la salud del cuerpo, los poderes paranormales, la iluminaci\u00f3n interior que le arranca de su condici\u00f3n de mam\u00edfero humano y le catapulta en una sola vida a la meta de la evoluci\u00f3n sin esperar el fatalismo de otras existencias posibles.&#8221;<\/p>\n<p style=\"text-align: justify;\">La kundalini se define como una energ\u00eda f\u00edsica, de naturaleza nerviosa y de manifestaci\u00f3n sexual. Cuando se excita, es conducido por el sistema nervioso central al cerebro. En este proceso alqu\u00edmico de transmutaci\u00f3n, se exacerban la inteligencia, la creatividad, las percepciones y los estados ampliados de conciencia. Con el despertar de la Kundalini no s\u00f3lo se producen visiones trascendentes. Tambi\u00e9n se produce el desarrollo de la inteligencia creativa y el despertar de las facultades sobrenaturales.<\/p>\n<p style=\"text-align: center;\"><img loading=\"lazy\" decoding=\"async\" width=\"183\" height=\"220\" class=\" wp-image-57 aligncenter\" src=\"https:\/\/www.paulonogueiraterapias.com\/wp-content\/uploads\/2012\/12\/496_kundalini_reiki1.jpg\" alt=\"Antes da sintoniza\u00e7\u00e3o Kundalini Reiki I\"><\/p>\n<h3 style=\"text-align: justify;\">Kundalini Reiki I &#8211; Preparaci\u00f3n<\/h3>\n<p style=\"text-align: justify;\">En la sintonizaci\u00f3n de primer nivel, el canal de energ\u00eda principal del cuerpo (el <em>shushumna<\/em>) y los principales centros de energ\u00eda (chakras) se limpian y abren para permitir la canalizaci\u00f3n de la energ\u00eda Reiki. Al mismo tiempo, el iniciado es preparado para el despertar de Kundalini en el segundo nivel de Kundalini Reiki.<\/p>\n<p style=\"text-align: justify;\">Los chakras de la corona, del coraz\u00f3n y de las manos se abren y fortalecen. En este nivel, se ense\u00f1a al futuro terapeuta a realizar un tratamiento curativo completo, as\u00ed como la curaci\u00f3n a distancia.<\/p>\n<p style=\"text-align: justify;\">Despu\u00e9s de estar en sinton\u00eda con este nivel, el terapeuta ser\u00e1 capaz de dar tratamientos de Reiki a s\u00ed mismo y a otros, aunque todav\u00eda no puede hacerlo en combinaci\u00f3n con la energ\u00eda Kundalini.<\/p>\n<h3>Kundalini Reiki II &#8211; Activaci\u00f3n<\/h3>\n<p style=\"text-align: justify;\">Esta sintonizaci\u00f3n continuar\u00e1 abriendo a\u00fan m\u00e1s profundamente la susa\u00f1a y los chakras y, m\u00e1s en particular, el chakra de la tercera vista.<\/p>\n<p style=\"text-align: justify;\">El chakra del coraz\u00f3n seguir\u00e1 expandi\u00e9ndose y, lo que es m\u00e1s importante, la Kundalini empezar\u00e1 a despertarse.<br \/>\nLa energ\u00eda Kundalini empezar\u00e1 a fluir hacia arriba, hacia el chakra de la coronilla, mientras que la llama de la Kundalini alcanzar\u00e1 el chakra del plexo solar y, finalmente, tambi\u00e9n el chakra del coraz\u00f3n.<\/p>\n<p style=\"text-align: justify;\">Despu\u00e9s de estar en sinton\u00eda con este nivel, el terapeuta ya puede combinar las energ\u00edas de la Kundalini y el Reiki, pero s\u00f3lo en el caso del autotratamiento.<\/p>\n<h3>Kundalini Reiki III &#8211; Aumento<\/h3>\n<p style=\"text-align: justify;\">En la sintonizaci\u00f3n de nivel III, se refuerzan las sintonizaciones anteriores, el chakra del coraz\u00f3n contin\u00faa expandi\u00e9ndose, as\u00ed como el shushumna.<\/p>\n<p style=\"text-align: justify;\">En este nivel el terapeuta es capaz de iniciar a otros terapeutas en los 3 niveles y un conjunto de nuevas energ\u00edas \u00fatiles y poderosas se instalan en el iniciado.<\/p>\n<p style=\"text-align: center;\"><a href=\"http:\/\/localhost\/pnt\/wordpress\/kundalini-reiki\/496_kundalini_reiki\/\" rel=\"attachment wp-att-59\"><img loading=\"lazy\" decoding=\"async\" width=\"300\" height=\"146\" class=\" wp-image-59 aligncenter\" src=\"https:\/\/www.paulonogueiraterapias.com\/wp-content\/uploads\/2012\/12\/496_kundalini_reiki.jpg\" alt=\"N\u00edveis de Kundalini Reiki\"><\/a><\/p>\n<p style=\"text-align: justify;\"><strong>Duraci\u00f3n de la sesi\u00f3n:<\/strong> 20 minutos<br \/>\n<strong>Tratamiento<\/strong><strong>presencial:<\/strong> 15\u20ac<br \/>\n<strong>Tratamiento a distancia:<\/strong> 10<\/p>\n<p style=\"text-align: justify;\">Las iniciaciones se pueden hacer en persona o a distancia.<br \/>\n<strong>Iniciaci\u00f3n al Kundalini Reiki I<\/strong>: 20\u20ac<br \/>\n<strong>Iniciaci\u00f3n al Kundalini Reiki II<\/strong>: 30\u20ac<br \/>\n<strong>Iniciaci\u00f3n al Kundalini Reiki III<\/strong>: 50\u20ac.<\/p>\n<p style=\"text-align: justify;\"><strong>Todas las afinaciones<\/strong>: \u00a490<\/p>\n<\/div>\n","protected":false},"excerpt":{"rendered":"<p>\u00bfQu\u00e9 es la Kundalini? Kundalini es un t\u00e9rmino s\u00e1nscrito que significa &#8220;enroscado&#8221;, lo que tiene forma de serpiente. La Kundalini es una forma de bioenerg\u00eda latente en el cuerpo humano, [&hellip;]<\/p>\n","protected":false},"author":1,"featured_media":0,"parent":0,"menu_order":1,"comment_status":"closed","ping_status":"closed","template":"","meta":{"om_disable_all_campaigns":false,"_mi_skip_tracking":false,"site-sidebar-layout":"default","site-content-layout":"","ast-site-content-layout":"default","site-content-style":"default","site-sidebar-style":"default","ast-global-header-display":"","ast-banner-title-visibility":"","ast-main-header-display":"","ast-hfb-above-header-display":"","ast-hfb-below-header-display":"","ast-hfb-mobile-header-display":"","site-post-title":"","ast-breadcrumbs-content":"","ast-featured-img":"","footer-sml-layout":"","ast-disable-related-posts":"","theme-transparent-header-meta":"","adv-header-id-meta":"","stick-header-meta":"","header-above-stick-meta":"","header-main-stick-meta":"","header-below-stick-meta":"","astra-migrate-meta-layouts":"default","ast-page-background-enabled":"default","ast-page-background-meta":{"desktop":{"background-color":"var(--ast-global-color-5)","background-image":"","background-repeat":"repeat","background-position":"center center","background-size":"auto","background-attachment":"scroll","background-type":"","background-media":"","overlay-type":"","overlay-color":"","overlay-opacity":"","overlay-gradient":""},"tablet":{"background-color":"","background-image":"","background-repeat":"repeat","background-position":"center center","background-size":"auto","background-attachment":"scroll","background-type":"","background-media":"","overlay-type":"","overlay-color":"","overlay-opacity":"","overlay-gradient":""},"mobile":{"background-color":"","background-image":"","background-repeat":"repeat","background-position":"center center","background-size":"auto","background-attachment":"scroll","background-type":"","background-media":"","overlay-type":"","overlay-color":"","overlay-opacity":"","overlay-gradient":""}},"ast-content-background-meta":{"desktop":{"background-color":"var(--ast-global-color-4)","background-image":"","background-repeat":"repeat","background-position":"center center","background-size":"auto","background-attachment":"scroll","background-type":"","background-media":"","overlay-type":"","overlay-color":"","overlay-opacity":"","overlay-gradient":""},"tablet":{"background-color":"var(--ast-global-color-4)","background-image":"","background-repeat":"repeat","background-position":"center center","background-size":"auto","background-attachment":"scroll","background-type":"","background-media":"","overlay-type":"","overlay-color":"","overlay-opacity":"","overlay-gradient":""},"mobile":{"background-color":"var(--ast-global-color-4)","background-image":"","background-repeat":"repeat","background-position":"center center","background-size":"auto","background-attachment":"scroll","background-type":"","background-media":"","overlay-type":"","overlay-color":"","overlay-opacity":"","overlay-gradient":""}},"footnotes":""},"class_list":["post-15158","page","type-page","status-publish","hentry"],"aioseo_notices":[],"_links":{"self":[{"href":"https:\/\/www.paulonogueiraterapias.com\/es\/wp-json\/wp\/v2\/pages\/15158","targetHints":{"allow":["GET"]}}],"collection":[{"href":"https:\/\/www.paulonogueiraterapias.com\/es\/wp-json\/wp\/v2\/pages"}],"about":[{"href":"https:\/\/www.paulonogueiraterapias.com\/es\/wp-json\/wp\/v2\/types\/page"}],"author":[{"embeddable":true,"href":"https:\/\/www.paulonogueiraterapias.com\/es\/wp-json\/wp\/v2\/users\/1"}],"replies":[{"embeddable":true,"href":"https:\/\/www.paulonogueiraterapias.com\/es\/wp-json\/wp\/v2\/comments?post=15158"}],"version-history":[{"count":0,"href":"https:\/\/www.paulonogueiraterapias.com\/es\/wp-json\/wp\/v2\/pages\/15158\/revisions"}],"wp:attachment":[{"href":"https:\/\/www.paulonogueiraterapias.com\/es\/wp-json\/wp\/v2\/media?parent=15158"}],"curies":[{"name":"wp","href":"https:\/\/api.w.org\/{rel}","templated":true}]}}