{"id":15156,"date":"2013-03-08T02:06:35","date_gmt":"2013-03-08T02:06:35","guid":{"rendered":"https:\/\/www.paulonogueiraterapias.com\/terapia-multidimensional\/"},"modified":"2013-03-08T02:06:35","modified_gmt":"2013-03-08T02:06:35","slug":"terapia-multidimensional","status":"publish","type":"page","link":"https:\/\/www.paulonogueiraterapias.com\/es\/terapia-multidimensional\/","title":{"rendered":"Terapia Multidimensional"},"content":{"rendered":"<div style=\"font-size: 10pt;\">La terapia multidimensional es una terapia energ\u00e9tica que permite:<\/div>\n<div style=\"font-size: 10pt;\">\n<ul style=\"text-align: justify;\">\n<li><a title=\"Obst\u00e1culos en la vida amorosa\" href=\"https:\/\/www.paulonogueiraterapias.com\/bloqueios-na-vida-amorosa\/\">curaci\u00f3n de situaciones y bloqueos en la vida amorosa<\/a><\/li>\n<li><a title=\"Sanaci\u00f3n de cerraduras amorosas\" href=\"https:\/\/www.paulonogueiraterapias.com\/cura-de-bloqueios-amorosos\/\">curaci\u00f3n de bloqueos amorosos<\/a> (timidez en el amor, dificultad para comunicar los sentimientos y las relaciones, atraer a la persona adecuada, celos excesivos, miedo a perder a la pareja, <a href=\"https:\/\/www.paulonogueiraterapias.com\/terapia-multidimensional-superar-uma-traicao\/\">superar una traici\u00f3n<\/a>, etc.)<\/li>\n<li>eliminar las emociones energ\u00e9ticas de baja frecuencia como la ira, el miedo, el estr\u00e9s, la apat\u00eda, la tristeza constante y los <a href=\"https:\/\/www.paulonogueiraterapias.com\/superar-sentimentos-de-solidao\/\">sentimientos de soledad<\/a><\/li>\n<li>ayudar a superar los sentimientos negativos profundos motivados por la p\u00e9rdida (de seres queridos, relaciones afectivas, empleo) o a punto de perder<\/li>\n<li>armonizar y pacificar las relaciones familiares, amorosas y <a href=\"https:\/\/www.paulonogueiraterapias.com\/terapia-multidimensional-melhorar-relacionamentos-profissionais\/\">profesionales<\/a><\/li>\n<li><a href=\"https:\/\/www.paulonogueiraterapias.com\/terapia-multidimensional-efeitos\/#terapia-multidimensional-aumentar-auto-confianca\">aumentar el nivel de confianza en s\u00ed mismo<\/a> para situaciones espec\u00edficas (aprobar el examen de conducir, los ex\u00e1menes en la escuela y la universidad, etc.)<\/li>\n<li>curar el comportamiento obsesivo y compulsivo<\/li>\n<li><a title=\"Cura de baixa auto-estima\" href=\"https:\/\/www.paulonogueiraterapias.com\/cura-de-baixa-auto-estima\/\">curar el s\u00edndrome de baja autoestima<\/a> (dependencia de la aprobaci\u00f3n de los dem\u00e1s, incapacidad de expresar la propia personalidad, etc.)<\/li>\n<li><span style=\"line-height: 14px;\">curaci\u00f3n de patrones repetitivos<\/span><\/li>\n<li>curaci\u00f3n de recuerdos traum\u00e1ticos (accidentes de tr\u00e1fico, acoso escolar, violaciones, abusos sexuales, etc.)<\/li>\n<li>cura para el bloqueo al hablar en p\u00fablico<\/li>\n<li><a title=\"Terapia Multidimensional \u2013 o resgate de corpo\" href=\"https:\/\/www.paulonogueiraterapias.com\/terapia-multidimensional-o-resgate-de-corpo\/\">rescates de cad\u00e1veres<\/a><\/li>\n<li><a title=\"Terapia Multidimensional \u2013 o resgate da alma\" href=\"https:\/\/www.paulonogueiraterapias.com\/terapia-multidimensional-o-resgate-da-alma\/\">rescates del alma<\/a><\/li>\n<li>rescate de la misi\u00f3n<\/li>\n<li>resolver los problemas k\u00e1rmicos<\/li>\n<li><a title=\"Desmanche de magia\" href=\"https:\/\/www.paulonogueiraterapias.com\/terapia-multidimensional-limpeza-de-magia\/\">limpieza m\u00e1gica<\/a><\/li>\n<li>cirug\u00edas espirituales<\/li>\n<li><a title=\"Rescate del ni\u00f1o interior\" href=\"https:\/\/www.paulonogueiraterapias.com\/resgate-da-crianca-interior\/\">rescate del ni\u00f1o interior<\/a><\/li>\n<li>limpiar a los obsesores (&#8220;encostas&#8221;) y posteriormente guiarlos hacia la Luz<\/li>\n<li>limpieza energ\u00e9tica de los hogares familiares y reenv\u00edo de las energ\u00edas nocivas<\/li>\n<li><a href=\"https:\/\/www.paulonogueiraterapias.com\/revogar-votos-e-promessas-de-vidas-passadas\/\">revocaci\u00f3n de los votos de pobreza, obediencia y castidad<\/a> (a veces realizados en vidas pasadas cuando se pertenec\u00eda a una determinada orden religiosa que los impon\u00eda, interfieren en la encarnaci\u00f3n actual con el \u00e9xito financiero y amoroso)<\/li>\n<\/ul>\n<p style=\"text-align: justify;\"><span style=\"line-height: 1.714285714; font-size: 10pt;\">Esta poderosa terapia es llevada a cabo por Seres de Luz sobre las situaciones de la vida del paciente. Su \u00e1mbito es todo lo ps\u00edquico y espiritual, trabajando sobre diferentes aspectos del ser como el Ni\u00f1o Interior, la Sombra, etc. Todo el trabajo es conducido por los Seres de Luz respetando siempre la Ley del Libre Albedr\u00edo, los m\u00e9ritos de cada ser y sus necesidades en t\u00e9rminos de aprendizaje espiritual en el plano de la materia, sirviendo el terapeuta s\u00f3lo como canal intermediario entre el paciente y los Seres de Luz.<\/span><\/p>\n<p style=\"text-align: justify;\">La Terapia Multidimensional es una herramienta extraordinaria para ayudar en el proceso de ascensi\u00f3n a la quinta dimensi\u00f3n y utiliza el coraz\u00f3n como un portal multidimensional a trav\u00e9s del cual podemos acceder a todas las dimensiones que existen en la mente de Dios (si, por supuesto, tenemos los permisos necesarios de ciertos Seres de Luz para llegar a ellas).<\/p>\n<p style=\"text-align: justify;\">La forma en que <a href=\"https:\/\/www.paulonogueiraterapias.com\/terapia-multidimensional-como-funciona\/\">funciona la Terapia Multidimensional<\/a>, sesi\u00f3n tras sesi\u00f3n, acerca al paciente a la conciencia de la Unidad, dot\u00e1ndole de un nuevo paradigma de realidad centrado en el Amor Neutral y conduci\u00e9ndole a una vida m\u00e1s plena, pr\u00f3spera y espiritualmente significativa.<\/p>\n<p style=\"text-align: justify;\">Por lo tanto, y con toda l\u00f3gica, tambi\u00e9n se llama Curaci\u00f3n por el Coraz\u00f3n.<\/p>\n<p style=\"text-align: justify;\">Duraci\u00f3n de la sesi\u00f3n: 1h15m<br \/>\nValor de cambio: 35\u20ac<\/p>\n<p style=\"text-align: justify;\">Para concertar tu cita puedes utilizar el siguiente formulario o utilizar uno de nuestros <a title=\"Contactos\" href=\"https:\/\/www.paulonogueiraterapias.com\/contactos\/\">medios de contacto.<\/a><\/p>\n<h4 style=\"text-align: justify;\">Marcado de terapia multidimensional<\/h4>\n<p>[cforms name=&#8221;Marcar sess\u00e3o de Terapia Multidimensional&#8221;]<\/p>\n<p><!--cforms name=\"Marcar sess\u00e3o de Terapia Multidimensional\"--><\/p>\n<\/div>\n","protected":false},"excerpt":{"rendered":"<p>La terapia multidimensional es una terapia energ\u00e9tica que permite: curaci\u00f3n de situaciones y bloqueos en la vida amorosa curaci\u00f3n de bloqueos amorosos (timidez en el amor, dificultad para comunicar los [&hellip;]<\/p>\n","protected":false},"author":1,"featured_media":0,"parent":0,"menu_order":0,"comment_status":"closed","ping_status":"closed","template":"","meta":{"om_disable_all_campaigns":false,"_mi_skip_tracking":false,"site-sidebar-layout":"default","site-content-layout":"","ast-site-content-layout":"default","site-content-style":"default","site-sidebar-style":"default","ast-global-header-display":"","ast-banner-title-visibility":"","ast-main-header-display":"","ast-hfb-above-header-display":"","ast-hfb-below-header-display":"","ast-hfb-mobile-header-display":"","site-post-title":"","ast-breadcrumbs-content":"","ast-featured-img":"","footer-sml-layout":"","ast-disable-related-posts":"","theme-transparent-header-meta":"","adv-header-id-meta":"","stick-header-meta":"","header-above-stick-meta":"","header-main-stick-meta":"","header-below-stick-meta":"","astra-migrate-meta-layouts":"default","ast-page-background-enabled":"default","ast-page-background-meta":{"desktop":{"background-color":"var(--ast-global-color-5)","background-image":"","background-repeat":"repeat","background-position":"center center","background-size":"auto","background-attachment":"scroll","background-type":"","background-media":"","overlay-type":"","overlay-color":"","overlay-opacity":"","overlay-gradient":""},"tablet":{"background-color":"","background-image":"","background-repeat":"repeat","background-position":"center center","background-size":"auto","background-attachment":"scroll","background-type":"","background-media":"","overlay-type":"","overlay-color":"","overlay-opacity":"","overlay-gradient":""},"mobile":{"background-color":"","background-image":"","background-repeat":"repeat","background-position":"center center","background-size":"auto","background-attachment":"scroll","background-type":"","background-media":"","overlay-type":"","overlay-color":"","overlay-opacity":"","overlay-gradient":""}},"ast-content-background-meta":{"desktop":{"background-color":"var(--ast-global-color-4)","background-image":"","background-repeat":"repeat","background-position":"center center","background-size":"auto","background-attachment":"scroll","background-type":"","background-media":"","overlay-type":"","overlay-color":"","overlay-opacity":"","overlay-gradient":""},"tablet":{"background-color":"var(--ast-global-color-4)","background-image":"","background-repeat":"repeat","background-position":"center center","background-size":"auto","background-attachment":"scroll","background-type":"","background-media":"","overlay-type":"","overlay-color":"","overlay-opacity":"","overlay-gradient":""},"mobile":{"background-color":"var(--ast-global-color-4)","background-image":"","background-repeat":"repeat","background-position":"center center","background-size":"auto","background-attachment":"scroll","background-type":"","background-media":"","overlay-type":"","overlay-color":"","overlay-opacity":"","overlay-gradient":""}},"footnotes":""},"class_list":["post-15156","page","type-page","status-publish","hentry"],"aioseo_notices":[],"_links":{"self":[{"href":"https:\/\/www.paulonogueiraterapias.com\/es\/wp-json\/wp\/v2\/pages\/15156","targetHints":{"allow":["GET"]}}],"collection":[{"href":"https:\/\/www.paulonogueiraterapias.com\/es\/wp-json\/wp\/v2\/pages"}],"about":[{"href":"https:\/\/www.paulonogueiraterapias.com\/es\/wp-json\/wp\/v2\/types\/page"}],"author":[{"embeddable":true,"href":"https:\/\/www.paulonogueiraterapias.com\/es\/wp-json\/wp\/v2\/users\/1"}],"replies":[{"embeddable":true,"href":"https:\/\/www.paulonogueiraterapias.com\/es\/wp-json\/wp\/v2\/comments?post=15156"}],"version-history":[{"count":0,"href":"https:\/\/www.paulonogueiraterapias.com\/es\/wp-json\/wp\/v2\/pages\/15156\/revisions"}],"wp:attachment":[{"href":"https:\/\/www.paulonogueiraterapias.com\/es\/wp-json\/wp\/v2\/media?parent=15156"}],"curies":[{"name":"wp","href":"https:\/\/api.w.org\/{rel}","templated":true}]}}