{"id":15154,"date":"2012-12-15T21:17:52","date_gmt":"2012-12-15T21:17:52","guid":{"rendered":"https:\/\/www.paulonogueiraterapias.com\/proyecto\/"},"modified":"2012-12-15T21:17:52","modified_gmt":"2012-12-15T21:17:52","slug":"proyecto","status":"publish","type":"page","link":"https:\/\/www.paulonogueiraterapias.com\/es\/proyecto\/","title":{"rendered":"Proyecto"},"content":{"rendered":"<div style=\"font-size: 10pt;\">\n<p style=\"text-align: justify;\">\u00a1Bienvenido al espacio de Paulo Nogueira Terapias!<\/p>\n<p style=\"text-align: justify;\">El espacio Paulo Nogueira Terapiasogueira, fundado por Paulo Nogueira, terapeuta y formador de desarrollo personal, pretende dar a conocer diversas t\u00e9cnicas y terapias que se han desarrollado en los \u00faltimos a\u00f1os y que ayudan a cada persona a realizar su misi\u00f3n y cumplir su prop\u00f3sito, para vivir su vida con m\u00e1s sentido. A trav\u00e9s de la sabidur\u00eda, la Terapia de  <a title=\"Leitura de Aura\" href=\"https:\/\/www.paulonogueiraterapias.com\/leitura-de-aura\/#via_skype\">Lectura del aura<\/a> por  <a title=\"Terapia Multidimensional\" href=\"https:\/\/www.paulonogueiraterapias.com\/terapia-multidimensional\/\">Terapia multidimensional<\/a>, de  <a title=\"Sanaci\u00f3n reconectiva\" href=\"https:\/\/www.paulonogueiraterapias.com\/cura-reconectiva\/\">Reconnective Healing<\/a>, de  Sanaci\u00f3n<a title=\"Cura Multidimensional Arcturiana\" href=\"https:\/\/www.paulonogueiraterapias.com\/cura-multidimensional-arcturiana\/\">Arcturiana Multidimensional<\/a>, Terapia de Regresi\u00f3n, Reiki Tradicional, Sanaci\u00f3n Magnificada, Mesa Radi\u00f3nica, Meditaci\u00f3n o cualquier otra herramienta a nuestra disposici\u00f3n, te ayudaremos a aumentar tu autoestima, la confianza en ti mismo, el sentido de prop\u00f3sito, a liberarte de los traumas y a experimentar una mayor paz y serenidad emocional y mental.<\/p>\n<p style=\"text-align: justify;\">La semilla de un ser libre de limitaciones, lleno de Amor y en total armon\u00eda con el Aqu\u00ed y el Ahora fue sembrada en la Tierra en el momento de su nacimiento. A su vez, el condicionamiento social, que a veces act\u00faa en sentido contrario, ha moldeado su car\u00e1cter y su personalidad, disminuyendo a menudo su capacidad de tomar decisiones conscientes.<\/p>\n<p style=\"text-align: justify;\">Dado que la vida que tenemos es el resultado de las elecciones que hacemos, este proyecto pretende devolverte a tu verdadero camino, en armon\u00eda con lo que has venido a ser, reconociendo y rescatando tus dones innatos, tu potencial e integrando todas las partes de tu ser.<\/p>\n<p style=\"text-align: justify;\">Su calidad de vida, que depende de su bienestar f\u00edsico, emocional, mental y espiritual, es uno de nuestros objetivos. El otro es su sentido de realizaci\u00f3n personal, que depende de la satisfacci\u00f3n de una multitud de deseos, y nos corresponde a nosotros ayudarle a discernir entre aquellos superiores que est\u00e1n en sinton\u00eda con sus valores y que son necesarios para su evoluci\u00f3n y aquellos que fueron &#8220;sembrados&#8221; en \u00e9l, inconscientemente, por los diversos medios de condicionamiento social y que no estaban en su matriz original.<\/p>\n<p style=\"text-align: justify;\">Es responsabilidad de este proyecto facilitar la comprensi\u00f3n de las situaciones, relaciones y lugares en los que debes invertir tu energ\u00eda y localizar los puntos por los que se escapa, identificando a los saboteadores y tu forma de actuar ante ellos.<\/p>\n<p style=\"text-align: justify;\">El crecimiento de la conciencia es un hecho cotidiano en la vida de quienes entran en contacto con este proyecto, que garantiza como premisa que la paz y la alegr\u00eda son un derecho inalienable del ser humano. En el largo viaje del alma, vida tras vida, se experimentan diversas situaciones desagradables como resultado de su eterno aprendizaje a trav\u00e9s de la experiencia. Este proyecto pretende ser un punto de paso en el que el alma, como un viajero hambriento, enfermo y cansado tras una jornada de trabajo (una vida no es m\u00e1s que un d\u00eda para el alma), se detiene, se alimenta, se cura, descansa y recupera fuerzas para continuar su viaje.<\/p>\n<p style=\"text-align: justify;\">P\u00f3ngase en contacto con nosotros.<\/p>\n<\/div>\n<p><script type=\"text\/javascript\">\/\/ <![CDATA[ \/\/document.location=\"https:\/\/www.paulonogueiraterapias.com\/leitura-de-aura\/#via_skype\"; \/\/ ]]><\/script><\/p>\n","protected":false},"excerpt":{"rendered":"<p>\u00a1Bienvenido al espacio de Paulo Nogueira Terapias! El espacio Paulo Nogueira Terapiasogueira, fundado por Paulo Nogueira, terapeuta y formador de desarrollo personal, pretende dar a conocer diversas t\u00e9cnicas y terapias [&hellip;]<\/p>\n","protected":false},"author":1,"featured_media":0,"parent":0,"menu_order":0,"comment_status":"closed","ping_status":"closed","template":"","meta":{"om_disable_all_campaigns":false,"_mi_skip_tracking":false,"site-sidebar-layout":"default","site-content-layout":"","ast-site-content-layout":"default","site-content-style":"default","site-sidebar-style":"default","ast-global-header-display":"","ast-banner-title-visibility":"","ast-main-header-display":"","ast-hfb-above-header-display":"","ast-hfb-below-header-display":"","ast-hfb-mobile-header-display":"","site-post-title":"","ast-breadcrumbs-content":"","ast-featured-img":"","footer-sml-layout":"","ast-disable-related-posts":"","theme-transparent-header-meta":"","adv-header-id-meta":"","stick-header-meta":"","header-above-stick-meta":"","header-main-stick-meta":"","header-below-stick-meta":"","astra-migrate-meta-layouts":"default","ast-page-background-enabled":"default","ast-page-background-meta":{"desktop":{"background-color":"var(--ast-global-color-5)","background-image":"","background-repeat":"repeat","background-position":"center center","background-size":"auto","background-attachment":"scroll","background-type":"","background-media":"","overlay-type":"","overlay-color":"","overlay-opacity":"","overlay-gradient":""},"tablet":{"background-color":"","background-image":"","background-repeat":"repeat","background-position":"center center","background-size":"auto","background-attachment":"scroll","background-type":"","background-media":"","overlay-type":"","overlay-color":"","overlay-opacity":"","overlay-gradient":""},"mobile":{"background-color":"","background-image":"","background-repeat":"repeat","background-position":"center center","background-size":"auto","background-attachment":"scroll","background-type":"","background-media":"","overlay-type":"","overlay-color":"","overlay-opacity":"","overlay-gradient":""}},"ast-content-background-meta":{"desktop":{"background-color":"var(--ast-global-color-4)","background-image":"","background-repeat":"repeat","background-position":"center center","background-size":"auto","background-attachment":"scroll","background-type":"","background-media":"","overlay-type":"","overlay-color":"","overlay-opacity":"","overlay-gradient":""},"tablet":{"background-color":"var(--ast-global-color-4)","background-image":"","background-repeat":"repeat","background-position":"center center","background-size":"auto","background-attachment":"scroll","background-type":"","background-media":"","overlay-type":"","overlay-color":"","overlay-opacity":"","overlay-gradient":""},"mobile":{"background-color":"var(--ast-global-color-4)","background-image":"","background-repeat":"repeat","background-position":"center center","background-size":"auto","background-attachment":"scroll","background-type":"","background-media":"","overlay-type":"","overlay-color":"","overlay-opacity":"","overlay-gradient":""}},"footnotes":""},"class_list":["post-15154","page","type-page","status-publish","hentry"],"aioseo_notices":[],"_links":{"self":[{"href":"https:\/\/www.paulonogueiraterapias.com\/es\/wp-json\/wp\/v2\/pages\/15154","targetHints":{"allow":["GET"]}}],"collection":[{"href":"https:\/\/www.paulonogueiraterapias.com\/es\/wp-json\/wp\/v2\/pages"}],"about":[{"href":"https:\/\/www.paulonogueiraterapias.com\/es\/wp-json\/wp\/v2\/types\/page"}],"author":[{"embeddable":true,"href":"https:\/\/www.paulonogueiraterapias.com\/es\/wp-json\/wp\/v2\/users\/1"}],"replies":[{"embeddable":true,"href":"https:\/\/www.paulonogueiraterapias.com\/es\/wp-json\/wp\/v2\/comments?post=15154"}],"version-history":[{"count":0,"href":"https:\/\/www.paulonogueiraterapias.com\/es\/wp-json\/wp\/v2\/pages\/15154\/revisions"}],"wp:attachment":[{"href":"https:\/\/www.paulonogueiraterapias.com\/es\/wp-json\/wp\/v2\/media?parent=15154"}],"curies":[{"name":"wp","href":"https:\/\/api.w.org\/{rel}","templated":true}]}}