{"id":15153,"date":"2013-03-12T01:27:53","date_gmt":"2013-03-12T01:27:53","guid":{"rendered":"https:\/\/www.paulonogueiraterapias.com\/sesiones-de-reiki-por-20e\/"},"modified":"2025-05-20T17:34:22","modified_gmt":"2025-05-20T17:34:22","slug":"sesiones-de-reiki-por-20e","status":"publish","type":"page","link":"https:\/\/www.paulonogueiraterapias.com\/es\/sesiones-de-reiki-por-20e\/","title":{"rendered":"Sesiones de Reiki por 25"},"content":{"rendered":"\n<p>Si ya has tenido una sesi\u00f3n de Terapia de Lectura del Aura o <a href=\"https:\/\/www.paulonogueiraterapias.com\/es\/produto\/terapia-multidimensional-2\/\" title=\"Terapia Multidimensional\">Terapia Multidimensional<\/a> con nosotros, tu sesi\u00f3n de Reiki te costar\u00e1 s\u00f3lo 20\u20ac.<\/p>\n\n<h3 class=\"wp-block-heading\">Beneficios del Reiki<\/h3>\n\n<ul class=\"wp-block-list\">\n<li>claridad espiritual<\/li>\n\n\n\n<li>reduce el estr\u00e9s y proporciona una profunda sensaci\u00f3n de relajaci\u00f3n y paz<\/li>\n\n\n\n<li>limpia y armoniza el campo energ\u00e9tico<\/li>\n\n\n\n<li>trae alivio emocional<\/li>\n\n\n\n<li>limpia \u00f3rganos como los ri\u00f1ones, el coraz\u00f3n, el h\u00edgado, los pulmones, etc.<\/li>\n\n\n\n<li>puede detener peque\u00f1as hemorragias<\/li>\n\n\n\n<li>ayuda en el proceso de calcificaci\u00f3n de los huesos<\/li>\n\n\n\n<li>acelera en gran medida la curaci\u00f3n f\u00edsica de los huesos rotos<\/li>\n\n\n\n<li>acelera el proceso de recuperaci\u00f3n de las intervenciones quir\u00fargicas<\/li>\n\n\n\n<li>una poderosa ayuda para la curaci\u00f3n de la depresi\u00f3n y el pensamiento negativo<\/li>\n\n\n\n<li>suaviza los efectos de la quimioterapia en los pacientes con c\u00e1ncer<\/li>\n\n\n\n<li>reduce los efectos de la tensi\u00f3n premenstrual<\/li>\n<\/ul>\n\n<p>Para participar en esta promoci\u00f3n, s\u00f3lo tienes que dejar tu like en<br\/><a style=\"line-height: 1.714285714; font-size: 10pt;\" title=\"Paulo Nogueira Terapias\" href=\"http:\/\/www.facebook.com\/paulonogueiraterapias\">http:\/\/facebook.com\/paulonogueiraterapias<\/a> y rellenar el siguiente formulario.<\/p>\n\n<p><span style=\"color: #ff0000;\"> <\/span>Cada sesi\u00f3n dura una hora.<\/p>\n\n<figure class=\"wp-block-table\"><table class=\"has-fixed-layout\"><tbody><tr><td>Pack 5 sesiones de Reiki Usui<\/td><td>100\u20ac<\/td><td>1h cada sesi\u00f3n<\/td><\/tr><tr><td>Pack 3 sesiones Reiki Usui<\/td><td>70\u20ac<\/td><td>1h cada sesi\u00f3n<\/td><\/tr><\/tbody><\/table><\/figure>\n\n<h4 class=\"wp-block-heading\">Marcaje de sesi\u00f3n de Reiki<\/h4>\n\n<h3 class=\"wp-block-heading\"><span style=\"line-height: 1.714285714; font-size: 10pt;\">Como me ense\u00f1\u00f3 un viejo maestro de Reiki, &#8220;Reiki es Amor y el Amor es lo \u00fanico que cura&#8221;.<\/span><\/h3>\n\n<p><strong>Terapeuta:<\/strong> <a href=\"https:\/\/www.paulonogueiraterapias.com\/es\/sobre-paulo-nogueira\/\" title=\"Sobre Paulo Nogueira\">Paulo Nogueira<\/a><br\/><strong>Duraci\u00f3n:<\/strong> 1 hora<br\/><strong>Precio:<\/strong> 25\u20ac<br\/><strong>M\u00e9todo:<\/strong> En persona en Lisboa o <a href=\"https:\/\/www.paulonogueiraterapias.com\/es\/produto\/reiki-online-2\/\" title=\"Reiki en l&#xED;nea\">en l\u00ednea<\/a><br\/><strong>Idioma de la sesi\u00f3n:<\/strong> Portugu\u00e9s o ingl\u00e9s<\/p>\n<div class=\"wpforms-container wpforms-container-full wpforms-form-abandonment wpforms-block\" id=\"wpforms-15752\"><form id=\"wpforms-form-15752\" class=\"wpforms-validate wpforms-form wpforms-ajax-form\" data-formid=\"15752\" method=\"post\" enctype=\"multipart\/form-data\" action=\"\/es\/wp-json\/wp\/v2\/pages\/15153\" data-token=\"9b1338920f7002512a1e33d33ab7c668\" data-token-time=\"1777400449\"><div class=\"wpforms-head-container\"><div class=\"wpforms-title\">Reserva una sesi\u00f3n de Reiki<\/div><\/div><noscript class=\"wpforms-error-noscript\">Por favor, activa JavaScript en tu navegador para completar este formulario.<\/noscript><div class=\"wpforms-field-container\"><div id=\"wpforms-15752-field_1-container\" class=\"wpforms-field wpforms-field-name\" data-field-id=\"1\"><label class=\"wpforms-field-label\" for=\"wpforms-15752-field_1\">Nombre <span class=\"wpforms-required-label\">*<\/span><\/label><input type=\"text\" id=\"wpforms-15752-field_1\" class=\"wpforms-field-medium wpforms-field-required\" name=\"wpforms[fields][1]\" required><\/div><div id=\"wpforms-15752-field_2-container\" class=\"wpforms-field wpforms-field-phone\" data-field-id=\"2\"><label class=\"wpforms-field-label\" for=\"wpforms-15752-field_2\">Tel\u00e9fono <span class=\"wpforms-required-label\">*<\/span><\/label><input type=\"tel\" id=\"wpforms-15752-field_2\" class=\"wpforms-field-medium wpforms-field-required\" data-rule-int-phone-field=\"true\" name=\"wpforms[fields][2]\" aria-label=\"Tel\u00e9fono\" required><\/div><div id=\"wpforms-15752-field_3-container\" class=\"wpforms-field wpforms-field-email\" data-field-id=\"3\"><label class=\"wpforms-field-label\" for=\"wpforms-15752-field_3\">Env\u00eda un correo electr\u00f3nico a <span class=\"wpforms-required-label\">*<\/span><\/label><input type=\"email\" id=\"wpforms-15752-field_3\" class=\"wpforms-field-medium wpforms-field-required\" name=\"wpforms[fields][3]\" spellcheck=\"false\" required><\/div><div id=\"wpforms-15752-field_8-container\" class=\"wpforms-field wpforms-field-date-time\" data-field-id=\"8\"><label class=\"wpforms-field-label\">Fecha \/ Hora<\/label><div class=\"wpforms-field-row wpforms-field-medium\"><div class=\"wpforms-field-row-block wpforms-date-type-datepicker\"><div class=\"wpforms-datepicker-wrap\"><input type=\"text\" id=\"wpforms-15752-field_8\" class=\"wpforms-field-date-time-date wpforms-datepicker\" data-date-format=\"d\/m\/Y\" data-disable-past-dates=\"1\" data-disable-todays-date=\"0\" data-input=\"true\" name=\"wpforms[fields][8][date]\" ><a title=\"Borrar fecha\" data-clear class=\"wpforms-datepicker-clear\" style=\"display:none;\"><\/a><\/div><label for=\"wpforms-15752-field_8\" class=\"wpforms-field-sublabel after\">Fecha<\/label><\/div><div class=\"wpforms-field-row-block\"><input type=\"text\" id=\"wpforms-15752-field_8-time\" class=\"wpforms-field-date-time-time wpforms-timepicker\" data-time-format=\"H:i\" data-step=\"30\" data-rule-time24h=\"true\" data-min-time=\"10:00\" data-max-time=\"20:00\" data-rule-time-limit=\"true\" name=\"wpforms[fields][8][time]\" ><label for=\"wpforms-15752-field_8-time\" class=\"wpforms-field-sublabel after\">Hora<\/label><\/div><\/div><\/div><div id=\"wpforms-15752-field_6-container\" class=\"wpforms-field wpforms-field-textarea\" data-field-id=\"6\"><label class=\"wpforms-field-label\" for=\"wpforms-15752-field_6\">Observaciones<\/label><textarea id=\"wpforms-15752-field_6\" class=\"wpforms-field-medium\" name=\"wpforms[fields][6]\" ><\/textarea><\/div><\/div><!-- .wpforms-field-container --><div class=\"wpforms-submit-container\" ><input type=\"hidden\" name=\"wpforms[id]\" value=\"15752\"><input type=\"hidden\" name=\"page_title\" value=\"\"><input type=\"hidden\" name=\"page_url\" value=\"https:\/\/www.paulonogueiraterapias.com\/es\/wp-json\/wp\/v2\/pages\/15153\"><input type=\"hidden\" name=\"url_referer\" value=\"\"><button type=\"submit\" name=\"wpforms[submit]\" id=\"wpforms-submit-15752\" class=\"wpforms-submit\" data-alt-text=\"Enviando...\" data-submit-text=\"Reserva\" aria-live=\"assertive\" value=\"wpforms-submit\">Reserva<\/button><img loading=\"lazy\" decoding=\"async\" src=\"https:\/\/www.paulonogueiraterapias.com\/wp-content\/plugins\/wpforms-disabled\/assets\/images\/submit-spin.svg\" class=\"wpforms-submit-spinner\" style=\"display: none;\" width=\"26\" height=\"26\" alt=\"Cargando\"><\/div><\/form><\/div>  <!-- .wpforms-container -->","protected":false},"excerpt":{"rendered":"<p>Si ya has tenido una sesi\u00f3n de Terapia de Lectura del Aura o Terapia Multidimensional con nosotros, tu sesi\u00f3n de Reiki te costar\u00e1 s\u00f3lo 20\u20ac. Beneficios del Reiki Para participar [&hellip;]<\/p>\n","protected":false},"author":1,"featured_media":0,"parent":0,"menu_order":0,"comment_status":"closed","ping_status":"open","template":"","meta":{"om_disable_all_campaigns":false,"_mi_skip_tracking":false,"site-sidebar-layout":"default","site-content-layout":"","ast-site-content-layout":"default","site-content-style":"default","site-sidebar-style":"default","ast-global-header-display":"","ast-banner-title-visibility":"","ast-main-header-display":"","ast-hfb-above-header-display":"","ast-hfb-below-header-display":"","ast-hfb-mobile-header-display":"","site-post-title":"","ast-breadcrumbs-content":"","ast-featured-img":"","footer-sml-layout":"","ast-disable-related-posts":"","theme-transparent-header-meta":"","adv-header-id-meta":"","stick-header-meta":"","header-above-stick-meta":"","header-main-stick-meta":"","header-below-stick-meta":"","astra-migrate-meta-layouts":"default","ast-page-background-enabled":"default","ast-page-background-meta":{"desktop":{"background-color":"var(--ast-global-color-5)","background-image":"","background-repeat":"repeat","background-position":"center center","background-size":"auto","background-attachment":"scroll","background-type":"","background-media":"","overlay-type":"","overlay-color":"","overlay-opacity":"","overlay-gradient":""},"tablet":{"background-color":"","background-image":"","background-repeat":"repeat","background-position":"center center","background-size":"auto","background-attachment":"scroll","background-type":"","background-media":"","overlay-type":"","overlay-color":"","overlay-opacity":"","overlay-gradient":""},"mobile":{"background-color":"","background-image":"","background-repeat":"repeat","background-position":"center center","background-size":"auto","background-attachment":"scroll","background-type":"","background-media":"","overlay-type":"","overlay-color":"","overlay-opacity":"","overlay-gradient":""}},"ast-content-background-meta":{"desktop":{"background-color":"var(--ast-global-color-4)","background-image":"","background-repeat":"repeat","background-position":"center center","background-size":"auto","background-attachment":"scroll","background-type":"","background-media":"","overlay-type":"","overlay-color":"","overlay-opacity":"","overlay-gradient":""},"tablet":{"background-color":"var(--ast-global-color-4)","background-image":"","background-repeat":"repeat","background-position":"center center","background-size":"auto","background-attachment":"scroll","background-type":"","background-media":"","overlay-type":"","overlay-color":"","overlay-opacity":"","overlay-gradient":""},"mobile":{"background-color":"var(--ast-global-color-4)","background-image":"","background-repeat":"repeat","background-position":"center center","background-size":"auto","background-attachment":"scroll","background-type":"","background-media":"","overlay-type":"","overlay-color":"","overlay-opacity":"","overlay-gradient":""}},"footnotes":""},"class_list":["post-15153","page","type-page","status-publish","hentry"],"aioseo_notices":[],"_links":{"self":[{"href":"https:\/\/www.paulonogueiraterapias.com\/es\/wp-json\/wp\/v2\/pages\/15153","targetHints":{"allow":["GET"]}}],"collection":[{"href":"https:\/\/www.paulonogueiraterapias.com\/es\/wp-json\/wp\/v2\/pages"}],"about":[{"href":"https:\/\/www.paulonogueiraterapias.com\/es\/wp-json\/wp\/v2\/types\/page"}],"author":[{"embeddable":true,"href":"https:\/\/www.paulonogueiraterapias.com\/es\/wp-json\/wp\/v2\/users\/1"}],"replies":[{"embeddable":true,"href":"https:\/\/www.paulonogueiraterapias.com\/es\/wp-json\/wp\/v2\/comments?post=15153"}],"version-history":[{"count":0,"href":"https:\/\/www.paulonogueiraterapias.com\/es\/wp-json\/wp\/v2\/pages\/15153\/revisions"}],"wp:attachment":[{"href":"https:\/\/www.paulonogueiraterapias.com\/es\/wp-json\/wp\/v2\/media?parent=15153"}],"curies":[{"name":"wp","href":"https:\/\/api.w.org\/{rel}","templated":true}]}}