{"id":15149,"date":"2013-10-26T15:35:45","date_gmt":"2013-10-26T15:35:45","guid":{"rendered":"https:\/\/www.paulonogueiraterapias.com\/sanacion-reconectiva-gratuita-hasta-el-31-de-diciembre-de-19\/"},"modified":"2013-10-26T15:35:45","modified_gmt":"2013-10-26T15:35:45","slug":"sanacion-reconectiva-gratuita-hasta-el-31-de-diciembre-de-19","status":"publish","type":"page","link":"https:\/\/www.paulonogueiraterapias.com\/es\/sanacion-reconectiva-gratuita-hasta-el-31-de-diciembre-de-19\/","title":{"rendered":"Sanaci\u00f3n reconectiva gratuita hasta el 31 de diciembre de 19"},"content":{"rendered":"<div style=\"text-align: justify; font-size: 10pt;\">\n<p>Como se ha hecho varias veces con el  <a title=\"Leitura de Aura\" href=\"https:\/\/www.paulonogueiraterapias.com\/leitura-de-aura\/\">Terapia de Lectura del Aura<\/a> en los a\u00f1os 2013, 2014, 2015, 2016 y 2017 y dado que el objetivo del espacio de Paulo Nogueira Terapias es aportar la m\u00e1xima luz y conciencia a todas las personas que entran en contacto con este proyecto, se ha realizado una  <strong>promoci\u00f3n limitada hasta el 31 de diciembre de 2019<\/strong> en la que podr\u00e1s disfrutar a precios muy sugerentes de una o varias sesiones de Reconnective Healing\u00ae realizadas por  <strong>El terapeuta hol\u00edstico Paulo Nogueira, practicante acreditado de Reconnective Healing\u00ae Nivel II<\/strong>El Seminario de Reconnective Healing\u00ae permite a las personas con las m\u00e1s diversas patolog\u00edas f\u00edsicas, emocionales o mentales, por desafiantes que sean (c\u00e1ncer, par\u00e1lisis cerebral, problemas articulares, problemas \u00f3seos, depresi\u00f3n, baja autoestima entre otros), experimentar las fant\u00e1sticas frecuencias de sanaci\u00f3n de la 5\u00aa Dimensi\u00f3n que nos ha dado Dios y que nos ha tra\u00eddo de la mano del Dr. Eric Pearl, que este a\u00f1o traer\u00e1 a Portugal otro seminario de Reconnective Healing\u00ae y Reconnection\u00ae.<\/p>\n<p>Para participar en esta gran promoci\u00f3n s\u00f3lo tienes que seguir los siguientes pasos:<\/p>\n<p><strong>1\u00ba<\/strong> Me gusta la p\u00e1gina <a href=\"https:\/\/www.facebook.com\/PauloNogueiraTerapias\" target=\"_blank\" rel=\"noopener noreferrer\">Paulo Nogueira Terapias<\/a> y solicitar por mensaje privado a la p\u00e1gina su participaci\u00f3n en la promoci\u00f3n.<br \/>\n<strong>2\u00ba<\/strong> Tras la confirmaci\u00f3n por mensaje privado de la p\u00e1gina, accede a <a href=\"https:\/\/www.facebook.com\/PauloNogueiraTerapias\/photos\/a.347097342055547.77535.347009722064309\/1398448986920372\/?type=3&amp;theater\">este post<\/a> y pulsa el bot\u00f3n &#8220;Compartir&#8221; (en modo de visibilidad p\u00fablica) y selecciona a un amigo tuyo. Repite el proceso para cada amigo en funci\u00f3n del descuento que quieras obtener. Cada acci\u00f3n en el muro de un amigo supone un descuento de 0,20\u20ac.  <strong>S\u00f3lo tienes 24 horas para hacer los 150 compartidos<\/strong> desde el momento en que el administrador de la p\u00e1gina te da permiso para empezar a compartir.<br \/>\n<strong>3\u00ba<\/strong> Pide tu cita en el siguiente formulario indicando tu ID de Facebook en el campo <i>Mensaje<\/i>. A continuaci\u00f3n, comprobamos el n\u00famero de comparticiones de nuestra publicaci\u00f3n en su perfil de Facebook, en modo de vista p\u00fablica, desde su muro y asignamos el descuento correspondiente.<\/p>\n<p>Por cada <strong>acci\u00f3n que realices,<\/strong>tendr\u00e1s derecho a un <strong>descuento de 0,20\u20ac.<\/strong><br \/>\nPor ejemplo, si compartes con 134 amigos, se descontar\u00e1n 26,80 libras (134 x 0,20 libras) de la tarifa de 30 libras de la sesi\u00f3n, por lo que s\u00f3lo pagar\u00e1s 3,20 libras por tu consulta.<br \/>\nSi compartes <strong>con 150 amigos<\/strong>, tu <strong>sesi\u00f3n de Reconnective Healing\u00ae ser\u00e1 completamente gratuita<\/strong>.<br \/>\nSi se superan las 150 acciones, se obtienen cr\u00e9ditos que pueden convertirse en descuentos para otra sesi\u00f3n de Reconnective Healing\u00ae.<br \/>\nAdem\u00e1s, los cr\u00e9ditos son transferibles a otra persona, es decir, si conoces, por ejemplo, a un familiar o amigo que no tiene cuenta de Facebook pero que sabe que se beneficiar\u00eda enormemente de esta terapia pero que las condiciones econ\u00f3micas de la misma no son las mejores, puedes ofrecerle los cr\u00e9ditos solo teniendo que avisarnos. Los cr\u00e9ditos son v\u00e1lidos durante un mes.<\/p>\n<p style=\"text-align: justify;\">Terapeuta: Paulo Nogueira (Licenciado en Reconnective Healing\u00ae Nivel II)<br \/>\nDuraci\u00f3n de la sesi\u00f3n: 45 minutos (tiempo aproximado, variable seg\u00fan las necesidades del paciente)<br \/>\nValor: 30 euros<\/p>\n<h4 style=\"text-align: justify;\">Reservar una sesi\u00f3n de Reconnective Healing<\/h4>\n<p><!--cforms name=\"Marcar sess\u00e3o de Cura Reconectiva\u00ae\"--><\/p>\n<p>Con esta promoci\u00f3n:<\/p>\n<div>\n<ul>\n<li>puedes hacer la sesi\u00f3n de esta terapia a un precio muy por debajo del valor medio del mercado porque <strong>al hacer cada acci\u00f3n el valor ser\u00e1 el que t\u00fa decidas <\/strong><strong>cu\u00e1nto quieres o puedes pagar por tu consulta<\/strong><\/li>\n<li>permite a todos acceder a una poderosa herramienta de autoconocimiento y transformaci\u00f3n de la vida independientemente de su estado financiero actual, ya que sabemos que hay personas que se beneficiar\u00edan inmensamente de esta terapia pero que no tendr\u00edan forma de pagar por lo que el  <strong>El problema financiero ya no es un obst\u00e1culo para la curaci\u00f3n y su evoluci\u00f3n espiritual<\/strong><\/li>\n<\/ul>\n<\/div>\n<hr>\n<p style=\"text-align: justify; font-size: 8pt;\">NOTA LEGAL: Eric Pearl, The Reconnection, LLC, \u00ae y cualquier persona asociada con este trabajo, incluidos, entre otros, The Reconnection\u00ae y \/ o Reconnective Healing\u00ae no hacen reclamos, promesas, representaciones o garant\u00edas y no ofrecen ni el diagn\u00f3stico ni el tratamiento de desaf\u00edos de salud espec\u00edficos. Usted es el \u00fanico responsable de asegurarse de continuar con su propio tratamiento y atenci\u00f3n m\u00e9dica.<br \/>\nReconnection\u00ae And Reconnective Healing\u00ae marcas comerciales de The Reconnection, LLC.<\/p>\n<\/div>\n","protected":false},"excerpt":{"rendered":"<p>Como se ha hecho varias veces con el Terapia de Lectura del Aura en los a\u00f1os 2013, 2014, 2015, 2016 y 2017 y dado que el objetivo del espacio de [&hellip;]<\/p>\n","protected":false},"author":1,"featured_media":0,"parent":0,"menu_order":0,"comment_status":"closed","ping_status":"open","template":"","meta":{"om_disable_all_campaigns":false,"_mi_skip_tracking":false,"site-sidebar-layout":"default","site-content-layout":"","ast-site-content-layout":"default","site-content-style":"default","site-sidebar-style":"default","ast-global-header-display":"","ast-banner-title-visibility":"","ast-main-header-display":"","ast-hfb-above-header-display":"","ast-hfb-below-header-display":"","ast-hfb-mobile-header-display":"","site-post-title":"","ast-breadcrumbs-content":"","ast-featured-img":"","footer-sml-layout":"","ast-disable-related-posts":"","theme-transparent-header-meta":"","adv-header-id-meta":"","stick-header-meta":"","header-above-stick-meta":"","header-main-stick-meta":"","header-below-stick-meta":"","astra-migrate-meta-layouts":"default","ast-page-background-enabled":"default","ast-page-background-meta":{"desktop":{"background-color":"var(--ast-global-color-5)","background-image":"","background-repeat":"repeat","background-position":"center center","background-size":"auto","background-attachment":"scroll","background-type":"","background-media":"","overlay-type":"","overlay-color":"","overlay-opacity":"","overlay-gradient":""},"tablet":{"background-color":"","background-image":"","background-repeat":"repeat","background-position":"center center","background-size":"auto","background-attachment":"scroll","background-type":"","background-media":"","overlay-type":"","overlay-color":"","overlay-opacity":"","overlay-gradient":""},"mobile":{"background-color":"","background-image":"","background-repeat":"repeat","background-position":"center center","background-size":"auto","background-attachment":"scroll","background-type":"","background-media":"","overlay-type":"","overlay-color":"","overlay-opacity":"","overlay-gradient":""}},"ast-content-background-meta":{"desktop":{"background-color":"var(--ast-global-color-4)","background-image":"","background-repeat":"repeat","background-position":"center center","background-size":"auto","background-attachment":"scroll","background-type":"","background-media":"","overlay-type":"","overlay-color":"","overlay-opacity":"","overlay-gradient":""},"tablet":{"background-color":"var(--ast-global-color-4)","background-image":"","background-repeat":"repeat","background-position":"center center","background-size":"auto","background-attachment":"scroll","background-type":"","background-media":"","overlay-type":"","overlay-color":"","overlay-opacity":"","overlay-gradient":""},"mobile":{"background-color":"var(--ast-global-color-4)","background-image":"","background-repeat":"repeat","background-position":"center center","background-size":"auto","background-attachment":"scroll","background-type":"","background-media":"","overlay-type":"","overlay-color":"","overlay-opacity":"","overlay-gradient":""}},"footnotes":""},"class_list":["post-15149","page","type-page","status-publish","hentry"],"aioseo_notices":[],"_links":{"self":[{"href":"https:\/\/www.paulonogueiraterapias.com\/es\/wp-json\/wp\/v2\/pages\/15149","targetHints":{"allow":["GET"]}}],"collection":[{"href":"https:\/\/www.paulonogueiraterapias.com\/es\/wp-json\/wp\/v2\/pages"}],"about":[{"href":"https:\/\/www.paulonogueiraterapias.com\/es\/wp-json\/wp\/v2\/types\/page"}],"author":[{"embeddable":true,"href":"https:\/\/www.paulonogueiraterapias.com\/es\/wp-json\/wp\/v2\/users\/1"}],"replies":[{"embeddable":true,"href":"https:\/\/www.paulonogueiraterapias.com\/es\/wp-json\/wp\/v2\/comments?post=15149"}],"version-history":[{"count":0,"href":"https:\/\/www.paulonogueiraterapias.com\/es\/wp-json\/wp\/v2\/pages\/15149\/revisions"}],"wp:attachment":[{"href":"https:\/\/www.paulonogueiraterapias.com\/es\/wp-json\/wp\/v2\/media?parent=15149"}],"curies":[{"name":"wp","href":"https:\/\/api.w.org\/{rel}","templated":true}]}}