{"id":15148,"date":"2013-11-05T02:21:43","date_gmt":"2013-11-05T02:21:43","guid":{"rendered":"https:\/\/www.paulonogueiraterapias.com\/consultas-a-distancia-por-skype-ou-telefone\/"},"modified":"2013-11-05T02:21:43","modified_gmt":"2013-11-05T02:21:43","slug":"consultas-a-distancia-por-skype-ou-telefone","status":"publish","type":"page","link":"https:\/\/www.paulonogueiraterapias.com\/es\/consultas-a-distancia-por-skype-ou-telefone\/","title":{"rendered":"Consultas \u00e0 dist\u00e2ncia (por Skype ou telefone)"},"content":{"rendered":"<div style=\"font-size: 10pt; text-align: justify;\">\n<p>Pero hace decenas o cientos de miles de a\u00f1os, cuando la \u00fanica tecnolog\u00eda disponible eran unas cuantas lanzas hechas arcaicamente de madera, los chamanes ya realizaban trabajos energ\u00e9ticos o espirituales a distancia. Somos esp\u00edritus. Somos energ\u00eda. Para acceder a un esp\u00edritu determinado, en cualquier dimensi\u00f3n que sea (4\u00aa dimensi\u00f3n o superior), s\u00f3lo tenemos que enfocar nuestra intenci\u00f3n en \u00e9l. Toda terapia espiritual se realiza en \u00faltima instancia a distancia, ya sea en el espacio de un consultorio terap\u00e9utico a uno o dos metros del terapeuta, o a decenas de miles de kil\u00f3metros de distancia en otro pa\u00eds o continente. Los resultados de las terapias energ\u00e9ticas\/espirituales son exactamente los mismos, ya sea en modo &#8220;cara a cara&#8221; o a distancia (online o a distancia, si se quiere llamar as\u00ed).<\/p>\n<p>Las siguientes consultas est\u00e1n disponibles a distancia:<\/p>\n<ul>\n<li><a title=\"Leitura de Aura\" href=\"https:\/\/www.paulonogueiraterapias.com\/leitura-de-aura\/\">Terapia de lectura del aura<\/a> &#8211; se invoca el esp\u00edritu de la persona y la lectura se realiza normalmente como si estuviera presente en su cuerpo f\u00edsico<\/li>\n<li><a title=\"Terapia Multidimensional\" href=\"https:\/\/www.paulonogueiraterapias.com\/terapia-multidimensional\/\">Terapia multidimensional<\/a>: no es necesario invocar el esp\u00edritu de la persona. En cambio, los Seres de Luz son enviados al lugar donde se encuentra la persona, para que Ellos trabajen sobre sus cuerpos energ\u00e9ticos y las situaciones a resolver<\/li>\n<li><a title=\"Sanaci\u00f3n reconectiva\" href=\"https:\/\/www.paulonogueiraterapias.com\/cura-reconectiva\/\">Sanaci\u00f3n reconectiva<\/a>: la energ\u00eda de las frecuencias curativas se env\u00eda a la persona utilizando la intenci\u00f3n del terapeuta (exactamente igual que en el modo presencial pero sin que la persona est\u00e9 tumbada en el sof\u00e1)<\/li>\n<li><a title=\"Limpeza Espiritual\" href=\"https:\/\/www.paulonogueiraterapias.com\/limpeza-espiritual\/\">Limpieza Espiritual<\/a> &#8211; Seres de Luz vendr\u00e1n a la persona y actuar\u00e1n en su aura, en sus cuerpos energ\u00e9ticos limpi\u00e1ndolos de fluidos negativos de tristeza, melancol\u00eda, ira, apat\u00eda y otros.<\/li>\n<li><a title=\"Reiki Tradicional\" href=\"https:\/\/www.paulonogueiraterapias.com\/reiki\/\">Reiki tradicional<\/a> &#8211; la energ\u00eda de las frecuencias curativas se env\u00eda a la persona utilizando la intenci\u00f3n del terapeuta (exactamente igual que la modalidad presencial pero sin que la persona se tumbe en el sof\u00e1)<\/li>\n<li><a title=\"Kundalini Reiki\" href=\"https:\/\/www.paulonogueiraterapias.com\/kundalini-reiki\/\">Kundalini Reiki<\/a> &#8211; la energ\u00eda de las frecuencias curativas se env\u00eda a la persona utilizando la intenci\u00f3n del terapeuta (exactamente igual que la modalidad presencial pero sin que la persona se tumbe en el sof\u00e1)<\/li>\n<li>Mesa radi\u00f3nica: se eliminan los ajustes y los bloqueos. Al igual que en una consulta de Tarot, el hecho de que la persona est\u00e9 sentada en la misma mesa que el tar\u00f3logo en persona, o viendo c\u00f3mo se echan las cartas por skype, no supone ninguna diferencia. Los resultados son los mismos.<\/li>\n<li><a title=\"Curaci\u00f3n ampliada\" href=\"https:\/\/www.paulonogueiraterapias.com\/magnified-healing\/\">Magnified Healing<\/a> &#8211; la energ\u00eda sigue la intenci\u00f3n del terapeuta aplicada a la persona que solicit\u00f3 la terapia<\/li>\n<\/ul>\n<p>&nbsp;<\/p>\n<p>Las siguientes terapias no pueden realizarse a distancia:<\/p>\n<ul>\n<li>Terapia vibracional con cuencos tibetanos &#8211; Los cuencos tibetanos se colocan sobre los chakras del paciente para eliminar los bloqueos. Por este motivo, al tratarse de material f\u00edsico (las tazas), s\u00f3lo puede realizarse de forma presencial en el espacio de Paulo Nogueira Terapias.<\/li>\n<li><a title=\"Regress\u00e3o com Reiki\" href=\"https:\/\/www.paulonogueiraterapias.com\/regressao-com-reiki\/\">Regresi\u00f3n con Reiki<\/a> &#8211; es necesario colocar al paciente en un estado de relajaci\u00f3n alfa. El hecho de que el terapeuta est\u00e9 detr\u00e1s del paciente tumbado en la camilla tiene un efecto tranquilizador en \u00e9l y le da confianza para visualizar m\u00e1s im\u00e1genes traum\u00e1ticas de sus experiencias pasadas. Se trata de una terapia muy potente que exige mucho tanto al terapeuta como al paciente en t\u00e9rminos emocionales, por lo que la proximidad f\u00edsica puede ser un factor importante en el transcurso de la terapia, adem\u00e1s de garantizar que \u00e9sta se desarrolle con mayor seguridad en caso de que el paciente acceda a recuerdos de su vida actual o de vidas pasadas que sean m\u00e1s dif\u00edciles de tratar.<\/li>\n<\/ul>\n<h3>Pago de las sesiones a distancia<\/h3>\n<form action=\"https:\/\/www.paypal.com\/cgi-bin\/webscr\" method=\"post\" target=\"_top\">\n<input type=\"hidden\" name=\"cmd\" value=\"_s-xclick\"><br \/>\n<input type=\"hidden\" name=\"hosted_button_id\" value=\"APNBSLDVM5JN2\"><\/p>\n<table>\n<tr>\n<td><input type=\"hidden\" name=\"on0\" value=\"Sess\u00e3o\">Sess\u00e3o<\/td>\n<\/tr>\n<tr>\n<td><select name=\"os0\"><option value=\"Terapia de Leitura de Aura\">Terapia de lectura del aura EUR 45.00<\/option><option value=\"Terapia Multidimensional\">Terapia multidimensional 35,00 euros<\/option><option value=\"Sanaci\u00f3n reconectiva\">Curaci\u00f3n Reconectiva EUR 30.00<\/option><option value=\"Limpeza Espiritual\">Limpieza Espiritual EUR 30.00<\/option><option value=\"Reiki\">Reiki EUR 5.00<\/option><option value=\"Cura Multidimensional Arcturiana\">Curaci\u00f3n multidimensional arcturiana \u20ac42.00 EUR<\/option><\/select> <\/td>\n<\/tr>\n<tr>\n<td><input type=\"hidden\" name=\"on1\" value=\"Nome do consulente:\">Nome do consulente:<\/td>\n<\/tr>\n<tr>\n<td><input type=\"text\" name=\"os1\" maxlength=\"200\"><\/td>\n<\/tr>\n<tr>\n<td><input type=\"hidden\" name=\"on2\" value=\"Email\/ID Skype do consulente:\">Email\/ID Skype do consulente:<\/td>\n<\/tr>\n<tr>\n<td><input type=\"text\" name=\"os2\" maxlength=\"200\"><\/td>\n<\/tr>\n<\/table>\n<p><input type=\"hidden\" name=\"currency_code\" value=\"EUR\"><br \/>\n<input type=\"image\" src=\"https:\/\/www.paypalobjects.com\/pt_BR\/BR\/i\/btn\/btn_buynowCC_LG.gif\" border=\"0\" name=\"submit\" alt=\"PayPal - A maneira f\u00e1cil e segura de enviar pagamentos online!\"><br \/>\n<img loading=\"lazy\" decoding=\"async\" alt=\"\" border=\"0\" src=\"https:\/\/www.paypalobjects.com\/pt_PT\/i\/scr\/pixel.gif\" width=\"1\" height=\"1\"><br \/>\n<\/form>\n<\/div>\n","protected":false},"excerpt":{"rendered":"<p>Pero hace decenas o cientos de miles de a\u00f1os, cuando la \u00fanica tecnolog\u00eda disponible eran unas cuantas lanzas hechas arcaicamente de madera, los chamanes ya realizaban trabajos energ\u00e9ticos o espirituales [&hellip;]<\/p>\n","protected":false},"author":1,"featured_media":0,"parent":0,"menu_order":0,"comment_status":"closed","ping_status":"open","template":"","meta":{"om_disable_all_campaigns":false,"_mi_skip_tracking":false,"site-sidebar-layout":"default","site-content-layout":"","ast-site-content-layout":"default","site-content-style":"default","site-sidebar-style":"default","ast-global-header-display":"","ast-banner-title-visibility":"","ast-main-header-display":"","ast-hfb-above-header-display":"","ast-hfb-below-header-display":"","ast-hfb-mobile-header-display":"","site-post-title":"","ast-breadcrumbs-content":"","ast-featured-img":"","footer-sml-layout":"","ast-disable-related-posts":"","theme-transparent-header-meta":"","adv-header-id-meta":"","stick-header-meta":"","header-above-stick-meta":"","header-main-stick-meta":"","header-below-stick-meta":"","astra-migrate-meta-layouts":"default","ast-page-background-enabled":"default","ast-page-background-meta":{"desktop":{"background-color":"var(--ast-global-color-5)","background-image":"","background-repeat":"repeat","background-position":"center center","background-size":"auto","background-attachment":"scroll","background-type":"","background-media":"","overlay-type":"","overlay-color":"","overlay-opacity":"","overlay-gradient":""},"tablet":{"background-color":"","background-image":"","background-repeat":"repeat","background-position":"center center","background-size":"auto","background-attachment":"scroll","background-type":"","background-media":"","overlay-type":"","overlay-color":"","overlay-opacity":"","overlay-gradient":""},"mobile":{"background-color":"","background-image":"","background-repeat":"repeat","background-position":"center center","background-size":"auto","background-attachment":"scroll","background-type":"","background-media":"","overlay-type":"","overlay-color":"","overlay-opacity":"","overlay-gradient":""}},"ast-content-background-meta":{"desktop":{"background-color":"var(--ast-global-color-4)","background-image":"","background-repeat":"repeat","background-position":"center center","background-size":"auto","background-attachment":"scroll","background-type":"","background-media":"","overlay-type":"","overlay-color":"","overlay-opacity":"","overlay-gradient":""},"tablet":{"background-color":"var(--ast-global-color-4)","background-image":"","background-repeat":"repeat","background-position":"center center","background-size":"auto","background-attachment":"scroll","background-type":"","background-media":"","overlay-type":"","overlay-color":"","overlay-opacity":"","overlay-gradient":""},"mobile":{"background-color":"var(--ast-global-color-4)","background-image":"","background-repeat":"repeat","background-position":"center center","background-size":"auto","background-attachment":"scroll","background-type":"","background-media":"","overlay-type":"","overlay-color":"","overlay-opacity":"","overlay-gradient":""}},"footnotes":""},"class_list":["post-15148","page","type-page","status-publish","hentry"],"aioseo_notices":[],"_links":{"self":[{"href":"https:\/\/www.paulonogueiraterapias.com\/es\/wp-json\/wp\/v2\/pages\/15148","targetHints":{"allow":["GET"]}}],"collection":[{"href":"https:\/\/www.paulonogueiraterapias.com\/es\/wp-json\/wp\/v2\/pages"}],"about":[{"href":"https:\/\/www.paulonogueiraterapias.com\/es\/wp-json\/wp\/v2\/types\/page"}],"author":[{"embeddable":true,"href":"https:\/\/www.paulonogueiraterapias.com\/es\/wp-json\/wp\/v2\/users\/1"}],"replies":[{"embeddable":true,"href":"https:\/\/www.paulonogueiraterapias.com\/es\/wp-json\/wp\/v2\/comments?post=15148"}],"version-history":[{"count":0,"href":"https:\/\/www.paulonogueiraterapias.com\/es\/wp-json\/wp\/v2\/pages\/15148\/revisions"}],"wp:attachment":[{"href":"https:\/\/www.paulonogueiraterapias.com\/es\/wp-json\/wp\/v2\/media?parent=15148"}],"curies":[{"name":"wp","href":"https:\/\/api.w.org\/{rel}","templated":true}]}}