{"id":15146,"date":"2013-10-04T14:31:13","date_gmt":"2013-10-04T14:31:13","guid":{"rendered":"https:\/\/www.paulonogueiraterapias.com\/curso-de-reiki-tradicional-nivel-i\/"},"modified":"2025-05-20T17:34:23","modified_gmt":"2025-05-20T17:34:23","slug":"curso-de-reiki-tradicional-nivel-i","status":"publish","type":"page","link":"https:\/\/www.paulonogueiraterapias.com\/es\/curso-de-reiki-tradicional-nivel-i\/","title":{"rendered":"Curso de Reiki Tradicional Nivel I"},"content":{"rendered":"\n<p>El Reiki es una terapia complementaria que canaliza energ\u00eda en el cuerpo f\u00edsico y otros cuerpos sutiles del paciente con el objetivo de conseguir una mejora general de su estado f\u00edsico, emocional, mental y espiritual.<\/p>\n\n<figure class=\"wp-block-image alignright is-resized\"><a href=\"https:\/\/www.paulonogueiraterapias.com\/wp-content\/uploads\/2022\/12\/Curso-de-Reiki-Tradicional-Nivel-I-scaled.jpg\"><img loading=\"lazy\" decoding=\"async\" width=\"300\" height=\"200\" src=\"https:\/\/www.paulonogueiraterapias.com\/wp-content\/uploads\/2022\/12\/Curso-de-Reiki-Tradicional-Nivel-I-300x200.jpg\" alt=\"Curso de Reiki Tradicional Nivel I\" class=\"wp-image-15635\" srcset=\"https:\/\/www.paulonogueiraterapias.com\/wp-content\/uploads\/2022\/12\/Curso-de-Reiki-Tradicional-Nivel-I-300x200.jpg 300w, https:\/\/www.paulonogueiraterapias.com\/wp-content\/uploads\/2022\/12\/Curso-de-Reiki-Tradicional-Nivel-I-scaled-600x400.jpg 600w, https:\/\/www.paulonogueiraterapias.com\/wp-content\/uploads\/2022\/12\/Curso-de-Reiki-Tradicional-Nivel-I-1024x683.jpg 1024w, https:\/\/www.paulonogueiraterapias.com\/wp-content\/uploads\/2022\/12\/Curso-de-Reiki-Tradicional-Nivel-I-768x512.jpg 768w, https:\/\/www.paulonogueiraterapias.com\/wp-content\/uploads\/2022\/12\/Curso-de-Reiki-Tradicional-Nivel-I-1536x1024.jpg 1536w, https:\/\/www.paulonogueiraterapias.com\/wp-content\/uploads\/2022\/12\/Curso-de-Reiki-Tradicional-Nivel-I-90x60.jpg 90w, https:\/\/www.paulonogueiraterapias.com\/wp-content\/uploads\/2022\/12\/Curso-de-Reiki-Tradicional-Nivel-I-135x90.jpg 135w, https:\/\/www.paulonogueiraterapias.com\/wp-content\/uploads\/2022\/12\/Curso-de-Reiki-Tradicional-Nivel-I-scaled.jpg 1200w\" sizes=\"auto, (max-width: 300px) 100vw, 300px\" \/><\/a><figcaption class=\"wp-element-caption\">Curso de Reiki Tradicional Nivel I<\/figcaption><\/figure>\n\n<p>El Nivel I de este sistema de sanaci\u00f3n transforma al estudiante en un canal de energ\u00eda que le permitir\u00e1 sanarse a s\u00ed mismo y a los dem\u00e1s.<br\/>Este nivel les permite sanarse f\u00edsicamente y alinear sus <a title=\"Chakras\" href=\"https:\/\/www.paulonogueiraterapias.com\/es\/chakras\/\">chakras<\/a> para que puedan entrar en un estado de gran equilibrio interior.<br\/>Tras sintonizar con el nivel que se denomina <em>Shoden<\/em> (el Despertar del Ser Interior), el estudiante se somete a un periodo de 21 d\u00edas de limpieza y purificaci\u00f3n.<\/p>\n\n<h4 class=\"wp-block-heading\" id=\"h-conteudo-programatico\">Contenidos program\u00e1ticos<\/h4>\n\n<ul class=\"wp-block-list\">\n<li><a href=\"https:\/\/www.paulonogueiraterapias.com\/es\/origen-e-historia-del-reiki\/\">Origen e historia del Reiki<\/a> y Mikao Usui<\/li>\n\n\n\n<li><a href=\"https:\/\/www.paulonogueiraterapias.com\/es\/la-historia-de-chujiro-hayashi\/\">Historia de Chujiro Hayashi<\/a><\/li>\n\n\n\n<li><a href=\"https:\/\/www.paulonogueiraterapias.com\/es\/historia-de-hawayo-takata\/\">Historia de Hawayo Takata<\/a><\/li>\n\n\n\n<li>Teor\u00eda de los chakras<\/li>\n\n\n\n<li>Los 5 principios del Reiki<\/li>\n\n\n\n<li><a href=\"https:\/\/www.paulonogueiraterapias.com\/o-que-sao-os-21-dias-de-reiki\/\" title=\"\">Los 21 d\u00edas de autotratamiento de Reiki<\/a><\/li>\n\n\n\n<li><a href=\"https:\/\/www.paulonogueiraterapias.com\/es\/curso-de-reiki\/#transmitir-reiki\">A qui\u00e9n o qu\u00e9 se puede transmitir el Reiki<\/a><\/li>\n\n\n\n<li><a href=\"https:\/\/www.paulonogueiraterapias.com\/es\/proceso-de-autotratamiento-de-reiki\/\" target=\"_blank\" rel=\"noopener\">Proceso de autotratamiento de Reiki<\/a><\/li>\n\n\n\n<li>Protecciones y limpieza energ\u00e9tica<\/li>\n\n\n\n<li>Sintonizaci\u00f3n<\/li>\n\n\n\n<li>Sesi\u00f3n pr\u00e1ctica: autotratamiento<\/li>\n\n\n\n<li>Sesi\u00f3n pr\u00e1ctica: tratar a los dem\u00e1s<\/li>\n\n\n\n<li><a href=\"https:\/\/www.paulonogueiraterapias.com\/es\/kenyoku-ho-tecnica-de-bano-seco\/\">Kenyoku Ho &#8211; t\u00e9cnica de ba\u00f1o seco<\/a><\/li>\n<\/ul>\n\n<p>Se proporciona un manual y un certificado.<\/p>\n\n<p><strong>Fechas del curso presencial en Lisboa:<\/strong><\/p>\n\n\n\n<p><strong>Precio:<\/strong> 70\u20ac en modalidad colectiva o 90\u20ac en modalidad individual (incluye preinscripci\u00f3n de 20\u20ac para reservar tu plaza)<br\/><strong>Duraci\u00f3n:<\/strong> de 10:00 a 19:00 (1 d\u00eda en modalidad colectiva) o medio d\u00eda en modalidad individual<br\/><strong>Oferta:<\/strong> Manual, certificado, merienda y tentempi\u00e9<br\/><strong>Maestro de Reiki:<\/strong> <a href=\"https:\/\/www.paulonogueiraterapias.com\/es\/sobre-paulo-nogueira\/\" title=\"Paulo Nogueira\">Paulo Nogueira<\/a><\/p>\n\n<p>Practicante de Reiki de coraz\u00f3n con 14 a\u00f1os de experiencia y 11 a\u00f1os impartiendo cursos de Reiki a m\u00e1s de 500 alumnos en m\u00e1s de 120 cursos.<\/p>\n\n<p><strong>Seguimiento permanente tras el curso por WhatsApp o tel\u00e9fono.<\/strong><\/p>\n\n<p><strong>Nota:<\/strong> La preinscripci\u00f3n debe realizarse preferiblemente con tres d\u00edas de antelaci\u00f3n para garantizar tu plaza, ya que el curso tiene plazas limitadas. Su inscripci\u00f3n ser\u00e1 confirmada tras la recepci\u00f3n de una cuota de preinscripci\u00f3n de 20 euros mediante transferencia bancaria por parte de NIB que se enviar\u00e1 por SMS.<\/p>\n\n<h3 class=\"wp-block-heading\" id=\"h-cursos-em-modo-individual\">Cursos en modo individual<\/h3>\n\n<p>Si no est\u00e1 disponible en la fecha del curso en grupo, puede realizar el curso individualmente en la fecha que le resulte m\u00e1s conveniente. El curso individual se imparte de la misma forma que la versi\u00f3n colectiva y puede reservarse para cualquier d\u00eda de la semana (incluidos los d\u00edas festivos). Despu\u00e9s del curso, el alumno siempre puede contar con la disponibilidad del maestro para responder a cualquier pregunta. Si eliges la modalidad individual, hay un recargo de 20 euros sobre el precio del curso colectivo. Los cursos individuales requieren una preinscripci\u00f3n de 10 euros por transferencia bancaria, y los 70 euros restantes se abonan en el lugar del curso.<br\/>Al tratarse de un curso exclusivo para un solo alumno, el curso individual dura 4 horas, la mitad que un curso en grupo, y se da la misma informaci\u00f3n y se realizan las mismas pr\u00e1cticas.<br\/>Se puede reservar de 10:00 a 14:00 o de 14:00 a 18:00.  <\/p>\n\n<p><b>Despu\u00e9s del curso de Reiki (de cualquier nivel), el alumno (si necesita repasar sus conocimientos y el uso de las t\u00e9cnicas) siempre puede repetir el curso si lo desea, con un descuento del 20%.  <\/b><\/p>\n\n<h2 class=\"wp-block-heading\" id=\"h-inscricao-em-curso-de-reiki-tradicional-nivel-i\">Inscripci\u00f3n en un Curso de Reiki Tradicional Nivel I<\/h2>\n<div class=\"wpforms-container wpforms-container-full wpforms-form-abandonment wpforms-block\" id=\"wpforms-15234\"><form id=\"wpforms-form-15234\" class=\"wpforms-validate wpforms-form wpforms-ajax-form\" data-formid=\"15234\" method=\"post\" enctype=\"multipart\/form-data\" action=\"\/es\/wp-json\/wp\/v2\/pages\/15146\" data-token=\"1b9f26e42671fb56fb514682fb36ed19\" data-token-time=\"1777815721\"><noscript class=\"wpforms-error-noscript\">Por favor, activa JavaScript en tu navegador para completar este formulario.<\/noscript><div class=\"wpforms-field-container\"><div id=\"wpforms-15234-field_1-container\" class=\"wpforms-field wpforms-field-name\" data-field-id=\"1\"><label class=\"wpforms-field-label\" for=\"wpforms-15234-field_1\">Nombre <span class=\"wpforms-required-label\">*<\/span><\/label><input type=\"text\" id=\"wpforms-15234-field_1\" class=\"wpforms-field-medium wpforms-field-required\" name=\"wpforms[fields][1]\" required><\/div><div id=\"wpforms-15234-field_2-container\" class=\"wpforms-field wpforms-field-phone\" data-field-id=\"2\"><label class=\"wpforms-field-label\" for=\"wpforms-15234-field_2\">Tel\u00e9fono <span class=\"wpforms-required-label\">*<\/span><\/label><input type=\"tel\" id=\"wpforms-15234-field_2\" class=\"wpforms-field-medium wpforms-field-required\" data-rule-int-phone-field=\"true\" name=\"wpforms[fields][2]\" aria-label=\"Tel\u00e9fono\" required><\/div><div id=\"wpforms-15234-field_3-container\" class=\"wpforms-field wpforms-field-email\" data-field-id=\"3\"><label class=\"wpforms-field-label\" for=\"wpforms-15234-field_3\">Env\u00eda un correo electr\u00f3nico a <span class=\"wpforms-required-label\">*<\/span><\/label><input type=\"email\" id=\"wpforms-15234-field_3\" class=\"wpforms-field-medium wpforms-field-required\" name=\"wpforms[fields][3]\" spellcheck=\"false\" required><\/div><div id=\"wpforms-15234-field_7-container\" class=\"wpforms-field wpforms-field-select wpforms-field-select-style-modern\" data-field-id=\"7\"><label class=\"wpforms-field-label\" for=\"wpforms-15234-field_7\">Modalidad<\/label><select id=\"wpforms-15234-field_7\" class=\"wpforms-field-medium choicesjs-select\" data-size-class=\"wpforms-field-row wpforms-field-medium\" data-search-enabled=\"\" name=\"wpforms[fields][7]\"><option value=\"\" class=\"placeholder\" disabled ><\/option><option value=\"Curso en grupo\"  selected='selected'>Curso en grupo<\/option><option value=\"Curso en modalidad individual\" >Curso en modalidad individual<\/option><\/select><\/div><div id=\"wpforms-15234-field_6-container\" class=\"wpforms-field wpforms-field-textarea\" data-field-id=\"6\"><label class=\"wpforms-field-label\" for=\"wpforms-15234-field_6\">Observaciones<\/label><textarea id=\"wpforms-15234-field_6\" class=\"wpforms-field-medium\" name=\"wpforms[fields][6]\" ><\/textarea><\/div><\/div><!-- .wpforms-field-container --><div class=\"wpforms-submit-container\" ><input type=\"hidden\" name=\"wpforms[id]\" value=\"15234\"><input type=\"hidden\" name=\"page_title\" value=\"\"><input type=\"hidden\" name=\"page_url\" value=\"https:\/\/www.paulonogueiraterapias.com\/es\/wp-json\/wp\/v2\/pages\/15146\"><input type=\"hidden\" name=\"url_referer\" value=\"\"><button type=\"submit\" name=\"wpforms[submit]\" id=\"wpforms-submit-15234\" class=\"wpforms-submit\" data-alt-text=\"Enviando...\" data-submit-text=\"Suscr\u00edbete\" aria-live=\"assertive\" value=\"wpforms-submit\">Suscr\u00edbete<\/button><img loading=\"lazy\" decoding=\"async\" src=\"https:\/\/www.paulonogueiraterapias.com\/wp-content\/plugins\/wpforms-disabled\/assets\/images\/submit-spin.svg\" class=\"wpforms-submit-spinner\" style=\"display: none;\" width=\"26\" height=\"26\" alt=\"Cargando\"><\/div><\/form><\/div>  <!-- .wpforms-container -->\n<h4 class=\"wp-block-heading\" id=\"h-alguns-efeitos-do-reiki\">Algunos efectos del Reiki<\/h4>\n\n<ul class=\"wp-block-list\">\n<li>relajaci\u00f3n y reducci\u00f3n del estr\u00e9s<\/li>\n\n\n\n<li>reequilibra los <a href=\"https:\/\/www.paulonogueiraterapias.com\/es\/chakras\/\">chakras<\/a><\/li>\n\n\n\n<li>reduce la ansiedad<\/li>\n\n\n\n<li>reduce los pensamientos negativos<\/li>\n\n\n\n<li>aumenta la autoestima<\/li>\n\n\n\n<li>produce un alivio emocional<\/li>\n\n\n\n<li><a href=\"https:\/\/www.paulonogueiraterapias.com\/beneficios-do-reiki-para-insonia\/\" title=\"Beneficios del Reiki para el Insomnio\">cura el insomnio<\/a><\/li>\n<\/ul>\n\n<p>Reiki est\u00e1 formado por dos palabras: <em>Rei<\/em> que significa Inteligencia Universal y <em>Ki<\/em> que significa Energ\u00eda Vital. En esencia, el Reiki es energ\u00eda guiada por la Inteligencia Universal. En este sentido, el terapeuta de Reiki no es m\u00e1s que un canal de algo superior que realiza la curaci\u00f3n en el paciente.<\/p>\n\n<p>Mira aqu\u00ed en este art\u00edculo <a href=\"https:\/\/www.paulonogueiraterapias.com\/o-que-se-aprende-no-nivel-1-de-reiki\/\" title=\"\">lo que aprendes en el nivel I<\/a>.<\/p>\n\n<div class=\"wp-block-ainoblocks-accordion-faq-block icon__left has-border is-style-toggle\" x-data=\"{ open: false }\" @click=\"open = !open\" :class=\"{'open': open, 'close': ! open }\"><div class=\"accordion\"><h3 class=\"has-xxs-font-size\">Um dia de curso \u00e9 suficiente?<\/h3><\/div><div class=\"panel\">\n<p>S\u00ed, perfectamente. El d\u00eda del curso, el alumno recibe todas las ense\u00f1anzas te\u00f3ricas que necesita y podr\u00e1 poner en pr\u00e1ctica la sesi\u00f3n de autotratamiento y el tratamiento a otras personas, por lo que est\u00e1 garantizado que el alumno podr\u00e1 aplicar Reiki con \u00e9xito. <\/p>\n<\/div><\/div>\n\n<div class=\"wp-block-ainoblocks-accordion-faq-block icon__left br__xxs has-border\" x-data=\"{ open: false }\" @click=\"open = !open\" :class=\"{'open': open, 'close': ! open }\"><div class=\"accordion\"><h3 class=\"has-xxs-font-size\">\u00c9 complicado aprender Reiki?<\/h3><\/div><div class=\"panel\">\n<p>Hacer una sesi\u00f3n de autotratamiento o tratar a otros es tan f\u00e1cil como seguir una receta de pastel. Incluso hay cursos de Reiki para ni\u00f1os. Si hasta los ni\u00f1os pueden aprender Reiki, \u00bfc\u00f3mo no van a poder hacerlo los adultos?  <br\/>El Reiki consiste en sentir la energ\u00eda con las manos permaneciendo en un estado de receptividad y amor. Comparado con sacarse el carn\u00e9 de conducir, el Reiki es cientos de veces m\u00e1s sencillo. <\/p>\n<\/div><\/div>\n\n<div class=\"wp-block-ainoblocks-accordion-faq-block icon__left br__xxs has-border\" x-data=\"{ open: false }\" @click=\"open = !open\" :class=\"{'open': open, 'close': ! open }\"><div class=\"accordion\"><h3 class=\"has-xxs-font-size\">Posso ficar apenas pelo N\u00edvel I ou tenho de prosseguir at\u00e9 ao mestrado?<\/h3><\/div><div class=\"panel\">\n<p>Los alumnos s\u00f3lo pueden cursar el nivel I, que les permite autotratarse, as\u00ed como tratar a amigos y familiares, pero si quieren tratar a alguien distinto de \u00e9stos, s\u00f3lo deben hacerlo a partir del nivel II.<\/p>\n<\/div><\/div>\n\n<div class=\"wp-block-ainoblocks-accordion-faq-block icon__left br__xxs has-border\" x-data=\"{ open: false }\" @click=\"open = !open\" :class=\"{'open': open, 'close': ! open }\"><div class=\"accordion\"><h3 class=\"has-xxs-font-size\">Tenho alguns problemas pessoais. O curso pode ajudar-me?<\/h3><\/div><div class=\"panel\">\n<p>\u00a1S\u00ed que puedes! El curso de Reiki Nivel Tradicional es la puerta de entrada a la espiritualidad para muchas personas hoy en d\u00eda. Participando en el curso de Reiki aprender\u00e1s una t\u00e9cnica que puede ayudarte en muchos aspectos de tu vida personal, como por ejemplo:  <\/p>\n\n\n\n<ul class=\"wp-block-list\">\n<li>ayudar a superar los sentimientos de dolor por la muerte de un ser querido<\/li>\n\n\n\n<li>ayudan a aumentar la autoestima y la confianza en uno mismo<\/li>\n\n\n\n<li>superar los sentimientos de ira y resentimiento hacia otras personas o hacia ti mismo<\/li>\n\n\n\n<li>te dan m\u00e1s energ\u00eda<\/li>\n\n\n\n<li>recuperar tu equilibrio energ\u00e9tico, que repercute en tu bienestar f\u00edsico, emocional, mental y espiritual<\/li>\n\n\n\n<li>te ayudar\u00e1 a pensar de forma m\u00e1s optimista, naturalmente y sin esfuerzo. Simplemente aplica Reiki en los momentos en que te sientas m\u00e1s desanimado y falto de fe en la vida. <\/li>\n<\/ul>\n\n\n\n<p>Cuanto mayores sean los problemas personales de autoestima, ansiedad o estr\u00e9s, mayor ser\u00e1 la motivaci\u00f3n del alumno para completar los 21 d\u00edas de autotratamiento de Reiki que son obligatorios despu\u00e9s de cada iniciaci\u00f3n. Cuanto mayor sea el sufrimiento, \u00a1mayor ser\u00e1 la motivaci\u00f3n para aplicar la autocuraci\u00f3n! Reiki no s\u00f3lo cura, sino que te hace evolucionar espiritualmente. Una vez que un estudiante ha realizado el Nivel I del Curso de Reiki Tradicional, ya no tiene que soportar el sufrimiento tan pasivamente como antes. \u00a1Ahora puede combatirlo en\u00e9rgicamente con el arma del Reiki!    <\/p>\n<\/div><\/div>\n\n<div class=\"wp-block-ainoblocks-accordion-faq-block icon__left br__xxs has-border\" x-data=\"{ open: false }\" @click=\"open = !open\" :class=\"{'open': open, 'close': ! open }\"><div class=\"accordion\"><h3 class=\"has-xxs-font-size\">Necessito ter dons de cura para ser terapeuta de Reiki?<\/h3><\/div><div class=\"panel\">\n<p>No, \u00a1en absoluto! Cualquier persona, independientemente de su grado y tipo de mediumnidad, puede aplicar Reiki con \u00e9xito y ser capaz de curarse a s\u00ed misma y a los dem\u00e1s. En Reiki, el terapeuta es s\u00f3lo un canal. Es la energ\u00eda que proviene de la Fuente la que realmente cura, no el propio terapeuta.    <\/p>\n\n\n\n<p>En el caso de las personas que ya tienen cierto grado de mediumnidad, la iniciaci\u00f3n puede equilibrar al m\u00e9dium, alineando sus chakras al nivel de funcionamiento que est\u00e9 de acuerdo con la voluntad de su chispa divina, teniendo en cuenta el programa de encarnaci\u00f3n actual del m\u00e9dium.<\/p>\n\n\n\n<p>En algunos casos de m\u00e9diums sanadores que ya han despertado su capacidad, el Reiki en estas personas concretas aumenta su capacidad de sanar. En el caso de m\u00e9diums no despiertos, el Reiki puede despertar el don de sanar si este don ya formaba parte de ellos desde su nacimiento y si esto est\u00e1 de acuerdo con la voluntad de la chispa divina de la persona (tambi\u00e9n conocida como m\u00f3nada o Presencia Divina Yo Soy). <\/p>\n<\/div><\/div>\n\n<div class=\"wp-block-ainoblocks-accordion-faq-block icon__left br__xxs has-border\" x-data=\"{ open: false }\" @click=\"open = !open\" :class=\"{'open': open, 'close': ! open }\"><div class=\"accordion\"><h3 class=\"has-xxs-font-size\">O Reiki est\u00e1 associado a alguma religi\u00e3o?<\/h3><\/div><div class=\"panel\">\n<p>No. El Reiki es universalista y espiritualista en su esencia. Esto significa que est\u00e1 abierto a cualquier persona de cualquier religi\u00f3n, credo o tradici\u00f3n, ya sea hind\u00fa, budista, cat\u00f3lica, protestante, evang\u00e9lica, umbanda, espiritista, jud\u00eda, sij, jainista, musulmana o de cualquier otra confesi\u00f3n. <\/p>\n\n\n\n<p>Los principios de la Espiritualidad son universales y atemporales. Se basan en el amor, la compasi\u00f3n, el perd\u00f3n, la b\u00fasqueda de uno mismo, el respeto al libre albedr\u00edo de cada uno, el no juicio, el autoconocimiento y la conexi\u00f3n con lo Divino.   <\/p>\n<\/div><\/div>\n\n<div class=\"wp-block-ainoblocks-accordion-faq-block icon__left br__xxs has-border\" x-data=\"{ open: false }\" @click=\"open = !open\" :class=\"{'open': open, 'close': ! open }\"><div class=\"accordion\"><h3 class=\"has-xxs-font-size\">Necessito de forma\u00e7\u00f5es pr\u00e9vias para participar no curso?<\/h3><\/div><div class=\"panel\">\n<p>No. El curso de Reiki Tradicional Nivel I es adecuado para quienes dan sus primeros pasos en la espiritualidad. No necesitas tener formaci\u00f3n previa en terapias energ\u00e9ticas ni formaci\u00f3n acad\u00e9mica en Psicolog\u00eda, Salud u otras \u00e1reas relacionadas. Es un curso abierto a todas las personas de cualquier <em>procedencia<\/em> que deseen aprender una t\u00e9cnica para sanarse y evolucionar como esp\u00edritus encarnados que son. \u00a1El verdadero requisito es tener la mente y el coraz\u00f3n abiertos!   <\/p>\n<\/div><\/div>\n","protected":false},"excerpt":{"rendered":"<p>El Reiki es una terapia complementaria que canaliza energ\u00eda en el cuerpo f\u00edsico y otros cuerpos sutiles del paciente con el objetivo de conseguir una mejora general de su estado [&hellip;]<\/p>\n","protected":false},"author":1,"featured_media":0,"parent":0,"menu_order":0,"comment_status":"closed","ping_status":"open","template":"","meta":{"om_disable_all_campaigns":false,"_mi_skip_tracking":false,"site-sidebar-layout":"default","site-content-layout":"","ast-site-content-layout":"default","site-content-style":"default","site-sidebar-style":"default","ast-global-header-display":"","ast-banner-title-visibility":"","ast-main-header-display":"","ast-hfb-above-header-display":"","ast-hfb-below-header-display":"","ast-hfb-mobile-header-display":"","site-post-title":"","ast-breadcrumbs-content":"","ast-featured-img":"","footer-sml-layout":"","ast-disable-related-posts":"","theme-transparent-header-meta":"","adv-header-id-meta":"","stick-header-meta":"","header-above-stick-meta":"","header-main-stick-meta":"","header-below-stick-meta":"","astra-migrate-meta-layouts":"default","ast-page-background-enabled":"default","ast-page-background-meta":{"desktop":{"background-color":"var(--ast-global-color-5)","background-image":"","background-repeat":"repeat","background-position":"center center","background-size":"auto","background-attachment":"scroll","background-type":"","background-media":"","overlay-type":"","overlay-color":"","overlay-opacity":"","overlay-gradient":""},"tablet":{"background-color":"","background-image":"","background-repeat":"repeat","background-position":"center center","background-size":"auto","background-attachment":"scroll","background-type":"","background-media":"","overlay-type":"","overlay-color":"","overlay-opacity":"","overlay-gradient":""},"mobile":{"background-color":"","background-image":"","background-repeat":"repeat","background-position":"center center","background-size":"auto","background-attachment":"scroll","background-type":"","background-media":"","overlay-type":"","overlay-color":"","overlay-opacity":"","overlay-gradient":""}},"ast-content-background-meta":{"desktop":{"background-color":"var(--ast-global-color-4)","background-image":"","background-repeat":"repeat","background-position":"center center","background-size":"auto","background-attachment":"scroll","background-type":"","background-media":"","overlay-type":"","overlay-color":"","overlay-opacity":"","overlay-gradient":""},"tablet":{"background-color":"var(--ast-global-color-4)","background-image":"","background-repeat":"repeat","background-position":"center center","background-size":"auto","background-attachment":"scroll","background-type":"","background-media":"","overlay-type":"","overlay-color":"","overlay-opacity":"","overlay-gradient":""},"mobile":{"background-color":"var(--ast-global-color-4)","background-image":"","background-repeat":"repeat","background-position":"center center","background-size":"auto","background-attachment":"scroll","background-type":"","background-media":"","overlay-type":"","overlay-color":"","overlay-opacity":"","overlay-gradient":""}},"footnotes":""},"class_list":["post-15146","page","type-page","status-publish","hentry"],"aioseo_notices":[],"_links":{"self":[{"href":"https:\/\/www.paulonogueiraterapias.com\/es\/wp-json\/wp\/v2\/pages\/15146","targetHints":{"allow":["GET"]}}],"collection":[{"href":"https:\/\/www.paulonogueiraterapias.com\/es\/wp-json\/wp\/v2\/pages"}],"about":[{"href":"https:\/\/www.paulonogueiraterapias.com\/es\/wp-json\/wp\/v2\/types\/page"}],"author":[{"embeddable":true,"href":"https:\/\/www.paulonogueiraterapias.com\/es\/wp-json\/wp\/v2\/users\/1"}],"replies":[{"embeddable":true,"href":"https:\/\/www.paulonogueiraterapias.com\/es\/wp-json\/wp\/v2\/comments?post=15146"}],"version-history":[{"count":0,"href":"https:\/\/www.paulonogueiraterapias.com\/es\/wp-json\/wp\/v2\/pages\/15146\/revisions"}],"wp:attachment":[{"href":"https:\/\/www.paulonogueiraterapias.com\/es\/wp-json\/wp\/v2\/media?parent=15146"}],"curies":[{"name":"wp","href":"https:\/\/api.w.org\/{rel}","templated":true}]}}