{"id":15145,"date":"2013-11-15T00:47:34","date_gmt":"2013-11-15T00:47:34","guid":{"rendered":"https:\/\/www.paulonogueiraterapias.com\/limpeza-espiritual\/"},"modified":"2013-11-15T00:47:34","modified_gmt":"2013-11-15T00:47:34","slug":"limpeza-espiritual","status":"publish","type":"page","link":"https:\/\/www.paulonogueiraterapias.com\/es\/limpeza-espiritual\/","title":{"rendered":"Limpeza Espiritual"},"content":{"rendered":"<div style=\"font-size: 10pt; text-align: justify;\">\n<p>La limpieza espiritual, ya sea realizada en persona o a distancia, tiene como objetivo limpiar el aura de la persona, su campo energ\u00e9tico y eliminar la sensaci\u00f3n de &#8220;llevar el mundo a cuestas&#8221;, as\u00ed como eliminar las emociones negativas que se acumulan en el cuerpo emocional. Estas energ\u00edas disonantes pueden ser sentimientos de frustraci\u00f3n, des\u00e1nimo, ansiedad, desmotivaci\u00f3n, ira, apat\u00eda o un deseo de aislamiento social sin raz\u00f3n aparente.<\/p>\n<p>Esta terapia est\u00e1 dirigida a personas que sienten un malestar permanente al &#8220;estar en su propia piel&#8221;, con s\u00edntomas de cansancio, baja energ\u00eda, que absorben con mucha facilidad la energ\u00eda de los entornos y de otras personas y, por tanto, est\u00e1 especialmente indicada para m\u00e9diums, ni\u00f1os\/adultos \u00edndigos y ni\u00f1os\/adultos cristal.<\/p>\n<p>De vez en cuando, la persona se siente &#8220;muy agobiada&#8221;, ya sea porque convive a diario con personas muy negativas o porque vive en ambientes negativos o que atraen mucha negatividad. Como no siempre es posible que una persona se proteja energ\u00e9ticamente, ya que las personas muy negativas pueden ser su pareja, sus padres, sus hermanos, sus compa\u00f1eros de colegio, de universidad o de trabajo, simplemente le corresponde limpiarse energ\u00e9ticamente de vez en cuando, a medida que se siente m\u00e1s y m\u00e1s &#8220;cargado&#8221;.<\/p>\n<p>Las consecuencias de un aura &#8220;contaminada&#8221; de negatividad, adem\u00e1s del cansancio y de no tener energ\u00eda para tomar decisiones que requieran una mayor implicaci\u00f3n emocional, implican la p\u00e9rdida de productividad a nivel profesional, el progresivo distanciamiento de otras personas a nivel social y afectivo, la falta de voluntad debilita la creatividad y el dinamismo natural de la persona, fomenta la ociosidad y el deseo de tumbarse en la cama a dormir sin tener tiempo ni ganas de volver a despertarse.<\/p>\n<h4>Lugares que atraen mucha negatividad<\/h4>\n<ul>\n<li><span style=\"line-height: 14px;\">Lugares con muchas barras (deseo sexual, lujuria, frustraci\u00f3n, alcohol, inutilidad, comportamiento ego\u00edsta, ira, competencia velada basada en la apariencia, juegos de seducci\u00f3n manipuladores, etc.)<\/span><\/li>\n<li>Cementerios (tristeza, angustia, dolor, pena, arrepentimiento, resentimiento, etc.)<\/li>\n<li>Centros comerciales (deseo desenfrenado de comprar, insatisfacci\u00f3n permanente por el deseo de &#8220;llevarse toda la tienda a casa&#8221; pero no tener suficiente dinero para hacerlo, etc.)<\/li>\n<li>Las empresas cuyas pol\u00edticas de remuneraci\u00f3n fomentan la competencia feroz entre sus empleados haci\u00e9ndoles olvidar valores como la amistad, la ayuda mutua, la cooperaci\u00f3n y la solidaridad profesional<\/li>\n<li>Lugares donde se han cometido suicidios<\/li>\n<\/ul>\n<p style=\"text-align: justify;\">Terapeuta: Paulo Nogueira<br \/>\nDuraci\u00f3n de la sesi\u00f3n: 1 hora<br \/>\nValor: 30 euros<br \/>\nModalidad: presencial o <a title=\"Consultas \u00e0 dist\u00e2ncia (por Skype ou telefone)\" href=\"https:\/\/www.paulonogueiraterapias.com\/consultas-a-distancia-online-por-skype-ou-telefone\/\" target=\"_blank\" rel=\"noopener noreferrer\">a distancia<\/a><\/p>\n<h4 style=\"text-align: justify;\">Marcaje de la Sesi\u00f3n de Limpieza Espiritual<!--cforms name=\"Marcar sess\u00e3o de Limpeza Espiritual\"--><\/h4>\n<p>[cforms name=&#8221;Marcar sess\u00e3o de Limpeza Espiritual&#8221;]<\/p>\n<p><strong>Nota:<\/strong> La Limpieza Espiritual que se realiza es un subtipo de Terapia Multidimensional, por lo que no debe confundirse con el trabajo del mismo nombre, que suelen realizar los m\u00e9diums en los centros espiritistas. Por lo tanto, el terapeuta no asume ning\u00fan don medi\u00famnico (clarividencia, clariaudiencia, incorporaci\u00f3n, canalizaci\u00f3n de gu\u00edas, entidades o energ\u00edas, precognici\u00f3n, entre otros) antes, durante o despu\u00e9s de la ejecuci\u00f3n de la sesi\u00f3n de terapia.<br \/>\nEn caso de emergencia espiritual, es aconsejable acudir a un centro espiritista.<\/p>\n<\/div>\n","protected":false},"excerpt":{"rendered":"<p>La limpieza espiritual, ya sea realizada en persona o a distancia, tiene como objetivo limpiar el aura de la persona, su campo energ\u00e9tico y eliminar la sensaci\u00f3n de &#8220;llevar el [&hellip;]<\/p>\n","protected":false},"author":1,"featured_media":0,"parent":0,"menu_order":0,"comment_status":"closed","ping_status":"open","template":"","meta":{"om_disable_all_campaigns":false,"_mi_skip_tracking":false,"site-sidebar-layout":"default","site-content-layout":"","ast-site-content-layout":"default","site-content-style":"default","site-sidebar-style":"default","ast-global-header-display":"","ast-banner-title-visibility":"","ast-main-header-display":"","ast-hfb-above-header-display":"","ast-hfb-below-header-display":"","ast-hfb-mobile-header-display":"","site-post-title":"","ast-breadcrumbs-content":"","ast-featured-img":"","footer-sml-layout":"","ast-disable-related-posts":"","theme-transparent-header-meta":"","adv-header-id-meta":"","stick-header-meta":"","header-above-stick-meta":"","header-main-stick-meta":"","header-below-stick-meta":"","astra-migrate-meta-layouts":"default","ast-page-background-enabled":"default","ast-page-background-meta":{"desktop":{"background-color":"var(--ast-global-color-5)","background-image":"","background-repeat":"repeat","background-position":"center center","background-size":"auto","background-attachment":"scroll","background-type":"","background-media":"","overlay-type":"","overlay-color":"","overlay-opacity":"","overlay-gradient":""},"tablet":{"background-color":"","background-image":"","background-repeat":"repeat","background-position":"center center","background-size":"auto","background-attachment":"scroll","background-type":"","background-media":"","overlay-type":"","overlay-color":"","overlay-opacity":"","overlay-gradient":""},"mobile":{"background-color":"","background-image":"","background-repeat":"repeat","background-position":"center center","background-size":"auto","background-attachment":"scroll","background-type":"","background-media":"","overlay-type":"","overlay-color":"","overlay-opacity":"","overlay-gradient":""}},"ast-content-background-meta":{"desktop":{"background-color":"var(--ast-global-color-4)","background-image":"","background-repeat":"repeat","background-position":"center center","background-size":"auto","background-attachment":"scroll","background-type":"","background-media":"","overlay-type":"","overlay-color":"","overlay-opacity":"","overlay-gradient":""},"tablet":{"background-color":"var(--ast-global-color-4)","background-image":"","background-repeat":"repeat","background-position":"center center","background-size":"auto","background-attachment":"scroll","background-type":"","background-media":"","overlay-type":"","overlay-color":"","overlay-opacity":"","overlay-gradient":""},"mobile":{"background-color":"var(--ast-global-color-4)","background-image":"","background-repeat":"repeat","background-position":"center center","background-size":"auto","background-attachment":"scroll","background-type":"","background-media":"","overlay-type":"","overlay-color":"","overlay-opacity":"","overlay-gradient":""}},"footnotes":""},"class_list":["post-15145","page","type-page","status-publish","hentry"],"aioseo_notices":[],"_links":{"self":[{"href":"https:\/\/www.paulonogueiraterapias.com\/es\/wp-json\/wp\/v2\/pages\/15145","targetHints":{"allow":["GET"]}}],"collection":[{"href":"https:\/\/www.paulonogueiraterapias.com\/es\/wp-json\/wp\/v2\/pages"}],"about":[{"href":"https:\/\/www.paulonogueiraterapias.com\/es\/wp-json\/wp\/v2\/types\/page"}],"author":[{"embeddable":true,"href":"https:\/\/www.paulonogueiraterapias.com\/es\/wp-json\/wp\/v2\/users\/1"}],"replies":[{"embeddable":true,"href":"https:\/\/www.paulonogueiraterapias.com\/es\/wp-json\/wp\/v2\/comments?post=15145"}],"version-history":[{"count":0,"href":"https:\/\/www.paulonogueiraterapias.com\/es\/wp-json\/wp\/v2\/pages\/15145\/revisions"}],"wp:attachment":[{"href":"https:\/\/www.paulonogueiraterapias.com\/es\/wp-json\/wp\/v2\/media?parent=15145"}],"curies":[{"name":"wp","href":"https:\/\/api.w.org\/{rel}","templated":true}]}}