{"id":15142,"date":"2013-10-12T21:45:19","date_gmt":"2013-10-12T21:45:19","guid":{"rendered":"https:\/\/www.paulonogueiraterapias.com\/sanacion-reconectiva\/"},"modified":"2021-12-10T23:55:32","modified_gmt":"2021-12-10T23:55:32","slug":"sanacion-reconectiva","status":"publish","type":"page","link":"https:\/\/www.paulonogueiraterapias.com\/es\/sanacion-reconectiva\/","title":{"rendered":"Sanaci\u00f3n reconectiva"},"content":{"rendered":"\n<div style=\"font-size: 10pt;\">\n<p style=\"text-align: justify;\">Reconnective Healing\u00ae es el sistema m\u00e1s avanzado, novedoso y completo de curaci\u00f3n energ\u00e9tica disponible actualmente para la humanidad.  <a title=\"Sanaci\u00f3n reconectiva\u00ae\" href=\"https:\/\/www.paulonogueiraterapias.com\/es\/sanacion-reconectiva\/\">Reconnective Healing\u00ae<\/a> al reconectarnos con la sabidur\u00eda de nuestro coraz\u00f3n y el coraz\u00f3n del cosmos, nos permite redescubrir nuestro equilibrio interior y sanar la ra\u00edz de cualquier problema f\u00edsico, emocional, mental o espiritual en lugar de tratar los s\u00edntomas como la medicina alop\u00e1tica.<\/p>\n<\/div>\n\n<div class=\"wp-block-image\"><figure class=\"alignright\"><a href=\"https:\/\/www.paulonogueiraterapias.com\/wp-content\/uploads\/2021\/02\/cura-reconectiva-paulo-nogueira-300x196.jpg\"><img loading=\"lazy\" decoding=\"async\" width=\"300\" height=\"196\" src=\"https:\/\/www.paulonogueiraterapias.com\/wp-content\/uploads\/2021\/02\/cura-reconectiva-paulo-nogueira-300x196.jpg\" alt=\"Sanaci&#xF3;n reconectiva&#xAE;\" class=\"wp-image-13605\" srcset=\"https:\/\/www.paulonogueiraterapias.com\/wp-content\/uploads\/2021\/02\/cura-reconectiva-paulo-nogueira-300x196.jpg 300w, https:\/\/www.paulonogueiraterapias.com\/wp-content\/uploads\/2021\/02\/cura-reconectiva-paulo-nogueira-450x295.jpg 450w, https:\/\/www.paulonogueiraterapias.com\/wp-content\/uploads\/2021\/02\/cura-reconectiva-paulo-nogueira.jpg 550w\" sizes=\"auto, (max-width: 300px) 100vw, 300px\" \/><\/a><figcaption>Sanaci\u00f3n reconectiva\u00ae<\/figcaption><\/figure><\/div>\n\n<p>Respaldada por numerosos estudios cient\u00edficos y por los principales cient\u00edficos en el campo de la Medicina Mente-Cuerpo (Gary E. R. Shwartz, Ph.D. y Linda G. S. Russek, Ph.D.), esta modalidad de curaci\u00f3n descubierta por el Dr. Eric Pearl, tiene el principio de traer a la vida del paciente la reconexi\u00f3n de su cuerpo con su mente as\u00ed como con el Universo. Aunque la medicina convencional tiene su lugar y su debido m\u00e9rito, a lo largo del tiempo ha descuidado el origen emocional, mental y espiritual de las enfermedades, tratando normalmente s\u00f3lo sus s\u00edntomas f\u00edsicos con pastillas (algunas con efectos secundarios) o intervenciones quir\u00fargicas, lo que a menudo s\u00f3lo contribuye a prolongar el estado del paciente, manteni\u00e9ndolo con dolor, dependiente de las pastillas, reduciendo sus recursos econ\u00f3micos y con una cura que a veces es s\u00f3lo temporal.<\/p>\n\n<p>Aunque en los a\u00f1os 50 ya hab\u00eda empezado a surgir un nuevo paradigma de curaci\u00f3n y de Medicina Integradora Mente-Cuerpo, es ahora, en el siglo XX, cuando ha surgido un nuevo paradigma de curaci\u00f3n y de Medicina Integradora Mente-Cuerpo. XXI, con las nuevas frecuencias de curaci\u00f3n disponibles en la Tierra, ha sido posible poner a disposici\u00f3n de la especie humana la curaci\u00f3n de todo tipo de enfermedades. Para sorpresa de muchos cl\u00ednicos que acompa\u00f1an a sus pacientes en los hospitales que decidieron permitir la  Despu\u00e9s de que sus m\u00e9todos hayan fracasado, se han producido curaciones verdaderamente &#8220;milagrosas&#8221; con Reconnective<a title=\"Sanaci&#xF3;n reconectiva\" href=\"https:\/\/www.paulonogueiraterapias.com\/es\/sanacion-reconectiva\/\">Healing\u00ae<\/a>, a saber, reducci\u00f3n de tumores, par\u00e1lisis cerebral y depresiones, pero obviamente esto no debe generalizarse a todos los casos de pacientes en los que se ha aplicado Reconnective Healing\u00ae.<\/p>\n\n<p>No obstante, hay que tener en cuenta que la Reconnective Healing\u00ae no debe ser una alternativa a la medicina convencional, sino que debe servir de complemento para actuar a nivel de la mejora del sistema energ\u00e9tico del paciente. Por lo tanto, el paciente no debe consultar a un terapeuta de Reconnective Healing\u00ae en lugar de un m\u00e9dico, ya que los s\u00edntomas f\u00edsicos de la enfermedad suelen requerir un tratamiento m\u00e1s urgente y s\u00f3lo un m\u00e9dico debidamente acreditado puede hacer el diagn\u00f3stico respectivo con los medios complementarios de diagn\u00f3stico disponibles en una cl\u00ednica u hospital (radiograf\u00eda, TAC, ecograf\u00eda, resonancia magn\u00e9tica, termograf\u00eda, gasometr\u00eda, entre otros).<\/p>\n\n<p><strong>Domicilio: <\/strong>Para las personas que no puedan acudir a la cl\u00ednica por motivos de salud, las sesiones pueden realizarse en el domicilio del cliente por un importe adicional de 10 euros en concepto de gastos de desplazamiento. Esta opci\u00f3n s\u00f3lo est\u00e1 disponible para los residentes en el municipio de Lisboa.<\/p>\n\n<p>Terapeuta: Paulo Nogueira (Licenciado en Reconnective Healing\u00ae Nivel II)<br\/>Duraci\u00f3n de la sesi\u00f3n: 45 minutos (tiempo aproximado, variable seg\u00fan las necesidades del paciente)<br\/>Valor: 30 euros<br\/>Modalidad: Presencial o <a title=\"Consultas &#xE0; dist&#xE2;ncia (por Skype ou telefone)\" href=\"https:\/\/www.paulonogueiraterapias.com\/consultas-a-distancia-online-por-skype-ou-telefone\/\">a distancia<\/a> (debe enviarse la foto de la persona a tratar)<\/p>\n\n<h4 class=\"wp-block-heading\">Reservar una sesi\u00f3n de Reconnective Healing<\/h4>\n\n<hr class=\"wp-block-separator\"\/>\n\n<p>NOTA LEGAL: Eric Pearl, The Reconnection, LLC, \u00ae y cualquier persona asociada con este trabajo, incluidos, entre otros, The Reconnection\u00ae y \/ o Reconnective Healing\u00ae no hacen reclamos, promesas, representaciones o garant\u00edas y no ofrecen ni el diagn\u00f3stico ni el tratamiento de desaf\u00edos de salud espec\u00edficos. Usted es el \u00fanico responsable de asegurarse de continuar con su propio tratamiento y atenci\u00f3n m\u00e9dica.<br\/>Reconnection\u00ae And Reconnective Healing\u00ae marcas comerciales de The Reconnection, LLC.<\/p>\n\n<h4 class=\"wp-block-heading\">Experiencias m\u00edsticas<\/h4>\n\n<p>Aunque el objetivo de la Sanaci\u00f3n Reconectiva es la curaci\u00f3n f\u00edsica, emocional, mental y espiritual, de vez en cuando los pacientes informan de experiencias espirituales como recibir mensajes de seres queridos fallecidos durante la sesi\u00f3n o sentir su presencia, as\u00ed como la de \u00c1ngeles y Seres de Luz, ver colores con la tercera vista, perder parcial o totalmente el cuerpo f\u00edsico, sentirse en otra dimensi\u00f3n o sentir dolor y presi\u00f3n en lugares en los que se les diagnostican (mediante un examen previo por un profesional autorizado) fibromas uterinos o bultos en los senos.<\/p>\n","protected":false},"excerpt":{"rendered":"<p>Reconnective Healing\u00ae es el sistema m\u00e1s avanzado, novedoso y completo de curaci\u00f3n energ\u00e9tica disponible actualmente para la humanidad. Reconnective Healing\u00ae al reconectarnos con la sabidur\u00eda de nuestro coraz\u00f3n y el [&hellip;]<\/p>\n","protected":false},"author":1,"featured_media":0,"parent":0,"menu_order":0,"comment_status":"closed","ping_status":"open","template":"","meta":{"om_disable_all_campaigns":false,"_mi_skip_tracking":false,"site-sidebar-layout":"default","site-content-layout":"","ast-site-content-layout":"default","site-content-style":"default","site-sidebar-style":"default","ast-global-header-display":"","ast-banner-title-visibility":"","ast-main-header-display":"","ast-hfb-above-header-display":"","ast-hfb-below-header-display":"","ast-hfb-mobile-header-display":"","site-post-title":"","ast-breadcrumbs-content":"","ast-featured-img":"","footer-sml-layout":"","ast-disable-related-posts":"","theme-transparent-header-meta":"","adv-header-id-meta":"","stick-header-meta":"","header-above-stick-meta":"","header-main-stick-meta":"","header-below-stick-meta":"","astra-migrate-meta-layouts":"default","ast-page-background-enabled":"default","ast-page-background-meta":{"desktop":{"background-color":"var(--ast-global-color-5)","background-image":"","background-repeat":"repeat","background-position":"center center","background-size":"auto","background-attachment":"scroll","background-type":"","background-media":"","overlay-type":"","overlay-color":"","overlay-opacity":"","overlay-gradient":""},"tablet":{"background-color":"","background-image":"","background-repeat":"repeat","background-position":"center center","background-size":"auto","background-attachment":"scroll","background-type":"","background-media":"","overlay-type":"","overlay-color":"","overlay-opacity":"","overlay-gradient":""},"mobile":{"background-color":"","background-image":"","background-repeat":"repeat","background-position":"center center","background-size":"auto","background-attachment":"scroll","background-type":"","background-media":"","overlay-type":"","overlay-color":"","overlay-opacity":"","overlay-gradient":""}},"ast-content-background-meta":{"desktop":{"background-color":"var(--ast-global-color-4)","background-image":"","background-repeat":"repeat","background-position":"center center","background-size":"auto","background-attachment":"scroll","background-type":"","background-media":"","overlay-type":"","overlay-color":"","overlay-opacity":"","overlay-gradient":""},"tablet":{"background-color":"var(--ast-global-color-4)","background-image":"","background-repeat":"repeat","background-position":"center center","background-size":"auto","background-attachment":"scroll","background-type":"","background-media":"","overlay-type":"","overlay-color":"","overlay-opacity":"","overlay-gradient":""},"mobile":{"background-color":"var(--ast-global-color-4)","background-image":"","background-repeat":"repeat","background-position":"center center","background-size":"auto","background-attachment":"scroll","background-type":"","background-media":"","overlay-type":"","overlay-color":"","overlay-opacity":"","overlay-gradient":""}},"footnotes":""},"class_list":["post-15142","page","type-page","status-publish","hentry"],"aioseo_notices":[],"_links":{"self":[{"href":"https:\/\/www.paulonogueiraterapias.com\/es\/wp-json\/wp\/v2\/pages\/15142","targetHints":{"allow":["GET"]}}],"collection":[{"href":"https:\/\/www.paulonogueiraterapias.com\/es\/wp-json\/wp\/v2\/pages"}],"about":[{"href":"https:\/\/www.paulonogueiraterapias.com\/es\/wp-json\/wp\/v2\/types\/page"}],"author":[{"embeddable":true,"href":"https:\/\/www.paulonogueiraterapias.com\/es\/wp-json\/wp\/v2\/users\/1"}],"replies":[{"embeddable":true,"href":"https:\/\/www.paulonogueiraterapias.com\/es\/wp-json\/wp\/v2\/comments?post=15142"}],"version-history":[{"count":0,"href":"https:\/\/www.paulonogueiraterapias.com\/es\/wp-json\/wp\/v2\/pages\/15142\/revisions"}],"wp:attachment":[{"href":"https:\/\/www.paulonogueiraterapias.com\/es\/wp-json\/wp\/v2\/media?parent=15142"}],"curies":[{"name":"wp","href":"https:\/\/api.w.org\/{rel}","templated":true}]}}