{"id":15141,"date":"2013-09-26T22:19:50","date_gmt":"2013-09-26T22:19:50","guid":{"rendered":"https:\/\/www.paulonogueiraterapias.com\/curacion-ampliada\/"},"modified":"2013-09-26T22:19:50","modified_gmt":"2013-09-26T22:19:50","slug":"curacion-ampliada","status":"publish","type":"page","link":"https:\/\/www.paulonogueiraterapias.com\/es\/curacion-ampliada\/","title":{"rendered":"Curaci\u00f3n ampliada"},"content":{"rendered":"<div style=\"text-align: justify; font-size: 10pt;\">\n<p>Magnified Healing\u00ae es una herramienta de sanaci\u00f3n y liberaci\u00f3n k\u00e1rmica a trav\u00e9s del uso de energ\u00edas de quinta dimensi\u00f3n que utilizan la Ley de la Misericordia para suavizar e incluso anular la Ley del Karma. Esta modalidad de curaci\u00f3n te permite cancelar <a href=\"https:\/\/www.paulonogueiraterapias.com\/karma\/\">karmas<\/a> as\u00ed como activar y expandir la Llama Trina en tu coraz\u00f3n. El objetivo final de la Curaci\u00f3n Magnificada es la Ascensi\u00f3n Espiritual a la quinta dimensi\u00f3n. Sin embargo, esto s\u00f3lo ser\u00e1 posible cuando la conciencia de cada uno se expanda y evolucione a trav\u00e9s del Amor y la Ley del Perd\u00f3n. Para ello es necesario reconocer <a href=\"https:\/\/www.paulonogueiraterapias.com\/karma\/\">el karma<\/a>, aceptarlo y liberarnos de \u00e9l a trav\u00e9s de la conciencia y la Llama Violeta.<\/p>\n<p>Magnified Healing\u00ae fue tra\u00edda a la Tierra por la inspiraci\u00f3n de la Maestra Ascendida Kwan Yin en las mentes de Gis\u00e8le King y Kathryn Anderson quienes, a su vez, difundieron este regalo del Dios Alt\u00edsimo del Universo a todos los que se sienten llamados y preparados.<\/p>\n<\/div>\n","protected":false},"excerpt":{"rendered":"<p>Magnified Healing\u00ae es una herramienta de sanaci\u00f3n y liberaci\u00f3n k\u00e1rmica a trav\u00e9s del uso de energ\u00edas de quinta dimensi\u00f3n que utilizan la Ley de la Misericordia para suavizar e incluso [&hellip;]<\/p>\n","protected":false},"author":1,"featured_media":0,"parent":0,"menu_order":0,"comment_status":"closed","ping_status":"open","template":"","meta":{"om_disable_all_campaigns":false,"_mi_skip_tracking":false,"site-sidebar-layout":"default","site-content-layout":"","ast-site-content-layout":"default","site-content-style":"default","site-sidebar-style":"default","ast-global-header-display":"","ast-banner-title-visibility":"","ast-main-header-display":"","ast-hfb-above-header-display":"","ast-hfb-below-header-display":"","ast-hfb-mobile-header-display":"","site-post-title":"","ast-breadcrumbs-content":"","ast-featured-img":"","footer-sml-layout":"","ast-disable-related-posts":"","theme-transparent-header-meta":"","adv-header-id-meta":"","stick-header-meta":"","header-above-stick-meta":"","header-main-stick-meta":"","header-below-stick-meta":"","astra-migrate-meta-layouts":"default","ast-page-background-enabled":"default","ast-page-background-meta":{"desktop":{"background-color":"var(--ast-global-color-5)","background-image":"","background-repeat":"repeat","background-position":"center center","background-size":"auto","background-attachment":"scroll","background-type":"","background-media":"","overlay-type":"","overlay-color":"","overlay-opacity":"","overlay-gradient":""},"tablet":{"background-color":"","background-image":"","background-repeat":"repeat","background-position":"center center","background-size":"auto","background-attachment":"scroll","background-type":"","background-media":"","overlay-type":"","overlay-color":"","overlay-opacity":"","overlay-gradient":""},"mobile":{"background-color":"","background-image":"","background-repeat":"repeat","background-position":"center center","background-size":"auto","background-attachment":"scroll","background-type":"","background-media":"","overlay-type":"","overlay-color":"","overlay-opacity":"","overlay-gradient":""}},"ast-content-background-meta":{"desktop":{"background-color":"var(--ast-global-color-4)","background-image":"","background-repeat":"repeat","background-position":"center center","background-size":"auto","background-attachment":"scroll","background-type":"","background-media":"","overlay-type":"","overlay-color":"","overlay-opacity":"","overlay-gradient":""},"tablet":{"background-color":"var(--ast-global-color-4)","background-image":"","background-repeat":"repeat","background-position":"center center","background-size":"auto","background-attachment":"scroll","background-type":"","background-media":"","overlay-type":"","overlay-color":"","overlay-opacity":"","overlay-gradient":""},"mobile":{"background-color":"var(--ast-global-color-4)","background-image":"","background-repeat":"repeat","background-position":"center center","background-size":"auto","background-attachment":"scroll","background-type":"","background-media":"","overlay-type":"","overlay-color":"","overlay-opacity":"","overlay-gradient":""}},"footnotes":""},"class_list":["post-15141","page","type-page","status-publish","hentry"],"aioseo_notices":[],"_links":{"self":[{"href":"https:\/\/www.paulonogueiraterapias.com\/es\/wp-json\/wp\/v2\/pages\/15141","targetHints":{"allow":["GET"]}}],"collection":[{"href":"https:\/\/www.paulonogueiraterapias.com\/es\/wp-json\/wp\/v2\/pages"}],"about":[{"href":"https:\/\/www.paulonogueiraterapias.com\/es\/wp-json\/wp\/v2\/types\/page"}],"author":[{"embeddable":true,"href":"https:\/\/www.paulonogueiraterapias.com\/es\/wp-json\/wp\/v2\/users\/1"}],"replies":[{"embeddable":true,"href":"https:\/\/www.paulonogueiraterapias.com\/es\/wp-json\/wp\/v2\/comments?post=15141"}],"version-history":[{"count":0,"href":"https:\/\/www.paulonogueiraterapias.com\/es\/wp-json\/wp\/v2\/pages\/15141\/revisions"}],"wp:attachment":[{"href":"https:\/\/www.paulonogueiraterapias.com\/es\/wp-json\/wp\/v2\/media?parent=15141"}],"curies":[{"name":"wp","href":"https:\/\/api.w.org\/{rel}","templated":true}]}}