{"id":15125,"date":"2014-06-26T12:45:46","date_gmt":"2014-06-26T12:45:46","guid":{"rendered":"https:\/\/www.paulonogueiraterapias.com\/cursos-gratuitos-de-reiki\/"},"modified":"2025-05-20T17:34:16","modified_gmt":"2025-05-20T17:34:16","slug":"cursos-gratuitos-de-reiki","status":"publish","type":"page","link":"https:\/\/www.paulonogueiraterapias.com\/es\/cursos-gratuitos-de-reiki\/","title":{"rendered":"Cursos gratuitos de Reiki"},"content":{"rendered":"<div style=\"text-align: justify; font-size: 10pt;\">\n<p>Como es habitual con las terapias a tu disposici\u00f3n en Paulo Nogueira Terapias, puedes realizar cualquier nivel del curso de Reiki Tradicional de forma gratuita. El objetivo es que todos puedan beneficiarse de la curaci\u00f3n que Dios ha puesto en nuestras manos de forma <strong>totalmente gratuita<\/strong>. Para aprovechar esta promoci\u00f3n, se puede sustituir el precio del curso en euros compartiendo la siguiente publicaci\u00f3n de Facebook con tus amigos en modo p\u00fablico. De esta manera estar\u00e1s contribuyendo a difundir el Reiki entre tus amigos de Facebook para que ellos tambi\u00e9n puedan beneficiarse de esta energ\u00eda curativa y, qui\u00e9n sabe, aprender a practicarla.Para beneficiarte de los cursos gratuitos de Reiki debes seguir estrictamente las siguientes instrucciones.<\/p>\n<p><strong>Promoci\u00f3n v\u00e1lida hasta el 31 de diciembre de 19.<\/strong><\/p>\n<p><strong>Reiki Nivel I<\/strong> &#8211; 60\u20ac o 300 acciones en Facebook<br \/>\nEn este nivel puedes dar sesiones a ti mismo, a otras personas y a animales.<\/p>\n<p><strong>Reiki Nivel II<\/strong> &#8211; 80\u20ac o 400 acciones en Facebook<br \/>\nEn este nivel, tu capacidad para transmitir energ\u00eda a otras personas aumentar\u00e1 considerablemente con el uso de los s\u00edmbolos que se te ense\u00f1an.<\/p>\n<p><strong>Reiki Nivel III (Maestro)<\/strong> &#8211; 100\u20ac o 1000 acciones en Facebook<br \/>\nEn este nivel, tu habilidad aumenta a\u00fan m\u00e1s y recibes el s\u00edmbolo de maestro. En este nivel podr\u00e1s iniciar a otros en la formaci\u00f3n de terapeutas de nivel I, II y III y dar tus propios cursos cuando te sientas preparado. En el nivel III, cada acci\u00f3n vale 0,10 libras.<\/p>\n<h3>C\u00f3mo acceder a la promoci\u00f3n<\/h3>\n<p>Para acceder a la promoci\u00f3n, debes seguir estrictamente los siguientes pasos:<br \/>\n<strong>1\u00ba<\/strong> Tras acceder a la p\u00e1gina de <a title=\"Paulo Nogueira Terapias en Facebook\" href=\"https:\/\/www.facebook.com\/PauloNogueiraTerapias\" target=\"_blank\" rel=\"noopener noreferrer\">FacebookPaulo Nogueira Terapias <\/a>, comparte el <a title=\"Promo\u00e7\u00e3o Curso de Reiki Gr\u00e1tis\" href=\"https:\/\/www.facebook.com\/PauloNogueiraTerapias\/photos\/a.347097342055547.77535.347009722064309\/603937869704825\/?type=1&amp;theater\" target=\"_blank\" rel=\"noopener noreferrer\">post de la<\/a> promoci\u00f3n en tu muro en modo p\u00fablico.<\/p>\n<figure id=\"attachment_11570\" aria-describedby=\"caption-attachment-11570\" style=\"width: 469px\" class=\"wp-caption aligncenter\"><a href=\"https:\/\/www.paulonogueiraterapias.com\/wp-content\/uploads\/2014\/06\/Partilha_Reiki.png\"><img loading=\"lazy\" decoding=\"async\" class=\"wp-image-926 \" title=\"Compartir Reiki Paulo Nogueira Terapias\" src=\"https:\/\/www.paulonogueiraterapias.com\/wp-content\/uploads\/2014\/06\/Partilha_Reiki.png\" alt=\"Compartir Reiki Paulo Nogueira Terapias\" width=\"469\" height=\"443\" srcset=\"https:\/\/www.paulonogueiraterapias.com\/wp-content\/uploads\/2014\/06\/Partilha_Reiki.png 521w, https:\/\/www.paulonogueiraterapias.com\/wp-content\/uploads\/2014\/06\/Partilha_Reiki-300x283.png 300w\" sizes=\"auto, (max-width: 469px) 100vw, 469px\" \/><\/a><figcaption id=\"caption-attachment-11570\" class=\"wp-caption-text\">Compartir el post del curso de Reiki<\/figcaption><\/figure>\n<p>Al hacer clic en compartir se abrir\u00e1 una ventana de di\u00e1logo sobre la compartici\u00f3n de la publicaci\u00f3n. Aseg\u00farate de que las opciones <em>&#8220;En tu propia l\u00ednea de tiempo&#8221;<\/em> en la casilla de <em>compartir<\/em> y el modo<em> &#8220;p\u00fablico<\/em> &#8221; est\u00e1n seleccionados como se muestra en la imagen siguiente. A continuaci\u00f3n, haz clic en el bot\u00f3n &#8220;Compartir&#8221;.<\/p>\n<figure id=\"attachment_11572\" aria-describedby=\"caption-attachment-11572\" style=\"width: 500px\" class=\"wp-caption aligncenter\"><a href=\"https:\/\/www.paulonogueiraterapias.com\/wp-content\/uploads\/2014\/06\/Partilha_Reiki_2.png\"><img loading=\"lazy\" decoding=\"async\" class=\" wp-image-927 \" title=\"Como partilhar no Facebook\" src=\"https:\/\/www.paulonogueiraterapias.com\/wp-content\/uploads\/2014\/06\/Partilha_Reiki_2.png\" alt=\"Como partilhar no Facebook\" width=\"500\" height=\"335\" srcset=\"https:\/\/www.paulonogueiraterapias.com\/wp-content\/uploads\/2014\/06\/Partilha_Reiki_2.png 556w, https:\/\/www.paulonogueiraterapias.com\/wp-content\/uploads\/2014\/06\/Partilha_Reiki_2-300x200.png 300w\" sizes=\"auto, (max-width: 500px) 100vw, 500px\" \/><\/a><figcaption id=\"caption-attachment-11572\" class=\"wp-caption-text\">C\u00f3mo compartir en Facebook<\/figcaption><\/figure>\n<p><strong>2\u00ba<\/strong> Ir a tu propio muro para ver la nueva publicaci\u00f3n compartida y, desde la publicaci\u00f3n en tu muro, compartirla en el muro de cada amigo en modo p\u00fablico. Comprobaremos el n\u00famero total de acciones realizadas a partir del valor indicado en la esquina inferior derecha de la acci\u00f3n en su muro, como se muestra en la imagen siguiente.<\/p>\n<figure id=\"attachment_11574\" aria-describedby=\"caption-attachment-11574\" style=\"width: 455px\" class=\"wp-caption aligncenter\"><a href=\"https:\/\/www.paulonogueiraterapias.com\/wp-content\/uploads\/2014\/06\/Partilha_Reiki_3.png\"><img loading=\"lazy\" decoding=\"async\" class=\" wp-image-928\" title=\"Partilha do post do curso de Reiki no seu mural\" src=\"https:\/\/www.paulonogueiraterapias.com\/wp-content\/uploads\/2014\/06\/Partilha_Reiki_3.png\" alt=\"Partilha do post do curso de Reiki no seu mural\" width=\"455\" height=\"510\" srcset=\"https:\/\/www.paulonogueiraterapias.com\/wp-content\/uploads\/2014\/06\/Partilha_Reiki_3.png 506w, https:\/\/www.paulonogueiraterapias.com\/wp-content\/uploads\/2014\/06\/Partilha_Reiki_3-267x300.png 267w\" sizes=\"auto, (max-width: 455px) 100vw, 455px\" \/><\/a><figcaption id=\"caption-attachment-11574\" class=\"wp-caption-text\">Comparte el post del curso de Reiki en tu muro<\/figcaption><\/figure>\n<p>La siguiente imagen muestra c\u00f3mo compartir la publicaci\u00f3n de tu muro en el muro de un amigo.<\/p>\n<figure id=\"attachment_11576\" aria-describedby=\"caption-attachment-11576\" style=\"width: 500px\" class=\"wp-caption aligncenter\"><a href=\"https:\/\/www.paulonogueiraterapias.com\/wp-content\/uploads\/2014\/06\/Partilha_Reiki_4.png\"><img loading=\"lazy\" decoding=\"async\" class=\" wp-image-929\" title=\"Partilha do post de curso de Reiki no mural de um amigo\" src=\"https:\/\/www.paulonogueiraterapias.com\/wp-content\/uploads\/2014\/06\/Partilha_Reiki_4.png\" alt=\"Partilha do post de curso de Reiki no mural de um amigo\" width=\"500\" height=\"360\" srcset=\"https:\/\/www.paulonogueiraterapias.com\/wp-content\/uploads\/2014\/06\/Partilha_Reiki_4.png 555w, https:\/\/www.paulonogueiraterapias.com\/wp-content\/uploads\/2014\/06\/Partilha_Reiki_4-300x216.png 300w\" sizes=\"auto, (max-width: 500px) 100vw, 500px\" \/><\/a><figcaption id=\"caption-attachment-11576\" class=\"wp-caption-text\">Comparte el post del curso de Reiki en el muro de un amigo<\/figcaption><\/figure>\n<p><strong>3\u00ba<\/strong> Cuando hayas compartido con 300 amigos diferentes (curso gratuito de Reiki Tradicional Nivel I), 400 amigos diferentes (curso gratuito de Reiki Tradicional Nivel II) o 1000 amigos diferentes (curso gratuito de Reiki Tradicional Nivel III &#8211; Maestr\u00eda), podr\u00e1s inscribirte utilizando el formulario de la p\u00e1gina del curso o, preferiblemente, llamando al 912 064 084 e indicando tu perfil de Facebook para que podamos comprobar tus participaciones y completar tu inscripci\u00f3n.<\/p>\n<p style=\"text-align: center;\"><em> <\/em><\/p>\n<\/div>\n","protected":false},"excerpt":{"rendered":"<p>Como es habitual con las terapias a tu disposici\u00f3n en Paulo Nogueira Terapias, puedes realizar cualquier nivel del curso de Reiki Tradicional de forma gratuita. El objetivo es que todos [&hellip;]<\/p>\n","protected":false},"author":1,"featured_media":0,"parent":0,"menu_order":0,"comment_status":"closed","ping_status":"open","template":"","meta":{"om_disable_all_campaigns":false,"_mi_skip_tracking":false,"site-sidebar-layout":"default","site-content-layout":"","ast-site-content-layout":"default","site-content-style":"default","site-sidebar-style":"default","ast-global-header-display":"","ast-banner-title-visibility":"","ast-main-header-display":"","ast-hfb-above-header-display":"","ast-hfb-below-header-display":"","ast-hfb-mobile-header-display":"","site-post-title":"","ast-breadcrumbs-content":"","ast-featured-img":"","footer-sml-layout":"","ast-disable-related-posts":"","theme-transparent-header-meta":"","adv-header-id-meta":"","stick-header-meta":"","header-above-stick-meta":"","header-main-stick-meta":"","header-below-stick-meta":"","astra-migrate-meta-layouts":"default","ast-page-background-enabled":"default","ast-page-background-meta":{"desktop":{"background-color":"var(--ast-global-color-5)","background-image":"","background-repeat":"repeat","background-position":"center center","background-size":"auto","background-attachment":"scroll","background-type":"","background-media":"","overlay-type":"","overlay-color":"","overlay-opacity":"","overlay-gradient":""},"tablet":{"background-color":"","background-image":"","background-repeat":"repeat","background-position":"center center","background-size":"auto","background-attachment":"scroll","background-type":"","background-media":"","overlay-type":"","overlay-color":"","overlay-opacity":"","overlay-gradient":""},"mobile":{"background-color":"","background-image":"","background-repeat":"repeat","background-position":"center center","background-size":"auto","background-attachment":"scroll","background-type":"","background-media":"","overlay-type":"","overlay-color":"","overlay-opacity":"","overlay-gradient":""}},"ast-content-background-meta":{"desktop":{"background-color":"var(--ast-global-color-4)","background-image":"","background-repeat":"repeat","background-position":"center center","background-size":"auto","background-attachment":"scroll","background-type":"","background-media":"","overlay-type":"","overlay-color":"","overlay-opacity":"","overlay-gradient":""},"tablet":{"background-color":"var(--ast-global-color-4)","background-image":"","background-repeat":"repeat","background-position":"center center","background-size":"auto","background-attachment":"scroll","background-type":"","background-media":"","overlay-type":"","overlay-color":"","overlay-opacity":"","overlay-gradient":""},"mobile":{"background-color":"var(--ast-global-color-4)","background-image":"","background-repeat":"repeat","background-position":"center center","background-size":"auto","background-attachment":"scroll","background-type":"","background-media":"","overlay-type":"","overlay-color":"","overlay-opacity":"","overlay-gradient":""}},"footnotes":""},"class_list":["post-15125","page","type-page","status-publish","hentry"],"aioseo_notices":[],"_links":{"self":[{"href":"https:\/\/www.paulonogueiraterapias.com\/es\/wp-json\/wp\/v2\/pages\/15125","targetHints":{"allow":["GET"]}}],"collection":[{"href":"https:\/\/www.paulonogueiraterapias.com\/es\/wp-json\/wp\/v2\/pages"}],"about":[{"href":"https:\/\/www.paulonogueiraterapias.com\/es\/wp-json\/wp\/v2\/types\/page"}],"author":[{"embeddable":true,"href":"https:\/\/www.paulonogueiraterapias.com\/es\/wp-json\/wp\/v2\/users\/1"}],"replies":[{"embeddable":true,"href":"https:\/\/www.paulonogueiraterapias.com\/es\/wp-json\/wp\/v2\/comments?post=15125"}],"version-history":[{"count":0,"href":"https:\/\/www.paulonogueiraterapias.com\/es\/wp-json\/wp\/v2\/pages\/15125\/revisions"}],"wp:attachment":[{"href":"https:\/\/www.paulonogueiraterapias.com\/es\/wp-json\/wp\/v2\/media?parent=15125"}],"curies":[{"name":"wp","href":"https:\/\/api.w.org\/{rel}","templated":true}]}}