{"id":15122,"date":"2014-08-11T18:12:02","date_gmt":"2014-08-11T18:12:02","guid":{"rendered":"https:\/\/www.paulonogueiraterapias.com\/como-llegar-a-paulo-nogueira-terapias\/"},"modified":"2014-08-11T18:12:02","modified_gmt":"2014-08-11T18:12:02","slug":"como-llegar-a-paulo-nogueira-terapias","status":"publish","type":"page","link":"https:\/\/www.paulonogueiraterapias.com\/es\/como-llegar-a-paulo-nogueira-terapias\/","title":{"rendered":"C\u00f3mo llegar a Paulo Nogueira Terapias"},"content":{"rendered":"<div style=\"text-align: justify; font-size: 10pt;\">\n<h3>En coche<\/h3>\n<p>Bajando por la Cal\u00e7ada de Carriche, 500 mts despu\u00e9s de M\u00f3veis Maples (que est\u00e1 en el lado izquierdo), gire a la izquierda en el sem\u00e1foro. A continuaci\u00f3n, baje por la calle Jaime Lopes Dias.<\/p>\n<h3>En metro (estaci\u00f3n de metro Ameixoeira &#8211; l\u00ednea amarilla)<\/h3>\n<p><strong>Tiempo de<\/strong> recorrido<strong>:<\/strong> 10 minutos a pie<br \/>\nDespu\u00e9s de salir en Est. desde Ameixoeira, siga la calle Jorge de Sena (pasar\u00e1 por la tienda SPAR), contin\u00fae hasta el final de la calle. Gire a la izquierda en la Estrada da Ameixoeira, cruce el paso de cebra hasta el otro lado de la calle, hasta la acera.<br \/>\nDespu\u00e9s de 300 metros, <a href=\"\/descer-as-escadas-e-atravessar-a-passadeira\/\" target=\"_blank\" rel=\"noopener\">ver\u00e1 unas escaleras para bajar<\/a>. Baja las escaleras (ver\u00e1s el cartel de la parcela 44 m\u00e1s adelante). Frente a las escaleras, cruza la pasarela hacia el otro lado. Caminar 20 metros hacia la izquierda. Ver\u00e1s unas escaleras a la derecha. Bajar esas escaleras hasta el final.<br \/>\nAl final de esas escaleras, mirando de frente ver\u00e1 a 40 mts un paso elevado. Cruza ese pasaje hasta el otro lado de la Cal\u00e7ada de Carriche. La Rua Jaime Lopes Dias est\u00e1 al frente.<\/p>\n<h3>De Cascais al espacio de Paulo Nogueira Terapias<\/h3>\n<p><strong>En coche:<\/strong><br \/>\nContin\u00fae por la A5. Tome la 2\u00aa Circular hasta la Av. El Padre Cruz en Lisboa. Tome la salida hacia Odivelas\/Lumiar en EIXO Norte-Sul\/IP7 17 min (24,6 km)<br \/>\nContin\u00fae por la Av. Padre Cruz. Seguir Cal\u00e7ada de Carriche hasta R. Jaime Lopes Dias<br \/>\nEnlace con las direcciones de Google de Cascais a Lisboa:<br \/>\n<a title=\"De Cascais at\u00e9 ao espa\u00e7o Paulo Nogueira Terapias\" href=\"https:\/\/www.google.pt\/maps\/dir\/Cascais\/Rua+Andr%C3%A9+Gouveia\/@38.7394987,-9.3698057,12z\/am=t\/data=!3m1!4b1!4m14!4m13!1m5!1m1!1s0xd1ec47379b79a97:0x870d3b7e1807bbc2!2m2!1d-9.4222945!2d38.6970565!1m5!1m1!1s0xd19329664a73561:0x181f133a47b3b02b!2m2!1d-9.1657263!2d38.7796835!3e0?hl=pt-PT\">https:\/\/www.google.pt\/maps\/dir\/Cascais\/Rua+Andr%C3%A9+Gouveia\/@38.7394987,-9.3698057,12z\/am=t\/data=!3m1!4b1!4m14!4m13!1m5!1m1!1s0xd1ec47379b79a97:0x870d3b7e1807bbc2!2m2!1d-9.4222945!2d38.6970565!1m5!1m1!1s0xd19329664a73561:0x181f133a47b3b02b!2m2!1d-9.1657263!2d38.7796835!3e0?hl=pt-PT<\/a><\/p>\n<p>En transporte p\u00fablico tambi\u00e9n es muy accesible (en tren y metro).<br \/>\n<strong>En tren:<\/strong><br \/>\nLa l\u00ednea de Cascais tiene las estaciones de Cascais, Monte Estoril, Estoril, S. Pedro do Estoril, S\u00e3o Jo\u00e3o do Estoril, S\u00e3o Pedro do Estoril, Parede y Carcavelos. Debe bajarse en la estaci\u00f3n de Cais do Sodr\u00e9, Lisboa.<br \/>\nEnlace de CP: <a title=\"De comb\u00f3io at\u00e9 ao Espa\u00e7o Paulo Nogueira Terapias\" href=\"http:\/\/www.cp.pt\/StaticFiles\/Passageiros\/1_horarios\/precos\/lx\/precario_cascais.pdf\">http:\/\/www.cp.pt\/StaticFiles\/Passageiros\/1_horarios\/precos\/lx\/precario_cascais.pdf<\/a><\/p>\n<p><strong>En metro:<\/strong><br \/>\nCoja el metro en la estaci\u00f3n Cais do Sodr\u00e9 (l\u00ednea verde) y b\u00e1jese en la estaci\u00f3n Campo Grande. Cambie a la l\u00ednea amarilla en Campo Grande hasta Odivelas y b\u00e1jese en la estaci\u00f3n de Ameixoeira.<br \/>\nEnlace con la red de metro: <a title=\"De metro at\u00e9 ao espa\u00e7o Paulo Nogueira Terapias\" href=\"http:\/\/www.metrolisboa.pt\/wp-content\/uploads\/DiagramadaRedeTL_out2014.pdf\">http:\/\/www.metrolisboa.pt\/wp-content\/uploads\/DiagramadaRedeTL_out2014.pdf<\/a><br \/>\nDespu\u00e9s de salir en Est. de Ameixoeira, est\u00e1 a s\u00f3lo 10 minutos a pie del espacio.<\/p>\n<h3>De Oeiras al espacio de Paulo Nogueira Terapias<\/h3>\n<p><strong>En transporte p\u00fablico:<\/strong><br \/>\nEn la l\u00ednea de Oeiras, suba al tren en Est. de Oeiras. Salida en Est. de Cais do Sodr\u00e9. La duraci\u00f3n del viaje es de 24 minutos en el tren urbano.<\/p>\n<p><strong>En metro:<\/strong><br \/>\nCoja el metro en la estaci\u00f3n Cais do Sodr\u00e9 (l\u00ednea verde) y b\u00e1jese en la estaci\u00f3n Campo Grande. Cambia a la L\u00ednea Amarilla en Est. Campo Grande a Odivelas y sale de la estaci\u00f3n de Ameixoeira.<br \/>\nEnlace con la red de metro: <a title=\"De metro at\u00e9 ao espa\u00e7o Paulo Nogueira Terapias\" href=\"http:\/\/www.metrolisboa.pt\/wp-content\/uploads\/DiagramadaRedeTL_out2014.pdf\">http:\/\/www.metrolisboa.pt\/wp-content\/uploads\/DiagramadaRedeTL_out2014.pdf<\/a><br \/>\nDespu\u00e9s de salir en Est. de Ameixoeira, est\u00e1 a s\u00f3lo 10 minutos a pie del espacio.<\/p>\n<\/div>\n<div style=\"text-align: justify; font-size: 10pt;\">\n<h3>De Oporto al espacio de Paulo Nogueira Terapias<\/h3>\n<p>Comienza su viaje en tren en Est. desde Campanh\u00e3 (Oporto) y bajar en Est. do Oriente (Lisboa).<br \/>\nLuego se sube al metro en Est. do Oriente (L\u00ednea Roja), cambio en Est. Saldanha hasta la L\u00ednea Amarilla y salir en Est. de Ameixoeira (L\u00ednea Amarilla). A continuaci\u00f3n, es un paseo de 10 minutos a Espa\u00e7o Paulo Nogueira Terapias.<\/p>\n<h3>Diagrama del metro de Lisboa<\/h3>\n<p><em>Haga clic en la imagen para ampliarla.<\/em><\/p>\n<figure id=\"attachment_11796\" aria-describedby=\"caption-attachment-11796\" style=\"width: 2922px\" class=\"wp-caption aligncenter\"><a href=\"https:\/\/www.paulonogueiraterapias.com\/wp-content\/uploads\/2014\/08\/metro-de-lisboa-Paulo-Nogueira-Terapias.png\"><img loading=\"lazy\" decoding=\"async\" class=\"size-full wp-image-11796\" src=\"https:\/\/www.paulonogueiraterapias.com\/wp-content\/uploads\/2014\/08\/metro-de-lisboa-Paulo-Nogueira-Terapias.png\" alt=\"Esquema del metro de Lisboa para llegar al espacio de Paulo Nogueira Terapias\" width=\"2922\" height=\"2356\"><\/a><figcaption id=\"caption-attachment-11796\" class=\"wp-caption-text\">Esquema del metro de Lisboa para llegar al espacio de Paulo Nogueira Terapias<\/figcaption><\/figure>\n<\/div>\n","protected":false},"excerpt":{"rendered":"<p>En coche Bajando por la Cal\u00e7ada de Carriche, 500 mts despu\u00e9s de M\u00f3veis Maples (que est\u00e1 en el lado izquierdo), gire a la izquierda en el sem\u00e1foro. A continuaci\u00f3n, baje [&hellip;]<\/p>\n","protected":false},"author":1,"featured_media":0,"parent":0,"menu_order":0,"comment_status":"closed","ping_status":"open","template":"","meta":{"om_disable_all_campaigns":false,"_mi_skip_tracking":false,"site-sidebar-layout":"default","site-content-layout":"","ast-site-content-layout":"default","site-content-style":"default","site-sidebar-style":"default","ast-global-header-display":"","ast-banner-title-visibility":"","ast-main-header-display":"","ast-hfb-above-header-display":"","ast-hfb-below-header-display":"","ast-hfb-mobile-header-display":"","site-post-title":"","ast-breadcrumbs-content":"","ast-featured-img":"","footer-sml-layout":"","ast-disable-related-posts":"","theme-transparent-header-meta":"","adv-header-id-meta":"","stick-header-meta":"","header-above-stick-meta":"","header-main-stick-meta":"","header-below-stick-meta":"","astra-migrate-meta-layouts":"default","ast-page-background-enabled":"default","ast-page-background-meta":{"desktop":{"background-color":"var(--ast-global-color-5)","background-image":"","background-repeat":"repeat","background-position":"center center","background-size":"auto","background-attachment":"scroll","background-type":"","background-media":"","overlay-type":"","overlay-color":"","overlay-opacity":"","overlay-gradient":""},"tablet":{"background-color":"","background-image":"","background-repeat":"repeat","background-position":"center center","background-size":"auto","background-attachment":"scroll","background-type":"","background-media":"","overlay-type":"","overlay-color":"","overlay-opacity":"","overlay-gradient":""},"mobile":{"background-color":"","background-image":"","background-repeat":"repeat","background-position":"center center","background-size":"auto","background-attachment":"scroll","background-type":"","background-media":"","overlay-type":"","overlay-color":"","overlay-opacity":"","overlay-gradient":""}},"ast-content-background-meta":{"desktop":{"background-color":"var(--ast-global-color-4)","background-image":"","background-repeat":"repeat","background-position":"center center","background-size":"auto","background-attachment":"scroll","background-type":"","background-media":"","overlay-type":"","overlay-color":"","overlay-opacity":"","overlay-gradient":""},"tablet":{"background-color":"var(--ast-global-color-4)","background-image":"","background-repeat":"repeat","background-position":"center center","background-size":"auto","background-attachment":"scroll","background-type":"","background-media":"","overlay-type":"","overlay-color":"","overlay-opacity":"","overlay-gradient":""},"mobile":{"background-color":"var(--ast-global-color-4)","background-image":"","background-repeat":"repeat","background-position":"center center","background-size":"auto","background-attachment":"scroll","background-type":"","background-media":"","overlay-type":"","overlay-color":"","overlay-opacity":"","overlay-gradient":""}},"footnotes":""},"class_list":["post-15122","page","type-page","status-publish","hentry"],"aioseo_notices":[],"_links":{"self":[{"href":"https:\/\/www.paulonogueiraterapias.com\/es\/wp-json\/wp\/v2\/pages\/15122","targetHints":{"allow":["GET"]}}],"collection":[{"href":"https:\/\/www.paulonogueiraterapias.com\/es\/wp-json\/wp\/v2\/pages"}],"about":[{"href":"https:\/\/www.paulonogueiraterapias.com\/es\/wp-json\/wp\/v2\/types\/page"}],"author":[{"embeddable":true,"href":"https:\/\/www.paulonogueiraterapias.com\/es\/wp-json\/wp\/v2\/users\/1"}],"replies":[{"embeddable":true,"href":"https:\/\/www.paulonogueiraterapias.com\/es\/wp-json\/wp\/v2\/comments?post=15122"}],"version-history":[{"count":0,"href":"https:\/\/www.paulonogueiraterapias.com\/es\/wp-json\/wp\/v2\/pages\/15122\/revisions"}],"wp:attachment":[{"href":"https:\/\/www.paulonogueiraterapias.com\/es\/wp-json\/wp\/v2\/media?parent=15122"}],"curies":[{"name":"wp","href":"https:\/\/api.w.org\/{rel}","templated":true}]}}