{"id":15114,"date":"2015-03-31T14:09:11","date_gmt":"2015-03-31T14:09:11","guid":{"rendered":"https:\/\/www.paulonogueiraterapias.com\/curso-de-terapia-multidimensional-en-suiza\/"},"modified":"2021-12-10T23:53:54","modified_gmt":"2021-12-10T23:53:54","slug":"curso-de-terapia-multidimensional-en-suiza","status":"publish","type":"page","link":"https:\/\/www.paulonogueiraterapias.com\/es\/curso-de-terapia-multidimensional-en-suiza\/","title":{"rendered":"Curso de terapia multidimensional en Suiza"},"content":{"rendered":"<p>[vc_row][vc_column][vc_column_text]<\/p>\n<div style=\"font-size: 10pt;\">\n<p style=\"text-align: justify;\">El Curso de Terapia Multidimensional, impartido por el terapeuta hol\u00edstico y formador Paulo Nogueira, tendr\u00e1 lugar en el Espace Th\u00e9rapeutique Ettoiledor\u00e8e de Lausana (cant\u00f3n de Vaud) los d\u00edas 23 y 24 de octubre&#8217;21.<\/p>\n<p style=\"text-align: justify;\"><strong>\u00a1Ser\u00e1 el \u00fanico curso presencial de Terapia Multidimensional en Suiza en 2021!<br \/>\nTodav\u00eda hay vacantes. No pierdas la oportunidad de convertirte en un terapeuta multidimensional.<\/strong><\/p>\n<div class=\"mceTemp\"><\/div>\n<figure id=\"attachment_13760\" aria-describedby=\"caption-attachment-13760\" style=\"width: 598px\" class=\"wp-caption aligncenter\"><a href=\"https:\/\/www.paulonogueiraterapias.com\/wp-content\/uploads\/2021\/03\/Curso-de-Terapia-Multidimensional-Suica-Out2021.jpg\"><img loading=\"lazy\" decoding=\"async\" class=\"wp-image-13758 size-full\" src=\"https:\/\/www.paulonogueiraterapias.com\/wp-content\/uploads\/2021\/03\/Curso-de-Terapia-Multidimensional-Suica-Out2021.jpg\" alt=\"Curso de Terapia Multidimensional na Sui\u00e7a - Out'21\" width=\"598\" height=\"416\" srcset=\"https:\/\/www.paulonogueiraterapias.com\/wp-content\/uploads\/2021\/03\/Curso-de-Terapia-Multidimensional-Suica-Out2021.jpg 598w, https:\/\/www.paulonogueiraterapias.com\/wp-content\/uploads\/2021\/03\/Curso-de-Terapia-Multidimensional-Suica-Out2021-450x313.jpg 450w, https:\/\/www.paulonogueiraterapias.com\/wp-content\/uploads\/2021\/03\/Curso-de-Terapia-Multidimensional-Suica-Out2021-300x209.jpg 300w\" sizes=\"auto, (max-width: 598px) 100vw, 598px\" \/><\/a><figcaption id=\"caption-attachment-13760\" class=\"wp-caption-text\">Curso de Terapia Multidimensional en Suiza &#8211; Oct&#8217;21<\/figcaption><\/figure>\n<h3>En Lausana:<\/h3>\n<p><strong><b>Fecha: 23 y 24 de octubre de 21 (s\u00e1bado y domingo).<br \/>\n Lugar: Espace Th\u00e9rapeutique<\/b><\/strong> Etoilledor\u00e8e (Rue de la Traversi\u00e8re, 3 1018 Lausanne)<strong><br \/>\nPrecio del curso:<\/strong> 250 EUR (incluidos 50 EUR de preinscripci\u00f3n)<br \/>\n<b>Duraci\u00f3n:<\/b> 2 d\u00edas completos de 10:00 a 18:00<br \/>\n<strong>Oferta:<\/strong> sesi\u00f3n de Terapia Multidimensional a realizar, preferentemente, antes de la fecha del curso v\u00eda Skype<\/p>\n<p style=\"text-align: justify;\"><strong>Despu\u00e9s del curso, el aprendiz y futuro terapeuta ser\u00e1 capaz, junto con los equipos de Seres de Luz que estar\u00e1n anclados en la energ\u00eda de cada uno, de realizar sesiones de Terapia Multidimensional tanto en s\u00ed mismos como en sus clientes, en persona y a distancia.<\/strong><\/p>\n<p style=\"text-align: justify;\">En la parte pr\u00e1ctica del curso, cada alumno realizar\u00e1 una sesi\u00f3n completa de Terapia Multidimensional a un compa\u00f1ero, adem\u00e1s de recibir una sesi\u00f3n. Esto garantiza que, tras el curso, podr\u00e1s dar terapia a otras personas. Esta terapia tambi\u00e9n puede utilizarse para animales y entornos (lugares de trabajo y personales). Recibir\u00e1s un certificado en papel y el manual\/libro &#8220;El coraz\u00f3n cura el alma&#8221; en formato digital.<\/p>\n<p>\u00a1<a href=\"https:\/\/www.paulonogueiraterapias.com\/terapia-multidimensional\/\" target=\"_blank\" rel=\"noopener noreferrer\">Vea aqu\u00ed<\/a> las inmensas posibilidades de la Terapia Multidimensional!<\/p>\n<\/div>\n<h3><strong>Programa del curso<\/strong><\/h3>\n<div style=\"font-size: 10pt;\">\n<p>S\u00e1bado por la ma\u00f1ana<\/p>\n<ul>\n<li>Presentaciones<\/li>\n<li>\u00bfQu\u00e9 es la terapia multidimensional?<\/li>\n<li>Iniciaci\u00f3n en la <a title=\"Mestre Saint Germain e a Chama Violeta\" href=\"https:\/\/www.paulonogueiraterapias.com\/es\/el-maestro-saint-germain-y-la-llama-violeta\/\">Llama Violeta por el Maestro Saint Germain<\/a><\/li>\n<li>Iniciaci\u00f3n a la Luz Azul de Sirio &#8211; por el Maestro Adama, los delfines y las ballenas y los seres azules de Sirio<\/li>\n<li>Iniciaci\u00f3n en la energ\u00eda rosa de Ori\u00f3n &#8211; por Lady Venus, Pegaso y los Caballos<\/li>\n<li>Iniciaci\u00f3n a los p\u00e9talos de rosa &#8211; por la Reina Santa Isabel<\/li>\n<li>Iniciaci\u00f3n a la paz de la unidad con Dios &#8211; por el Arc\u00e1ngel Miguel<\/li>\n<\/ul>\n<p>S\u00e1bado por la tarde<\/p>\n<ul>\n<li>Iniciaci\u00f3n de las manzanas &#8211; por el Maestro Adama<\/li>\n<li>Reconexi\u00f3n con el \u00c1rbol de la Vida &#8211; por el Maestro Adama<\/li>\n<li>Activaci\u00f3n de la inmunidad a la radiaci\u00f3n &#8211; por Kryon<\/li>\n<li>Iniciaci\u00f3n de apertura del chakra del coraz\u00f3n &#8211; por el Maestro Sananda (Jes\u00fas)<\/li>\n<li>Asignaci\u00f3n del equipo de curaci\u00f3n espiritual<\/li>\n<li>Iniciaci\u00f3n de los 7 rayos del Arco Iris por la comunidad inca de Machu Pichu<\/li>\n<li>Acciones<\/li>\n<\/ul>\n<p>Domingo por la ma\u00f1ana<\/p>\n<ul>\n<li>Las diferentes dimensiones<\/li>\n<li>Las leyes divinas<\/li>\n<li>El alma se contrae<\/li>\n<li>El ciclo de reencarnaciones (la rueda del <em>Samsara<\/em>)<\/li>\n<li>Los hechizos<\/li>\n<li>Tipos de obsesores<\/li>\n<li>T\u00e9cnicas de protecci\u00f3n y limpieza espiritual del terapeuta<\/li>\n<li>Autorizaci\u00f3n del movimiento en los mundos astrales y ayuda a los contactos de luz<\/li>\n<li>Autorizaci\u00f3n para realizar limpiezas de hechizos negativos y ayuda de seres de luz<\/li>\n<li>Activaci\u00f3n, desde la 4\u00aa dimensi\u00f3n, de los chakras 0 a 8 como portales interdimensionales para la evacuaci\u00f3n de energ\u00edas<\/li>\n<\/ul>\n<p>Domingo por la tarde<\/p>\n<ul>\n<li>La entrevista<\/li>\n<li>Sesi\u00f3n pr\u00e1ctica de terapia multidimensional<\/li>\n<li>Informe sobre la terapia multidimensional<\/li>\n<li>Entrega de certificados y reconocimientos<\/li>\n<\/ul>\n<p style=\"text-align: justify;\">El Curso de Terapia Multidimensional tambi\u00e9n consiste en un taller donde realizaremos rescates k\u00e1rmicos, varias limpiezas energ\u00e9ticas y una profundizaci\u00f3n de nuestro papel como sanadores utilizando el coraz\u00f3n como instrumento fundamental para facilitar sesiones de sanaci\u00f3n y autocuraci\u00f3n hacia la ascensi\u00f3n.<\/p>\n<\/div>\n<p style=\"font-size: 10pt; text-align: justify;\">Si desea celebrar una asociaci\u00f3n con Paulo Nogueira Terapias, con sede en Lisboa, para organizar el Curso de Terapia Multidimensional en otras localidades de Suiza (Z\u00farich, Basilea, Lausana o Ginebra) debe considerar un qu\u00f3rum m\u00ednimo de 7 participantes y contactar con el +351 912 064 084 o enviarnos un correo electr\u00f3nico.<\/p>\n<h2>Inscripci\u00f3n al curso<\/h2>\n<p style=\"font-size: 10pt;\">Para inscribirse en el curso, deber\u00e1 rellenar el siguiente formulario y realizar el pago de la reserva, tras lo cual se pondr\u00e1 en contacto con usted para celebrar su sesi\u00f3n gratuita de Terapia Multidimensional. El d\u00eda del curso, s\u00f3lo tendr\u00e1 que pagar 200 euros (cantidad ya deducida de la cuota de inscripci\u00f3n).<br \/>\nDespu\u00e9s de realizar el pago, rellene el formulario de reserva que se encuentra debajo del formulario de pago. Si tienes dificultades t\u00e9cnicas o no tienes una cuenta de Paypal, puedes llamarnos al +351 912 064 084 (incluido Whatsapp) para encontrar una forma alternativa de inscribirte.<\/p>\n<form action=\"https:\/\/www.paypal.com\/cgi-bin\/webscr\" method=\"post\" target=\"_top\"><input name=\"cmd\" type=\"hidden\" value=\"_s-xclick\"><br \/>\n<input name=\"hosted_button_id\" type=\"hidden\" value=\"8GJWQ42CBGBH4\"><\/p>\n<table>\n<tbody>\n<tr>\n<td><input name=\"on0\" type=\"hidden\" value=\"Sess\u00e3o\">Sesi\u00f3n<\/td>\n<\/tr>\n<tr>\n<td><select name=\"os0\"><option value=\"Terapia Multidimensional\">Terapia multidimensional 50,00 euros<\/option><\/select><\/td>\n<\/tr>\n<tr>\n<td><input name=\"on1\" type=\"hidden\" value=\"Nome do consulente:\">Nombre del consultor:<\/td>\n<\/tr>\n<tr>\n<td><input maxlength=\"200\" name=\"os1\" type=\"text\"><\/td>\n<\/tr>\n<tr>\n<td><input name=\"on2\" type=\"hidden\" value=\"Email\/ID Skype do consulente:\">Correo electr\u00f3nico\/ID de Skype del consultante:<\/td>\n<\/tr>\n<tr>\n<td><input maxlength=\"200\" name=\"os2\" type=\"text\"><\/td>\n<\/tr>\n<\/tbody>\n<\/table>\n<p><input name=\"currency_code\" type=\"hidden\" value=\"EUR\"><br \/>\n<input alt=\"PayPal - A maneira f\u00e1cil e segura de enviar pagamentos online!\" name=\"submit\" src=\"https:\/\/www.paypalobjects.com\/pt_BR\/BR\/i\/btn\/btn_buynowCC_LG.gif\" type=\"image\"><br \/>\n<img loading=\"lazy\" decoding=\"async\" src=\"https:\/\/www.paypalobjects.com\/pt_PT\/i\/scr\/pixel.gif\" alt=\"\" width=\"1\" height=\"1\" border=\"0\"><\/p>\n<\/form>\n<p style=\"font-size: 10pt;\">El siguiente formulario se utilizar\u00e1 para considerar la reserva de su sesi\u00f3n de Terapia Multidimensional y la consiguiente inscripci\u00f3n en el curso. Los campos Fecha y Hora se refieren a la fecha y hora de su sesi\u00f3n de Terapia Multidimensional ofrecida que tendr\u00e1 lugar a distancia a trav\u00e9s de Skype.<\/p>\n<p style=\"font-size: 10pt;\"><!--cforms name=\"Marcar reserva de Curso de TMD - Sui\u00e7a\"--><\/p>\n<p>[\/vc_column_text][\/vc_column][\/vc_row]<\/p>\n","protected":false},"excerpt":{"rendered":"<p>[vc_row][vc_column][vc_column_text] El Curso de Terapia Multidimensional, impartido por el terapeuta hol\u00edstico y formador Paulo Nogueira, tendr\u00e1 lugar en el Espace Th\u00e9rapeutique Ettoiledor\u00e8e de Lausana (cant\u00f3n de Vaud) los d\u00edas 23 [&hellip;]<\/p>\n","protected":false},"author":1,"featured_media":0,"parent":0,"menu_order":0,"comment_status":"closed","ping_status":"closed","template":"","meta":{"om_disable_all_campaigns":false,"_mi_skip_tracking":false,"site-sidebar-layout":"default","site-content-layout":"","ast-site-content-layout":"default","site-content-style":"default","site-sidebar-style":"default","ast-global-header-display":"","ast-banner-title-visibility":"","ast-main-header-display":"","ast-hfb-above-header-display":"","ast-hfb-below-header-display":"","ast-hfb-mobile-header-display":"","site-post-title":"","ast-breadcrumbs-content":"","ast-featured-img":"","footer-sml-layout":"","ast-disable-related-posts":"","theme-transparent-header-meta":"","adv-header-id-meta":"","stick-header-meta":"","header-above-stick-meta":"","header-main-stick-meta":"","header-below-stick-meta":"","astra-migrate-meta-layouts":"default","ast-page-background-enabled":"default","ast-page-background-meta":{"desktop":{"background-color":"var(--ast-global-color-5)","background-image":"","background-repeat":"repeat","background-position":"center center","background-size":"auto","background-attachment":"scroll","background-type":"","background-media":"","overlay-type":"","overlay-color":"","overlay-opacity":"","overlay-gradient":""},"tablet":{"background-color":"","background-image":"","background-repeat":"repeat","background-position":"center center","background-size":"auto","background-attachment":"scroll","background-type":"","background-media":"","overlay-type":"","overlay-color":"","overlay-opacity":"","overlay-gradient":""},"mobile":{"background-color":"","background-image":"","background-repeat":"repeat","background-position":"center center","background-size":"auto","background-attachment":"scroll","background-type":"","background-media":"","overlay-type":"","overlay-color":"","overlay-opacity":"","overlay-gradient":""}},"ast-content-background-meta":{"desktop":{"background-color":"var(--ast-global-color-4)","background-image":"","background-repeat":"repeat","background-position":"center center","background-size":"auto","background-attachment":"scroll","background-type":"","background-media":"","overlay-type":"","overlay-color":"","overlay-opacity":"","overlay-gradient":""},"tablet":{"background-color":"var(--ast-global-color-4)","background-image":"","background-repeat":"repeat","background-position":"center center","background-size":"auto","background-attachment":"scroll","background-type":"","background-media":"","overlay-type":"","overlay-color":"","overlay-opacity":"","overlay-gradient":""},"mobile":{"background-color":"var(--ast-global-color-4)","background-image":"","background-repeat":"repeat","background-position":"center center","background-size":"auto","background-attachment":"scroll","background-type":"","background-media":"","overlay-type":"","overlay-color":"","overlay-opacity":"","overlay-gradient":""}},"footnotes":""},"class_list":["post-15114","page","type-page","status-publish","hentry"],"aioseo_notices":[],"_links":{"self":[{"href":"https:\/\/www.paulonogueiraterapias.com\/es\/wp-json\/wp\/v2\/pages\/15114","targetHints":{"allow":["GET"]}}],"collection":[{"href":"https:\/\/www.paulonogueiraterapias.com\/es\/wp-json\/wp\/v2\/pages"}],"about":[{"href":"https:\/\/www.paulonogueiraterapias.com\/es\/wp-json\/wp\/v2\/types\/page"}],"author":[{"embeddable":true,"href":"https:\/\/www.paulonogueiraterapias.com\/es\/wp-json\/wp\/v2\/users\/1"}],"replies":[{"embeddable":true,"href":"https:\/\/www.paulonogueiraterapias.com\/es\/wp-json\/wp\/v2\/comments?post=15114"}],"version-history":[{"count":0,"href":"https:\/\/www.paulonogueiraterapias.com\/es\/wp-json\/wp\/v2\/pages\/15114\/revisions"}],"wp:attachment":[{"href":"https:\/\/www.paulonogueiraterapias.com\/es\/wp-json\/wp\/v2\/media?parent=15114"}],"curies":[{"name":"wp","href":"https:\/\/api.w.org\/{rel}","templated":true}]}}