{"id":15112,"date":"2014-09-11T11:39:27","date_gmt":"2014-09-11T11:39:27","guid":{"rendered":"https:\/\/www.paulonogueiraterapias.com\/curso-de-reiki-tradicional-nivel-iii-maestro\/"},"modified":"2025-05-20T17:34:21","modified_gmt":"2025-05-20T17:34:21","slug":"curso-de-reiki-tradicional-nivel-iii-maestro","status":"publish","type":"page","link":"https:\/\/www.paulonogueiraterapias.com\/es\/curso-de-reiki-tradicional-nivel-iii-maestro\/","title":{"rendered":"Curso de Reiki Tradicional Nivel III (Maestro)"},"content":{"rendered":"\n<p>El Reiki es una terapia complementaria que canaliza energ\u00eda en el cuerpo f\u00edsico y otros cuerpos sutiles del paciente con el objetivo de conseguir una mejora general de su estado f\u00edsico, emocional, mental y espiritual.<\/p>\n\n<p>El nivel III (Maestr\u00eda) no s\u00f3lo convierte a un terapeuta de segundo nivel en un Maestro, sino que tambi\u00e9n le da las ense\u00f1anzas que le permitir\u00e1n formar e iniciar a nuevos terapeutas y maestros en esta terapia.<\/p>\n\n<p><strong>Alcanza la Maestr\u00eda en Reiki Tradicional Nivel III &#8211; \u00a1Despierta al Maestro Sanador que hay en Ti!<\/strong><\/p>\n\n<p>\u00bfEst\u00e1s listo para dar el paso final en tu camino de Reiki? El curso de Reiki Tradicional Nivel III &#8211; Maestro es la culminaci\u00f3n de tu viaje, donde te conviertes no s\u00f3lo en un practicante, sino en un verdadero Maestro de Reiki. <\/p>\n\n<p>En este nivel, ser\u00e1s iniciado en el s\u00edmbolo sagrado del maestro, un poderoso emblema que amplifica inmensamente tu capacidad de sanaci\u00f3n y eleva tu conciencia espiritual. Este curso es una transformaci\u00f3n profunda, tanto personal como espiritual, que te capacita para ense\u00f1ar e iniciar a otros en Reiki. <\/p>\n\n<p>Durante la formaci\u00f3n, aprender\u00e1s a:<\/p>\n\n<ul class=\"wp-block-list\">\n<li><strong>Utiliza el s\u00edmbolo del maestro<\/strong>, potenciando la energ\u00eda curativa y ampliando tu conexi\u00f3n espiritual;<\/li>\n\n\n\n<li><strong>Llevar a cabo iniciaciones de Reiki<\/strong>, transmitiendo la tradici\u00f3n y el poder a nuevos practicantes;<\/li>\n\n\n\n<li><strong>Desarrollar t\u00e9cnicas avanzadas de sanaci\u00f3n y protecci\u00f3n energ\u00e9tica<\/strong>;<\/li>\n\n\n\n<li><strong>Guiar a otros en sus viajes de sanaci\u00f3n<\/strong>, como un verdadero maestro y mentor espiritual.<\/li>\n<\/ul>\n\n<p>Reiki Nivel III es m\u00e1s que un curso; es una llamada a dirigir, sanar y transformar vidas a un nivel profundo. Si sientes que est\u00e1s preparado para asumir este papel, \u00a1inscr\u00edbete ahora y despierta al maestro sanador que hay en ti! <\/p>\n\n<p><strong>Plazas limitadas. \u00a1Inscr\u00edbete hoy! <\/strong><\/p>\n\n<h4 class=\"wp-block-heading\">Contenidos program\u00e1ticos<\/h4>\n\n<ul class=\"wp-block-list\">\n<li>El s\u00edmbolo maestro &#8211; Dai Ko Mio<\/li>\n\n\n\n<li>La importancia de ser un Maestro de Reiki<\/li>\n\n\n\n<li>Sintonizaci\u00f3n con el S\u00edmbolo Maestro &#8211; Dai Ko Mio<\/li>\n\n\n\n<li>C\u00f3mo iniciar a los terapeutas en el nivel I de Reiki tradicional<\/li>\n\n\n\n<li>C\u00f3mo iniciar a los terapeutas en el nivel II de Reiki tradicional<\/li>\n\n\n\n<li>C\u00f3mo iniciar a los terapeutas en el Nivel III de Reiki Tradicional (Maestro)<\/li>\n\n\n\n<li>Iniciaciones<\/li>\n\n\n\n<li>Inicio del beb\u00e9<\/li>\n\n\n\n<li>Iniciaciones a distancia<\/li>\n\n\n\n<li>Iniciativas de personas encamadas<\/li>\n\n\n\n<li>Autoiniciaci\u00f3n<\/li>\n\n\n\n<li><a href=\"https:\/\/www.paulonogueiraterapias.com\/es\/gyoshi-ho-curacion-con-los-ojos\/\">Gyoshi Ho<\/a><\/li>\n\n\n\n<li><a href=\"https:\/\/www.paulonogueiraterapias.com\/es\/koki-ho-la-curacion-con-la-respiracion\/\">Koki-Ho<\/a> &#8211; Curar con la respiraci\u00f3n<\/li>\n\n\n\n<li>C\u00f3mo estructurar los cursos de Reiki<\/li>\n<\/ul>\n\n<p>Se entrega un manual y un certificado.<br\/>El curso de Reiki Tradicional Nivel III (Maestr\u00eda) dura un d\u00eda (de 10:00 a 19:00). En conjunto, el curso de Maestro de Reiki Tradicional s\u00f3lo tiene lugar cada 3 meses, es decir, s\u00f3lo 4 veces al a\u00f1o se forman Maestros de Reiki, por lo que debes estar al tanto de las fechas con antelaci\u00f3n y asegurar tu asistencia.<\/p>\n\n<p><strong>Precio:<\/strong> 110\u20ac (incluye preinscripci\u00f3n de 20\u20ac)<br\/><strong>Duraci\u00f3n:<\/strong> de 10:00 a 19:00 (1 d\u00eda)<br\/><strong>Oferta:<\/strong> Merienda y tentempi\u00e9<br\/><strong>Maestro:<\/strong> Paulo Nogueira<\/p>\n\n<p>La preinscripci\u00f3n debe realizarse preferentemente con 5 d\u00edas de antelaci\u00f3n para garantizar su plaza, ya que el curso tiene plazas limitadas. Si no puede inscribirse con tanta antelaci\u00f3n, p\u00f3ngase en contacto con nosotros para ver si hay alguna vacante.<\/p>\n\n<h2 class=\"wp-block-heading\">Cursos en modo individual<\/h2>\n\n<p>Si no est\u00e1 disponible en la fecha del curso en grupo, puede realizar el curso individualmente en la fecha que le resulte m\u00e1s conveniente. El curso se imparte de la misma forma que la versi\u00f3n en grupo y puede reservarse para cualquier d\u00eda de la semana (de lunes a viernes, festivos incluidos). Despu\u00e9s del curso, el alumno siempre puede contar con la disponibilidad del maestro para responder a cualquier pregunta.<br\/>La formaci\u00f3n individual, al ser exclusiva para un alumno, dura 4 horas, la mitad que un curso en grupo, y se imparten los mismos conocimientos y el mismo componente pr\u00e1ctico.<br\/>Se puede reservar de 10:00 a 14:00, de 14:00 a 18:00 o de 18:00 a 22:00.<br\/>Precio del curso individual: 130eur<\/p>\n\n<p><b>Despu\u00e9s del curso de Reiki (en cualquier nivel), el alumno (en caso de que necesite repasar sus conocimientos y el uso de las t\u00e9cnicas) siempre puede repetir el curso si lo desea, con un 20% de descuento. Tambi\u00e9n puedes hacer el <a title=\"Cursos gratuitos de Reiki\" href=\"https:\/\/www.paulonogueiraterapias.com\/es\/cursos-gratuitos-de-reiki\/\">curso de Reiki gratuito uni\u00e9ndote a la promoci\u00f3n<\/a>.<\/b><\/p>\n\n<h3 class=\"wp-block-heading\">Inscripci\u00f3n en un curso de Reiki Tradicional Nivel III (Maestro)<\/h3>\n<div class=\"wpforms-container wpforms-container-full wpforms-form-abandonment\" id=\"wpforms-15236\"><form id=\"wpforms-form-15236\" class=\"wpforms-validate wpforms-form wpforms-ajax-form\" data-formid=\"15236\" method=\"post\" enctype=\"multipart\/form-data\" action=\"\/es\/wp-json\/wp\/v2\/pages\/15112\" data-token=\"e03cbf572baff6ef734749ddb447d59c\" data-token-time=\"1777468960\"><noscript class=\"wpforms-error-noscript\">Por favor, activa JavaScript en tu navegador para completar este formulario.<\/noscript><div class=\"wpforms-field-container\"><div id=\"wpforms-15236-field_1-container\" class=\"wpforms-field wpforms-field-name\" data-field-id=\"1\"><label class=\"wpforms-field-label\" for=\"wpforms-15236-field_1\">Nome <span class=\"wpforms-required-label\">*<\/span><\/label><input type=\"text\" id=\"wpforms-15236-field_1\" class=\"wpforms-field-medium wpforms-field-required\" name=\"wpforms[fields][1]\" required><\/div><div id=\"wpforms-15236-field_2-container\" class=\"wpforms-field wpforms-field-phone\" data-field-id=\"2\"><label class=\"wpforms-field-label\" for=\"wpforms-15236-field_2\">Telefone <span class=\"wpforms-required-label\">*<\/span><\/label><input type=\"tel\" id=\"wpforms-15236-field_2\" class=\"wpforms-field-medium wpforms-field-required\" data-rule-int-phone-field=\"true\" name=\"wpforms[fields][2]\" aria-label=\"Telefone\" required><\/div><div id=\"wpforms-15236-field_3-container\" class=\"wpforms-field wpforms-field-email\" data-field-id=\"3\"><label class=\"wpforms-field-label\" for=\"wpforms-15236-field_3\">Email <span class=\"wpforms-required-label\">*<\/span><\/label><input type=\"email\" id=\"wpforms-15236-field_3\" class=\"wpforms-field-medium wpforms-field-required\" name=\"wpforms[fields][3]\" spellcheck=\"false\" required><\/div><div id=\"wpforms-15236-field_7-container\" class=\"wpforms-field wpforms-field-select wpforms-field-select-style-modern\" data-field-id=\"7\"><label class=\"wpforms-field-label\" for=\"wpforms-15236-field_7\">Modalidade<\/label><select id=\"wpforms-15236-field_7\" class=\"wpforms-field-medium choicesjs-select\" data-size-class=\"wpforms-field-row wpforms-field-medium\" data-search-enabled=\"\" name=\"wpforms[fields][7]\"><option value=\"\" class=\"placeholder\" disabled ><\/option><option value=\"Curso colectivo\"  selected='selected'>Curso colectivo<\/option><option value=\"Curso em modo individual\" >Curso em modo individual<\/option><\/select><\/div><div id=\"wpforms-15236-field_6-container\" class=\"wpforms-field wpforms-field-textarea\" data-field-id=\"6\"><label class=\"wpforms-field-label\" for=\"wpforms-15236-field_6\">Observa\u00e7\u00f5es<\/label><textarea id=\"wpforms-15236-field_6\" class=\"wpforms-field-medium\" name=\"wpforms[fields][6]\" ><\/textarea><\/div><\/div><!-- .wpforms-field-container --><div class=\"wpforms-submit-container\" ><input type=\"hidden\" name=\"wpforms[id]\" value=\"15236\"><input type=\"hidden\" name=\"page_title\" value=\"\"><input type=\"hidden\" name=\"page_url\" value=\"https:\/\/www.paulonogueiraterapias.com\/es\/wp-json\/wp\/v2\/pages\/15112\"><input type=\"hidden\" name=\"url_referer\" value=\"\"><button type=\"submit\" name=\"wpforms[submit]\" id=\"wpforms-submit-15236\" class=\"wpforms-submit\" data-alt-text=\"Enviando...\" data-submit-text=\"Inscrever\" aria-live=\"assertive\" value=\"wpforms-submit\">Inscrever<\/button><img loading=\"lazy\" decoding=\"async\" src=\"https:\/\/www.paulonogueiraterapias.com\/wp-content\/plugins\/wpforms-disabled\/assets\/images\/submit-spin.svg\" class=\"wpforms-submit-spinner\" style=\"display: none;\" width=\"26\" height=\"26\" alt=\"Cargando\"><\/div><\/form><\/div>  <!-- .wpforms-container -->\n","protected":false},"excerpt":{"rendered":"<p>El Reiki es una terapia complementaria que canaliza energ\u00eda en el cuerpo f\u00edsico y otros cuerpos sutiles del paciente con el objetivo de conseguir una mejora general de su estado [&hellip;]<\/p>\n","protected":false},"author":1,"featured_media":0,"parent":0,"menu_order":0,"comment_status":"closed","ping_status":"open","template":"","meta":{"om_disable_all_campaigns":false,"_mi_skip_tracking":false,"site-sidebar-layout":"default","site-content-layout":"","ast-site-content-layout":"default","site-content-style":"default","site-sidebar-style":"default","ast-global-header-display":"","ast-banner-title-visibility":"","ast-main-header-display":"","ast-hfb-above-header-display":"","ast-hfb-below-header-display":"","ast-hfb-mobile-header-display":"","site-post-title":"","ast-breadcrumbs-content":"","ast-featured-img":"","footer-sml-layout":"","ast-disable-related-posts":"","theme-transparent-header-meta":"","adv-header-id-meta":"","stick-header-meta":"","header-above-stick-meta":"","header-main-stick-meta":"","header-below-stick-meta":"","astra-migrate-meta-layouts":"default","ast-page-background-enabled":"default","ast-page-background-meta":{"desktop":{"background-color":"var(--ast-global-color-5)","background-image":"","background-repeat":"repeat","background-position":"center center","background-size":"auto","background-attachment":"scroll","background-type":"","background-media":"","overlay-type":"","overlay-color":"","overlay-opacity":"","overlay-gradient":""},"tablet":{"background-color":"","background-image":"","background-repeat":"repeat","background-position":"center center","background-size":"auto","background-attachment":"scroll","background-type":"","background-media":"","overlay-type":"","overlay-color":"","overlay-opacity":"","overlay-gradient":""},"mobile":{"background-color":"","background-image":"","background-repeat":"repeat","background-position":"center center","background-size":"auto","background-attachment":"scroll","background-type":"","background-media":"","overlay-type":"","overlay-color":"","overlay-opacity":"","overlay-gradient":""}},"ast-content-background-meta":{"desktop":{"background-color":"var(--ast-global-color-4)","background-image":"","background-repeat":"repeat","background-position":"center center","background-size":"auto","background-attachment":"scroll","background-type":"","background-media":"","overlay-type":"","overlay-color":"","overlay-opacity":"","overlay-gradient":""},"tablet":{"background-color":"var(--ast-global-color-4)","background-image":"","background-repeat":"repeat","background-position":"center center","background-size":"auto","background-attachment":"scroll","background-type":"","background-media":"","overlay-type":"","overlay-color":"","overlay-opacity":"","overlay-gradient":""},"mobile":{"background-color":"var(--ast-global-color-4)","background-image":"","background-repeat":"repeat","background-position":"center center","background-size":"auto","background-attachment":"scroll","background-type":"","background-media":"","overlay-type":"","overlay-color":"","overlay-opacity":"","overlay-gradient":""}},"footnotes":""},"class_list":["post-15112","page","type-page","status-publish","hentry"],"aioseo_notices":[],"_links":{"self":[{"href":"https:\/\/www.paulonogueiraterapias.com\/es\/wp-json\/wp\/v2\/pages\/15112","targetHints":{"allow":["GET"]}}],"collection":[{"href":"https:\/\/www.paulonogueiraterapias.com\/es\/wp-json\/wp\/v2\/pages"}],"about":[{"href":"https:\/\/www.paulonogueiraterapias.com\/es\/wp-json\/wp\/v2\/types\/page"}],"author":[{"embeddable":true,"href":"https:\/\/www.paulonogueiraterapias.com\/es\/wp-json\/wp\/v2\/users\/1"}],"replies":[{"embeddable":true,"href":"https:\/\/www.paulonogueiraterapias.com\/es\/wp-json\/wp\/v2\/comments?post=15112"}],"version-history":[{"count":0,"href":"https:\/\/www.paulonogueiraterapias.com\/es\/wp-json\/wp\/v2\/pages\/15112\/revisions"}],"wp:attachment":[{"href":"https:\/\/www.paulonogueiraterapias.com\/es\/wp-json\/wp\/v2\/media?parent=15112"}],"curies":[{"name":"wp","href":"https:\/\/api.w.org\/{rel}","templated":true}]}}