{"id":15106,"date":"2015-01-29T16:18:28","date_gmt":"2015-01-29T16:18:28","guid":{"rendered":"https:\/\/www.paulonogueiraterapias.com\/curso-de-reiki\/"},"modified":"2025-05-20T17:34:31","modified_gmt":"2025-05-20T17:34:31","slug":"curso-de-reiki","status":"publish","type":"page","link":"https:\/\/www.paulonogueiraterapias.com\/es\/curso-de-reiki\/","title":{"rendered":"Curso de Reiki"},"content":{"rendered":"<div style=\"font-size: 10pt; text-align: justify;\">\n<h3>\u00bfQu\u00e9 es el Reiki?<\/h3>\n<p>El Reiki es una energ\u00eda curativa que existe en el Universo y procede de la Fuente con el objetivo de armonizar y equilibrar a cualquier ser vivo. Tambi\u00e9n puede aplicarse a cualquier proyecto exitoso. Es una energ\u00eda inteligente que utiliza al terapeuta iniciado como canal para fluir hacia donde se necesita. El terapeuta no necesita saber cu\u00e1l es el problema de la persona, sino que simplemente conf\u00eda tanto en el proceso como en la propia energ\u00eda.<br \/>\n<a name=\"transmitir-reiki\"><\/a><\/p>\n<h3>\u00bfA qui\u00e9n o a qu\u00e9 se puede transmitir Reiki?<\/h3>\n<ul>\n<li>A los seres humanos<\/li>\n<li>Ni\u00f1os (ellos determinan la duraci\u00f3n del tratamiento)<\/li>\n<li>A los animales<\/li>\n<li>Plantas (de interior o exterior)<\/li>\n<li>Los alimentos que comemos, agradeci\u00e9ndoselos a la Fuente y pidi\u00e9ndole que los purifique y energice.<\/li>\n<li>El agua que bebes<\/li>\n<li>A un grupo de personas<\/li>\n<li>A una situaci\u00f3n<\/li>\n<li>A un pa\u00eds o una ciudad<\/li>\n<li>A un proyecto, una solicitud de empleo, un pr\u00e9stamo (pidiendo que se lleve a cabo si es bueno para tu desarrollo; si no, que est\u00e1s dispuesto a renunciar)<\/li>\n<li>Al dinero como energ\u00eda que nos permite evolucionar<\/li>\n<\/ul>\n<\/div>\n","protected":false},"excerpt":{"rendered":"<p>\u00bfQu\u00e9 es el Reiki? El Reiki es una energ\u00eda curativa que existe en el Universo y procede de la Fuente con el objetivo de armonizar y equilibrar a cualquier ser [&hellip;]<\/p>\n","protected":false},"author":1,"featured_media":0,"parent":0,"menu_order":0,"comment_status":"closed","ping_status":"open","template":"","meta":{"om_disable_all_campaigns":false,"_mi_skip_tracking":false,"site-sidebar-layout":"default","site-content-layout":"","ast-site-content-layout":"default","site-content-style":"default","site-sidebar-style":"default","ast-global-header-display":"","ast-banner-title-visibility":"","ast-main-header-display":"","ast-hfb-above-header-display":"","ast-hfb-below-header-display":"","ast-hfb-mobile-header-display":"","site-post-title":"","ast-breadcrumbs-content":"","ast-featured-img":"","footer-sml-layout":"","ast-disable-related-posts":"","theme-transparent-header-meta":"","adv-header-id-meta":"","stick-header-meta":"","header-above-stick-meta":"","header-main-stick-meta":"","header-below-stick-meta":"","astra-migrate-meta-layouts":"default","ast-page-background-enabled":"default","ast-page-background-meta":{"desktop":{"background-color":"var(--ast-global-color-5)","background-image":"","background-repeat":"repeat","background-position":"center center","background-size":"auto","background-attachment":"scroll","background-type":"","background-media":"","overlay-type":"","overlay-color":"","overlay-opacity":"","overlay-gradient":""},"tablet":{"background-color":"","background-image":"","background-repeat":"repeat","background-position":"center center","background-size":"auto","background-attachment":"scroll","background-type":"","background-media":"","overlay-type":"","overlay-color":"","overlay-opacity":"","overlay-gradient":""},"mobile":{"background-color":"","background-image":"","background-repeat":"repeat","background-position":"center center","background-size":"auto","background-attachment":"scroll","background-type":"","background-media":"","overlay-type":"","overlay-color":"","overlay-opacity":"","overlay-gradient":""}},"ast-content-background-meta":{"desktop":{"background-color":"var(--ast-global-color-4)","background-image":"","background-repeat":"repeat","background-position":"center center","background-size":"auto","background-attachment":"scroll","background-type":"","background-media":"","overlay-type":"","overlay-color":"","overlay-opacity":"","overlay-gradient":""},"tablet":{"background-color":"var(--ast-global-color-4)","background-image":"","background-repeat":"repeat","background-position":"center center","background-size":"auto","background-attachment":"scroll","background-type":"","background-media":"","overlay-type":"","overlay-color":"","overlay-opacity":"","overlay-gradient":""},"mobile":{"background-color":"var(--ast-global-color-4)","background-image":"","background-repeat":"repeat","background-position":"center center","background-size":"auto","background-attachment":"scroll","background-type":"","background-media":"","overlay-type":"","overlay-color":"","overlay-opacity":"","overlay-gradient":""}},"footnotes":""},"class_list":["post-15106","page","type-page","status-publish","hentry"],"aioseo_notices":[],"_links":{"self":[{"href":"https:\/\/www.paulonogueiraterapias.com\/es\/wp-json\/wp\/v2\/pages\/15106","targetHints":{"allow":["GET"]}}],"collection":[{"href":"https:\/\/www.paulonogueiraterapias.com\/es\/wp-json\/wp\/v2\/pages"}],"about":[{"href":"https:\/\/www.paulonogueiraterapias.com\/es\/wp-json\/wp\/v2\/types\/page"}],"author":[{"embeddable":true,"href":"https:\/\/www.paulonogueiraterapias.com\/es\/wp-json\/wp\/v2\/users\/1"}],"replies":[{"embeddable":true,"href":"https:\/\/www.paulonogueiraterapias.com\/es\/wp-json\/wp\/v2\/comments?post=15106"}],"version-history":[{"count":0,"href":"https:\/\/www.paulonogueiraterapias.com\/es\/wp-json\/wp\/v2\/pages\/15106\/revisions"}],"wp:attachment":[{"href":"https:\/\/www.paulonogueiraterapias.com\/es\/wp-json\/wp\/v2\/media?parent=15106"}],"curies":[{"name":"wp","href":"https:\/\/api.w.org\/{rel}","templated":true}]}}