{"id":15076,"date":"2017-01-14T21:57:11","date_gmt":"2017-01-14T21:57:11","guid":{"rendered":"https:\/\/www.paulonogueiraterapias.com\/curso-en-linea-de-terapia-multidimensional\/"},"modified":"2021-12-10T23:35:04","modified_gmt":"2021-12-10T23:35:04","slug":"curso-en-linea-de-terapia-multidimensional","status":"publish","type":"page","link":"https:\/\/www.paulonogueiraterapias.com\/es\/curso-en-linea-de-terapia-multidimensional\/","title":{"rendered":"Curso en l\u00ednea de terapia multidimensional"},"content":{"rendered":"<p>[vc_row][vc_column][vc_single_image image=&#8221;14092&#8243; img_size=&#8221;full&#8221; alignment=&#8221;center&#8221; style=&#8221;vc_box_shadow&#8221; onclick=&#8221;link_image&#8221; css_animation=&#8221;zoomInLeft&#8221; title=&#8221;Curso en l\u00ednea de terapia multidimensional&#8221;][\/vc_column][\/vc_row][vc_row][vc_column][vc_column_text]<\/p>\n<div style=\"font-size: 10pt; text-align: justify;\">\n<h4>Bienvenido al curso online de Terapia Multidimensional<\/h4>\n<p>El objetivo del Curso Online de Terapia Multidimensional es formar a terapeutas multidimensionales a distancia v\u00eda <em>Zoom<\/em>. Esta modalidad de e-learning es exactamente igual que la modalidad presencial con algunas peque\u00f1as diferencias <strong><a href=\"https:\/\/www.paulonogueiraterapias.com\/curso-terapia-multidimensional\/\">programa del curso<\/a> <\/strong>cara a cara.<\/p>\n<p>Esta formaci\u00f3n en modalidad online es ideal para todos aquellos que deseen recibir las iniciaciones por parte de los Seres de Luz que participan en este curso y que no puedan desplazarse a las ciudades y pa\u00edses donde se desarrolla el curso.<\/p>\n<p>Para usted en <strong>Portugal, Brasil, Angola, Suiza, Reino Unido, Francia, Luxemburgo, Espa\u00f1a, Alemania, B\u00e9lgica, Estados Unidos, Canad\u00e1, Australia<\/strong>El Curso Online de Terapia Multidimensional es la oportunidad ideal para ti, ya que te permitir\u00e1 elevar tu vibraci\u00f3n significativamente a trav\u00e9s de poderosas sintonizaciones energ\u00e9ticas y meditaciones, as\u00ed como poder facilitar sesiones de Terapia Multidimensional para ti y para otros.<\/p>\n<p>Al final del curso intensivo de 2 d\u00edas, podr\u00e1 descargar inmediatamente su certificado como documento PDF que <em>podr\u00e1<\/em> imprimir si lo desea. Tambi\u00e9n recibir\u00e1, al final del primer d\u00eda del curso, el manual en PDF de la Terapia Multidimensional. El curso en l\u00ednea tiene lugar en tiempo real, con el formador y todos los alumnos compartiendo una sala virtual con acceso a conferencias de audio y v\u00eddeo mediante el software gratuito Zoom (disponible para PC, Android e iOS)&#8221;.<\/p>\n<h2>Pr\u00f3xima fecha: 18 y 19 de diciembre&#8217;21 (s\u00e1bado y domingo)<\/h2>\n<h3 style=\"text-align: justify;\"><\/h3>\n<h4>Detalles del evento<\/h4>\n<div class=\"divTable tableCursoTMDOnline\">\n<div class=\"divTableHeading\">\n<div class=\"divTableRow\">\n<div class=\"divTableHead\">Entrenador<\/div>\n<div class=\"divTableHead\">Paulo Nogueira<\/div>\n<\/div>\n<\/div>\n<div class=\"divTableBody\">\n<div class=\"divTableRow\">\n<div class=\"divTableCell\">Valor<\/div>\n<div class=\"divTableCell\">100\u20ac o R$ 620<\/div>\n<\/div>\n<div class=\"divTableRow\">\n<div class=\"divTableCell\">D\u00f3nde<\/div>\n<div class=\"divTableCell\">Sala virtual de Zoom (descarga gratuita en <a href=\"https:\/\/zoom.us\/download\" target=\"_blank\" rel=\"noopener noreferrer\">https:\/\/zoom.us\/download<\/a>)<\/div>\n<\/div>\n<div class=\"divTableRow\">\n<div class=\"divTableCell\">Programar<\/div>\n<div class=\"divTableCell\">En Portugal de 10:00 a 18:00<br \/>\nEn Brasil de 06:00 a 14:00.<br \/>\nEn Suiza de 11:00 a 19:00<\/div>\n<\/div>\n<\/div>\n<\/div>\n<div><\/div>\n<p>&nbsp;<\/p>\n<h2><strong>Programa del curso<\/strong><\/h2>\n<p><strong>S\u00e1bado por la ma\u00f1ana<\/strong><\/p>\n<ul>\n<li>Presentaciones<\/li>\n<li><a href=\"https:\/\/www.paulonogueiraterapias.com\/es\/terapia-multidimensional-que-es\/\" target=\"_blank\" rel=\"noopener noreferrer\">\u00bfQu\u00e9 es la terapia multidimensional?<\/a><\/li>\n<li><a href=\"https:\/\/www.paulonogueiraterapias.com\/es\/terapia-multidimensional-para-que-sirvio\/\">\u00bfPara qu\u00e9 es la Terapia Multidimensional?<\/a><\/li>\n<li>Iniciaci\u00f3n en la <a title=\"Mestre Saint Germain e a Chama Violeta\" href=\"https:\/\/www.paulonogueiraterapias.com\/es\/el-maestro-saint-germain-y-la-llama-violeta\/\">Llama Violeta por el Maestro Saint Germain<\/a><\/li>\n<li>Iniciaci\u00f3n en la Luz Azul de Sirio &#8211; por el Maestro Adama, los delfines y las ballenas y los seres azules de Sirio<\/li>\n<li>Iniciaci\u00f3n a la Energ\u00eda Rosa de Ori\u00f3n &#8211; por Lady Venus, Pegaso y los Caballos<\/li>\n<li>Iniciaci\u00f3n a los P\u00e9talos de Rosa &#8211; por la Reina Santa Isabel<\/li>\n<li>Iniciaci\u00f3n a la paz de la unidad con Dios &#8211; por el Arc\u00e1ngel Miguel<\/li>\n<\/ul>\n<p><strong>S\u00e1bado por la tarde<\/strong><\/p>\n<ul>\n<li>Manzanas de partida<\/li>\n<li>Reconexi\u00f3n con el \u00c1rbol de la Vida &#8211; por el Maestro Adama<\/li>\n<li><a href=\"https:\/\/www.paulonogueiraterapias.com\/es\/iniciacion-a-la-radiacion-electromagnetica-por-kryon\/\">Activaci\u00f3n de la inmunidad a la radiaci\u00f3n<\/a> por Kryon<\/li>\n<li>Iniciaci\u00f3n de apertura del chakra del coraz\u00f3n &#8211; por el Maestro Sananda (Jes\u00fas)<\/li>\n<li>Asignaci\u00f3n del equipo de curaci\u00f3n espiritual<\/li>\n<li>Iniciaci\u00f3n de los 7 rayos del Arco Iris por la comunidad inca de Machu Pichu<\/li>\n<li>Acciones<\/li>\n<\/ul>\n<p><strong>Domingo por la ma\u00f1ana<\/strong><\/p>\n<ul>\n<li>Las diferentes dimensiones<\/li>\n<li><a href=\"https:\/\/www.paulonogueiraterapias.com\/es\/karma\/\">Karma<\/a><\/li>\n<li>Reencarnaci\u00f3n<\/li>\n<li>Libre albedr\u00edo<\/li>\n<li>Las leyes divinas<\/li>\n<li>Los contratos<\/li>\n<li>Los hechizos<\/li>\n<li>Autorizaci\u00f3n del movimiento en los mundos astrales y ayuda a los contactos de luz<\/li>\n<li>Autorizaci\u00f3n para realizar limpiezas de hechizos negativos y ayuda de seres de luz<\/li>\n<li>Activaci\u00f3n, desde la 4\u00aa dimensi\u00f3n, de los chakras 0 a 8 como portales interdimensionales para la evacuaci\u00f3n de energ\u00edas<\/li>\n<\/ul>\n<p><strong>Domingo por la tarde<\/strong><\/p>\n<ul>\n<li>La entrevista<\/li>\n<li><a href=\"https:\/\/www.paulonogueiraterapias.com\/es\/como-sentir-que-la-sesion-de-terapia-multidimensional-ha-terminado\/\" target=\"_blank\" rel=\"noopener noreferrer\">C\u00f3mo sentir que la sesi\u00f3n ha terminado<\/a><\/li>\n<li><a href=\"https:\/\/www.paulonogueiraterapias.com\/es\/la-postura-del-terapeuta-multidimensional\/\">La postura del terapeuta<\/a><\/li>\n<li>Sesi\u00f3n pr\u00e1ctica de terapia multidimensional<\/li>\n<li>Agradecimientos<\/li>\n<\/ul>\n<p>Con el objetivo de hacer una de las terapias energ\u00e9ticas m\u00e1s vers\u00e1tiles y poderosas disponibles hoy en d\u00eda &#8211; <a href=\"https:\/\/www.paulonogueiraterapias.com\/terapia-multidimensional\/\">la Terapia Multidimensional<\/a>  &#8211; y despu\u00e9s del \u00e9xito obtenido con la formaci\u00f3n de m\u00e1s de 1000 terapeutas multidimensionales en Portugal y en el extranjero, es necesario llevar la presencia de los Seres de Luz cada vez m\u00e1s lejos. Estos Seres siempre han trabajado sin los l\u00edmites del tiempo-espacio porque trabajan en dimensiones superiores a la nuestra.<\/p>\n<p>Al igual que <a href=\"https:\/\/www.paulonogueiraterapias.com\/terapia-multidimensional\/\">la Terapia Multidimensional<\/a> es una terapia que puede, por su naturaleza espiritual, llevarse a cabo a distancia, la formaci\u00f3n puede realizarse exactamente de la misma manera y los alumnos pueden sentir y presenciar las mismas sensaciones que en la modalidad presencial.<\/p>\n<p>La formaci\u00f3n se lleva a cabo de forma casi id\u00e9ntica a la modalidad presencial, pero deben observarse los siguientes requisitos:<\/p>\n<ul>\n<li>El alumno debe tener instalado el software de zoom que puede descargarse de <a href=\"https:\/\/zoom.us\/download\">https:\/\/zoom.us\/download<\/a>) para PC o para Android o iOS (iPhone y iPad)<\/li>\n<li>El becario debe tener una conexi\u00f3n a Internet de al menos 12 Mbps o superior (cada vez m\u00e1s est\u00e1ndar en los \u00faltimos paquetes de Internet de los proveedores de servicios)<\/li>\n<li>debes asegurar tu presencia en el curso de 10 a 18 horas (hora de Lisboa) durante los 2 d\u00edas consecutivos como lo har\u00edas en modo presencial ya que las iniciaciones se dan a todos los miembros del grupo simult\u00e1neamente presentes en la sala de reuniones virtual por los Maestros de Luz<\/li>\n<\/ul>\n<h3>Procedimiento para realizar el Curso Online de Terapia Multidimensional<\/h3>\n<ol>\n<li style=\"list-style-type: none;\">\n<ol>\n<li>Llame al <a href=\"tel:+351912064084\">+351 912 064 084<\/a> e indique su inter\u00e9s en realizar el curso o rellene el formulario de inscripci\u00f3n que aparece a continuaci\u00f3n.<\/li>\n<li>El pago de la preinscripci\u00f3n de 50 euros debe realizarse antes de las 18:00 horas del d\u00eda anterior al curso. Opcionalmente, puede pagar la totalidad del curso mediante Multibanco o MBWay si utiliza <a href=\"https:\/\/www.paulonogueiraterapias.com\/loja\/\">nuestra tienda<\/a> y <a href=\"https:\/\/www.paulonogueiraterapias.com\/loja\/?add-to-cart=13275\">a\u00f1ade el curso a su cesta<\/a>.<\/li>\n<li>Presentarse en la sala virtual del curso con 10\/15 minutos de antelaci\u00f3n<\/li>\n<li>Realizaci\u00f3n del curso<\/li>\n<li>Realice el pago restante de 50eur si ha elegido pagar en dos plazos.<\/li>\n<\/ol>\n<\/li>\n<\/ol>\n<form action=\"https:\/\/www.paypal.com\/cgi-bin\/webscr\" method=\"post\" target=\"_top\"><input name=\"cmd\" type=\"hidden\" value=\"_s-xclick\"><strong>Nota:<\/strong> Opcionalmente, puede realizar el pago completo mediante el siguiente bot\u00f3n (en euros).<br \/>\n<input name=\"hosted_button_id\" type=\"hidden\" value=\"Z6WKWTKR8LL5A\"><br \/>\n<input alt=\"PayPal - A forma mais f\u00e1cil e segura de efetuar pagamentos online!\" name=\"submit\" src=\"https:\/\/www.paypalobjects.com\/pt_PT\/PT\/i\/btn\/btn_buynowCC_LG.gif\" type=\"image\"><br \/>\n<img loading=\"lazy\" decoding=\"async\" src=\"https:\/\/www.paypalobjects.com\/pt_PT\/i\/scr\/pixel.gif\" alt=\"\" width=\"1\" height=\"1\" border=\"0\"><\/form>\n<h3>Procedimiento para los becarios en Brasil<\/h3>\n<ul>\n<li>Puede indicar su inter\u00e9s mediante el siguiente formulario o por WhatsApp<a href=\"tel:+351912064084\">(00351 912064084<\/a>).<\/li>\n<li>El precio del curso en reales es de 620 reales (unos 100 euros al cambio actual). Opcionalmente, puede utilizar el bot\u00f3n de Paypal de arriba y pagar en euros.<\/li>\n<li>El curso comienza a las 06:00 (hora de Brasilia) y termina a las 14:00 (hora de Brasilia)<\/li>\n<li>El pago del curso se realiza de una sola vez mediante el bot\u00f3n de Paypal. Tras el pago por Paypal, recibir\u00e1 un correo electr\u00f3nico de confirmaci\u00f3n de Paypal. A continuaci\u00f3n, deber\u00e1 rellenar el formulario de inscripci\u00f3n al curso en l\u00ednea. Si tiene dificultades para utilizar el bot\u00f3n de Paypal que aparece a continuaci\u00f3n, env\u00edenos un mensaje de WhatsApp<a href=\"tel:+351912064084\">(00351912064084<\/a>) avisando del problema, y le enviaremos la factura a su correo electr\u00f3nico asociado a su cuenta de Paypal. Si no tiene una tarjeta habilitada para transacciones internacionales, primero debe transferir el saldo de su tarjeta de cr\u00e9dito nacional a la cuenta de Paypal y luego utilizar ese saldo de Paypal para realizar el pago.<br \/>\nSi no puedes usar Paypal, puedes hacer una transferencia SEPA usando TransferWise. En ese caso, ind\u00edquenos que prefiere la opci\u00f3n TransferWise y le enviaremos los datos necesarios para realizar la transferencia (nombre del titular de la cuenta, IBAN y c\u00f3digo bancario Swift\/BIC).<br \/>\nTambi\u00e9n puede comprar su participaci\u00f3n en nuestra <a href=\"https:\/\/www.paulonogueiraterapias.com\/loja\/\">tienda<\/a>.<\/li>\n<li><strong>El pago no puede ser fraccionado.  <\/strong><\/li>\n<\/ul>\n<form action=\"https:\/\/www.paypal.com\/cgi-bin\/webscr\" method=\"post\" target=\"_top\"><input name=\"cmd\" type=\"hidden\" value=\"_s-xclick\"><br \/>\n<input name=\"hosted_button_id\" type=\"hidden\" value=\"GR3HG462NB5F8\"><br \/>\n<input alt=\"PayPal - A forma mais f\u00e1cil e segura de efetuar pagamentos online!\" name=\"submit\" src=\"https:\/\/www.paypalobjects.com\/pt_PT\/PT\/i\/btn\/btn_buynowCC_LG.gif\" type=\"image\"><br \/>\n<img loading=\"lazy\" decoding=\"async\" src=\"https:\/\/www.paypalobjects.com\/pt_PT\/i\/scr\/pixel.gif\" alt=\"\" width=\"1\" height=\"1\" border=\"0\"> <\/form>\n<\/div>\n<p>[\/vc_column_text][\/vc_column][\/vc_row][vc_row][vc_column][ninja_form id=&#8221;7&#8243;][\/vc_column][\/vc_row]<\/p>\n","protected":false},"excerpt":{"rendered":"<p>[vc_row][vc_column][vc_single_image image=&#8221;14092&#8243; img_size=&#8221;full&#8221; alignment=&#8221;center&#8221; style=&#8221;vc_box_shadow&#8221; onclick=&#8221;link_image&#8221; css_animation=&#8221;zoomInLeft&#8221; title=&#8221;Curso en l\u00ednea de terapia multidimensional&#8221;][\/vc_column][\/vc_row][vc_row][vc_column][vc_column_text] Bienvenido al curso online de Terapia Multidimensional El objetivo del Curso Online de Terapia Multidimensional es formar [&hellip;]<\/p>\n","protected":false},"author":1,"featured_media":0,"parent":0,"menu_order":0,"comment_status":"closed","ping_status":"closed","template":"","meta":{"om_disable_all_campaigns":false,"_mi_skip_tracking":false,"site-sidebar-layout":"default","site-content-layout":"","ast-site-content-layout":"default","site-content-style":"default","site-sidebar-style":"default","ast-global-header-display":"","ast-banner-title-visibility":"","ast-main-header-display":"","ast-hfb-above-header-display":"","ast-hfb-below-header-display":"","ast-hfb-mobile-header-display":"","site-post-title":"","ast-breadcrumbs-content":"","ast-featured-img":"","footer-sml-layout":"","ast-disable-related-posts":"","theme-transparent-header-meta":"","adv-header-id-meta":"","stick-header-meta":"","header-above-stick-meta":"","header-main-stick-meta":"","header-below-stick-meta":"","astra-migrate-meta-layouts":"default","ast-page-background-enabled":"default","ast-page-background-meta":{"desktop":{"background-color":"var(--ast-global-color-5)","background-image":"","background-repeat":"repeat","background-position":"center center","background-size":"auto","background-attachment":"scroll","background-type":"","background-media":"","overlay-type":"","overlay-color":"","overlay-opacity":"","overlay-gradient":""},"tablet":{"background-color":"","background-image":"","background-repeat":"repeat","background-position":"center center","background-size":"auto","background-attachment":"scroll","background-type":"","background-media":"","overlay-type":"","overlay-color":"","overlay-opacity":"","overlay-gradient":""},"mobile":{"background-color":"","background-image":"","background-repeat":"repeat","background-position":"center center","background-size":"auto","background-attachment":"scroll","background-type":"","background-media":"","overlay-type":"","overlay-color":"","overlay-opacity":"","overlay-gradient":""}},"ast-content-background-meta":{"desktop":{"background-color":"var(--ast-global-color-4)","background-image":"","background-repeat":"repeat","background-position":"center center","background-size":"auto","background-attachment":"scroll","background-type":"","background-media":"","overlay-type":"","overlay-color":"","overlay-opacity":"","overlay-gradient":""},"tablet":{"background-color":"var(--ast-global-color-4)","background-image":"","background-repeat":"repeat","background-position":"center center","background-size":"auto","background-attachment":"scroll","background-type":"","background-media":"","overlay-type":"","overlay-color":"","overlay-opacity":"","overlay-gradient":""},"mobile":{"background-color":"var(--ast-global-color-4)","background-image":"","background-repeat":"repeat","background-position":"center center","background-size":"auto","background-attachment":"scroll","background-type":"","background-media":"","overlay-type":"","overlay-color":"","overlay-opacity":"","overlay-gradient":""}},"footnotes":""},"class_list":["post-15076","page","type-page","status-publish","hentry"],"aioseo_notices":[],"_links":{"self":[{"href":"https:\/\/www.paulonogueiraterapias.com\/es\/wp-json\/wp\/v2\/pages\/15076","targetHints":{"allow":["GET"]}}],"collection":[{"href":"https:\/\/www.paulonogueiraterapias.com\/es\/wp-json\/wp\/v2\/pages"}],"about":[{"href":"https:\/\/www.paulonogueiraterapias.com\/es\/wp-json\/wp\/v2\/types\/page"}],"author":[{"embeddable":true,"href":"https:\/\/www.paulonogueiraterapias.com\/es\/wp-json\/wp\/v2\/users\/1"}],"replies":[{"embeddable":true,"href":"https:\/\/www.paulonogueiraterapias.com\/es\/wp-json\/wp\/v2\/comments?post=15076"}],"version-history":[{"count":0,"href":"https:\/\/www.paulonogueiraterapias.com\/es\/wp-json\/wp\/v2\/pages\/15076\/revisions"}],"wp:attachment":[{"href":"https:\/\/www.paulonogueiraterapias.com\/es\/wp-json\/wp\/v2\/media?parent=15076"}],"curies":[{"name":"wp","href":"https:\/\/api.w.org\/{rel}","templated":true}]}}