{"id":15069,"date":"2017-07-05T13:03:07","date_gmt":"2017-07-05T13:03:07","guid":{"rendered":"https:\/\/www.paulonogueiraterapias.com\/iniciacion-a-la-radiacion-electromagnetica-por-kryon\/"},"modified":"2017-07-05T13:03:07","modified_gmt":"2017-07-05T13:03:07","slug":"iniciacion-a-la-radiacion-electromagnetica-por-kryon","status":"publish","type":"page","link":"https:\/\/www.paulonogueiraterapias.com\/es\/iniciacion-a-la-radiacion-electromagnetica-por-kryon\/","title":{"rendered":"Iniciaci\u00f3n a la radiaci\u00f3n electromagn\u00e9tica por Kryon"},"content":{"rendered":"<div style=\"font-size: 10pt;\">\n<p style=\"text-align: justify;\">Una de las iniciaciones que se dan en el <a href=\"https:\/\/www.paulonogueiraterapias.com\/terapia-multidimensional-curso\/\">Curso de Terapia Multidimensional<\/a> es la Iniciaci\u00f3n sobre Inmunizaci\u00f3n a la Radiaci\u00f3n Electromagn\u00e9tica que nos trae Kryon.<\/p>\n<p style=\"text-align: justify;\">Se trata de una iniciaci\u00f3n en la que los estudiantes del curso reciben una limpieza de la radiaci\u00f3n absorbida por el cuerpo del estudiante, as\u00ed como una inmunizaci\u00f3n protectora que actuar\u00e1 para proteger de los campos electromagn\u00e9ticos (FEB) en el futuro.<\/p>\n<p style=\"text-align: justify;\">Algunos de los efectos negativos de la radiaci\u00f3n electromagn\u00e9tica:<\/p>\n<ul>\n<li style=\"text-align: justify;\">insomnio<\/li>\n<li style=\"text-align: justify;\">n\u00e1useas<\/li>\n<li style=\"text-align: justify;\">dolores de cabeza<\/li>\n<li style=\"text-align: justify;\">tumores cerebrales<\/li>\n<li style=\"text-align: justify;\">leucemia<\/li>\n<li style=\"text-align: justify;\">defectos gen\u00e9ticos de nacimiento<\/li>\n<li style=\"text-align: justify;\">fatiga cr\u00f3nica<\/li>\n<li style=\"text-align: justify;\">problemas de coraz\u00f3n<\/li>\n<\/ul>\n<div style=\"font-size: 9pt;\">\n<p style=\"text-align: justify;\"><strong>Descargo de responsabilidad<\/strong>: La iniciaci\u00f3n de la inmunizaci\u00f3n a las radiaciones electromagn\u00e9ticas no se establece como sustituto de la cura y el tratamiento de cualquier condici\u00f3n de salud f\u00edsica o mental. En todos los casos de enfermedad, debe consultar a un m\u00e9dico o profesional sanitario autorizado y seguir sus recomendaciones.<\/p>\n<\/div>\n<\/div>\n","protected":false},"excerpt":{"rendered":"<p>Una de las iniciaciones que se dan en el Curso de Terapia Multidimensional es la Iniciaci\u00f3n sobre Inmunizaci\u00f3n a la Radiaci\u00f3n Electromagn\u00e9tica que nos trae Kryon. Se trata de una [&hellip;]<\/p>\n","protected":false},"author":1,"featured_media":0,"parent":0,"menu_order":0,"comment_status":"closed","ping_status":"closed","template":"","meta":{"om_disable_all_campaigns":false,"_mi_skip_tracking":false,"site-sidebar-layout":"default","site-content-layout":"","ast-site-content-layout":"default","site-content-style":"default","site-sidebar-style":"default","ast-global-header-display":"","ast-banner-title-visibility":"","ast-main-header-display":"","ast-hfb-above-header-display":"","ast-hfb-below-header-display":"","ast-hfb-mobile-header-display":"","site-post-title":"","ast-breadcrumbs-content":"","ast-featured-img":"","footer-sml-layout":"","ast-disable-related-posts":"","theme-transparent-header-meta":"","adv-header-id-meta":"","stick-header-meta":"","header-above-stick-meta":"","header-main-stick-meta":"","header-below-stick-meta":"","astra-migrate-meta-layouts":"default","ast-page-background-enabled":"default","ast-page-background-meta":{"desktop":{"background-color":"var(--ast-global-color-5)","background-image":"","background-repeat":"repeat","background-position":"center center","background-size":"auto","background-attachment":"scroll","background-type":"","background-media":"","overlay-type":"","overlay-color":"","overlay-opacity":"","overlay-gradient":""},"tablet":{"background-color":"","background-image":"","background-repeat":"repeat","background-position":"center center","background-size":"auto","background-attachment":"scroll","background-type":"","background-media":"","overlay-type":"","overlay-color":"","overlay-opacity":"","overlay-gradient":""},"mobile":{"background-color":"","background-image":"","background-repeat":"repeat","background-position":"center center","background-size":"auto","background-attachment":"scroll","background-type":"","background-media":"","overlay-type":"","overlay-color":"","overlay-opacity":"","overlay-gradient":""}},"ast-content-background-meta":{"desktop":{"background-color":"var(--ast-global-color-4)","background-image":"","background-repeat":"repeat","background-position":"center center","background-size":"auto","background-attachment":"scroll","background-type":"","background-media":"","overlay-type":"","overlay-color":"","overlay-opacity":"","overlay-gradient":""},"tablet":{"background-color":"var(--ast-global-color-4)","background-image":"","background-repeat":"repeat","background-position":"center center","background-size":"auto","background-attachment":"scroll","background-type":"","background-media":"","overlay-type":"","overlay-color":"","overlay-opacity":"","overlay-gradient":""},"mobile":{"background-color":"var(--ast-global-color-4)","background-image":"","background-repeat":"repeat","background-position":"center center","background-size":"auto","background-attachment":"scroll","background-type":"","background-media":"","overlay-type":"","overlay-color":"","overlay-opacity":"","overlay-gradient":""}},"footnotes":""},"class_list":["post-15069","page","type-page","status-publish","hentry"],"aioseo_notices":[],"_links":{"self":[{"href":"https:\/\/www.paulonogueiraterapias.com\/es\/wp-json\/wp\/v2\/pages\/15069","targetHints":{"allow":["GET"]}}],"collection":[{"href":"https:\/\/www.paulonogueiraterapias.com\/es\/wp-json\/wp\/v2\/pages"}],"about":[{"href":"https:\/\/www.paulonogueiraterapias.com\/es\/wp-json\/wp\/v2\/types\/page"}],"author":[{"embeddable":true,"href":"https:\/\/www.paulonogueiraterapias.com\/es\/wp-json\/wp\/v2\/users\/1"}],"replies":[{"embeddable":true,"href":"https:\/\/www.paulonogueiraterapias.com\/es\/wp-json\/wp\/v2\/comments?post=15069"}],"version-history":[{"count":0,"href":"https:\/\/www.paulonogueiraterapias.com\/es\/wp-json\/wp\/v2\/pages\/15069\/revisions"}],"wp:attachment":[{"href":"https:\/\/www.paulonogueiraterapias.com\/es\/wp-json\/wp\/v2\/media?parent=15069"}],"curies":[{"name":"wp","href":"https:\/\/api.w.org\/{rel}","templated":true}]}}