{"id":15067,"date":"2017-07-05T15:03:37","date_gmt":"2017-07-05T15:03:37","guid":{"rendered":"https:\/\/www.paulonogueiraterapias.com\/como-eliminar-las-toxinas-y-los-metales-pesados\/"},"modified":"2017-07-05T15:03:37","modified_gmt":"2017-07-05T15:03:37","slug":"como-eliminar-las-toxinas-y-los-metales-pesados","status":"publish","type":"page","link":"https:\/\/www.paulonogueiraterapias.com\/es\/como-eliminar-las-toxinas-y-los-metales-pesados\/","title":{"rendered":"C\u00f3mo eliminar las toxinas y los metales pesados"},"content":{"rendered":"<h2 style=\"text-align: justify;\">Claridad de Adya<\/h2>\n<p style=\"text-align: justify;\">Adya Clarity\u00ae es un producto que sirve para purificar el agua y eliminarla del cuerpo:<\/p>\n<ul>\n<li style=\"text-align: justify;\">materiales t\u00f3xicos como los residuos de pl\u00e1stico<\/li>\n<li style=\"text-align: justify;\">elementos inorg\u00e1nicos nocivos<\/li>\n<li style=\"text-align: justify;\">metales pesados como el plomo, el ars\u00e9nico y el mercurio, que causan importantes da\u00f1os cerebrales<\/li>\n<li>el fl\u00faor, que es un elemento muy t\u00f3xico y radiactivo que causa un enorme da\u00f1o al funcionamiento de la gl\u00e1ndula pineal<\/li>\n<li>bacterias pat\u00f3genas como la Escherichia Coli,<\/li>\n<\/ul>\n<p>&nbsp;<\/p>\n<p>ZEOTREX<br \/>\nZEOTREX\u00ae es una f\u00f3rmula multiherbal dise\u00f1ada para limpiar el cuerpo de toxinas y metales pesados. Este producto estimula la eliminaci\u00f3n de toxinas del tracto intestinal.<\/p>\n<p>Precio: 39,95 d\u00f3lares<br \/>\nCantidad: 1oz (29,57ml)<br \/>\nEnlace: https:\/\/www.globalhealingcenter.com\/zeotrex.html<\/p>\n<p>Las 9 mejores hierbas para desintoxicar el h\u00edgado:<br \/>\nhttps:\/\/www.globalhealingcenter.com\/natural-health\/top-9-herbs-for-liver-cleansing\/<\/p>\n<p>C\u00f3mo evitar el fl\u00faor y c\u00f3mo desintoxicarlo del cuerpo<br \/>\nhttps:\/\/draxe.com\/avoiding-fluoride-and-how-to-detox-it-from-your-body\/<\/p>\n<p>Purificador de aire:<br \/>\nSurround Air MT-8500 Purificador de aire i\u00f3nico 6 en 1 con True HEPA, luz UV que elimina los g\u00e9rmenes y generador de iones negativos<\/p>\n<p>Secretos:<br \/>\n<iframe loading=\"lazy\" title=\"Sigils of Power and Transformation: 111 Magick Sigils to Change and Control Your Life (Gallery of Magick Books by Adam Blackthorne)\" type=\"text\/html\" width=\"500\" height=\"550\" frameborder=\"0\" allowfullscreen style=\"max-width:100%\" src=\"https:\/\/read.amazon.com\/kp\/card?preview=inline&#038;linkCode=kpd&#038;ref_=k4w_oembed_7sH5WUkLWiciq6&#038;asin=B01MU6NQL2&#038;tag=kpembed-20\"><\/iframe><\/p>\n<p>Frecuencia pineal de 42,7hz<br \/>\nhttp:\/\/www.curezone.org\/forums\/am.asp?i=1687545<\/p>\n<p>Comprar material para hacer orgonita:<br \/>\nhttp:\/\/www.franciscosoares.pt\/<br \/>\nhttp:\/\/www.metalmarinha.pt\/servicos-2\/residuos-recolha-e-armazenagem\/bronze\/<\/p>\n","protected":false},"excerpt":{"rendered":"<p>Claridad de Adya Adya Clarity\u00ae es un producto que sirve para purificar el agua y eliminarla del cuerpo: materiales t\u00f3xicos como los residuos de pl\u00e1stico elementos inorg\u00e1nicos nocivos metales pesados [&hellip;]<\/p>\n","protected":false},"author":1,"featured_media":0,"parent":0,"menu_order":0,"comment_status":"closed","ping_status":"closed","template":"","meta":{"om_disable_all_campaigns":false,"_mi_skip_tracking":false,"site-sidebar-layout":"default","site-content-layout":"","ast-site-content-layout":"default","site-content-style":"default","site-sidebar-style":"default","ast-global-header-display":"","ast-banner-title-visibility":"","ast-main-header-display":"","ast-hfb-above-header-display":"","ast-hfb-below-header-display":"","ast-hfb-mobile-header-display":"","site-post-title":"","ast-breadcrumbs-content":"","ast-featured-img":"","footer-sml-layout":"","ast-disable-related-posts":"","theme-transparent-header-meta":"","adv-header-id-meta":"","stick-header-meta":"","header-above-stick-meta":"","header-main-stick-meta":"","header-below-stick-meta":"","astra-migrate-meta-layouts":"default","ast-page-background-enabled":"default","ast-page-background-meta":{"desktop":{"background-color":"var(--ast-global-color-5)","background-image":"","background-repeat":"repeat","background-position":"center center","background-size":"auto","background-attachment":"scroll","background-type":"","background-media":"","overlay-type":"","overlay-color":"","overlay-opacity":"","overlay-gradient":""},"tablet":{"background-color":"","background-image":"","background-repeat":"repeat","background-position":"center center","background-size":"auto","background-attachment":"scroll","background-type":"","background-media":"","overlay-type":"","overlay-color":"","overlay-opacity":"","overlay-gradient":""},"mobile":{"background-color":"","background-image":"","background-repeat":"repeat","background-position":"center center","background-size":"auto","background-attachment":"scroll","background-type":"","background-media":"","overlay-type":"","overlay-color":"","overlay-opacity":"","overlay-gradient":""}},"ast-content-background-meta":{"desktop":{"background-color":"var(--ast-global-color-4)","background-image":"","background-repeat":"repeat","background-position":"center center","background-size":"auto","background-attachment":"scroll","background-type":"","background-media":"","overlay-type":"","overlay-color":"","overlay-opacity":"","overlay-gradient":""},"tablet":{"background-color":"var(--ast-global-color-4)","background-image":"","background-repeat":"repeat","background-position":"center center","background-size":"auto","background-attachment":"scroll","background-type":"","background-media":"","overlay-type":"","overlay-color":"","overlay-opacity":"","overlay-gradient":""},"mobile":{"background-color":"var(--ast-global-color-4)","background-image":"","background-repeat":"repeat","background-position":"center center","background-size":"auto","background-attachment":"scroll","background-type":"","background-media":"","overlay-type":"","overlay-color":"","overlay-opacity":"","overlay-gradient":""}},"footnotes":""},"class_list":["post-15067","page","type-page","status-publish","hentry"],"aioseo_notices":[],"_links":{"self":[{"href":"https:\/\/www.paulonogueiraterapias.com\/es\/wp-json\/wp\/v2\/pages\/15067","targetHints":{"allow":["GET"]}}],"collection":[{"href":"https:\/\/www.paulonogueiraterapias.com\/es\/wp-json\/wp\/v2\/pages"}],"about":[{"href":"https:\/\/www.paulonogueiraterapias.com\/es\/wp-json\/wp\/v2\/types\/page"}],"author":[{"embeddable":true,"href":"https:\/\/www.paulonogueiraterapias.com\/es\/wp-json\/wp\/v2\/users\/1"}],"replies":[{"embeddable":true,"href":"https:\/\/www.paulonogueiraterapias.com\/es\/wp-json\/wp\/v2\/comments?post=15067"}],"version-history":[{"count":0,"href":"https:\/\/www.paulonogueiraterapias.com\/es\/wp-json\/wp\/v2\/pages\/15067\/revisions"}],"wp:attachment":[{"href":"https:\/\/www.paulonogueiraterapias.com\/es\/wp-json\/wp\/v2\/media?parent=15067"}],"curies":[{"name":"wp","href":"https:\/\/api.w.org\/{rel}","templated":true}]}}