{"id":15061,"date":"2017-03-11T21:12:44","date_gmt":"2017-03-11T21:12:44","guid":{"rendered":"https:\/\/www.paulonogueiraterapias.com\/terapia-multidimensional-beneficios\/"},"modified":"2017-03-11T21:12:44","modified_gmt":"2017-03-11T21:12:44","slug":"terapia-multidimensional-beneficios","status":"publish","type":"page","link":"https:\/\/www.paulonogueiraterapias.com\/es\/terapia-multidimensional-beneficios\/","title":{"rendered":"Terapia multidimensional &#8211; Beneficios"},"content":{"rendered":"<div style=\"text-align: justify; font-size: 10pt;\">Algunos de los beneficios que una sesi\u00f3n de Terapia Multidimensional puede dejar en el cliente son una mayor aceptaci\u00f3n de s\u00ed mismo y de las situaciones vitales en las que se encuentra, una mayor comprensi\u00f3n de las Leyes Espirituales que rigen el Universo y la necesidad de estar de acuerdo con ellas para que la vida fluya sin obst\u00e1culos, una mayor realizaci\u00f3n de su divinidad y el rescate pleno del sentido de Estar en el Aqu\u00ed y Ahora disfrutando de cada segundo de la existencia que Dios nos permite en cada encarnaci\u00f3n.<\/p>\n<h2>Beneficios de la terapia multidimensional<\/h2>\n<p>Como el bienestar emocional es uno de los temas m\u00e1s buscados por los clientes de <a href=\"https:\/\/www.paulonogueiraterapias.com\/terapia-multidimensional\/\">la Terapia Multidimensional<\/a>, ellos encuentran en esta terapia la respuesta a su b\u00fasqueda al limpiar energ\u00e9ticamente todas las viejas memorias k\u00e1rmicas que est\u00e1n almacenadas en el s\u00f3tano del Alma.<\/p>\n<p>Uno de los beneficios de la Terapia Multidimensional es la curaci\u00f3n de los problemas relacionados con el coraz\u00f3n espiritual para despejar los complejos de inferioridad, aumentar el amor propio, la autoestima, la confianza en s\u00ed mismo, lo que lleva a una disminuci\u00f3n de la ansiedad generalizada y a la realizaci\u00f3n de un nuevo paradigma por el que todo lo que sucede, sucede por una raz\u00f3n superior y en beneficio del avance espiritual de cada uno y de la Humanidad en general.<\/p>\n<p>Otro beneficio es el alivio del sufrimiento emocional por el trauma del abuso sexual en la infancia o la adolescencia, as\u00ed como la curaci\u00f3n y el rescate del ni\u00f1o interior del paciente. La terapia multidimensional tambi\u00e9n funciona a nivel de limpieza espiritual y de derivaci\u00f3n de obsesores.<\/p>\n<p>Los <a href=\"https:\/\/www.paulonogueiraterapias.com\/terapia-multidimensional-testemunhos\/\">testimonios de la Terapia Multidimensional<\/a> indican un aumento de la energ\u00eda en personas que se sent\u00edan d\u00e9biles, un aumento de la capacidad de perd\u00f3n y de autoperd\u00f3n, la alineaci\u00f3n de los chakras (esto ocurre como un efecto secundario de la propia terapia) y la realizaci\u00f3n de un nuevo sentido de la vida.<\/p>\n<p>La rescisi\u00f3n de los contratos es otro tema que puede ser abordado durante la terapia por los Seres de Luz, ya que algunos limitan el ejercicio del Libre Albedr\u00edo por parte del paciente, por lo que se rescinden todos los contratos que ya no requieren que el Alma aprenda una o m\u00e1s lecciones.<\/p>\n<p>Esta terapia tambi\u00e9n act\u00faa eficazmente sobre diversos traumas, en particular el abandono. Una vez m\u00e1s, se llevar\u00e1 a cabo un trabajo de sanaci\u00f3n relacionado con el ni\u00f1o interior.<\/p>\n<p>Como se realiza un servicio al Alma, tambi\u00e9n se escanean los cuerpos sutiles del paciente en busca de larvas astrales y formas de pensamiento negativas que drenan la energ\u00eda de la persona y bajan su vibraci\u00f3n, dificultando la consecuci\u00f3n de sus objetivos a nivel amoroso, profesional, social y espiritual.<\/p>\n<p>Otros <a href=\"https:\/\/www.paulonogueiraterapias.com\/casos-de-terapia-multidimensional\/\">casos de terapia multidimensional<\/a> implican la limpieza de la preocupaci\u00f3n de un cliente por la posible traici\u00f3n de su pareja, as\u00ed como la limpieza del karma de las interacciones amorosas de pareja pasadas y presentes para liberar los lazos emocionales k\u00e1rmicos.<\/p>\n<p>Los trastornos ps\u00edquicos, como el trastorno bipolar, tambi\u00e9n pueden mejorar con la terapia, aunque en estos casos es aconsejable el seguimiento de un m\u00e9dico, ya que se trata de una terapia complementaria y no sustituye a la atenci\u00f3n m\u00e9dica en t\u00e9rminos f\u00edsicos y mentales.<\/p>\n<p>El retorno a la conciencia de Unidad a trav\u00e9s del Coraz\u00f3n es la premisa que subyace al trabajo de la llamada Curaci\u00f3n a trav\u00e9s del Coraz\u00f3n y una de sus  <a href=\"https:\/\/www.paulonogueiraterapias.com\/terapia-multidimensional-efeitos\/\">efectos<\/a> consiste en una mejora del canal de comunicaci\u00f3n del yo inferior, llamado esp\u00edritu, con su Yo Superior, llamado Alma.<\/p>\n<p>Si el paciente siente afinidad con el programa del  <a href=\"https:\/\/www.paulonogueiraterapias.com\/terapia-multidimensional-curso\/\">Curso de Terapia Multidimensional<\/a> y desea trabajar en s\u00ed mismo para su beneficio personal y la auto-resoluci\u00f3n de diversos problemas, es decir, convertirse en su propio terapeuta, puede asistir al taller de 2 d\u00edas y ser transformado y sanado por los Maestros de Luz en la sala.<\/p>\n<p>Ya est\u00e1 disponible el taller\/curso de Terapia Multidimensional  <a href=\"https:\/\/www.paulonogueiraterapias.com\/curso-de-terapia-multidimensional-online\/\">en l\u00ednea<\/a> para las personas que deseen formarse como terapeutas multidimensionales para su propio beneficio, as\u00ed como para el beneficio de los dem\u00e1s con la ayuda de esta tecnolog\u00eda de curaci\u00f3n, ya sean de Portugal, el  <a href=\"https:\/\/www.paulonogueiraterapias.com\/curso-de-terapia-multidimensional-online-no-brasil\/\">Brasil<\/a>, Suiza, Luxemburgo, Francia, Reino Unido o cualquier otra parte del mundo y que hablen portugu\u00e9s, espa\u00f1ol o ingl\u00e9s.<\/p>\n<\/div>\n","protected":false},"excerpt":{"rendered":"<p>Algunos de los beneficios que una sesi\u00f3n de Terapia Multidimensional puede dejar en el cliente son una mayor aceptaci\u00f3n de s\u00ed mismo y de las situaciones vitales en las que [&hellip;]<\/p>\n","protected":false},"author":1,"featured_media":0,"parent":0,"menu_order":0,"comment_status":"closed","ping_status":"closed","template":"","meta":{"om_disable_all_campaigns":false,"_mi_skip_tracking":false,"site-sidebar-layout":"default","site-content-layout":"","ast-site-content-layout":"default","site-content-style":"default","site-sidebar-style":"default","ast-global-header-display":"","ast-banner-title-visibility":"","ast-main-header-display":"","ast-hfb-above-header-display":"","ast-hfb-below-header-display":"","ast-hfb-mobile-header-display":"","site-post-title":"","ast-breadcrumbs-content":"","ast-featured-img":"","footer-sml-layout":"","ast-disable-related-posts":"","theme-transparent-header-meta":"","adv-header-id-meta":"","stick-header-meta":"","header-above-stick-meta":"","header-main-stick-meta":"","header-below-stick-meta":"","astra-migrate-meta-layouts":"default","ast-page-background-enabled":"default","ast-page-background-meta":{"desktop":{"background-color":"var(--ast-global-color-5)","background-image":"","background-repeat":"repeat","background-position":"center center","background-size":"auto","background-attachment":"scroll","background-type":"","background-media":"","overlay-type":"","overlay-color":"","overlay-opacity":"","overlay-gradient":""},"tablet":{"background-color":"","background-image":"","background-repeat":"repeat","background-position":"center center","background-size":"auto","background-attachment":"scroll","background-type":"","background-media":"","overlay-type":"","overlay-color":"","overlay-opacity":"","overlay-gradient":""},"mobile":{"background-color":"","background-image":"","background-repeat":"repeat","background-position":"center center","background-size":"auto","background-attachment":"scroll","background-type":"","background-media":"","overlay-type":"","overlay-color":"","overlay-opacity":"","overlay-gradient":""}},"ast-content-background-meta":{"desktop":{"background-color":"var(--ast-global-color-4)","background-image":"","background-repeat":"repeat","background-position":"center center","background-size":"auto","background-attachment":"scroll","background-type":"","background-media":"","overlay-type":"","overlay-color":"","overlay-opacity":"","overlay-gradient":""},"tablet":{"background-color":"var(--ast-global-color-4)","background-image":"","background-repeat":"repeat","background-position":"center center","background-size":"auto","background-attachment":"scroll","background-type":"","background-media":"","overlay-type":"","overlay-color":"","overlay-opacity":"","overlay-gradient":""},"mobile":{"background-color":"var(--ast-global-color-4)","background-image":"","background-repeat":"repeat","background-position":"center center","background-size":"auto","background-attachment":"scroll","background-type":"","background-media":"","overlay-type":"","overlay-color":"","overlay-opacity":"","overlay-gradient":""}},"footnotes":""},"class_list":["post-15061","page","type-page","status-publish","hentry"],"aioseo_notices":[],"_links":{"self":[{"href":"https:\/\/www.paulonogueiraterapias.com\/es\/wp-json\/wp\/v2\/pages\/15061","targetHints":{"allow":["GET"]}}],"collection":[{"href":"https:\/\/www.paulonogueiraterapias.com\/es\/wp-json\/wp\/v2\/pages"}],"about":[{"href":"https:\/\/www.paulonogueiraterapias.com\/es\/wp-json\/wp\/v2\/types\/page"}],"author":[{"embeddable":true,"href":"https:\/\/www.paulonogueiraterapias.com\/es\/wp-json\/wp\/v2\/users\/1"}],"replies":[{"embeddable":true,"href":"https:\/\/www.paulonogueiraterapias.com\/es\/wp-json\/wp\/v2\/comments?post=15061"}],"version-history":[{"count":0,"href":"https:\/\/www.paulonogueiraterapias.com\/es\/wp-json\/wp\/v2\/pages\/15061\/revisions"}],"wp:attachment":[{"href":"https:\/\/www.paulonogueiraterapias.com\/es\/wp-json\/wp\/v2\/media?parent=15061"}],"curies":[{"name":"wp","href":"https:\/\/api.w.org\/{rel}","templated":true}]}}