{"id":15056,"date":"2017-07-22T22:58:12","date_gmt":"2017-07-22T22:58:12","guid":{"rendered":"https:\/\/www.paulonogueiraterapias.com\/maquinas-para-generar-suenos-lucidos\/"},"modified":"2017-07-22T22:58:12","modified_gmt":"2017-07-22T22:58:12","slug":"maquinas-para-generar-suenos-lucidos","status":"publish","type":"page","link":"https:\/\/www.paulonogueiraterapias.com\/es\/maquinas-para-generar-suenos-lucidos\/","title":{"rendered":"M\u00e1quinas para generar sue\u00f1os l\u00facidos"},"content":{"rendered":"<div style=\"font-size: 10pt; text-align: justify;\">\n<div style=\"font-size: 10pt; text-align: justify;\">\n<h2 style=\"text-align: justify;\">LdreamM<\/h2>\n<p style=\"text-align: justify;\"><strong>P\u00e1gina web: <\/strong><a href=\"http:\/\/ldreamm.com\" target=\"_blank\" rel=\"nofollow noopener\">http:\/\/ldreamm.com<\/a><br \/>\n<strong>Precio1:<\/strong> 360,00 INR<br \/>\n<strong>Gastos de env\u00edo:<\/strong> 35.00 INR<\/p>\n<ul style=\"text-align: justify;\">\n<li>Proporciona los datos recogidos del EEG<\/li>\n<li>Dispone de un sensor de posicionamiento de la cabeza<\/li>\n<li>10 sensores de EEG<\/li>\n<li>Contiene auriculares<\/li>\n<li>Incluye un software para analizar los datos del EEG en tiempo real<\/li>\n<li>Contiene una SDCard para registrar datos de EEG<\/li>\n<li>Tiene bluetooth<\/li>\n<\/ul>\n<\/div>\n<h2 style=\"text-align: justify;\">Neuroon Open<\/h2>\n<p style=\"text-align: justify;\">Neuroon Open consiste en un dispositivo con 1 sensor de EEG para recoger informaci\u00f3n durante el sue\u00f1o. Este dispositivo cuenta con un sensor de posicionamiento para comprobar cu\u00e1ndo se mueve el usuario durante el sue\u00f1o, un term\u00f3metro para medir la temperatura corporal, un sensor de frecuencia card\u00edaca y un sensor que mide la saturaci\u00f3n de ox\u00edgeno.<\/p>\n<p style=\"text-align: justify;\">P\u00e1gina web: https:\/\/neuroonopen.com\/<br \/>\nPrecio1: 159,00 INR<\/p>\n<h2 style=\"text-align: justify;\">Aurora<\/h2>\n<p style=\"text-align: justify;\">Utiliza 2 LEDs para notificar al usuario que est\u00e1 so\u00f1ando, es decir, en la fase REM. Dispone de sensor EEG, EOG (detector de movimientos oculares), ECG (mide el ritmo card\u00edaco) y EMG (mide la tensi\u00f3n muscular).<\/p>\n<p style=\"text-align: justify;\">P\u00e1gina web: https:\/\/sleepwithaurora.com\/<br \/>\nPrecio1: 299,00 INR<\/p>\n<p style=\"text-align: justify;\"><sup>1<\/sup> Para conocer los precios actualizados, consulte el sitio web del fabricante del aparato.<\/p>\n<\/div>\n","protected":false},"excerpt":{"rendered":"<p>LdreamM P\u00e1gina web: http:\/\/ldreamm.com Precio1: 360,00 INR Gastos de env\u00edo: 35.00 INR Proporciona los datos recogidos del EEG Dispone de un sensor de posicionamiento de la cabeza 10 sensores de [&hellip;]<\/p>\n","protected":false},"author":1,"featured_media":0,"parent":0,"menu_order":0,"comment_status":"closed","ping_status":"closed","template":"","meta":{"om_disable_all_campaigns":false,"_mi_skip_tracking":false,"site-sidebar-layout":"default","site-content-layout":"","ast-site-content-layout":"default","site-content-style":"default","site-sidebar-style":"default","ast-global-header-display":"","ast-banner-title-visibility":"","ast-main-header-display":"","ast-hfb-above-header-display":"","ast-hfb-below-header-display":"","ast-hfb-mobile-header-display":"","site-post-title":"","ast-breadcrumbs-content":"","ast-featured-img":"","footer-sml-layout":"","ast-disable-related-posts":"","theme-transparent-header-meta":"","adv-header-id-meta":"","stick-header-meta":"","header-above-stick-meta":"","header-main-stick-meta":"","header-below-stick-meta":"","astra-migrate-meta-layouts":"default","ast-page-background-enabled":"default","ast-page-background-meta":{"desktop":{"background-color":"var(--ast-global-color-5)","background-image":"","background-repeat":"repeat","background-position":"center center","background-size":"auto","background-attachment":"scroll","background-type":"","background-media":"","overlay-type":"","overlay-color":"","overlay-opacity":"","overlay-gradient":""},"tablet":{"background-color":"","background-image":"","background-repeat":"repeat","background-position":"center center","background-size":"auto","background-attachment":"scroll","background-type":"","background-media":"","overlay-type":"","overlay-color":"","overlay-opacity":"","overlay-gradient":""},"mobile":{"background-color":"","background-image":"","background-repeat":"repeat","background-position":"center center","background-size":"auto","background-attachment":"scroll","background-type":"","background-media":"","overlay-type":"","overlay-color":"","overlay-opacity":"","overlay-gradient":""}},"ast-content-background-meta":{"desktop":{"background-color":"var(--ast-global-color-4)","background-image":"","background-repeat":"repeat","background-position":"center center","background-size":"auto","background-attachment":"scroll","background-type":"","background-media":"","overlay-type":"","overlay-color":"","overlay-opacity":"","overlay-gradient":""},"tablet":{"background-color":"var(--ast-global-color-4)","background-image":"","background-repeat":"repeat","background-position":"center center","background-size":"auto","background-attachment":"scroll","background-type":"","background-media":"","overlay-type":"","overlay-color":"","overlay-opacity":"","overlay-gradient":""},"mobile":{"background-color":"var(--ast-global-color-4)","background-image":"","background-repeat":"repeat","background-position":"center center","background-size":"auto","background-attachment":"scroll","background-type":"","background-media":"","overlay-type":"","overlay-color":"","overlay-opacity":"","overlay-gradient":""}},"footnotes":""},"class_list":["post-15056","page","type-page","status-publish","hentry"],"aioseo_notices":[],"_links":{"self":[{"href":"https:\/\/www.paulonogueiraterapias.com\/es\/wp-json\/wp\/v2\/pages\/15056","targetHints":{"allow":["GET"]}}],"collection":[{"href":"https:\/\/www.paulonogueiraterapias.com\/es\/wp-json\/wp\/v2\/pages"}],"about":[{"href":"https:\/\/www.paulonogueiraterapias.com\/es\/wp-json\/wp\/v2\/types\/page"}],"author":[{"embeddable":true,"href":"https:\/\/www.paulonogueiraterapias.com\/es\/wp-json\/wp\/v2\/users\/1"}],"replies":[{"embeddable":true,"href":"https:\/\/www.paulonogueiraterapias.com\/es\/wp-json\/wp\/v2\/comments?post=15056"}],"version-history":[{"count":0,"href":"https:\/\/www.paulonogueiraterapias.com\/es\/wp-json\/wp\/v2\/pages\/15056\/revisions"}],"wp:attachment":[{"href":"https:\/\/www.paulonogueiraterapias.com\/es\/wp-json\/wp\/v2\/media?parent=15056"}],"curies":[{"name":"wp","href":"https:\/\/api.w.org\/{rel}","templated":true}]}}