{"id":15044,"date":"2017-08-07T12:31:35","date_gmt":"2017-08-07T12:31:35","guid":{"rendered":"https:\/\/www.paulonogueiraterapias.com\/terapia-multidimensional-proximas-fechas-de-cursos\/"},"modified":"2017-08-07T12:31:35","modified_gmt":"2017-08-07T12:31:35","slug":"terapia-multidimensional-proximas-fechas-de-cursos","status":"publish","type":"page","link":"https:\/\/www.paulonogueiraterapias.com\/es\/terapia-multidimensional-proximas-fechas-de-cursos\/","title":{"rendered":"Terapia multidimensional &#8211; Pr\u00f3ximas fechas de cursos"},"content":{"rendered":"<div style=\"font-size: 10pt;\">\n<p style=\"text-align: justify;\">Conozca los <strong>pr\u00f3ximos cursos de Terapia Multidimensional<\/strong> promovidos por<br \/>\nentrenador Paulo Nogueira en Portugal y en el extranjero.<\/p>\n<p style=\"text-align: justify;\">El <a href=\"https:\/\/www.paulonogueiraterapias.com\/curso-de-terapia-multidimensional-com-paulo-nogueira\/\">curso de Terapia Multidimensional<\/a> incluye un certificado y un manual en PDF de la t\u00e9cnica.<\/p>\n<p style=\"text-align: justify;\">La curaci\u00f3n espiritual siempre ocurre de adentro hacia afuera. Este es el paradigma que prevalece en la Terapia Multidimensional. En este curso tendr\u00e1s la oportunidad de trabajar con la energ\u00eda del coraz\u00f3n y los Seres de Luz. Durante el curso de Terapia Multidimensional, se limpiar\u00e1n varios bloqueos en la vida de los participantes utilizando varias iniciaciones y meditaciones. La curaci\u00f3n se produce en un nivel multidimensional fuera del tiempo-espacio.<\/p>\n<p style=\"text-align: justify;\">En el curso de Terapia Multidimensional, los estudiantes aprenden a utilizar su coraz\u00f3n como un canal para sanar las energ\u00edas de la s\u00e9ptima y novena dimensi\u00f3n de Sirio y Ori\u00f3n.<br \/>\nSe realizar\u00e1n varios trabajos de sanaci\u00f3n y ascensi\u00f3n en los participantes que incluir\u00e1n la apertura de sus corazones al Amor Neutral y al Amor Incondicional, la sintonizaci\u00f3n con las energ\u00edas de la Paz y el Amor Universal, la limpieza y los rescates k\u00e1rmicos de vidas pasadas, la armonizaci\u00f3n de las relaciones con los miembros de la familia, la eliminaci\u00f3n de chips e implantes y la revocaci\u00f3n de contratos que ya no sirven al Bien Supremo de los participantes y de los futuros terapeutas.<\/p>\n<p style=\"text-align: justify;\">A trav\u00e9s de este conjunto de meditaciones, se invitar\u00e1 a los participantes a experimentar una vida m\u00e1s feliz en equilibrio, centrada en una nueva conciencia de la Unidad.<\/p>\n<\/div>\n","protected":false},"excerpt":{"rendered":"<p>Conozca los pr\u00f3ximos cursos de Terapia Multidimensional promovidos por entrenador Paulo Nogueira en Portugal y en el extranjero. El curso de Terapia Multidimensional incluye un certificado y un manual en [&hellip;]<\/p>\n","protected":false},"author":1,"featured_media":0,"parent":0,"menu_order":0,"comment_status":"closed","ping_status":"closed","template":"","meta":{"om_disable_all_campaigns":false,"_mi_skip_tracking":false,"site-sidebar-layout":"default","site-content-layout":"","ast-site-content-layout":"default","site-content-style":"default","site-sidebar-style":"default","ast-global-header-display":"","ast-banner-title-visibility":"","ast-main-header-display":"","ast-hfb-above-header-display":"","ast-hfb-below-header-display":"","ast-hfb-mobile-header-display":"","site-post-title":"","ast-breadcrumbs-content":"","ast-featured-img":"","footer-sml-layout":"","ast-disable-related-posts":"","theme-transparent-header-meta":"","adv-header-id-meta":"","stick-header-meta":"","header-above-stick-meta":"","header-main-stick-meta":"","header-below-stick-meta":"","astra-migrate-meta-layouts":"default","ast-page-background-enabled":"default","ast-page-background-meta":{"desktop":{"background-color":"var(--ast-global-color-5)","background-image":"","background-repeat":"repeat","background-position":"center center","background-size":"auto","background-attachment":"scroll","background-type":"","background-media":"","overlay-type":"","overlay-color":"","overlay-opacity":"","overlay-gradient":""},"tablet":{"background-color":"","background-image":"","background-repeat":"repeat","background-position":"center center","background-size":"auto","background-attachment":"scroll","background-type":"","background-media":"","overlay-type":"","overlay-color":"","overlay-opacity":"","overlay-gradient":""},"mobile":{"background-color":"","background-image":"","background-repeat":"repeat","background-position":"center center","background-size":"auto","background-attachment":"scroll","background-type":"","background-media":"","overlay-type":"","overlay-color":"","overlay-opacity":"","overlay-gradient":""}},"ast-content-background-meta":{"desktop":{"background-color":"var(--ast-global-color-4)","background-image":"","background-repeat":"repeat","background-position":"center center","background-size":"auto","background-attachment":"scroll","background-type":"","background-media":"","overlay-type":"","overlay-color":"","overlay-opacity":"","overlay-gradient":""},"tablet":{"background-color":"var(--ast-global-color-4)","background-image":"","background-repeat":"repeat","background-position":"center center","background-size":"auto","background-attachment":"scroll","background-type":"","background-media":"","overlay-type":"","overlay-color":"","overlay-opacity":"","overlay-gradient":""},"mobile":{"background-color":"var(--ast-global-color-4)","background-image":"","background-repeat":"repeat","background-position":"center center","background-size":"auto","background-attachment":"scroll","background-type":"","background-media":"","overlay-type":"","overlay-color":"","overlay-opacity":"","overlay-gradient":""}},"footnotes":""},"class_list":["post-15044","page","type-page","status-publish","hentry"],"aioseo_notices":[],"_links":{"self":[{"href":"https:\/\/www.paulonogueiraterapias.com\/es\/wp-json\/wp\/v2\/pages\/15044","targetHints":{"allow":["GET"]}}],"collection":[{"href":"https:\/\/www.paulonogueiraterapias.com\/es\/wp-json\/wp\/v2\/pages"}],"about":[{"href":"https:\/\/www.paulonogueiraterapias.com\/es\/wp-json\/wp\/v2\/types\/page"}],"author":[{"embeddable":true,"href":"https:\/\/www.paulonogueiraterapias.com\/es\/wp-json\/wp\/v2\/users\/1"}],"replies":[{"embeddable":true,"href":"https:\/\/www.paulonogueiraterapias.com\/es\/wp-json\/wp\/v2\/comments?post=15044"}],"version-history":[{"count":0,"href":"https:\/\/www.paulonogueiraterapias.com\/es\/wp-json\/wp\/v2\/pages\/15044\/revisions"}],"wp:attachment":[{"href":"https:\/\/www.paulonogueiraterapias.com\/es\/wp-json\/wp\/v2\/media?parent=15044"}],"curies":[{"name":"wp","href":"https:\/\/api.w.org\/{rel}","templated":true}]}}