{"id":15037,"date":"2017-07-22T17:43:47","date_gmt":"2017-07-22T17:43:47","guid":{"rendered":"https:\/\/www.paulonogueiraterapias.com\/curacion-estelar-multidimensional-a-distancia\/"},"modified":"2021-12-10T23:33:42","modified_gmt":"2021-12-10T23:33:42","slug":"curacion-estelar-multidimensional-a-distancia","status":"publish","type":"page","link":"https:\/\/www.paulonogueiraterapias.com\/es\/curacion-estelar-multidimensional-a-distancia\/","title":{"rendered":"Curaci\u00f3n estelar multidimensional a distancia"},"content":{"rendered":"<div style=\"font-size: 10pt; text-align: justify;\">\n<p>La Sanaci\u00f3n Estelar Multidimensional a distancia consiste en una sesi\u00f3n de Terapia Multidimensional operada por los Seres de Luz del equipo multidimensional en conjunto con las frecuencias de la Sanaci\u00f3n Reconectiva\u00ae, las jerarqu\u00edas espirituales de la Sanaci\u00f3n Estelar Cu\u00e1ntica y la energ\u00eda de Sanaci\u00f3n Diamantina del terapeuta Paulo Nogueira. Esta modalidad de sanaci\u00f3n surge con el objetivo de proporcionar una total flexibilidad de horarios, por lo que se puede reservar el servicio a trav\u00e9s del formulario que aparece a continuaci\u00f3n para cualquier hora del d\u00eda, ya que ser\u00e1n los equipos espirituales del terapeuta los que realicen el trabajo y no el propio terapeuta. La participaci\u00f3n del terapeuta cesa en el momento en el que la solicitud de servicio es remitida a los Seres de Luz.<\/p>\n<h2>\u00bfC\u00f3mo funciona?<\/h2>\n<p>El primer paso es rellenar el formulario de esta p\u00e1gina. En ese formulario debe indicar:<\/p>\n<ul>\n<li>su nombre completo<br \/>\nNo des el nombre de otra persona. La Curaci\u00f3n Estelar Multidimensional s\u00f3lo se realizar\u00e1 en el solicitante. Por lo tanto, no debe indicar en este campo el nombre de un familiar, amigo, compa\u00f1ero de trabajo, empleado, empleador, vecino, inquilino, propietario, conocido, etc. La Curaci\u00f3n Estelar Multidimensional es una terapia que respeta plenamente la Ley del Libre Albedr\u00edo. Por lo tanto, no interferir\u00e1 con una persona que no haya solicitado expresamente la terapia. El propio solicitante debe asumir siempre la plena responsabilidad de su vida y de su mejora espiritual y no puede delegar esta responsabilidad en nadie m\u00e1s que en s\u00ed mismo.<\/li>\n<li>la fecha de la sesi\u00f3n<br \/>\nComo no habr\u00e1 participaci\u00f3n directa del terapeuta sino s\u00f3lo de los equipos de Seres de Luz que son los que realmente realizar\u00e1n la terapia, puedes elegir cualquier fecha (incluyendo fines de semana y d\u00edas festivos). El terapeuta s\u00f3lo transmitir\u00e1 la solicitud a los Seres de Luz en el momento de acceder al contenido del formulario de solicitud de cita, y ya no hay participaci\u00f3n y presencia del terapeuta sino s\u00f3lo de los Seres de Luz del equipo del terapeuta en la fecha y hora previstas en el formulario.<\/li>\n<li>la hora de la sesi\u00f3n<br \/>\nPor la misma raz\u00f3n que la anterior, puede elegir cualquier hora para su terapia seg\u00fan su disponibilidad. Como ser\u00e1 el equipo de Seres de Luz del terapeuta el que lleve a cabo su sesi\u00f3n de terapia energ\u00e9tica, el terapeuta no estar\u00e1 presente.<\/li>\n<li>temas de la sesi\u00f3n<br \/>\nEl cliente\/solicitante de la sesi\u00f3n debe indicar uno o varios temas de forma sucinta. Puede incluir, a modo de ejemplo:<br \/>\na) aumento de la autoestima y la confianza en s\u00ed mismo<br \/>\nb) apertura del coraz\u00f3n para que fluya m\u00e1s amor hacia uno mismo y hacia los dem\u00e1s<br \/>\nc) despejar los miedos, la culpa, la ira y las preocupaciones<br \/>\nd) limpieza energ\u00e9tica y limpieza emocional<br \/>\ne) armonizar la relaci\u00f3n con un familiar, amigo o conocido<br \/>\nf) despejar los hechizos y guiar a los obsesores<br \/>\ng) eliminar la fobia a viajar en avi\u00f3n<br \/>\nh) alinear los chakras<br \/>\n(i) otros asuntos<\/li>\n<\/ul>\n<p>A continuaci\u00f3n, se realiza el pago exclusivamente a trav\u00e9s del formulario de Paypal para este fin, teniendo cuidado de indicar el nombre completo como se indica en el formulario de reserva.<\/p>\n<p>En un plazo de 8 horas, recibir\u00e1 un correo electr\u00f3nico confirmando la fecha y la hora que ha elegido y los temas que desea. Tambi\u00e9n se le confirmar\u00e1 que su solicitud de sesi\u00f3n ha sido remitida para que los Seres de Luz la realicen en la fecha y hora seleccionadas en el formulario.<\/p>\n<h2>C\u00f3mo preparar la sesi\u00f3n<\/h2>\n<p>En la fecha y hora elegidas, debe asegurarse de que nadie le moleste durante la sesi\u00f3n. Se recomienda un entorno tranquilo, c\u00e1lido y confortable. Debes poner la m\u00fasica de relajaci\u00f3n indicada a continuaci\u00f3n y tumbarte boca abajo, con los brazos alrededor del cuerpo o sobre el pecho, las piernas sin cruzar y los ojos siempre cerrados durante la sesi\u00f3n. Los ojos deben permanecer cerrados para entrar en contacto con tu interior y entrar en un estado alfa.<br \/>\nEl lugar elegido puede ser una cama, un sof\u00e1 cama o un div\u00e1n, es decir, algo que sea lo suficientemente c\u00f3modo como para quedarse dormido si es necesario.<\/p>\n<p>Deber\u00edas poner una canci\u00f3n de relajaci\u00f3n disponible en Youtube.<br \/>\n<strong>M\u00fasica recomendada: <\/strong><a href=\"https:\/\/www.youtube.com\/watch?v=abh1O7x2QtY\" target=\"_blank\" rel=\"noopener\">Prelude to Infinity<\/a> de Robert Coxon<\/p>\n<h2>Sensaciones durante la sesi\u00f3n<\/h2>\n<p>Durante la sesi\u00f3n puedes experimentar diversas sensaciones dependiendo de tu grado de apertura y entrega a la sesi\u00f3n con los Seres de Luz y la sensibilidad medi\u00famnica. Puede que sientas algo as\u00ed:<\/p>\n<ul>\n<li>sensaci\u00f3n de energ\u00eda que recorre los brazos, las piernas y la cara<\/li>\n<li>sensaci\u00f3n de fr\u00edo o calor leve<\/li>\n<li>visualizaci\u00f3n de colores como el oro, el violeta, el a\u00f1il, el azul claro, el turquesa, el blanco, el rosa y el verde<\/li>\n<li>toques ligeros o presi\u00f3n en cualquier parte del cuerpo<\/li>\n<li>presi\u00f3n en el pecho como si se hubiera colocado algo encima<\/li>\n<li>dejar de sentir el cuerpo<\/li>\n<li>sentirse m\u00e1s ligero o m\u00e1s pesado<\/li>\n<li>sensaci\u00f3n de relajaci\u00f3n intercalada con diversas emociones. A veces el cliente puede sentir algunas sensaciones de angustia o miedo, lo cual no es necesariamente negativo ya que es normal exteriorizar algunas emociones cuando se est\u00e1n liberando del subconsciente e inconsciente, y por lo tanto son parte del proceso<\/li>\n<li>sensaci\u00f3n de alivio, relajaci\u00f3n y ligereza<\/li>\n<li>im\u00e1genes aparentemente inconexas de personas y escenas. Normalmente, estas im\u00e1genes pueden referirse a escenas de vidas pasadas que se est\u00e1n limpiando y cuya resoluci\u00f3n estaba relacionada con uno de los temas solicitados en el formulario de programaci\u00f3n de la sesi\u00f3n<\/li>\n<li>sensaciones de presencias y formas de luz que se mueven sobre el cliente. Para que estas sensaciones y percepciones se sientan, debes mantener siempre los ojos cerrados durante la sesi\u00f3n.<\/li>\n<\/ul>\n<h2>Fin de la sesi\u00f3n<\/h2>\n<p>Transcurridos 45 minutos desde la sesi\u00f3n, debes levantarte y dejar tu opini\u00f3n en nuestra p\u00e1gina de Facebook sobre las sensaciones sentidas durante la sesi\u00f3n. Su opini\u00f3n es muy importante para nosotros.<\/p>\n<p>[ninja_form id=5]<\/p>\n<form action=\"https:\/\/www.paypal.com\/cgi-bin\/webscr\" method=\"post\" target=\"_top\">\n<h4><input name=\"cmd\" type=\"hidden\" value=\"_s-xclick\">Realiza el pago de una sesi\u00f3n de Sanaci\u00f3n Estelar Multidimensional<br \/>\nValor: 10eur  <input name=\"hosted_button_id\" type=\"hidden\" value=\"U5Z2FBVU4TAJY\"><\/h4>\n<table>\n<tbody>\n<tr>\n<td><input name=\"on0\" type=\"hidden\" value=\"Nome completo\">Nombre completo<\/td>\n<\/tr>\n<tr>\n<td><input maxlength=\"200\" name=\"os0\" type=\"text\"><\/td>\n<\/tr>\n<tr>\n<td><input name=\"on1\" type=\"hidden\" value=\"Email\/Telefone\">Correo electr\u00f3nico\/Tel\u00e9fono<\/td>\n<\/tr>\n<tr>\n<td><input maxlength=\"200\" name=\"os1\" type=\"text\"><\/td>\n<\/tr>\n<\/tbody>\n<\/table>\n<p><input alt=\"PayPal - A forma mais f\u00e1cil e segura de efetuar pagamentos online!\" name=\"submit\" src=\"https:\/\/www.paypalobjects.com\/pt_PT\/PT\/i\/btn\/btn_buynowCC_LG.gif\" type=\"image\"><br \/>\n<img loading=\"lazy\" decoding=\"async\" src=\"https:\/\/www.paypalobjects.com\/pt_PT\/i\/scr\/pixel.gif\" alt=\"\" width=\"1\" height=\"1\" border=\"0\"><\/p>\n<h3>Ventajas de la curaci\u00f3n estelar multidimensional<\/h3>\n<ul>\n<li>Puede reservar para cualquier fecha (365 d\u00edas al a\u00f1o) para cualquier momento (24 horas al d\u00eda) ya que no es necesaria la presencia del terapeuta<\/li>\n<li>No es necesario ir a la oficina del terapeuta en Lisboa<\/li>\n<li>Valor reducido de s\u00f3lo 10eur. Una sesi\u00f3n de terapia multidimensional, presencial u online, cuesta 35 euros. Una sesi\u00f3n de Reconnective Healing, presencial u online, cuesta 30 euros.<\/li>\n<\/ul>\n<\/form>\n<\/div>\n","protected":false},"excerpt":{"rendered":"<p>La Sanaci\u00f3n Estelar Multidimensional a distancia consiste en una sesi\u00f3n de Terapia Multidimensional operada por los Seres de Luz del equipo multidimensional en conjunto con las frecuencias de la Sanaci\u00f3n [&hellip;]<\/p>\n","protected":false},"author":1,"featured_media":0,"parent":0,"menu_order":0,"comment_status":"closed","ping_status":"closed","template":"","meta":{"om_disable_all_campaigns":false,"_mi_skip_tracking":false,"site-sidebar-layout":"default","site-content-layout":"","ast-site-content-layout":"default","site-content-style":"default","site-sidebar-style":"default","ast-global-header-display":"","ast-banner-title-visibility":"","ast-main-header-display":"","ast-hfb-above-header-display":"","ast-hfb-below-header-display":"","ast-hfb-mobile-header-display":"","site-post-title":"","ast-breadcrumbs-content":"","ast-featured-img":"","footer-sml-layout":"","ast-disable-related-posts":"","theme-transparent-header-meta":"","adv-header-id-meta":"","stick-header-meta":"","header-above-stick-meta":"","header-main-stick-meta":"","header-below-stick-meta":"","astra-migrate-meta-layouts":"default","ast-page-background-enabled":"default","ast-page-background-meta":{"desktop":{"background-color":"var(--ast-global-color-5)","background-image":"","background-repeat":"repeat","background-position":"center center","background-size":"auto","background-attachment":"scroll","background-type":"","background-media":"","overlay-type":"","overlay-color":"","overlay-opacity":"","overlay-gradient":""},"tablet":{"background-color":"","background-image":"","background-repeat":"repeat","background-position":"center center","background-size":"auto","background-attachment":"scroll","background-type":"","background-media":"","overlay-type":"","overlay-color":"","overlay-opacity":"","overlay-gradient":""},"mobile":{"background-color":"","background-image":"","background-repeat":"repeat","background-position":"center center","background-size":"auto","background-attachment":"scroll","background-type":"","background-media":"","overlay-type":"","overlay-color":"","overlay-opacity":"","overlay-gradient":""}},"ast-content-background-meta":{"desktop":{"background-color":"var(--ast-global-color-4)","background-image":"","background-repeat":"repeat","background-position":"center center","background-size":"auto","background-attachment":"scroll","background-type":"","background-media":"","overlay-type":"","overlay-color":"","overlay-opacity":"","overlay-gradient":""},"tablet":{"background-color":"var(--ast-global-color-4)","background-image":"","background-repeat":"repeat","background-position":"center center","background-size":"auto","background-attachment":"scroll","background-type":"","background-media":"","overlay-type":"","overlay-color":"","overlay-opacity":"","overlay-gradient":""},"mobile":{"background-color":"var(--ast-global-color-4)","background-image":"","background-repeat":"repeat","background-position":"center center","background-size":"auto","background-attachment":"scroll","background-type":"","background-media":"","overlay-type":"","overlay-color":"","overlay-opacity":"","overlay-gradient":""}},"footnotes":""},"class_list":["post-15037","page","type-page","status-publish","hentry"],"aioseo_notices":[],"_links":{"self":[{"href":"https:\/\/www.paulonogueiraterapias.com\/es\/wp-json\/wp\/v2\/pages\/15037","targetHints":{"allow":["GET"]}}],"collection":[{"href":"https:\/\/www.paulonogueiraterapias.com\/es\/wp-json\/wp\/v2\/pages"}],"about":[{"href":"https:\/\/www.paulonogueiraterapias.com\/es\/wp-json\/wp\/v2\/types\/page"}],"author":[{"embeddable":true,"href":"https:\/\/www.paulonogueiraterapias.com\/es\/wp-json\/wp\/v2\/users\/1"}],"replies":[{"embeddable":true,"href":"https:\/\/www.paulonogueiraterapias.com\/es\/wp-json\/wp\/v2\/comments?post=15037"}],"version-history":[{"count":0,"href":"https:\/\/www.paulonogueiraterapias.com\/es\/wp-json\/wp\/v2\/pages\/15037\/revisions"}],"wp:attachment":[{"href":"https:\/\/www.paulonogueiraterapias.com\/es\/wp-json\/wp\/v2\/media?parent=15037"}],"curies":[{"name":"wp","href":"https:\/\/api.w.org\/{rel}","templated":true}]}}