{"id":15029,"date":"2018-02-05T11:58:26","date_gmt":"2018-02-05T11:58:26","guid":{"rendered":"https:\/\/www.paulonogueiraterapias.com\/terapia-multidimensional-resultados\/"},"modified":"2018-02-05T11:58:26","modified_gmt":"2018-02-05T11:58:26","slug":"terapia-multidimensional-resultados","status":"publish","type":"page","link":"https:\/\/www.paulonogueiraterapias.com\/es\/terapia-multidimensional-resultados\/","title":{"rendered":"Terapia multidimensional &#8211; Resultados"},"content":{"rendered":"<div style=\"font-size: 10pt; text-align: justify;\">\n<p>Cada sesi\u00f3n de  <a href=\"https:\/\/www.paulonogueiraterapias.com\/terapia-multidimensional\/\">Terapia Multidimensional<\/a>  trae resultados diferentes a la vida de cada persona seg\u00fan la necesidad de aprendizaje espiritual de cada uno en la materia, seg\u00fan su individualidad, su plan de reencarnaci\u00f3n, las lecciones que cada uno tiene que aprender ya que cada esp\u00edritu encarnado es un ser diferente, con vidas pasadas diferentes.<\/p>\n<p>As\u00ed, los resultados de la Terapia Multidimensional var\u00edan de una persona a otra de forma \u00fanica. El cliente de la Terapia Multidimensional puede estar seguro de que recibe en cada sesi\u00f3n lo que est\u00e1 preparado para recibir de acuerdo con su grado de aceptaci\u00f3n.<\/p>\n<p>Los resultados de la Terapia Multidimensional no se garantizan en funci\u00f3n de lo que la persona desea sino de lo que necesita a nivel espiritual, Habr\u00e1 dado un paso m\u00e1s hacia su consecuci\u00f3n eliminando los obst\u00e1culos que se lo imped\u00edan, a saber, la falta de fe en s\u00ed mismo, la falta de fe en Dios, la baja autoestima en el sentido de no merecer algo, las lecciones k\u00e1rmicas que a\u00fan no ha aprendido, la falta de m\u00e9rito en el sentido de no haber puesto suficiente esfuerzo en su consecuci\u00f3n, entre otros varios factores.<\/p>\n<p>A menudo, lo que el cliente desea ya existe en dimensiones superiores, pero a\u00fan no se ha materializado debido a la excesiva expectativa de resultados que limita su aparici\u00f3n. Entonces, la Ley del No Apego de la que nos habla Deepak Chopra en el libro <em>Las 7 Leyes Espirituales del \u00c9xito<\/em> irrumpe de la comprensi\u00f3n necesaria para lograr nuestras peticiones m\u00e1s f\u00e1cilmente. Nunca debemos apegarnos a los resultados.<\/p>\n<p>El prop\u00f3sito de la Terapia Multidimensional es el servicio al Alma y no la satisfacci\u00f3n de los deseos materiales si estos no est\u00e1n alineados con el prop\u00f3sito de cada encarnaci\u00f3n como un compromiso divino adquirido por nuestra Alma consigo misma (Dios). Debemos recordar las sabias palabras de San Pablo en su carta a los Corintios: &#8220;Todo me es l\u00edcito, pero no todo me conviene&#8221;. El ser humano cuenta con la Ley del Libre Albedr\u00edo para defender su libertad de acci\u00f3n, pero tambi\u00e9n con la Ley de Causa y Efecto para ponderar cada deseo, palabra y acci\u00f3n. As\u00ed, la Terapia Multidimensional garantiza siempre que las acciones de los Seres de Luz est\u00e9n vinculadas a los ideales de la evoluci\u00f3n espiritual, ayudando a la ejecuci\u00f3n de los objetivos de cada persona en l\u00ednea con el Bien Supremo.<\/p>\n<figure id=\"attachment_11628\" aria-describedby=\"caption-attachment-11628\" style=\"width: 1060px\" class=\"wp-caption aligncenter\"><a href=\"https:\/\/www.paulonogueiraterapias.com\/wp-content\/uploads\/2018\/02\/Terapia-Multidimensional-Resultados.png\"><img loading=\"lazy\" decoding=\"async\" class=\"size-full wp-image-11628\" src=\"https:\/\/www.paulonogueiraterapias.com\/wp-content\/uploads\/2018\/02\/Terapia-Multidimensional-Resultados.png\" alt=\"Resultados de la terapia multidimensional\" width=\"1060\" height=\"804\" srcset=\"https:\/\/www.paulonogueiraterapias.com\/wp-content\/uploads\/2018\/02\/Terapia-Multidimensional-Resultados.png 1060w, https:\/\/www.paulonogueiraterapias.com\/wp-content\/uploads\/2018\/02\/Terapia-Multidimensional-Resultados-600x455.png 600w, https:\/\/www.paulonogueiraterapias.com\/wp-content\/uploads\/2018\/02\/Terapia-Multidimensional-Resultados-300x228.png 300w, https:\/\/www.paulonogueiraterapias.com\/wp-content\/uploads\/2018\/02\/Terapia-Multidimensional-Resultados-768x583.png 768w, https:\/\/www.paulonogueiraterapias.com\/wp-content\/uploads\/2018\/02\/Terapia-Multidimensional-Resultados-1024x777.png 1024w, https:\/\/www.paulonogueiraterapias.com\/wp-content\/uploads\/2018\/02\/Terapia-Multidimensional-Resultados-624x473.png 624w\" sizes=\"auto, (max-width: 1060px) 100vw, 1060px\" \/><\/a><figcaption id=\"caption-attachment-11628\" class=\"wp-caption-text\">Resultados de la terapia multidimensional<\/figcaption><\/figure>\n<p>Esta terapia hol\u00edstica ayuda a cada cliente a acercarse a su esencia divina y cuanto m\u00e1s se acerque uno a su esencia divina, m\u00e1s ayudar\u00e1 esa persona a su vez a los dem\u00e1s, ya que la luz que hay en cada uno se extiende como el fuego a nuestro alrededor incendiando otros corazones con Paz, Luz y Amor.<\/p>\n<p>El <a href=\"https:\/\/www.paulonogueiraterapias.com\/terapia-multidimensional-o-resgate-da-alma\/\">rescate de todas las partes de nosotros perdidas<\/a> en la memoria del tiempo es una de las obras que nos ayuda primero a unificarnos y <em>luego<\/em> a unificarnos con los dem\u00e1s. De hecho, nunca nos hemos separado. En realidad, tenemos la ilusi\u00f3n de la separaci\u00f3n y s\u00f3lo necesitamos elevar nuestro patr\u00f3n vibratorio, reconocer la Unidad en medio de la dualidad y ascender a trav\u00e9s del reconocimiento de que somos partes perfectibles de un Ser Perfecto en S\u00ed mismo que se conoce y quiere darnos a cada uno el placer de conocerse.<\/p>\n<p style=\"text-align: justify;\">\u00a1Organiza una sesi\u00f3n con nosotros y ven a descubrir tu potencial!<\/p>\n<p style=\"text-align: justify;\">Duraci\u00f3n de la sesi\u00f3n: 1h15m<br \/>\nValor de cambio: 35\u20ac<\/p>\n<p style=\"text-align: justify;\">Para concertar tu cita puedes utilizar el siguiente formulario o utilizar uno de nuestros <a title=\"Contactos\" href=\"https:\/\/www.paulonogueiraterapias.com\/contactos\/\">medios de contacto.<\/a><\/p>\n<h4 style=\"text-align: justify;\">Marcado de terapia multidimensional<\/h4>\n<p style=\"text-align: justify;\">[cforms name=&#8221;Marcar sess\u00e3o de Terapia Multidimensional (pre\u00e7o)&#8221;]<\/p>\n<h3 style=\"text-align: justify;\">Inscripci\u00f3n en el Curso de Terapia Multidimensional<\/h3>\n<h5 style=\"text-align: justify;\">\u00bfQuieres convertirte en un Terapeuta Multidimensional y aprender a facilitar sesiones para ti y para los dem\u00e1s? Revise las fechas, lugares y <a href=\"https:\/\/www.paulonogueiraterapias.com\/curso-terapia-multidimensional\/\">programa del Curso de Terapia Multidimensional y<\/a> complete el siguiente formulario:<\/h5>\n<p style=\"text-align: justify;\">[cforms name=&#8221;Inscrever em Curso de Terapia Multidimensional&#8221;]<\/p>\n<\/div>\n","protected":false},"excerpt":{"rendered":"<p>Cada sesi\u00f3n de Terapia Multidimensional trae resultados diferentes a la vida de cada persona seg\u00fan la necesidad de aprendizaje espiritual de cada uno en la materia, seg\u00fan su individualidad, su [&hellip;]<\/p>\n","protected":false},"author":1,"featured_media":0,"parent":0,"menu_order":0,"comment_status":"closed","ping_status":"closed","template":"","meta":{"om_disable_all_campaigns":false,"_mi_skip_tracking":false,"site-sidebar-layout":"default","site-content-layout":"","ast-site-content-layout":"default","site-content-style":"default","site-sidebar-style":"default","ast-global-header-display":"","ast-banner-title-visibility":"","ast-main-header-display":"","ast-hfb-above-header-display":"","ast-hfb-below-header-display":"","ast-hfb-mobile-header-display":"","site-post-title":"","ast-breadcrumbs-content":"","ast-featured-img":"","footer-sml-layout":"","ast-disable-related-posts":"","theme-transparent-header-meta":"","adv-header-id-meta":"","stick-header-meta":"","header-above-stick-meta":"","header-main-stick-meta":"","header-below-stick-meta":"","astra-migrate-meta-layouts":"default","ast-page-background-enabled":"default","ast-page-background-meta":{"desktop":{"background-color":"var(--ast-global-color-5)","background-image":"","background-repeat":"repeat","background-position":"center center","background-size":"auto","background-attachment":"scroll","background-type":"","background-media":"","overlay-type":"","overlay-color":"","overlay-opacity":"","overlay-gradient":""},"tablet":{"background-color":"","background-image":"","background-repeat":"repeat","background-position":"center center","background-size":"auto","background-attachment":"scroll","background-type":"","background-media":"","overlay-type":"","overlay-color":"","overlay-opacity":"","overlay-gradient":""},"mobile":{"background-color":"","background-image":"","background-repeat":"repeat","background-position":"center center","background-size":"auto","background-attachment":"scroll","background-type":"","background-media":"","overlay-type":"","overlay-color":"","overlay-opacity":"","overlay-gradient":""}},"ast-content-background-meta":{"desktop":{"background-color":"var(--ast-global-color-4)","background-image":"","background-repeat":"repeat","background-position":"center center","background-size":"auto","background-attachment":"scroll","background-type":"","background-media":"","overlay-type":"","overlay-color":"","overlay-opacity":"","overlay-gradient":""},"tablet":{"background-color":"var(--ast-global-color-4)","background-image":"","background-repeat":"repeat","background-position":"center center","background-size":"auto","background-attachment":"scroll","background-type":"","background-media":"","overlay-type":"","overlay-color":"","overlay-opacity":"","overlay-gradient":""},"mobile":{"background-color":"var(--ast-global-color-4)","background-image":"","background-repeat":"repeat","background-position":"center center","background-size":"auto","background-attachment":"scroll","background-type":"","background-media":"","overlay-type":"","overlay-color":"","overlay-opacity":"","overlay-gradient":""}},"footnotes":""},"class_list":["post-15029","page","type-page","status-publish","hentry"],"aioseo_notices":[],"_links":{"self":[{"href":"https:\/\/www.paulonogueiraterapias.com\/es\/wp-json\/wp\/v2\/pages\/15029","targetHints":{"allow":["GET"]}}],"collection":[{"href":"https:\/\/www.paulonogueiraterapias.com\/es\/wp-json\/wp\/v2\/pages"}],"about":[{"href":"https:\/\/www.paulonogueiraterapias.com\/es\/wp-json\/wp\/v2\/types\/page"}],"author":[{"embeddable":true,"href":"https:\/\/www.paulonogueiraterapias.com\/es\/wp-json\/wp\/v2\/users\/1"}],"replies":[{"embeddable":true,"href":"https:\/\/www.paulonogueiraterapias.com\/es\/wp-json\/wp\/v2\/comments?post=15029"}],"version-history":[{"count":0,"href":"https:\/\/www.paulonogueiraterapias.com\/es\/wp-json\/wp\/v2\/pages\/15029\/revisions"}],"wp:attachment":[{"href":"https:\/\/www.paulonogueiraterapias.com\/es\/wp-json\/wp\/v2\/media?parent=15029"}],"curies":[{"name":"wp","href":"https:\/\/api.w.org\/{rel}","templated":true}]}}