{"id":15025,"date":"2018-01-21T14:23:11","date_gmt":"2018-01-21T14:23:11","guid":{"rendered":"https:\/\/www.paulonogueiraterapias.com\/imagenes-de-la-terapia-multidimensional\/"},"modified":"2018-01-21T14:23:11","modified_gmt":"2018-01-21T14:23:11","slug":"imagenes-de-la-terapia-multidimensional","status":"publish","type":"page","link":"https:\/\/www.paulonogueiraterapias.com\/es\/imagenes-de-la-terapia-multidimensional\/","title":{"rendered":"Im\u00e1genes de la terapia multidimensional"},"content":{"rendered":"<div style=\"text-align: text-justify; font-size: 10pt;\">\n<p style=\"text-align: justify;\">La mejor imagen que se puede obtener de la Terapia Multidimensional tiene que ver con la eliminaci\u00f3n de viejas formas de pensar que no est\u00e1n en consonancia con la Nueva Tierra y el profundo sentimiento de paz interior que se logra despu\u00e9s de cada sesi\u00f3n.<\/p>\n<p style=\"text-align: justify;\">Aunque se pueden transmitir varias im\u00e1genes de la Terapia Multidimensional, la \u00fanica y mejor manera es experimentar una sesi\u00f3n y <a href=\"https:\/\/www.paulonogueiraterapias.com\/terapia-multidimensional-testemunhos\/\">ser testigo<\/a> de la revoluci\u00f3n que puede ocurrir en la vida de una persona. Por regla general, cuanto m\u00e1s desequilibrada est\u00e9 una persona, mayores ser\u00e1n los resultados que podr\u00e1 experimentar en su vida, dado que la diferencia entre el antes y el despu\u00e9s es m\u00e1s f\u00e1cilmente observable.<\/p>\n<p style=\"text-align: justify;\">Para las personas con <a href=\"https:\/\/www.paulonogueiraterapias.com\/sinais-de-mediunidade\/\">mediumnidad<\/a> desequilibrada, la Terapia Multidimensional se revela como una gran ventaja, ya que les ayuda a sintonizar con su Ser Superior y su misi\u00f3n de vida, ayud\u00e1ndoles a contemplar su sufrimiento actual bajo una nueva perspectiva m\u00e1s acorde con la sabidur\u00eda de los Maestros de la Luz. Adem\u00e1s de ayudar a los m\u00e9diums a reconectarse consigo mismos y con la Luz divina, los une en el cumplimiento de su prop\u00f3sito de utilizar la mediumnidad en beneficio de los dem\u00e1s, ofreci\u00e9ndoles a ellos mismos y a los dem\u00e1s grandes alegr\u00edas.<\/p>\n<figure id=\"attachment_11622\" aria-describedby=\"caption-attachment-11622\" style=\"width: 750px\" class=\"wp-caption aligncenter\"><a href=\"https:\/\/www.paulonogueiraterapias.com\/wp-content\/uploads\/2018\/01\/Terapia_Multidimensional_8_2.jpg\"><img loading=\"lazy\" decoding=\"async\" class=\"size-full wp-image-11622\" src=\"https:\/\/www.paulonogueiraterapias.com\/wp-content\/uploads\/2018\/01\/Terapia_Multidimensional_8_2.jpg\" alt=\"Imagen de la terapia multidimensional\" width=\"750\" height=\"544\" srcset=\"https:\/\/www.paulonogueiraterapias.com\/wp-content\/uploads\/2018\/01\/Terapia_Multidimensional_8_2.jpg 750w, https:\/\/www.paulonogueiraterapias.com\/wp-content\/uploads\/2018\/01\/Terapia_Multidimensional_8_2-600x435.jpg 600w, https:\/\/www.paulonogueiraterapias.com\/wp-content\/uploads\/2018\/01\/Terapia_Multidimensional_8_2-300x218.jpg 300w, https:\/\/www.paulonogueiraterapias.com\/wp-content\/uploads\/2018\/01\/Terapia_Multidimensional_8_2-624x453.jpg 624w\" sizes=\"auto, (max-width: 750px) 100vw, 750px\" \/><\/a><figcaption id=\"caption-attachment-11622\" class=\"wp-caption-text\">Imagen de la terapia multidimensional<\/figcaption><\/figure>\n<p style=\"text-align: justify;\">En la era del rescate conciencial en la que nos encontramos los habitantes de nuestro planeta, \u00e9sta y otras terapias igualmente importantes est\u00e1n sirviendo como medio de <a href=\"https:\/\/www.paulonogueiraterapias.com\/a-ascensao-para-a-quinta-dimensao\/\">ascensi\u00f3n<\/a>, aceleraci\u00f3n del <a href=\"https:\/\/www.paulonogueiraterapias.com\/o-que-e-o-karma\/\">rescate k\u00e1rmico<\/a> y toma de conciencia de nuestra divinidad.<\/p>\n<p style=\"text-align: justify;\">Tratamiento tras tratamiento, el cliente explora nuevos niveles de Ser y Conciencia dentro de s\u00ed mismo, aprendiendo a liberarse de los apegos emocionales a personas y situaciones, subiendo la escalera evolutiva y aprendiendo a reconocer cada vez m\u00e1s a Dios en s\u00ed mismo y en los dem\u00e1s a trav\u00e9s de la Conciencia de Unidad alcanzada a trav\u00e9s del Coraz\u00f3n &#8211; un chakra unificado que sirve para la experiencia de la realidad desde el punto de vista de la Unidad con Todo.<\/p>\n<p style=\"text-align: justify;\">Diversas energ\u00edas de vibraci\u00f3n negativa est\u00e1n siendo transmutadas a partir, en primer lugar, de un proceso interno de aceptaci\u00f3n de las mismas, ya que todo lo que existe tiene un prop\u00f3sito y, en segundo lugar, transmutadas en energ\u00eda positiva, a trav\u00e9s del Perd\u00f3n y la Compasi\u00f3n que nos trae la ayuda de  <a href=\"https:\/\/www.paulonogueiraterapias.com\/mestre-saint-germain-e-chama-violeta\/\">La Llama Violeta del amado maestro Saint Germain<\/a> obliga a transformar la ira, los miedos y la culpa, vaciando el bagaje k\u00e1rmico y llenando a la persona de amor incondicional y gratitud hacia el Universo.<\/p>\n<p style=\"text-align: justify;\">A veces, con la liberaci\u00f3n k\u00e1rmica que se produce con la participaci\u00f3n de varios Maestros de la Gran Hermandad Blanca, se aten\u00faan algunas enfermedades con el consiguiente aumento de energ\u00eda y vitalidad, mejora del estado de \u00e1nimo y bienestar general.<\/p>\n<p style=\"text-align: justify;\">La <a href=\"https:\/\/www.paulonogueiraterapias.com\/cura-de-bloqueios-amorosos\/\">curaci\u00f3n de las relaciones amorosas<\/a>  que est\u00e1n marcadas por dolorosos rescates k\u00e1rmicos, manifestados en la extrema pasividad e indiferencia emocional, o incluso, en la agresividad delet\u00e9rea para la armon\u00eda y la uni\u00f3n en la pareja, toma particular atenci\u00f3n de los Seres de Luz, dado que las relaciones son esenciales para la evoluci\u00f3n aqu\u00ed en la Tierra y en otros mundos como garant\u00eda de aprendizaje mutuo de las Almas involucradas.<\/p>\n<p style=\"text-align: justify;\">Los Seres de Luz dan <em>su visi\u00f3n<\/em>  Son, la mayor\u00eda de las veces, verdaderas perlas de sabidur\u00eda, peque\u00f1as y sencillas en tama\u00f1o de frase, pero llenas de significado y profundidad, adem\u00e1s de desenmascarar varios bloqueos arraigados en miedos y culpas de experiencias de vidas pasadas y vidas paralelas, que limitan enormemente la libre expresi\u00f3n del Ser en la vida presente.<\/p>\n<p style=\"text-align: justify;\">Por todo esto, la Terapia Multidimensional puede ayudarte mucho.<\/p>\n<p style=\"text-align: justify;\">\u00a1Organiza una sesi\u00f3n con nosotros y ven a descubrir tu potencial!<\/p>\n<p style=\"text-align: justify;\">Duraci\u00f3n de la sesi\u00f3n: 1h15m<br \/>\nValor de cambio: 35\u20ac<\/p>\n<p style=\"text-align: justify;\">Para concertar tu cita puedes utilizar el siguiente formulario o utilizar uno de nuestros <a title=\"Contactos\" href=\"https:\/\/www.paulonogueiraterapias.com\/contactos\/\">medios de contacto.<\/a><\/p>\n<h4 style=\"text-align: justify;\">Marcado de terapia multidimensional<\/h4>\n<p style=\"text-align: justify;\">[cforms name=&#8221;Marcar sess\u00e3o de Terapia Multidimensional (pre\u00e7o)&#8221;]<\/p>\n<h3 style=\"text-align: justify;\">Inscripci\u00f3n en el Curso de Terapia Multidimensional<\/h3>\n<h5 style=\"text-align: justify;\">\u00bfQuieres convertirte en un Terapeuta Multidimensional y aprender a facilitar sesiones para ti y para los dem\u00e1s? Revise las fechas, lugares y <a href=\"https:\/\/www.paulonogueiraterapias.com\/curso-terapia-multidimensional\/\">programa del Curso de Terapia Multidimensional y<\/a> complete el siguiente formulario:<\/h5>\n<p style=\"text-align: justify;\">[cforms name=&#8221;Inscrever em Curso de Terapia Multidimensional&#8221;]<\/p>\n<\/div>\n","protected":false},"excerpt":{"rendered":"<p>La mejor imagen que se puede obtener de la Terapia Multidimensional tiene que ver con la eliminaci\u00f3n de viejas formas de pensar que no est\u00e1n en consonancia con la Nueva [&hellip;]<\/p>\n","protected":false},"author":1,"featured_media":0,"parent":0,"menu_order":0,"comment_status":"closed","ping_status":"closed","template":"","meta":{"om_disable_all_campaigns":false,"_mi_skip_tracking":false,"site-sidebar-layout":"default","site-content-layout":"","ast-site-content-layout":"default","site-content-style":"default","site-sidebar-style":"default","ast-global-header-display":"","ast-banner-title-visibility":"","ast-main-header-display":"","ast-hfb-above-header-display":"","ast-hfb-below-header-display":"","ast-hfb-mobile-header-display":"","site-post-title":"","ast-breadcrumbs-content":"","ast-featured-img":"","footer-sml-layout":"","ast-disable-related-posts":"","theme-transparent-header-meta":"","adv-header-id-meta":"","stick-header-meta":"","header-above-stick-meta":"","header-main-stick-meta":"","header-below-stick-meta":"","astra-migrate-meta-layouts":"default","ast-page-background-enabled":"default","ast-page-background-meta":{"desktop":{"background-color":"var(--ast-global-color-5)","background-image":"","background-repeat":"repeat","background-position":"center center","background-size":"auto","background-attachment":"scroll","background-type":"","background-media":"","overlay-type":"","overlay-color":"","overlay-opacity":"","overlay-gradient":""},"tablet":{"background-color":"","background-image":"","background-repeat":"repeat","background-position":"center center","background-size":"auto","background-attachment":"scroll","background-type":"","background-media":"","overlay-type":"","overlay-color":"","overlay-opacity":"","overlay-gradient":""},"mobile":{"background-color":"","background-image":"","background-repeat":"repeat","background-position":"center center","background-size":"auto","background-attachment":"scroll","background-type":"","background-media":"","overlay-type":"","overlay-color":"","overlay-opacity":"","overlay-gradient":""}},"ast-content-background-meta":{"desktop":{"background-color":"var(--ast-global-color-4)","background-image":"","background-repeat":"repeat","background-position":"center center","background-size":"auto","background-attachment":"scroll","background-type":"","background-media":"","overlay-type":"","overlay-color":"","overlay-opacity":"","overlay-gradient":""},"tablet":{"background-color":"var(--ast-global-color-4)","background-image":"","background-repeat":"repeat","background-position":"center center","background-size":"auto","background-attachment":"scroll","background-type":"","background-media":"","overlay-type":"","overlay-color":"","overlay-opacity":"","overlay-gradient":""},"mobile":{"background-color":"var(--ast-global-color-4)","background-image":"","background-repeat":"repeat","background-position":"center center","background-size":"auto","background-attachment":"scroll","background-type":"","background-media":"","overlay-type":"","overlay-color":"","overlay-opacity":"","overlay-gradient":""}},"footnotes":""},"class_list":["post-15025","page","type-page","status-publish","hentry"],"aioseo_notices":[],"_links":{"self":[{"href":"https:\/\/www.paulonogueiraterapias.com\/es\/wp-json\/wp\/v2\/pages\/15025","targetHints":{"allow":["GET"]}}],"collection":[{"href":"https:\/\/www.paulonogueiraterapias.com\/es\/wp-json\/wp\/v2\/pages"}],"about":[{"href":"https:\/\/www.paulonogueiraterapias.com\/es\/wp-json\/wp\/v2\/types\/page"}],"author":[{"embeddable":true,"href":"https:\/\/www.paulonogueiraterapias.com\/es\/wp-json\/wp\/v2\/users\/1"}],"replies":[{"embeddable":true,"href":"https:\/\/www.paulonogueiraterapias.com\/es\/wp-json\/wp\/v2\/comments?post=15025"}],"version-history":[{"count":0,"href":"https:\/\/www.paulonogueiraterapias.com\/es\/wp-json\/wp\/v2\/pages\/15025\/revisions"}],"wp:attachment":[{"href":"https:\/\/www.paulonogueiraterapias.com\/es\/wp-json\/wp\/v2\/media?parent=15025"}],"curies":[{"name":"wp","href":"https:\/\/api.w.org\/{rel}","templated":true}]}}