{"id":15023,"date":"2017-10-03T16:06:08","date_gmt":"2017-10-03T16:06:08","guid":{"rendered":"https:\/\/www.paulonogueiraterapias.com\/compartir-eventos-y-publicaciones-de-grupo-en-facebook\/"},"modified":"2017-10-03T16:06:08","modified_gmt":"2017-10-03T16:06:08","slug":"compartir-eventos-y-publicaciones-de-grupo-en-facebook","status":"publish","type":"page","link":"https:\/\/www.paulonogueiraterapias.com\/es\/compartir-eventos-y-publicaciones-de-grupo-en-facebook\/","title":{"rendered":"Compartir eventos y publicaciones de grupo en Facebook"},"content":{"rendered":"<p style=\"text-align: justify;\">Se necesitan personas (h\/m) para compartir eventos y publicaciones en Facebook en grupos, as\u00ed como para crear eventos en grupos con contenido proporcionado por nosotros.<\/p>\n<h3 style=\"text-align: justify;\">Descripci\u00f3n del servicio<\/h3>\n<p style=\"text-align: justify;\">&#8211; Compartir una publicaci\u00f3n concreta (portada de la p\u00e1gina de Facebook, evento o publicaci\u00f3n) en una lista de grupos de Facebook.<br \/>\n&#8211; Crea eventos en grupos de Facebook (por ejemplo, crea 100 eventos). Toda la informaci\u00f3n a rellenar en el formulario de creaci\u00f3n de eventos en cada grupo ser\u00e1 proporcionada por nosotros.<\/p>\n<h3 style=\"text-align: justify;\">Remuneraci\u00f3n:<\/h3>\n<ul style=\"text-align: justify;\">\n<li>6 por cada 150 acciones<\/li>\n<li>0,20 por cada evento creado en un grupo<\/li>\n<\/ul>\n<p style=\"text-align: justify;\">La primera presentaci\u00f3n de los candidatos ser\u00e1 en persona para que podamos demostrar c\u00f3mo se realizar\u00e1 el reparto.<\/p>\n<h4 style=\"text-align: justify;\">Procedimiento<\/h4>\n<p style=\"text-align: justify;\"><strong>1.<\/strong> Indique su inter\u00e9s en la vacante<br \/>\n<strong>2\u00ba<\/strong> Asistir a la entrevista para recibir una demostraci\u00f3n de c\u00f3mo se realizar\u00e1 el trabajo<br \/>\n<strong>3\u00ba<\/strong> Si est\u00e1s interesado en el servicio, recibir\u00e1s un archivo txt con un listado de unos 180 grupos de Facebook.<br \/>\n<strong>4\u00ba<\/strong> Unir los 180 grupos a una media de 15 grupos por d\u00eda. Si realizas m\u00e1s de 15 solicitudes para unirte a grupos en Facebook al d\u00eda, esta funci\u00f3n ser\u00e1 bloqueada temporalmente por Facebook y se recomienda respetar las directrices de Facebook.<br \/>\n<strong>5\u00ba<\/strong> A una media de 15 solicitudes de adhesi\u00f3n, al cabo de 12 d\u00edas el solicitante habr\u00e1 enviado 180 solicitudes de adhesi\u00f3n a los grupos desde su cuenta de Facebook<br \/>\n<strong>6\u00ba<\/strong> Para cada pertenencia a un grupo, debe a\u00f1adir a la l\u00ednea correspondiente del archivo txt el siguiente texto: &#8220;(AD)&#8221;. Este acr\u00f3nimo significa que te has unido al grupo.<br \/>\n<strong>7\u00ba<\/strong> Cuando tengas al menos 150 &#8220;(AD)&#8221;, es decir, cuando te hayan aprobado en al menos 150 grupos, debes decirnos que est\u00e1s listo para empezar a compartir posts.<br \/>\n<strong>8\u00ba<\/strong> No debe marcar un grupo con &#8220;(AD)&#8221; si, despu\u00e9s de haber solicitado unirse al grupo, a\u00fan no ha recibido la aprobaci\u00f3n del administrador o administradores del grupo para poder unirse a \u00e9l. Puedes consultar los grupos a los que te has unido en<br \/>\nhttps:\/\/www.facebook.com\/SEU FACEBOOK\/identificaci\u00f3n de grupos.<br \/>\n<strong>9\u00ba<\/strong> Se te dar\u00e1 la URL de unos 3 o 4 posts para que los compartas en los grupos de la lista marcados como &#8220;AD&#8221;.<br \/>\n<strong>10\u00ba<\/strong> Por ejemplo, se pueden solicitar 300 acciones hasta las 20:00 horas del d\u00eda siguiente a nuestra solicitud. 300 acciones corresponden a una remuneraci\u00f3n de 12 euros (2&#215;6 euros x 150 acciones).<\/p>\n<h4 style=\"text-align: justify;\">Notas importantes<\/h4>\n<p style=\"text-align: justify;\">Facebook impone algunas normas de uso que regulan el uso compartido de las publicaciones en los grupos. Si se incumplen estas normas, Facebook suele bloquear temporalmente (durante 7 o 15 d\u00edas) el acceso a la funcionalidad de unirse y publicar en los grupos.<br \/>\nPor lo tanto, nunca debes compartir la misma publicaci\u00f3n en el mismo grupo m\u00e1s de una vez en 24 horas. S\u00f3lo debes compartir una publicaci\u00f3n en un grupo por d\u00eda. De lo contrario, se considerar\u00e1 SPAM y probablemente se eliminar\u00e1n los mensajes que hayas publicado en el grupo.<br \/>\nAdem\u00e1s, el solicitante se arriesga a ser expulsado del grupo por el administrador o administradores del mismo. Por lo tanto, en caso de que estas publicaciones fueran eliminadas por el administrador, no aumentar\u00e1n el contador de acciones de la publicaci\u00f3n y, por lo tanto, no se le remunerar\u00e1 por ellas. Por lo tanto, se pide al candidato que respete las normas de publicaci\u00f3n en grupos que impone Facebook.<\/p>\n<h3 style=\"text-align: justify;\">Pago<\/h3>\n<p style=\"text-align: justify;\">El pago se realizar\u00e1 siempre a diario hasta las 20:00 horas y, si el candidato lo solicita, se podr\u00e1 realizar con mayor frecuencia (por ejemplo, una vez a la semana o cada quince d\u00edas), obligatoriamente de forma presencial en nuestro espacio, para que podamos comprobar juntos el n\u00famero de comparticiones realizadas seg\u00fan el contador de comparticiones de facebook en los posts que le hayamos pedido al candidato que comparta.<br \/>\nS\u00f3lo se remunerar\u00e1n los puestos que hayan aumentado el contador.<\/p>\n<p style=\"text-align: justify;\">Para calcular el pago, se utilizar\u00e1 la siguiente f\u00f3rmula: x=6 * n\/150.<br \/>\nx =&gt; pagos en euros redondeados al segundo decimal<br \/>\nn =&gt; acciones totales realizadas por el proveedor de servicios<\/p>\n<p>Por ejemplo, si hace 465 acciones, recibir\u00e1 18,60 libras.<\/p>\n<h3>Ingresos estimados del candidato<\/h3>\n<p>De media, 150 acciones tardan una hora en hacerse en un PC normal, ya que en un smartphone o tableta se tarda m\u00e1s en copiar y pegar el nombre de los grupos para agilizar la tarea. Si el candidato gana 150 acciones al d\u00eda (6 euros) al final de un mes, tendr\u00e1 <strong>unas ganancias de 180 euros (6 euros x 30 d\u00edas)<\/strong>. Adem\u00e1s, creando, por ejemplo, una media de 30 eventos al d\u00eda en 30 grupos diferentes (cada evento por grupo se paga a 0,20\u20ac) se te pagar\u00e1n 6\u20ac m\u00e1s al d\u00eda, lo que a\u00f1adir\u00e1 <strong>otros 180\u20ac a tus ingresos mensuales<\/strong>, lo que supone <strong>360\u20ac m\u00e1s<\/strong> al mes. Eventualmente, en un mes determinado, puede haber necesidad de m\u00e1s acciones y eventos, lo que aumentar\u00e1 este valor.<\/p>\n<h5 style=\"text-align: justify;\">Pago de los eventos creados en los grupos<\/h5>\n<p style=\"text-align: justify;\">Por cada evento creado en un grupo, recibir\u00e1s 0,20\u20ac. Por ejemplo, si crea 90 eventos en 90 grupos, recibir\u00e1 18,00 libras (90 * 0,20 libras).<\/p>\n<p style=\"text-align: justify;\">Para hacer el intercambio, se debe utilizar la cuenta real de Facebook del candidato.<\/p>\n<h3 style=\"text-align: justify;\">Naturaleza de la prestaci\u00f3n de servicios\/trabajo<\/h3>\n<p style=\"text-align: justify;\">El <strong>trabajo puede realizarse a distancia<\/strong> en cualquier lugar en el que el candidato tenga acceso a Internet y a un smartphone, una tableta, un phablet o un ordenador port\u00e1til. De este modo, el candidato podr\u00e1 conciliar uno o varios empleos que ya tiene con esta prestaci\u00f3n de servicios puntual. Este servicio no es un trabajo a tiempo parcial o completo, sino un ingreso extra que puedes obtener utilizando parte de tu tiempo libre en Facebook para promocionar nuestro sitio impulsando la actividad de marketing en los grupos de Facebook y cobrando por ello. Por lo tanto, el prestador de servicios no est\u00e1 integrado en ninguna jerarqu\u00eda organizativa ni est\u00e1 obligado a cumplir ning\u00fan horario de trabajo definido.<\/p>\n<p style=\"text-align: justify;\">La naturaleza del trabajo ser\u00e1 puntual. Inicialmente prevemos una necesidad media de entre 600 y 1.200 comparticiones semanales de nuestras publicaciones, que puede aumentar gradualmente a medida que evolucione la necesidad de promocionar eventos en nuestra p\u00e1gina.<\/p>\n<p style=\"text-align: justify;\">Tenemos preferencia por personas de la zona de Lumiar, Lisboa y con gusto por el marketing, la publicidad y las terapias, aunque esto no es un factor eliminatorio.<\/p>\n<p style=\"text-align: justify;\">El candidato debe dominar los conocimientos b\u00e1sicos de la actividad en Facebook, como los &#8220;likes&#8221;, la subida de fotos y la navegaci\u00f3n por la red.<\/p>\n<h3 style=\"text-align: justify;\">Archivo de texto con grupos de Facebook<\/h3>\n<p>La imagen que aparece a continuaci\u00f3n representa el archivo de texto que se le entregar\u00e1 cuando acepte el servicio para que pueda empezar a formar parte de los aproximadamente 180 grupos. Como su pertenencia a cada grupo es validada por los respectivos moderadores y administradores, debe poner las iniciales AD delante de la l\u00ednea de texto correspondiente. Este acr\u00f3nimo sirve para facilitar la identificaci\u00f3n de los grupos a los que ya te has unido.<\/p>\n<figure id=\"attachment_11612\" aria-describedby=\"caption-attachment-11612\" style=\"width: 850px\" class=\"wp-caption aligncenter\"><a href=\"https:\/\/www.paulonogueiraterapias.com\/wp-content\/uploads\/2017\/10\/Partilhas-em-grupos-no-facebook.png\"><img loading=\"lazy\" decoding=\"async\" class=\"size-full wp-image-11612\" src=\"https:\/\/www.paulonogueiraterapias.com\/wp-content\/uploads\/2017\/10\/Partilhas-em-grupos-no-facebook.png\" alt=\"Compartir en grupos de Facebook\" width=\"850\" height=\"384\" srcset=\"https:\/\/www.paulonogueiraterapias.com\/wp-content\/uploads\/2017\/10\/Partilhas-em-grupos-no-facebook.png 850w, https:\/\/www.paulonogueiraterapias.com\/wp-content\/uploads\/2017\/10\/Partilhas-em-grupos-no-facebook-600x271.png 600w, https:\/\/www.paulonogueiraterapias.com\/wp-content\/uploads\/2017\/10\/Partilhas-em-grupos-no-facebook-300x136.png 300w, https:\/\/www.paulonogueiraterapias.com\/wp-content\/uploads\/2017\/10\/Partilhas-em-grupos-no-facebook-768x347.png 768w, https:\/\/www.paulonogueiraterapias.com\/wp-content\/uploads\/2017\/10\/Partilhas-em-grupos-no-facebook-624x282.png 624w\" sizes=\"auto, (max-width: 850px) 100vw, 850px\" \/><\/a><figcaption id=\"caption-attachment-11612\" class=\"wp-caption-text\">Compartir en grupos de Facebook<\/figcaption><\/figure>\n<h3 style=\"text-align: justify;\">\u00danase a los grupos<\/h3>\n<p style=\"text-align: justify;\">La imagen siguiente ilustra el proceso de uni\u00f3n de los grupos en el archivo txt que se entrega al solicitante. Normalmente, debes desplazarte por cada entrada del archivo y poner el nombre del grupo en la barra de b\u00fasqueda de Facebook. Despu\u00e9s de identificar el grupo cuyo <strong>nombre debe coincidir en su totalidad<\/strong>, debe hacer clic en el bot\u00f3n &#8220;Unirse&#8221; para enviar su solicitud de adhesi\u00f3n al moderador\/administrador de ese grupo. Como se indica en esta propuesta, no deber\u00eda enviar m\u00e1s de 15 solicitudes al d\u00eda para no ser bloqueado temporalmente en el uso de esta funcionalidad, lo que implicar\u00eda un mayor tiempo de espera para iniciar la prestaci\u00f3n del servicio.<\/p>\n<figure id=\"attachment_11614\" aria-describedby=\"caption-attachment-11614\" style=\"width: 808px\" class=\"wp-caption aligncenter\"><a href=\"https:\/\/www.paulonogueiraterapias.com\/wp-content\/uploads\/2017\/10\/Aderir-a-grupos-no-facebook.png\"><img loading=\"lazy\" decoding=\"async\" class=\"size-full wp-image-11614\" src=\"https:\/\/www.paulonogueiraterapias.com\/wp-content\/uploads\/2017\/10\/Aderir-a-grupos-no-facebook.png\" alt=\"\u00danase a grupos en Facebook\" width=\"808\" height=\"570\" srcset=\"https:\/\/www.paulonogueiraterapias.com\/wp-content\/uploads\/2017\/10\/Aderir-a-grupos-no-facebook.png 808w, https:\/\/www.paulonogueiraterapias.com\/wp-content\/uploads\/2017\/10\/Aderir-a-grupos-no-facebook-600x423.png 600w, https:\/\/www.paulonogueiraterapias.com\/wp-content\/uploads\/2017\/10\/Aderir-a-grupos-no-facebook-300x212.png 300w, https:\/\/www.paulonogueiraterapias.com\/wp-content\/uploads\/2017\/10\/Aderir-a-grupos-no-facebook-768x542.png 768w, https:\/\/www.paulonogueiraterapias.com\/wp-content\/uploads\/2017\/10\/Aderir-a-grupos-no-facebook-624x440.png 624w\" sizes=\"auto, (max-width: 808px) 100vw, 808px\" \/><\/a><figcaption id=\"caption-attachment-11614\" class=\"wp-caption-text\">\u00danase a grupos en Facebook<\/figcaption><\/figure>\n<h3>C\u00f3mo compartir en grupos de Facebook<\/h3>\n<p>Para aumentar la velocidad con la que compartes tus publicaciones en los grupos marcados como &#8220;AD&#8221;, puedes, desde Windows 7, colocar la ventana del bloc de notas con los grupos al lado de la ventana de Facebook. De esta manera, se evita tener que minimizar y maximizar las dos ventanas sucesivamente, lo que har\u00eda que se tardara mucho m\u00e1s. En promedio, compartir una publicaci\u00f3n en 150 grupos toma alrededor de 1 hora con este proceso. Por lo tanto, compartir una publicaci\u00f3n en un grupo no deber\u00eda tardar m\u00e1s de 24 segundos, a menos que tu conexi\u00f3n a Internet sea bastante lenta.<\/p>\n<p>Facebook puede bloquear temporalmente tu funci\u00f3n de publicaci\u00f3n en grupo si haces m\u00e1s de 150 compartidos de la misma publicaci\u00f3n en 24 horas. Sin embargo, Facebook te avisa de antemano con una ventana que te pide que introduzcas un c\u00f3digo de verificaci\u00f3n (captcha) para validar que quien est\u00e1 haciendo la compartici\u00f3n es un humano y no un software automatizado (bot). Cuando aparece esta ventana de verificaci\u00f3n, el candidato debe introducir el c\u00f3digo correctamente y suspender las nuevas acciones durante 24 horas. Si despu\u00e9s de la aparici\u00f3n de esa ventana, el solicitante sigue haciendo m\u00e1s acciones sin esperar 24 horas, Facebook bloquear\u00e1 temporalmente (durante 7 o 14 d\u00edas) el acceso a esa funci\u00f3n.<\/p>\n<figure id=\"attachment_11616\" aria-describedby=\"caption-attachment-11616\" style=\"width: 1037px\" class=\"wp-caption aligncenter\"><a href=\"https:\/\/www.paulonogueiraterapias.com\/wp-content\/uploads\/2017\/10\/publicar-posts-em-grupos-no-facebook.png\"><img loading=\"lazy\" decoding=\"async\" class=\"size-full wp-image-11616\" src=\"https:\/\/www.paulonogueiraterapias.com\/wp-content\/uploads\/2017\/10\/publicar-posts-em-grupos-no-facebook.png\" alt=\"Publicar mensajes en los grupos\" width=\"1037\" height=\"595\" srcset=\"https:\/\/www.paulonogueiraterapias.com\/wp-content\/uploads\/2017\/10\/publicar-posts-em-grupos-no-facebook.png 1037w, https:\/\/www.paulonogueiraterapias.com\/wp-content\/uploads\/2017\/10\/publicar-posts-em-grupos-no-facebook-600x344.png 600w, https:\/\/www.paulonogueiraterapias.com\/wp-content\/uploads\/2017\/10\/publicar-posts-em-grupos-no-facebook-300x172.png 300w, https:\/\/www.paulonogueiraterapias.com\/wp-content\/uploads\/2017\/10\/publicar-posts-em-grupos-no-facebook-768x441.png 768w, https:\/\/www.paulonogueiraterapias.com\/wp-content\/uploads\/2017\/10\/publicar-posts-em-grupos-no-facebook-1024x588.png 1024w, https:\/\/www.paulonogueiraterapias.com\/wp-content\/uploads\/2017\/10\/publicar-posts-em-grupos-no-facebook-624x358.png 624w\" sizes=\"auto, (max-width: 1037px) 100vw, 1037px\" \/><\/a><figcaption id=\"caption-attachment-11616\" class=\"wp-caption-text\">Publicar mensajes en los grupos<\/figcaption><\/figure>\n<p style=\"text-align: justify;\">Si tiene alguna duda o necesita m\u00e1s informaci\u00f3n, p\u00f3ngase en contacto con nosotros por mensaje.<\/p>\n","protected":false},"excerpt":{"rendered":"<p>Se necesitan personas (h\/m) para compartir eventos y publicaciones en Facebook en grupos, as\u00ed como para crear eventos en grupos con contenido proporcionado por nosotros. Descripci\u00f3n del servicio &#8211; Compartir [&hellip;]<\/p>\n","protected":false},"author":1,"featured_media":0,"parent":0,"menu_order":0,"comment_status":"closed","ping_status":"closed","template":"","meta":{"om_disable_all_campaigns":false,"_mi_skip_tracking":false,"site-sidebar-layout":"default","site-content-layout":"","ast-site-content-layout":"default","site-content-style":"default","site-sidebar-style":"default","ast-global-header-display":"","ast-banner-title-visibility":"","ast-main-header-display":"","ast-hfb-above-header-display":"","ast-hfb-below-header-display":"","ast-hfb-mobile-header-display":"","site-post-title":"","ast-breadcrumbs-content":"","ast-featured-img":"","footer-sml-layout":"","ast-disable-related-posts":"","theme-transparent-header-meta":"","adv-header-id-meta":"","stick-header-meta":"","header-above-stick-meta":"","header-main-stick-meta":"","header-below-stick-meta":"","astra-migrate-meta-layouts":"default","ast-page-background-enabled":"default","ast-page-background-meta":{"desktop":{"background-color":"var(--ast-global-color-5)","background-image":"","background-repeat":"repeat","background-position":"center center","background-size":"auto","background-attachment":"scroll","background-type":"","background-media":"","overlay-type":"","overlay-color":"","overlay-opacity":"","overlay-gradient":""},"tablet":{"background-color":"","background-image":"","background-repeat":"repeat","background-position":"center center","background-size":"auto","background-attachment":"scroll","background-type":"","background-media":"","overlay-type":"","overlay-color":"","overlay-opacity":"","overlay-gradient":""},"mobile":{"background-color":"","background-image":"","background-repeat":"repeat","background-position":"center center","background-size":"auto","background-attachment":"scroll","background-type":"","background-media":"","overlay-type":"","overlay-color":"","overlay-opacity":"","overlay-gradient":""}},"ast-content-background-meta":{"desktop":{"background-color":"var(--ast-global-color-4)","background-image":"","background-repeat":"repeat","background-position":"center center","background-size":"auto","background-attachment":"scroll","background-type":"","background-media":"","overlay-type":"","overlay-color":"","overlay-opacity":"","overlay-gradient":""},"tablet":{"background-color":"var(--ast-global-color-4)","background-image":"","background-repeat":"repeat","background-position":"center center","background-size":"auto","background-attachment":"scroll","background-type":"","background-media":"","overlay-type":"","overlay-color":"","overlay-opacity":"","overlay-gradient":""},"mobile":{"background-color":"var(--ast-global-color-4)","background-image":"","background-repeat":"repeat","background-position":"center center","background-size":"auto","background-attachment":"scroll","background-type":"","background-media":"","overlay-type":"","overlay-color":"","overlay-opacity":"","overlay-gradient":""}},"footnotes":""},"class_list":["post-15023","page","type-page","status-publish","hentry"],"aioseo_notices":[],"_links":{"self":[{"href":"https:\/\/www.paulonogueiraterapias.com\/es\/wp-json\/wp\/v2\/pages\/15023","targetHints":{"allow":["GET"]}}],"collection":[{"href":"https:\/\/www.paulonogueiraterapias.com\/es\/wp-json\/wp\/v2\/pages"}],"about":[{"href":"https:\/\/www.paulonogueiraterapias.com\/es\/wp-json\/wp\/v2\/types\/page"}],"author":[{"embeddable":true,"href":"https:\/\/www.paulonogueiraterapias.com\/es\/wp-json\/wp\/v2\/users\/1"}],"replies":[{"embeddable":true,"href":"https:\/\/www.paulonogueiraterapias.com\/es\/wp-json\/wp\/v2\/comments?post=15023"}],"version-history":[{"count":0,"href":"https:\/\/www.paulonogueiraterapias.com\/es\/wp-json\/wp\/v2\/pages\/15023\/revisions"}],"wp:attachment":[{"href":"https:\/\/www.paulonogueiraterapias.com\/es\/wp-json\/wp\/v2\/media?parent=15023"}],"curies":[{"name":"wp","href":"https:\/\/api.w.org\/{rel}","templated":true}]}}