{"id":15022,"date":"2018-01-21T19:06:53","date_gmt":"2018-01-21T19:06:53","guid":{"rendered":"https:\/\/www.paulonogueiraterapias.com\/consultas-de-terapia-multidimensional\/"},"modified":"2018-01-21T19:06:53","modified_gmt":"2018-01-21T19:06:53","slug":"consultas-de-terapia-multidimensional","status":"publish","type":"page","link":"https:\/\/www.paulonogueiraterapias.com\/es\/consultas-de-terapia-multidimensional\/","title":{"rendered":"Consultas de terapia multidimensional"},"content":{"rendered":"<div style=\"text-align: justify; font-size: 10pt;\">\n<p>Las consultas de Terapia Multidimensional cuentan a menudo con la presencia de varios Maestros y Seres de Luz como Sananda, la Madre Mar\u00eda, el Arc\u00e1ngel Miguel, el Maestro Adama, el Maestro Kuthumi, El Morya, Saint Germain, Serapis Bey as\u00ed como los Seres de Luz de Sirio y Ori\u00f3n cuyas energ\u00edas vibran en la 7\u00aa y 9\u00aa dimensi\u00f3n y Seres de Luz de civilizaciones intraterrenas como  <a href=\"https:\/\/www.paulonogueiraterapias.com\/os-lemurianos\/\">los lemurianos<\/a> y los atlantes. Estos Seres de Luz nos ayudan con diversas cuestiones relacionadas con vidas pasadas y vidas paralelas que pueden implicar creencias adquiridas y programaci\u00f3n inconsciente que act\u00faan como limitadores del ejercicio de nuestro libre albedr\u00edo.<\/p>\n<p>Con demasiada frecuencia nos apegamos a rasgos de personalidad que no est\u00e1n al servicio de nuestro Bien Supremo y consideramos que esos mismos rasgos son indisolubles porque nos acompa\u00f1an desde hace mucho tiempo o incluso han nacido con nosotros. Ignoramos, con esto, que estos mismos rasgos de personalidad representan una herencia que traemos de vidas pasadas, por ejemplo, traumas que pueden ser resueltos en una sesi\u00f3n.<\/p>\n<h3>Progresi\u00f3n y regresi\u00f3n a vidas pasadas<\/h3>\n<p>Durante una consulta <a href=\"https:\/\/www.paulonogueiraterapias.com\/terapia-multidimensional\/\">de Terapia Multidimensional<\/a>, algunos pacientes informan haber regresado espont\u00e1neamente a una vida pasada que ten\u00eda la causa de su sufrimiento actual. Otros informan que los Seres de Luz les mostraron fragmentos de su vida futura. En este \u00faltimo caso, cabe se\u00f1alar que el futuro a\u00fan no est\u00e1 previsto, ya que se limita a un conjunto infinito de posibles realidades paralelas que en el momento actual de la progresi\u00f3n pueden variar en cuanto al \u00edndice de probabilidad de ocurrencia. En este caso, hay que distinguir entre un acontecimiento cierto (probabilidad del 100%) y un acontecimiento probable (probabilidad inferior al 100%).<\/p>\n<p>A menudo, los Seres de Luz muestran a los pacientes una realidad que es muy probable que ocurra. Se pueden enumerar dos razones: una refleja la necesidad del paciente de creer en un futuro mejor que le d\u00e9 m\u00e1s esperanzas, aunque ante los acontecimientos actuales, seg\u00fan el limitado conocimiento que tenemos de la situaci\u00f3n vital actual del paciente, sean de reducida probabilidad. La segunda raz\u00f3n es advertir de las posibles consecuencias del comportamiento actual.<\/p>\n<h3>Reprogramaci\u00f3n espiritual del ADN<\/h3>\n<p>En una consulta de Terapia Multidimensional se pueden reactivar c\u00f3digos de abundancia, salud o potencialidades espirituales que en el momento en que el esp\u00edritu encarn\u00f3, no ten\u00edan sentido y que pod\u00edan limitar la experiencia que el Alma hab\u00eda elegido experimentar.<\/p>\n<p>Los c\u00f3digos perniciosos tambi\u00e9n pueden ser eliminados como resultado de ataques m\u00e1gicos, plagas, maldiciones o cualquier otro ataque relacionado con la recodificaci\u00f3n del ADN sutil que haya sido perpetrado con fines malignos contra la voluntad de la persona.<\/p>\n<p>Las consultas de Terapia Multidimensional traen consigo el aumento de la autoestima, la apertura del chakra del coraz\u00f3n, la curaci\u00f3n de traumas y fobias, el aumento de la confianza en uno mismo, la limpieza de chips e implantes negativos, el reequilibrio de nuestra energ\u00eda femenina y masculina, la <a href=\"https:\/\/www.paulonogueiraterapias.com\/resgate-da-crianca-interior\/\">curaci\u00f3n y el rescate del ni\u00f1o interior<\/a>, la soluci\u00f3n de cuestiones de naturaleza interestelar y el trabajo de desobsesi\u00f3n.<\/p>\n<p>Los Seres de Luz act\u00faan bas\u00e1ndose en las energ\u00edas del Amor Incondicional, el Perd\u00f3n, la Compasi\u00f3n y la Paz para resolver los conflictos en las relaciones a nivel profesional, social, familiar o afectivo con el fin de lograr la curaci\u00f3n a nivel emocional, mental y espiritual.<\/p>\n<p>Del mismo modo, las situaciones en las que el cliente tiene un nivel de energ\u00eda bajo pueden resolverse cuando la causa se debe, por ejemplo, a un chakra mal alineado.<\/p>\n<p>Los equipos multidimensionales del terapeuta consultan los registros ak\u00e1shicos del cliente durante la sesi\u00f3n de Terapia Multidimensional para averiguar cu\u00e1ndo ocurri\u00f3 un determinado evento negativo en una vida pasada de la persona que lo est\u00e1 condicionando y transmutar la energ\u00eda emocional del evento, manteniendo, obviamente, el registro de la situaci\u00f3n para que el aprendizaje que se tuvo que recoger de esa situaci\u00f3n negativa se mantenga en las vidas posteriores.<\/p>\n<figure id=\"attachment_11624\" aria-describedby=\"caption-attachment-11624\" style=\"width: 700px\" class=\"wp-caption aligncenter\"><a href=\"https:\/\/www.paulonogueiraterapias.com\/wp-content\/uploads\/2018\/01\/Consultas-de-Terapia-Multidimensional.jpg\"><img loading=\"lazy\" decoding=\"async\" class=\"size-full wp-image-11624\" src=\"https:\/\/www.paulonogueiraterapias.com\/wp-content\/uploads\/2018\/01\/Consultas-de-Terapia-Multidimensional.jpg\" alt=\"Consultas de terapia multidimensional\" width=\"700\" height=\"467\" srcset=\"https:\/\/www.paulonogueiraterapias.com\/wp-content\/uploads\/2018\/01\/Consultas-de-Terapia-Multidimensional.jpg 700w, https:\/\/www.paulonogueiraterapias.com\/wp-content\/uploads\/2018\/01\/Consultas-de-Terapia-Multidimensional-600x400.jpg 600w, https:\/\/www.paulonogueiraterapias.com\/wp-content\/uploads\/2018\/01\/Consultas-de-Terapia-Multidimensional-300x200.jpg 300w, https:\/\/www.paulonogueiraterapias.com\/wp-content\/uploads\/2018\/01\/Consultas-de-Terapia-Multidimensional-624x416.jpg 624w\" sizes=\"auto, (max-width: 700px) 100vw, 700px\" \/><\/a><figcaption id=\"caption-attachment-11624\" class=\"wp-caption-text\">Consultas de terapia multidimensional<\/figcaption><\/figure>\n<p>De sesi\u00f3n en sesi\u00f3n, la Terapia Multidimensional proporciona m\u00e1s paz y amor propio, aumentando la vibraci\u00f3n del cliente. Esta forma de enfoque hol\u00edstico puede llevarse a cabo tambi\u00e9n a distancia, as\u00ed como puede utilizarse para guiar a los esp\u00edritus desencarnados que est\u00e1n apegados a las residencias y que tienen dificultades para hacer la transici\u00f3n a los planos superiores, para que puedan curarse y planificar su pr\u00f3xima encarnaci\u00f3n junto con las Almas de su grupo de almas y sus mentores cuando ya han pasado por el proceso de regeneraci\u00f3n.<\/p>\n<p>Para hacerse una idea <a href=\"https:\/\/www.paulonogueiraterapias.com\/imagens-de-terapia-multidimensional\/\">de la Terapia Multidimensional<\/a>, el lector debe imaginar a un grupo de Seres de Luz cuidando de usted mientras se relaja en un c\u00f3modo sof\u00e1 o sill\u00f3n y escucha m\u00fasica relajante. Mientras tanto, el terapeuta se encuentra en estado de meditaci\u00f3n, sentado en una silla, concentr\u00e1ndose en su coraz\u00f3n con los ojos cerrados mientras siente un amor neutro por su paciente y emana una intenci\u00f3n curativa hacia \u00e9l durante unos 50 minutos.<\/p>\n<p style=\"text-align: justify;\">\u00a1Organiza una sesi\u00f3n con nosotros y ven a descubrir tu potencial!<\/p>\n<p style=\"text-align: justify;\">Duraci\u00f3n de la sesi\u00f3n: 1h15m<br \/>\nValor de cambio: 35\u20ac<\/p>\n<p style=\"text-align: justify;\">Para concertar tu cita puedes utilizar el siguiente formulario o utilizar uno de nuestros <a title=\"Contactos\" href=\"https:\/\/www.paulonogueiraterapias.com\/contactos\/\">medios de contacto.<\/a><\/p>\n<h4 style=\"text-align: justify;\">Marcado de terapia multidimensional<\/h4>\n<p style=\"text-align: justify;\">[cforms name=&#8221;Marcar sess\u00e3o de Terapia Multidimensional (pre\u00e7o)&#8221;]<\/p>\n<h3 style=\"text-align: justify;\">Inscripci\u00f3n en el Curso de Terapia Multidimensional<\/h3>\n<h5 style=\"text-align: justify;\">\u00bfQuieres convertirte en un Terapeuta Multidimensional y aprender a facilitar sesiones para ti y para los dem\u00e1s? Revise las fechas, lugares y <a href=\"https:\/\/www.paulonogueiraterapias.com\/curso-terapia-multidimensional\/\">programa del Curso de Terapia Multidimensional y<\/a> complete el siguiente formulario:<\/h5>\n<p style=\"text-align: justify;\">[cforms name=&#8221;Inscrever em Curso de Terapia Multidimensional&#8221;]<\/p>\n<\/div>\n","protected":false},"excerpt":{"rendered":"<p>Las consultas de Terapia Multidimensional cuentan a menudo con la presencia de varios Maestros y Seres de Luz como Sananda, la Madre Mar\u00eda, el Arc\u00e1ngel Miguel, el Maestro Adama, el [&hellip;]<\/p>\n","protected":false},"author":1,"featured_media":0,"parent":0,"menu_order":0,"comment_status":"closed","ping_status":"closed","template":"","meta":{"om_disable_all_campaigns":false,"_mi_skip_tracking":false,"site-sidebar-layout":"default","site-content-layout":"","ast-site-content-layout":"default","site-content-style":"default","site-sidebar-style":"default","ast-global-header-display":"","ast-banner-title-visibility":"","ast-main-header-display":"","ast-hfb-above-header-display":"","ast-hfb-below-header-display":"","ast-hfb-mobile-header-display":"","site-post-title":"","ast-breadcrumbs-content":"","ast-featured-img":"","footer-sml-layout":"","ast-disable-related-posts":"","theme-transparent-header-meta":"","adv-header-id-meta":"","stick-header-meta":"","header-above-stick-meta":"","header-main-stick-meta":"","header-below-stick-meta":"","astra-migrate-meta-layouts":"default","ast-page-background-enabled":"default","ast-page-background-meta":{"desktop":{"background-color":"var(--ast-global-color-5)","background-image":"","background-repeat":"repeat","background-position":"center center","background-size":"auto","background-attachment":"scroll","background-type":"","background-media":"","overlay-type":"","overlay-color":"","overlay-opacity":"","overlay-gradient":""},"tablet":{"background-color":"","background-image":"","background-repeat":"repeat","background-position":"center center","background-size":"auto","background-attachment":"scroll","background-type":"","background-media":"","overlay-type":"","overlay-color":"","overlay-opacity":"","overlay-gradient":""},"mobile":{"background-color":"","background-image":"","background-repeat":"repeat","background-position":"center center","background-size":"auto","background-attachment":"scroll","background-type":"","background-media":"","overlay-type":"","overlay-color":"","overlay-opacity":"","overlay-gradient":""}},"ast-content-background-meta":{"desktop":{"background-color":"var(--ast-global-color-4)","background-image":"","background-repeat":"repeat","background-position":"center center","background-size":"auto","background-attachment":"scroll","background-type":"","background-media":"","overlay-type":"","overlay-color":"","overlay-opacity":"","overlay-gradient":""},"tablet":{"background-color":"var(--ast-global-color-4)","background-image":"","background-repeat":"repeat","background-position":"center center","background-size":"auto","background-attachment":"scroll","background-type":"","background-media":"","overlay-type":"","overlay-color":"","overlay-opacity":"","overlay-gradient":""},"mobile":{"background-color":"var(--ast-global-color-4)","background-image":"","background-repeat":"repeat","background-position":"center center","background-size":"auto","background-attachment":"scroll","background-type":"","background-media":"","overlay-type":"","overlay-color":"","overlay-opacity":"","overlay-gradient":""}},"footnotes":""},"class_list":["post-15022","page","type-page","status-publish","hentry"],"aioseo_notices":[],"_links":{"self":[{"href":"https:\/\/www.paulonogueiraterapias.com\/es\/wp-json\/wp\/v2\/pages\/15022","targetHints":{"allow":["GET"]}}],"collection":[{"href":"https:\/\/www.paulonogueiraterapias.com\/es\/wp-json\/wp\/v2\/pages"}],"about":[{"href":"https:\/\/www.paulonogueiraterapias.com\/es\/wp-json\/wp\/v2\/types\/page"}],"author":[{"embeddable":true,"href":"https:\/\/www.paulonogueiraterapias.com\/es\/wp-json\/wp\/v2\/users\/1"}],"replies":[{"embeddable":true,"href":"https:\/\/www.paulonogueiraterapias.com\/es\/wp-json\/wp\/v2\/comments?post=15022"}],"version-history":[{"count":0,"href":"https:\/\/www.paulonogueiraterapias.com\/es\/wp-json\/wp\/v2\/pages\/15022\/revisions"}],"wp:attachment":[{"href":"https:\/\/www.paulonogueiraterapias.com\/es\/wp-json\/wp\/v2\/media?parent=15022"}],"curies":[{"name":"wp","href":"https:\/\/api.w.org\/{rel}","templated":true}]}}